{"id":35479,"date":"2021-06-15T16:20:02","date_gmt":"2021-06-15T13:20:02","guid":{"rendered":"https:\/\/www.nevitaint.com\/murat-altay\/"},"modified":"2021-09-27T17:24:51","modified_gmt":"2021-09-27T14:24:51","slug":"murat-altay","status":"publish","type":"page","link":"https:\/\/www.nevitaint.com\/ar\/murat-altay\/","title":{"rendered":"\u0645\u0631\u0627\u062f \u0627\u0644\u062a\u0627\u064a"},"content":{"rendered":"\n<div class=\"is-layout-flex wp-container-3 wp-block-columns\">\n<div class=\"is-layout-flow wp-block-column\" style=\"flex-basis:33.33%\">\n<figure class=\"wp-block-image size-large\"><img decoding=\"async\" loading=\"lazy\" width=\"360\" height=\"415\" src=\"https:\/\/www.nevitaint.com\/wp-content\/uploads\/2021\/06\/murataltay.jpeg\" alt=\"\" class=\"wp-image-32545\" srcset=\"https:\/\/www.nevitaint.com\/wp-content\/uploads\/2021\/06\/murataltay.jpeg 360w, https:\/\/www.nevitaint.com\/wp-content\/uploads\/2021\/06\/murataltay-260x300.jpeg 260w\" sizes=\"(max-width: 360px) 100vw, 360px\" \/><\/figure>\n<\/div>\n\n\n\n<div class=\"is-layout-flow wp-block-column\" style=\"flex-basis:66.66%\">\n<p class=\"has-text-align-right\">\u062a\u062e\u0631\u062c \u0645\u0631\u0627\u062f \u0627\u0644\u062a\u0627\u064a \u0645\u0646 \u062c\u0627\u0645\u0639\u0629 \u0623\u062a\u0627\u062a\u0648\u0631\u0643 \u060c \u0643\u0644\u064a\u0629 \u0627\u0644\u0627\u0642\u062a\u0635\u0627\u062f \u0648\u0627\u0644\u0639\u0644\u0648\u0645 \u0627\u0644\u0625\u062f\u0627\u0631\u064a\u0629 \u060c \u0642\u0633\u0645 \u0627\u0644\u0627\u0642\u062a\u0635\u0627\u062f.<\/p>\n\n\n\n<p class=\"has-text-align-right\">\u0628\u062f\u0623 \u0623\u0648\u0644 \u062a\u062c\u0631\u0628\u0629 \u0639\u0645\u0644 \u0645\u0647\u0646\u064a\u0629 \u0644\u0647 \u0643\u0645\u0633\u0627\u0639\u062f \u0645\u0631\u0627\u062c\u0639 \u062d\u0633\u0627\u0628\u0627\u062a \u0641\u064a \u0130rfan Yeminli Mali M\u00fc\u015favirlik A.\u015e. \u0641\u064a \u0639\u0627\u0645 1999. \u062b\u0645 \u0639\u0645\u0644 \u0643\u0645\u0631\u0627\u062c\u0639 \u0648\u0623\u062e\u0635\u0627\u0626\u064a \u0645\u0631\u0627\u062c\u0639\u0629 \u0627\u0644\u062d\u0633\u0627\u0628\u0627\u062a \u0639\u0644\u0649 \u0627\u0644\u062a\u0648\u0627\u0644\u064a \u060c \u0648\u062d\u0635\u0644 \u0639\u0644\u0649 \u0634\u0647\u0627\u062f\u0629 \u0645\u062d\u0627\u0633\u0628 \u0639\u0627\u0645 \u0645\u0639\u062a\u0645\u062f \u0641\u064a \u0647\u0630\u0647 \u0627\u0644\u0641\u062a\u0631\u0629. <\/p>\n\n\n\n<p class=\"has-text-align-right\">\u0634\u063a\u0644 \u0645\u0646\u0635\u0628 \u0645\u062f\u064a\u0631 \u0645\u0631\u0627\u062c\u0639\u0629 \u0627\u0644\u062d\u0633\u0627\u0628\u0627\u062a \u0627\u0644\u062f\u0627\u062e\u0644\u064a \u0648\u0627\u0644\u0631\u0642\u0627\u0628\u0629 \u0641\u064a \u0645\u062c\u0645\u0648\u0639\u0629 Ayd\u0131nl\u0131 Group \u0641\u064a 2003-2004 \u0648\u0641\u064a Ayd\u0131nl\u0131k Giyim A.\u015e. \u0641\u064a 2004-2005. \u0642\u0627\u0645 \u0628\u0639\u0645\u0644\u064a\u0629 \u0625\u0646\u0634\u0627\u0621 \u0648\u062d\u062f\u0629 \u0627\u0644\u0645\u0631\u0627\u062c\u0639\u0629 \u0627\u0644\u062f\u0627\u062e\u0644\u064a\u0629 \u0641\u064a \u0643\u0644\u0627 \u0627\u0644\u0645\u062c\u0645\u0648\u0639\u062a\u064a\u0646 \u0648\u062a\u062c\u0647\u064a\u0632 \u0634\u0631\u0643\u0627\u062a \u0627\u0644\u0645\u062c\u0645\u0648\u0639\u0629 \u0645\u0631\u0627\u062c\u0639\u0629 \u0627\u0644\u062d\u0633\u0627\u0628\u0627\u062a. \u0641\u064a \u0639\u0627\u0645 2005 \u060c \u0634\u0631\u0643\u0629 Biskon Yap\u0131 A.\u015e. \u060c \u0625\u062d\u062f\u0649 \u0627\u0644\u0634\u0631\u0643\u0627\u062a \u0627\u0644\u062a\u0627\u0628\u0639\u0629 \u0644\u0634\u0631\u0643\u0629 Kiler Holding.<\/p>\n\n\n\n<p class=\"has-text-align-right\"> \u0628\u062f\u0623 \u0627\u0644\u0639\u0645\u0644 \u0643\u0645\u062f\u064a\u0631 \u0644\u0644\u0634\u0624\u0648\u0646 \u0627\u0644\u0645\u0627\u0644\u064a\u0629 \u0641\u064a \u0639\u0627\u0645 2008 \u060c \u0648\u0646\u0641\u0630 \u0645\u0634\u0631\u0648\u0639 \u062a\u062d\u0648\u064a\u0644 Biskon Yap\u0131 A.\u015e \u0625\u0644\u0649 \u0635\u0646\u062f\u0648\u0642 \u0627\u0633\u062a\u062b\u0645\u0627\u0631 \u0639\u0642\u0627\u0631\u064a \u0641\u064a \u0639\u0627\u0645 2008 \u0648\u0637\u0631\u062d \u0639\u0627\u0645 \u0644\u0646\u0641\u0633 \u0627\u0644\u0634\u0631\u0643\u0629 \u0641\u064a \u0639\u0627\u0645 2011 \u0643\u0645\u062f\u064a\u0631 \u0644\u0644\u0645\u0634\u0631\u0648\u0639. \u062e\u0644\u0627\u0644 \u0647\u0630\u0647 \u0627\u0644\u0641\u062a\u0631\u0629 \u060c \u0643\u0627\u0646 \u0645\u0633\u0624\u0648\u0644\u0627\u064b \u0639\u0646 \u062c\u0645\u064a\u0639 \u0627\u0644\u0639\u0645\u0644\u064a\u0627\u062a \u0627\u0644\u0645\u062d\u0627\u0633\u0628\u064a\u0629 \u0648\u0627\u0644\u0645\u0627\u0644\u064a\u0629 \u0644\u0645\u062c\u0645\u0648\u0639\u0629 \u0627\u0644\u0628\u0646\u0627\u0621 \u062f\u0627\u062e\u0644 Kiler Holding. <\/p>\n\n\n\n<p class=\"has-text-align-right\">\u0641\u064a \u0648\u0642\u062a \u0644\u0627\u062d\u0642 \u060c \u0634\u063a\u0644 \u0645\u0646\u0635\u0628 \u0645\u062f\u064a\u0631 \u0627\u0644\u0645\u0631\u0627\u062c\u0639\u0629 \u0641\u064a Ka\u011f\u0131t A.\u015e. \u0644\u0645\u062f\u0629 \u0639\u0627\u0645 \u0648\u0627\u062d\u062f \u060c \u0627\u062a\u0628\u0639 \u0639\u0645\u0644\u064a\u0627\u062a \u0625\u0646\u0634\u0627\u0621 \u0648\u062d\u062f\u0629 \u0645\u0631\u0627\u062c\u0639\u0629 \u0627\u0644\u062d\u0633\u0627\u0628\u0627\u062a \u060c \u0648\u0645\u0631\u0627\u062c\u0639\u0629 \u0627\u0644\u0634\u0631\u0643\u0627\u062a \u0627\u0644\u062a\u0627\u0628\u0639\u0629 \u0627\u0644\u0623\u062c\u0646\u0628\u064a\u0629 \u0648\u0627\u0644\u0645\u062d\u0644\u064a\u0629 \u0644\u0644\u0634\u0631\u0643\u0629 \u060c \u0648\u0639\u0645\u0644 \u0643\u0623\u062d\u062f \u0645\u062f\u064a\u0631\u064a \u0627\u0644\u0645\u0634\u0627\u0631\u064a\u0639 \u0641\u064a \u0639\u0645\u0644\u064a\u0627\u062a \u062a\u062e\u0637\u064a\u0637 \u0645\u0648\u0627\u0631\u062f \u0627\u0644\u0645\u0624\u0633\u0633\u0627\u062a \u0644\u0644\u0645\u062c\u0645\u0648\u0639\u0629.<\/p>\n\n\n\n<p class=\"has-text-align-right\"> \u0628\u062f\u0623 \u0627\u0644\u0639\u0645\u0644 \u0643\u0645\u0646\u0633\u0642 \u0644\u0644\u0634\u0624\u0648\u0646 \u0627\u0644\u0645\u0627\u0644\u064a\u0629 \u0641\u064a Kiler Holding Construction Group \u0641\u064a \u0639\u0627\u0645 2012 \u060c \u0648\u0639\u0645\u0644 \u0643\u0639\u0636\u0648 \u0641\u064a \u0645\u062c\u0644\u0633 \u0627\u0644\u0625\u062f\u0627\u0631\u0629 \u0648\u0645\u0631\u0627\u062c\u0639 \u062d\u0633\u0627\u0628\u0627\u062a \u062f\u0627\u062e\u0644 \u0627\u0644\u0645\u062c\u0645\u0648\u0639\u0629. \u0628\u062f\u0623 \u0627\u0644\u0639\u0645\u0644 \u0643\u0645\u0646\u0633\u0642 \u0644\u0644\u0634\u0624\u0648\u0646 \u0627\u0644\u0645\u0627\u0644\u064a\u0629 \u0644\u0645\u062c\u0645\u0648\u0639\u0629 Fuzul \u0641\u064a \u0639\u0627\u0645 2016 \u0648\u064a\u0648\u0627\u0635\u0644 \u0648\u0627\u062c\u0628\u0647 \u0643\u0645\u0633\u0624\u0648\u0644 \u0639\u0646 \u0627\u0644\u0639\u0645\u0644\u064a\u0627\u062a \u0627\u0644\u0645\u062d\u0627\u0633\u0628\u064a\u0629 \u0648\u0627\u0644\u0645\u0627\u0644\u064a\u0629 \u0644\u0634\u0631\u0643\u0627\u062a \u0627\u0644\u0645\u062c\u0645\u0648\u0639\u0629 \u0648\u064a\u0639\u0645\u0644 \u0643\u0639\u0636\u0648 \u0641\u064a \u0627\u0644\u0645\u062c\u0644\u0633 \u0627\u0644\u062a\u0646\u0641\u064a\u0630\u064a.<\/p>\n\n\n\n<p class=\"has-text-align-right\">\u0645\u0631\u0627\u062f \u0627\u0644\u062a\u0627\u064a \u064a\u062a\u062d\u062f\u062b \u0627\u0644\u0625\u0646\u062c\u0644\u064a\u0632\u064a\u0629 \u0648\u0627\u0644\u0639\u0631\u0628\u064a\u0629.<\/p>\n<\/div>\n<\/div>\n","protected":false},"excerpt":{"rendered":"<p>\u062a\u062e\u0631\u062c \u0645\u0631\u0627\u062f \u0627\u0644\u062a\u0627\u064a \u0645\u0646 \u062c\u0627\u0645\u0639\u0629 \u0623\u062a\u0627\u062a\u0648\u0631\u0643 \u060c \u0643\u0644\u064a\u0629 \u0627\u0644\u0627\u0642\u062a\u0635\u0627\u062f \u0648\u0627\u0644\u0639\u0644\u0648\u0645 \u0627\u0644\u0625\u062f\u0627\u0631\u064a\u0629 \u060c \u0642\u0633\u0645 \u0627\u0644\u0627\u0642\u062a\u0635\u0627\u062f. \u0628\u062f\u0623 \u0623\u0648\u0644 \u062a\u062c\u0631\u0628\u0629 \u0639\u0645\u0644 \u0645\u0647\u0646\u064a\u0629 \u0644\u0647 \u0643\u0645\u0633\u0627\u0639\u062f \u0645\u0631\u0627\u062c\u0639 \u062d\u0633\u0627\u0628\u0627\u062a \u0641\u064a \u0130rfan Yeminli Mali M\u00fc\u015favirlik A.\u015e. \u0641\u064a \u0639\u0627\u0645 1999. \u062b\u0645 \u0639\u0645\u0644 \u0643\u0645\u0631\u0627\u062c\u0639 \u0648\u0623\u062e\u0635\u0627\u0626\u064a \u0645\u0631\u0627\u062c\u0639\u0629 \u0627\u0644\u062d\u0633\u0627\u0628\u0627\u062a \u0639\u0644\u0649 \u0627\u0644\u062a\u0648\u0627\u0644\u064a \u060c \u0648\u062d\u0635\u0644 \u0639\u0644\u0649 \u0634\u0647\u0627\u062f\u0629 \u0645\u062d\u0627\u0633\u0628 \u0639\u0627\u0645 \u0645\u0639\u062a\u0645\u062f \u0641\u064a \u0647\u0630\u0647 \u0627\u0644\u0641\u062a\u0631\u0629. \u0634\u063a\u0644 \u0645\u0646\u0635\u0628 \u0645\u062f\u064a\u0631 \u0645\u0631\u0627\u062c\u0639\u0629 \u0627\u0644\u062d\u0633\u0627\u0628\u0627\u062a \u0627\u0644\u062f\u0627\u062e\u0644\u064a \u0648\u0627\u0644\u0631\u0642\u0627\u0628\u0629 \u0641\u064a \u0645\u062c\u0645\u0648\u0639\u0629 Ayd\u0131nl\u0131 Group \u0641\u064a 2003-2004 \u0648\u0641\u064a Ayd\u0131nl\u0131k Giyim A.\u015e. \u0641\u064a 2004-2005. \u0642\u0627\u0645 \u0628\u0639\u0645\u0644\u064a\u0629 \u0625\u0646\u0634\u0627\u0621 \u0648\u062d\u062f\u0629 \u0627\u0644\u0645\u0631\u0627\u062c\u0639\u0629 \u0627\u0644\u062f\u0627\u062e\u0644\u064a\u0629 \u0641\u064a \u0643\u0644\u0627 \u0627\u0644\u0645\u062c\u0645\u0648\u0639\u062a\u064a\u0646 \u0648\u062a\u062c\u0647\u064a\u0632 \u0634\u0631\u0643\u0627\u062a \u0627\u0644\u0645\u062c\u0645\u0648\u0639\u0629 \u0645\u0631\u0627\u062c\u0639\u0629 \u0627\u0644\u062d\u0633\u0627\u0628\u0627\u062a. \u0641\u064a \u0639\u0627\u0645 2005 \u060c \u0634\u0631\u0643\u0629 Biskon Yap\u0131 A.\u015e. \u060c \u0625\u062d\u062f\u0649 \u0627\u0644\u0634\u0631\u0643\u0627\u062a \u0627\u0644\u062a\u0627\u0628\u0639\u0629 \u0644\u0634\u0631\u0643\u0629 Kiler Holding. \u0628\u062f\u0623 \u0627\u0644\u0639\u0645\u0644 [&hellip;]<\/p>\n","protected":false},"author":1,"featured_media":0,"parent":0,"menu_order":8,"comment_status":"closed","ping_status":"closed","template":"","meta":{"inline_featured_image":false},"yoast_head":"<!-- This site is optimized with the Yoast SEO plugin v19.13 - https:\/\/yoast.com\/wordpress\/plugins\/seo\/ -->\n<title>\u0639\u0636\u0648 \u0645\u062c\u0644\u0633 \u0627\u0644\u0627\u062f\u0627\u0631\u0629 \u0645\u0631\u0627\u062f \u0627\u0644\u062a\u0627\u064a | \u0646\u064a\u0641\u064a\u062a\u0627 \u00ae<\/title>\n<meta name=\"description\" content=\"\u0645\u0631\u0627\u062f \u0623\u0644\u062a\u0627\u064a \u0647\u0648 \u0623\u062d\u062f \u0623\u0639\u0636\u0627\u0621 \u0645\u062c\u0644\u0633 \u0627\u0644\u0625\u062f\u0627\u0631\u0629 \u0641\u064a \u0646\u064a\u0641\u064a\u062a\u0627 \u00ae \u060c \u0625\u062d\u062f\u0649 \u0627\u0644\u0639\u0644\u0627\u0645\u0627\u062a \u0627\u0644\u062a\u062c\u0627\u0631\u064a\u0629 \u0627\u0644\u0643\u0628\u0631\u0649 \u0644\u0645\u062c\u0645\u0648\u0639\u0629 \u0641\u0648\u0632\u0648\u0644. \u0627\u0633\u062a\u0643\u0634\u0641 \u0645\u0644\u0641\u0647 \u0627\u0644\u0634\u062e\u0635\u064a!\" \/>\n<meta name=\"robots\" content=\"index, follow, max-snippet:-1, max-image-preview:large, max-video-preview:-1\" \/>\n<link rel=\"canonical\" href=\"https:\/\/www.nevitaint.com\/ar\/murat-altay\/\" \/>\n<meta property=\"og:locale\" content=\"ar_AR\" \/>\n<meta property=\"og:type\" content=\"article\" \/>\n<meta property=\"og:title\" content=\"\u0639\u0636\u0648 \u0645\u062c\u0644\u0633 \u0627\u0644\u0627\u062f\u0627\u0631\u0629 \u0645\u0631\u0627\u062f \u0627\u0644\u062a\u0627\u064a | \u0646\u064a\u0641\u064a\u062a\u0627 \u00ae\" \/>\n<meta property=\"og:description\" content=\"\u0645\u0631\u0627\u062f \u0623\u0644\u062a\u0627\u064a \u0647\u0648 \u0623\u062d\u062f \u0623\u0639\u0636\u0627\u0621 \u0645\u062c\u0644\u0633 \u0627\u0644\u0625\u062f\u0627\u0631\u0629 \u0641\u064a \u0646\u064a\u0641\u064a\u062a\u0627 \u00ae \u060c \u0625\u062d\u062f\u0649 \u0627\u0644\u0639\u0644\u0627\u0645\u0627\u062a \u0627\u0644\u062a\u062c\u0627\u0631\u064a\u0629 \u0627\u0644\u0643\u0628\u0631\u0649 \u0644\u0645\u062c\u0645\u0648\u0639\u0629 \u0641\u0648\u0632\u0648\u0644. \u0627\u0633\u062a\u0643\u0634\u0641 \u0645\u0644\u0641\u0647 \u0627\u0644\u0634\u062e\u0635\u064a!\" \/>\n<meta property=\"og:url\" content=\"https:\/\/www.nevitaint.com\/ar\/murat-altay\/\" \/>\n<meta property=\"og:site_name\" content=\"Nevita\" \/>\n<meta property=\"article:modified_time\" content=\"2021-09-27T14:24:51+00:00\" \/>\n<meta property=\"og:image\" content=\"https:\/\/www.nevitaint.com\/wp-content\/uploads\/2021\/06\/murataltay.jpeg\" \/>\n<meta name=\"twitter:card\" content=\"summary_large_image\" \/>\n<meta name=\"twitter:label1\" content=\"\u0648\u0642\u062a \u0627\u0644\u0642\u0631\u0627\u0621\u0629 \u0627\u0644\u0645\u064f\u0642\u062f\u0651\u0631\" \/>\n\t<meta name=\"twitter:data1\" content=\"\u062f\u0642\u064a\u0642\u062a\u0627\u0646\" \/>\n<script type=\"application\/ld+json\" class=\"yoast-schema-graph\">{\"@context\":\"https:\/\/schema.org\",\"@graph\":[{\"@type\":\"WebPage\",\"@id\":\"https:\/\/www.nevitaint.com\/ar\/murat-altay\/\",\"url\":\"https:\/\/www.nevitaint.com\/ar\/murat-altay\/\",\"name\":\"\u0639\u0636\u0648 \u0645\u062c\u0644\u0633 \u0627\u0644\u0627\u062f\u0627\u0631\u0629 \u0645\u0631\u0627\u062f \u0627\u0644\u062a\u0627\u064a | \u0646\u064a\u0641\u064a\u062a\u0627 \u00ae\",\"isPartOf\":{\"@id\":\"https:\/\/www.nevitaint.com\/ar\/#website\"},\"datePublished\":\"2021-06-15T13:20:02+00:00\",\"dateModified\":\"2021-09-27T14:24:51+00:00\",\"description\":\"\u0645\u0631\u0627\u062f \u0623\u0644\u062a\u0627\u064a \u0647\u0648 \u0623\u062d\u062f \u0623\u0639\u0636\u0627\u0621 \u0645\u062c\u0644\u0633 \u0627\u0644\u0625\u062f\u0627\u0631\u0629 \u0641\u064a \u0646\u064a\u0641\u064a\u062a\u0627 \u00ae \u060c \u0625\u062d\u062f\u0649 \u0627\u0644\u0639\u0644\u0627\u0645\u0627\u062a \u0627\u0644\u062a\u062c\u0627\u0631\u064a\u0629 \u0627\u0644\u0643\u0628\u0631\u0649 \u0644\u0645\u062c\u0645\u0648\u0639\u0629 \u0641\u0648\u0632\u0648\u0644. \u0627\u0633\u062a\u0643\u0634\u0641 \u0645\u0644\u0641\u0647 \u0627\u0644\u0634\u062e\u0635\u064a!\",\"breadcrumb\":{\"@id\":\"https:\/\/www.nevitaint.com\/ar\/murat-altay\/#breadcrumb\"},\"inLanguage\":\"ar\",\"potentialAction\":[{\"@type\":\"ReadAction\",\"target\":[\"https:\/\/www.nevitaint.com\/ar\/murat-altay\/\"]}]},{\"@type\":\"BreadcrumbList\",\"@id\":\"https:\/\/www.nevitaint.com\/ar\/murat-altay\/#breadcrumb\",\"itemListElement\":[{\"@type\":\"ListItem\",\"position\":1,\"name\":\"Homepage\",\"item\":\"https:\/\/www.nevitaint.com\/ar\/\"},{\"@type\":\"ListItem\",\"position\":2,\"name\":\"\u0645\u0631\u0627\u062f \u0627\u0644\u062a\u0627\u064a\"}]},{\"@type\":\"WebSite\",\"@id\":\"https:\/\/www.nevitaint.com\/ar\/#website\",\"url\":\"https:\/\/www.nevitaint.com\/ar\/\",\"name\":\"Nevita\",\"description\":\"\",\"publisher\":{\"@id\":\"https:\/\/www.nevitaint.com\/ar\/#organization\"},\"potentialAction\":[{\"@type\":\"SearchAction\",\"target\":{\"@type\":\"EntryPoint\",\"urlTemplate\":\"https:\/\/www.nevitaint.com\/ar\/?s={search_term_string}\"},\"query-input\":\"required name=search_term_string\"}],\"inLanguage\":\"ar\"},{\"@type\":\"Organization\",\"@id\":\"https:\/\/www.nevitaint.com\/ar\/#organization\",\"name\":\"\u0639\u0642\u0627\u0631\u0627\u062a \u0644\u0644\u0628\u064a\u0639 \u0641\u064a \u062a\u0631\u0643\u064a\u0627 - \u0639\u0642\u0627\u0631\u0627\u062a \u062a\u0631\u0643\u064a\u0629 | \u0646\u064a\u0641\u064a\u062a\u0627 \u00ae\",\"url\":\"https:\/\/www.nevitaint.com\/ar\/\",\"logo\":{\"@type\":\"ImageObject\",\"inLanguage\":\"ar\",\"@id\":\"https:\/\/www.nevitaint.com\/ar\/#\/schema\/logo\/image\/\",\"url\":\"https:\/\/www.nevitaint.com\/wp-content\/uploads\/2021\/11\/nevita-logo.jpg\",\"contentUrl\":\"https:\/\/www.nevitaint.com\/wp-content\/uploads\/2021\/11\/nevita-logo.jpg\",\"width\":640,\"height\":200,\"caption\":\"\u0639\u0642\u0627\u0631\u0627\u062a \u0644\u0644\u0628\u064a\u0639 \u0641\u064a \u062a\u0631\u0643\u064a\u0627 - \u0639\u0642\u0627\u0631\u0627\u062a \u062a\u0631\u0643\u064a\u0629 | \u0646\u064a\u0641\u064a\u062a\u0627 \u00ae\"},\"image\":{\"@id\":\"https:\/\/www.nevitaint.com\/ar\/#\/schema\/logo\/image\/\"}}]}<\/script>\n<!-- \/ Yoast SEO plugin. -->","yoast_head_json":{"title":"\u0639\u0636\u0648 \u0645\u062c\u0644\u0633 \u0627\u0644\u0627\u062f\u0627\u0631\u0629 \u0645\u0631\u0627\u062f \u0627\u0644\u062a\u0627\u064a | \u0646\u064a\u0641\u064a\u062a\u0627 \u00ae","description":"\u0645\u0631\u0627\u062f \u0623\u0644\u062a\u0627\u064a \u0647\u0648 \u0623\u062d\u062f \u0623\u0639\u0636\u0627\u0621 \u0645\u062c\u0644\u0633 \u0627\u0644\u0625\u062f\u0627\u0631\u0629 \u0641\u064a \u0646\u064a\u0641\u064a\u062a\u0627 \u00ae \u060c \u0625\u062d\u062f\u0649 \u0627\u0644\u0639\u0644\u0627\u0645\u0627\u062a \u0627\u0644\u062a\u062c\u0627\u0631\u064a\u0629 \u0627\u0644\u0643\u0628\u0631\u0649 \u0644\u0645\u062c\u0645\u0648\u0639\u0629 \u0641\u0648\u0632\u0648\u0644. \u0627\u0633\u062a\u0643\u0634\u0641 \u0645\u0644\u0641\u0647 \u0627\u0644\u0634\u062e\u0635\u064a!","robots":{"index":"index","follow":"follow","max-snippet":"max-snippet:-1","max-image-preview":"max-image-preview:large","max-video-preview":"max-video-preview:-1"},"canonical":"https:\/\/www.nevitaint.com\/ar\/murat-altay\/","og_locale":"ar_AR","og_type":"article","og_title":"\u0639\u0636\u0648 \u0645\u062c\u0644\u0633 \u0627\u0644\u0627\u062f\u0627\u0631\u0629 \u0645\u0631\u0627\u062f \u0627\u0644\u062a\u0627\u064a | \u0646\u064a\u0641\u064a\u062a\u0627 \u00ae","og_description":"\u0645\u0631\u0627\u062f \u0623\u0644\u062a\u0627\u064a \u0647\u0648 \u0623\u062d\u062f \u0623\u0639\u0636\u0627\u0621 \u0645\u062c\u0644\u0633 \u0627\u0644\u0625\u062f\u0627\u0631\u0629 \u0641\u064a \u0646\u064a\u0641\u064a\u062a\u0627 \u00ae \u060c \u0625\u062d\u062f\u0649 \u0627\u0644\u0639\u0644\u0627\u0645\u0627\u062a \u0627\u0644\u062a\u062c\u0627\u0631\u064a\u0629 \u0627\u0644\u0643\u0628\u0631\u0649 \u0644\u0645\u062c\u0645\u0648\u0639\u0629 \u0641\u0648\u0632\u0648\u0644. \u0627\u0633\u062a\u0643\u0634\u0641 \u0645\u0644\u0641\u0647 \u0627\u0644\u0634\u062e\u0635\u064a!","og_url":"https:\/\/www.nevitaint.com\/ar\/murat-altay\/","og_site_name":"Nevita","article_modified_time":"2021-09-27T14:24:51+00:00","og_image":[{"url":"https:\/\/www.nevitaint.com\/wp-content\/uploads\/2021\/06\/murataltay.jpeg"}],"twitter_card":"summary_large_image","twitter_misc":{"\u0648\u0642\u062a \u0627\u0644\u0642\u0631\u0627\u0621\u0629 \u0627\u0644\u0645\u064f\u0642\u062f\u0651\u0631":"\u062f\u0642\u064a\u0642\u062a\u0627\u0646"},"schema":{"@context":"https:\/\/schema.org","@graph":[{"@type":"WebPage","@id":"https:\/\/www.nevitaint.com\/ar\/murat-altay\/","url":"https:\/\/www.nevitaint.com\/ar\/murat-altay\/","name":"\u0639\u0636\u0648 \u0645\u062c\u0644\u0633 \u0627\u0644\u0627\u062f\u0627\u0631\u0629 \u0645\u0631\u0627\u062f \u0627\u0644\u062a\u0627\u064a | \u0646\u064a\u0641\u064a\u062a\u0627 \u00ae","isPartOf":{"@id":"https:\/\/www.nevitaint.com\/ar\/#website"},"datePublished":"2021-06-15T13:20:02+00:00","dateModified":"2021-09-27T14:24:51+00:00","description":"\u0645\u0631\u0627\u062f \u0623\u0644\u062a\u0627\u064a \u0647\u0648 \u0623\u062d\u062f \u0623\u0639\u0636\u0627\u0621 \u0645\u062c\u0644\u0633 \u0627\u0644\u0625\u062f\u0627\u0631\u0629 \u0641\u064a \u0646\u064a\u0641\u064a\u062a\u0627 \u00ae \u060c \u0625\u062d\u062f\u0649 \u0627\u0644\u0639\u0644\u0627\u0645\u0627\u062a \u0627\u0644\u062a\u062c\u0627\u0631\u064a\u0629 \u0627\u0644\u0643\u0628\u0631\u0649 \u0644\u0645\u062c\u0645\u0648\u0639\u0629 \u0641\u0648\u0632\u0648\u0644. \u0627\u0633\u062a\u0643\u0634\u0641 \u0645\u0644\u0641\u0647 \u0627\u0644\u0634\u062e\u0635\u064a!","breadcrumb":{"@id":"https:\/\/www.nevitaint.com\/ar\/murat-altay\/#breadcrumb"},"inLanguage":"ar","potentialAction":[{"@type":"ReadAction","target":["https:\/\/www.nevitaint.com\/ar\/murat-altay\/"]}]},{"@type":"BreadcrumbList","@id":"https:\/\/www.nevitaint.com\/ar\/murat-altay\/#breadcrumb","itemListElement":[{"@type":"ListItem","position":1,"name":"Homepage","item":"https:\/\/www.nevitaint.com\/ar\/"},{"@type":"ListItem","position":2,"name":"\u0645\u0631\u0627\u062f \u0627\u0644\u062a\u0627\u064a"}]},{"@type":"WebSite","@id":"https:\/\/www.nevitaint.com\/ar\/#website","url":"https:\/\/www.nevitaint.com\/ar\/","name":"Nevita","description":"","publisher":{"@id":"https:\/\/www.nevitaint.com\/ar\/#organization"},"potentialAction":[{"@type":"SearchAction","target":{"@type":"EntryPoint","urlTemplate":"https:\/\/www.nevitaint.com\/ar\/?s={search_term_string}"},"query-input":"required name=search_term_string"}],"inLanguage":"ar"},{"@type":"Organization","@id":"https:\/\/www.nevitaint.com\/ar\/#organization","name":"\u0639\u0642\u0627\u0631\u0627\u062a \u0644\u0644\u0628\u064a\u0639 \u0641\u064a \u062a\u0631\u0643\u064a\u0627 - \u0639\u0642\u0627\u0631\u0627\u062a \u062a\u0631\u0643\u064a\u0629 | \u0646\u064a\u0641\u064a\u062a\u0627 \u00ae","url":"https:\/\/www.nevitaint.com\/ar\/","logo":{"@type":"ImageObject","inLanguage":"ar","@id":"https:\/\/www.nevitaint.com\/ar\/#\/schema\/logo\/image\/","url":"https:\/\/www.nevitaint.com\/wp-content\/uploads\/2021\/11\/nevita-logo.jpg","contentUrl":"https:\/\/www.nevitaint.com\/wp-content\/uploads\/2021\/11\/nevita-logo.jpg","width":640,"height":200,"caption":"\u0639\u0642\u0627\u0631\u0627\u062a \u0644\u0644\u0628\u064a\u0639 \u0641\u064a \u062a\u0631\u0643\u064a\u0627 - \u0639\u0642\u0627\u0631\u0627\u062a \u062a\u0631\u0643\u064a\u0629 | \u0646\u064a\u0641\u064a\u062a\u0627 \u00ae"},"image":{"@id":"https:\/\/www.nevitaint.com\/ar\/#\/schema\/logo\/image\/"}}]}},"_links":{"self":[{"href":"https:\/\/www.nevitaint.com\/ar\/wp-json\/wp\/v2\/pages\/35479"}],"collection":[{"href":"https:\/\/www.nevitaint.com\/ar\/wp-json\/wp\/v2\/pages"}],"about":[{"href":"https:\/\/www.nevitaint.com\/ar\/wp-json\/wp\/v2\/types\/page"}],"author":[{"embeddable":true,"href":"https:\/\/www.nevitaint.com\/ar\/wp-json\/wp\/v2\/users\/1"}],"replies":[{"embeddable":true,"href":"https:\/\/www.nevitaint.com\/ar\/wp-json\/wp\/v2\/comments?post=35479"}],"version-history":[{"count":0,"href":"https:\/\/www.nevitaint.com\/ar\/wp-json\/wp\/v2\/pages\/35479\/revisions"}],"wp:attachment":[{"href":"https:\/\/www.nevitaint.com\/ar\/wp-json\/wp\/v2\/media?parent=35479"}],"curies":[{"name":"wp","href":"https:\/\/api.w.org\/{rel}","templated":true}]}}