{"id":36014,"date":"2021-06-15T16:20:39","date_gmt":"2021-06-15T13:20:39","guid":{"rendered":"https:\/\/www.nevitaint.com\/nese-beyatli\/"},"modified":"2021-10-07T10:26:06","modified_gmt":"2021-10-07T07:26:06","slug":"nese-beyatli","status":"publish","type":"page","link":"https:\/\/www.nevitaint.com\/ar\/nese-beyatli\/","title":{"rendered":"\u0646\u0634\u0649 \u0628\u064a\u0627\u062a\u0644\u064a"},"content":{"rendered":"\n<div class=\"is-layout-flex wp-container-3 wp-block-columns\">\n<div class=\"is-layout-flow wp-block-column\" style=\"flex-basis:33.33%\">\n<figure class=\"wp-block-image size-large\"><img decoding=\"async\" loading=\"lazy\" width=\"360\" height=\"415\" src=\"https:\/\/www.nevitaint.com\/wp-content\/uploads\/2021\/06\/nesebayatli.jpg\" alt=\"\" class=\"wp-image-32587\" srcset=\"https:\/\/www.nevitaint.com\/wp-content\/uploads\/2021\/06\/nesebayatli.jpg 360w, https:\/\/www.nevitaint.com\/wp-content\/uploads\/2021\/06\/nesebayatli-260x300.jpg 260w\" sizes=\"(max-width: 360px) 100vw, 360px\" \/><\/figure>\n<\/div>\n\n\n\n<div class=\"is-layout-flow wp-block-column\" style=\"flex-basis:66.66%\">\n<p class=\"has-text-align-right\">\u0628\u0639\u062f \u062f\u0631\u0627\u0633\u0629 \u0627\u0644\u0627\u0642\u062a\u0635\u0627\u062f \u0641\u064a \u062c\u0627\u0645\u0639\u0629 \u0645\u0631\u0645\u0631\u0629 \u0648\u0625\u062f\u0627\u0631\u0629 \u0627\u0644\u0623\u0639\u0645\u0627\u0644 \u0641\u064a \u062c\u0627\u0645\u0639\u0629 \u0627\u0644\u0623\u0646\u0627\u0636\u0648\u0644 \u060c \u0648\u0627\u0635\u0644\u062a \u0646\u0634\u0649 \u0628\u064a\u0627\u062a\u0644\u064a \u0623\u064a\u062f\u0646\u064a\u0631 \u060c \u0627\u0644\u062a\u064a \u0628\u062f\u0623\u062a \u062d\u064a\u0627\u062a\u0647\u0627 \u0627\u0644\u0645\u0647\u0646\u064a\u0629 \u0641\u064a \u0627\u0644\u0625\u062f\u0627\u0631\u0629 \u0645\u0639 S\u00fczer Holding \u060c \u0645\u0633\u064a\u0631\u062a\u0647\u0627 \u0627\u0644\u0645\u0647\u0646\u064a\u0629 \u0645\u0639 Emlak Yap\u0131 A.\u015e \u0648 DTZ Pamir &amp; Soyuer.<\/p>\n\n\n\n<p class=\"has-text-align-right\">\u0628\u0639\u062f \u0625\u0646\u0647\u0627\u0621 \u0645\u0633\u064a\u0631\u062a\u0647\u0627 \u0627\u0644\u0645\u0647\u0646\u064a\u0629 \u0641\u064a \u0627\u0644\u0625\u062f\u0627\u0631\u0629 \u0645\u0639 Nurol Holding \u0641\u064a \u0639\u0627\u0645 2003 \u060c \u0648\u0627\u0635\u0644\u062a \u0628\u064a\u0627\u062a\u0644\u064a \u0623\u064a\u062f\u0646\u064a\u0631 \u062d\u064a\u0627\u062a\u0647\u0627 \u0627\u0644\u0645\u0647\u0646\u064a\u0629 \u0643\u0634\u0631\u064a\u0643 \u0645\u0624\u0633\u0633 \u0644\u0634\u0631\u0643\u0629 IMC Marketing and Consultancy. \u0628\u0641\u0636\u0644 \u062e\u0628\u0631\u062a\u0647\u0627 \u0641\u064a \u0627\u0644\u0642\u0637\u0627\u0639 \u0627\u0644\u062a\u064a \u062a\u062c\u0627\u0648\u0632\u062a 35 \u0639\u0627\u0645\u064b\u0627 \u060c \u0639\u0645\u0644\u062a \u0643\u0645\u062f\u064a\u0631\u0629 \u0645\u062d\u062a\u0631\u0641\u0629 \u0648\u0645\u0633\u062a\u0634\u0627\u0631\u0629 \u0641\u064a \u0627\u0644\u0639\u062f\u064a\u062f \u0645\u0646 \u0627\u0644\u0645\u062c\u0645\u0648\u0639\u0627\u062a \u0648\u0627\u0644\u0645\u0634\u0627\u0631\u064a\u0639 \u0627\u0644\u0645\u062a\u0639\u0644\u0642\u0629 \u0628\u062a\u0637\u0648\u064a\u0631 \u0627\u0644\u0645\u0646\u062a\u062c\u0627\u062a \u0627\u0644\u0639\u0642\u0627\u0631\u064a\u0629 \u0648\u0627\u0644\u062a\u0633\u0648\u064a\u0642 \u0648\u0625\u062f\u0627\u0631\u0629 \u0639\u0645\u0644\u064a\u0627\u062a \u0627\u0644\u0628\u064a\u0639.<\/p>\n\n\n\n<p class=\"has-text-align-right\">Ataklar Group \u0648 Avrupa \u0130n\u015faat \u0648 Oktay \u00d6z \u0130n\u015faat \u0648 Demirland \u0648 Enelka &amp; Elektrim \u0648 Fuzul Yap\u0131 \u0648 G\u00fcneri \u015eehircilik \u0648 Kuzu Group \u0648 Mart\u0131 GYO \u0648 Saray Aluminium \u0648 Semerkand Yap\u0131 \u0648 Tema \u0130stanbul Partnership \u0648 Seha Yap\u0131 \u0648 Yenigat \u0645\u0646 \u0628\u064a\u0646 \u0627\u0644\u0645\u062c\u0645\u0648\u0639\u0627\u062a \u0627\u0644\u062a\u064a \u0642\u062f\u0645\u062a \u062e\u062f\u0645\u0627\u062a \u0627\u0633\u062a\u0634\u0627\u0631\u064a\u0629 \u0641\u064a\u0647\u0627. \u0642\u062f\u0645\u062a \u062e\u062f\u0645\u0627\u062a \u0625\u0639\u0627\u062f\u0629 \u0627\u0644\u0647\u064a\u0643\u0644\u0629 \u0648\u0625\u062f\u0627\u0631\u0629 \u0639\u0645\u0644\u064a\u0627\u062a \u0627\u0644\u0628\u064a\u0639 \u0627\u0644\u0646\u0634\u0637\u0629 \u0648\u0627\u0644\u0633\u0644\u0628\u064a\u0629 \u0648\u062e\u062f\u0645\u0627\u062a \u0627\u0633\u062a\u0634\u0627\u0631\u064a\u0629 \u0645\u0627 \u0628\u0639\u062f \u0627\u0644\u0628\u064a\u0639 \u0641\u064a \u0627\u0644\u0645\u0634\u0627\u0631\u064a\u0639 \u0627\u0644\u0639\u0642\u0627\u0631\u064a\u0629 \u0627\u0644\u0647\u0627\u0645\u0629 \u0644\u0644\u0645\u062c\u0645\u0648\u0639\u0627\u062a.<\/p>\n<\/div>\n<\/div>\n","protected":false},"excerpt":{"rendered":"<p>\u0628\u0639\u062f \u062f\u0631\u0627\u0633\u0629 \u0627\u0644\u0627\u0642\u062a\u0635\u0627\u062f \u0641\u064a \u062c\u0627\u0645\u0639\u0629 \u0645\u0631\u0645\u0631\u0629 \u0648\u0625\u062f\u0627\u0631\u0629 \u0627\u0644\u0623\u0639\u0645\u0627\u0644 \u0641\u064a \u062c\u0627\u0645\u0639\u0629 \u0627\u0644\u0623\u0646\u0627\u0636\u0648\u0644 \u060c \u0648\u0627\u0635\u0644\u062a \u0646\u0634\u0649 \u0628\u064a\u0627\u062a\u0644\u064a \u0623\u064a\u062f\u0646\u064a\u0631 \u060c \u0627\u0644\u062a\u064a \u0628\u062f\u0623\u062a \u062d\u064a\u0627\u062a\u0647\u0627 \u0627\u0644\u0645\u0647\u0646\u064a\u0629 \u0641\u064a \u0627\u0644\u0625\u062f\u0627\u0631\u0629 \u0645\u0639 S\u00fczer Holding \u060c \u0645\u0633\u064a\u0631\u062a\u0647\u0627 \u0627\u0644\u0645\u0647\u0646\u064a\u0629 \u0645\u0639 Emlak Yap\u0131 A.\u015e \u0648 DTZ Pamir &amp; Soyuer. \u0628\u0639\u062f \u0625\u0646\u0647\u0627\u0621 \u0645\u0633\u064a\u0631\u062a\u0647\u0627 \u0627\u0644\u0645\u0647\u0646\u064a\u0629 \u0641\u064a \u0627\u0644\u0625\u062f\u0627\u0631\u0629 \u0645\u0639 Nurol Holding \u0641\u064a \u0639\u0627\u0645 2003 \u060c \u0648\u0627\u0635\u0644\u062a \u0628\u064a\u0627\u062a\u0644\u064a \u0623\u064a\u062f\u0646\u064a\u0631 \u062d\u064a\u0627\u062a\u0647\u0627 \u0627\u0644\u0645\u0647\u0646\u064a\u0629 \u0643\u0634\u0631\u064a\u0643 \u0645\u0624\u0633\u0633 \u0644\u0634\u0631\u0643\u0629 IMC Marketing and Consultancy. \u0628\u0641\u0636\u0644 \u062e\u0628\u0631\u062a\u0647\u0627 \u0641\u064a \u0627\u0644\u0642\u0637\u0627\u0639 \u0627\u0644\u062a\u064a \u062a\u062c\u0627\u0648\u0632\u062a 35 \u0639\u0627\u0645\u064b\u0627 \u060c \u0639\u0645\u0644\u062a \u0643\u0645\u062f\u064a\u0631\u0629 \u0645\u062d\u062a\u0631\u0641\u0629 \u0648\u0645\u0633\u062a\u0634\u0627\u0631\u0629 \u0641\u064a \u0627\u0644\u0639\u062f\u064a\u062f \u0645\u0646 \u0627\u0644\u0645\u062c\u0645\u0648\u0639\u0627\u062a \u0648\u0627\u0644\u0645\u0634\u0627\u0631\u064a\u0639 \u0627\u0644\u0645\u062a\u0639\u0644\u0642\u0629 \u0628\u062a\u0637\u0648\u064a\u0631 \u0627\u0644\u0645\u0646\u062a\u062c\u0627\u062a \u0627\u0644\u0639\u0642\u0627\u0631\u064a\u0629 \u0648\u0627\u0644\u062a\u0633\u0648\u064a\u0642 \u0648\u0625\u062f\u0627\u0631\u0629 \u0639\u0645\u0644\u064a\u0627\u062a \u0627\u0644\u0628\u064a\u0639. Ataklar Group \u0648 Avrupa \u0130n\u015faat \u0648 Oktay \u00d6z \u0130n\u015faat \u0648 Demirland [&hellip;]<\/p>\n","protected":false},"author":1,"featured_media":0,"parent":0,"menu_order":7,"comment_status":"closed","ping_status":"closed","template":"","meta":{"inline_featured_image":false},"yoast_head":"<!-- This site is optimized with the Yoast SEO plugin v19.13 - https:\/\/yoast.com\/wordpress\/plugins\/seo\/ -->\n<title>\u0646\u0634\u0649 \u0628\u064a\u0627\u062a\u0644\u064a | Nevita \u00ae<\/title>\n<meta name=\"description\" content=\"\u0628\u0639\u062f \u062f\u0631\u0627\u0633\u0629 \u0627\u0644\u0627\u0642\u062a\u0635\u0627\u062f \u0641\u064a \u062c\u0627\u0645\u0639\u0629 \u0645\u0631\u0645\u0631\u0629 \u0648\u0625\u062f\u0627\u0631\u0629 \u0627\u0644\u0623\u0639\u0645\u0627\u0644 \u0641\u064a \u062c\u0627\u0645\u0639\u0629 \u0627\u0644\u0623\u0646\u0627\u0636\u0648\u0644 \u060c \u0648\u0627\u0635\u0644\u062a \u0646\u0634\u0649 \u0628\u064a\u0627\u062a\u0644\u064a \u0623\u064a\u062f\u0646\u064a\u0631 \u060c \u0627\u0644\u062a\u064a \u0628\u062f\u0623\u062a \u062d\u064a\u0627\u062a\u0647\u0627 \u0627\u0644\u0645\u0647\u0646\u064a\u0629 \u0641\u064a \u0627\u0644\u0625\u062f\u0627\u0631\u0629 \u0645\u0639 S\u00fczer Holding \u060c\" \/>\n<meta name=\"robots\" content=\"index, follow, max-snippet:-1, max-image-preview:large, max-video-preview:-1\" \/>\n<link rel=\"canonical\" href=\"https:\/\/www.nevitaint.com\/ar\/nese-beyatli\/\" \/>\n<meta property=\"og:locale\" content=\"ar_AR\" \/>\n<meta property=\"og:type\" content=\"article\" \/>\n<meta property=\"og:title\" content=\"\u0646\u0634\u0649 \u0628\u064a\u0627\u062a\u0644\u064a | Nevita \u00ae\" \/>\n<meta property=\"og:description\" content=\"\u0628\u0639\u062f \u062f\u0631\u0627\u0633\u0629 \u0627\u0644\u0627\u0642\u062a\u0635\u0627\u062f \u0641\u064a \u062c\u0627\u0645\u0639\u0629 \u0645\u0631\u0645\u0631\u0629 \u0648\u0625\u062f\u0627\u0631\u0629 \u0627\u0644\u0623\u0639\u0645\u0627\u0644 \u0641\u064a \u062c\u0627\u0645\u0639\u0629 \u0627\u0644\u0623\u0646\u0627\u0636\u0648\u0644 \u060c \u0648\u0627\u0635\u0644\u062a \u0646\u0634\u0649 \u0628\u064a\u0627\u062a\u0644\u064a \u0623\u064a\u062f\u0646\u064a\u0631 \u060c \u0627\u0644\u062a\u064a \u0628\u062f\u0623\u062a \u062d\u064a\u0627\u062a\u0647\u0627 \u0627\u0644\u0645\u0647\u0646\u064a\u0629 \u0641\u064a \u0627\u0644\u0625\u062f\u0627\u0631\u0629 \u0645\u0639 S\u00fczer Holding \u060c\" \/>\n<meta property=\"og:url\" content=\"https:\/\/www.nevitaint.com\/ar\/nese-beyatli\/\" \/>\n<meta property=\"og:site_name\" content=\"Nevita\" \/>\n<meta property=\"article:modified_time\" content=\"2021-10-07T07:26:06+00:00\" \/>\n<meta property=\"og:image\" content=\"https:\/\/www.nevitaint.com\/wp-content\/uploads\/2021\/06\/nesebayatli.jpg\" \/>\n<meta name=\"twitter:card\" content=\"summary_large_image\" \/>\n<meta name=\"twitter:label1\" content=\"\u0648\u0642\u062a \u0627\u0644\u0642\u0631\u0627\u0621\u0629 \u0627\u0644\u0645\u064f\u0642\u062f\u0651\u0631\" \/>\n\t<meta name=\"twitter:data1\" content=\"1 \u062f\u0642\u064a\u0642\u0629\" \/>\n<script type=\"application\/ld+json\" class=\"yoast-schema-graph\">{\"@context\":\"https:\/\/schema.org\",\"@graph\":[{\"@type\":\"WebPage\",\"@id\":\"https:\/\/www.nevitaint.com\/ar\/nese-beyatli\/\",\"url\":\"https:\/\/www.nevitaint.com\/ar\/nese-beyatli\/\",\"name\":\"\u0646\u0634\u0649 \u0628\u064a\u0627\u062a\u0644\u064a | Nevita \u00ae\",\"isPartOf\":{\"@id\":\"https:\/\/www.nevitaint.com\/ar\/#website\"},\"datePublished\":\"2021-06-15T13:20:39+00:00\",\"dateModified\":\"2021-10-07T07:26:06+00:00\",\"description\":\"\u0628\u0639\u062f \u062f\u0631\u0627\u0633\u0629 \u0627\u0644\u0627\u0642\u062a\u0635\u0627\u062f \u0641\u064a \u062c\u0627\u0645\u0639\u0629 \u0645\u0631\u0645\u0631\u0629 \u0648\u0625\u062f\u0627\u0631\u0629 \u0627\u0644\u0623\u0639\u0645\u0627\u0644 \u0641\u064a \u062c\u0627\u0645\u0639\u0629 \u0627\u0644\u0623\u0646\u0627\u0636\u0648\u0644 \u060c \u0648\u0627\u0635\u0644\u062a \u0646\u0634\u0649 \u0628\u064a\u0627\u062a\u0644\u064a \u0623\u064a\u062f\u0646\u064a\u0631 \u060c \u0627\u0644\u062a\u064a \u0628\u062f\u0623\u062a \u062d\u064a\u0627\u062a\u0647\u0627 \u0627\u0644\u0645\u0647\u0646\u064a\u0629 \u0641\u064a \u0627\u0644\u0625\u062f\u0627\u0631\u0629 \u0645\u0639 S\u00fczer Holding \u060c\",\"breadcrumb\":{\"@id\":\"https:\/\/www.nevitaint.com\/ar\/nese-beyatli\/#breadcrumb\"},\"inLanguage\":\"ar\",\"potentialAction\":[{\"@type\":\"ReadAction\",\"target\":[\"https:\/\/www.nevitaint.com\/ar\/nese-beyatli\/\"]}]},{\"@type\":\"BreadcrumbList\",\"@id\":\"https:\/\/www.nevitaint.com\/ar\/nese-beyatli\/#breadcrumb\",\"itemListElement\":[{\"@type\":\"ListItem\",\"position\":1,\"name\":\"Homepage\",\"item\":\"https:\/\/www.nevitaint.com\/ar\/\"},{\"@type\":\"ListItem\",\"position\":2,\"name\":\"\u0646\u0634\u0649 \u0628\u064a\u0627\u062a\u0644\u064a\"}]},{\"@type\":\"WebSite\",\"@id\":\"https:\/\/www.nevitaint.com\/ar\/#website\",\"url\":\"https:\/\/www.nevitaint.com\/ar\/\",\"name\":\"Nevita\",\"description\":\"\",\"publisher\":{\"@id\":\"https:\/\/www.nevitaint.com\/ar\/#organization\"},\"potentialAction\":[{\"@type\":\"SearchAction\",\"target\":{\"@type\":\"EntryPoint\",\"urlTemplate\":\"https:\/\/www.nevitaint.com\/ar\/?s={search_term_string}\"},\"query-input\":\"required name=search_term_string\"}],\"inLanguage\":\"ar\"},{\"@type\":\"Organization\",\"@id\":\"https:\/\/www.nevitaint.com\/ar\/#organization\",\"name\":\"\u0639\u0642\u0627\u0631\u0627\u062a \u0644\u0644\u0628\u064a\u0639 \u0641\u064a \u062a\u0631\u0643\u064a\u0627 - \u0639\u0642\u0627\u0631\u0627\u062a \u062a\u0631\u0643\u064a\u0629 | \u0646\u064a\u0641\u064a\u062a\u0627 \u00ae\",\"url\":\"https:\/\/www.nevitaint.com\/ar\/\",\"logo\":{\"@type\":\"ImageObject\",\"inLanguage\":\"ar\",\"@id\":\"https:\/\/www.nevitaint.com\/ar\/#\/schema\/logo\/image\/\",\"url\":\"https:\/\/www.nevitaint.com\/wp-content\/uploads\/2021\/11\/nevita-logo.jpg\",\"contentUrl\":\"https:\/\/www.nevitaint.com\/wp-content\/uploads\/2021\/11\/nevita-logo.jpg\",\"width\":640,\"height\":200,\"caption\":\"\u0639\u0642\u0627\u0631\u0627\u062a \u0644\u0644\u0628\u064a\u0639 \u0641\u064a \u062a\u0631\u0643\u064a\u0627 - \u0639\u0642\u0627\u0631\u0627\u062a \u062a\u0631\u0643\u064a\u0629 | \u0646\u064a\u0641\u064a\u062a\u0627 \u00ae\"},\"image\":{\"@id\":\"https:\/\/www.nevitaint.com\/ar\/#\/schema\/logo\/image\/\"}}]}<\/script>\n<!-- \/ Yoast SEO plugin. -->","yoast_head_json":{"title":"\u0646\u0634\u0649 \u0628\u064a\u0627\u062a\u0644\u064a | Nevita \u00ae","description":"\u0628\u0639\u062f \u062f\u0631\u0627\u0633\u0629 \u0627\u0644\u0627\u0642\u062a\u0635\u0627\u062f \u0641\u064a \u062c\u0627\u0645\u0639\u0629 \u0645\u0631\u0645\u0631\u0629 \u0648\u0625\u062f\u0627\u0631\u0629 \u0627\u0644\u0623\u0639\u0645\u0627\u0644 \u0641\u064a \u062c\u0627\u0645\u0639\u0629 \u0627\u0644\u0623\u0646\u0627\u0636\u0648\u0644 \u060c \u0648\u0627\u0635\u0644\u062a \u0646\u0634\u0649 \u0628\u064a\u0627\u062a\u0644\u064a \u0623\u064a\u062f\u0646\u064a\u0631 \u060c \u0627\u0644\u062a\u064a \u0628\u062f\u0623\u062a \u062d\u064a\u0627\u062a\u0647\u0627 \u0627\u0644\u0645\u0647\u0646\u064a\u0629 \u0641\u064a \u0627\u0644\u0625\u062f\u0627\u0631\u0629 \u0645\u0639 S\u00fczer Holding \u060c","robots":{"index":"index","follow":"follow","max-snippet":"max-snippet:-1","max-image-preview":"max-image-preview:large","max-video-preview":"max-video-preview:-1"},"canonical":"https:\/\/www.nevitaint.com\/ar\/nese-beyatli\/","og_locale":"ar_AR","og_type":"article","og_title":"\u0646\u0634\u0649 \u0628\u064a\u0627\u062a\u0644\u064a | Nevita \u00ae","og_description":"\u0628\u0639\u062f \u062f\u0631\u0627\u0633\u0629 \u0627\u0644\u0627\u0642\u062a\u0635\u0627\u062f \u0641\u064a \u062c\u0627\u0645\u0639\u0629 \u0645\u0631\u0645\u0631\u0629 \u0648\u0625\u062f\u0627\u0631\u0629 \u0627\u0644\u0623\u0639\u0645\u0627\u0644 \u0641\u064a \u062c\u0627\u0645\u0639\u0629 \u0627\u0644\u0623\u0646\u0627\u0636\u0648\u0644 \u060c \u0648\u0627\u0635\u0644\u062a \u0646\u0634\u0649 \u0628\u064a\u0627\u062a\u0644\u064a \u0623\u064a\u062f\u0646\u064a\u0631 \u060c \u0627\u0644\u062a\u064a \u0628\u062f\u0623\u062a \u062d\u064a\u0627\u062a\u0647\u0627 \u0627\u0644\u0645\u0647\u0646\u064a\u0629 \u0641\u064a \u0627\u0644\u0625\u062f\u0627\u0631\u0629 \u0645\u0639 S\u00fczer Holding \u060c","og_url":"https:\/\/www.nevitaint.com\/ar\/nese-beyatli\/","og_site_name":"Nevita","article_modified_time":"2021-10-07T07:26:06+00:00","og_image":[{"url":"https:\/\/www.nevitaint.com\/wp-content\/uploads\/2021\/06\/nesebayatli.jpg"}],"twitter_card":"summary_large_image","twitter_misc":{"\u0648\u0642\u062a \u0627\u0644\u0642\u0631\u0627\u0621\u0629 \u0627\u0644\u0645\u064f\u0642\u062f\u0651\u0631":"1 \u062f\u0642\u064a\u0642\u0629"},"schema":{"@context":"https:\/\/schema.org","@graph":[{"@type":"WebPage","@id":"https:\/\/www.nevitaint.com\/ar\/nese-beyatli\/","url":"https:\/\/www.nevitaint.com\/ar\/nese-beyatli\/","name":"\u0646\u0634\u0649 \u0628\u064a\u0627\u062a\u0644\u064a | Nevita \u00ae","isPartOf":{"@id":"https:\/\/www.nevitaint.com\/ar\/#website"},"datePublished":"2021-06-15T13:20:39+00:00","dateModified":"2021-10-07T07:26:06+00:00","description":"\u0628\u0639\u062f \u062f\u0631\u0627\u0633\u0629 \u0627\u0644\u0627\u0642\u062a\u0635\u0627\u062f \u0641\u064a \u062c\u0627\u0645\u0639\u0629 \u0645\u0631\u0645\u0631\u0629 \u0648\u0625\u062f\u0627\u0631\u0629 \u0627\u0644\u0623\u0639\u0645\u0627\u0644 \u0641\u064a \u062c\u0627\u0645\u0639\u0629 \u0627\u0644\u0623\u0646\u0627\u0636\u0648\u0644 \u060c \u0648\u0627\u0635\u0644\u062a \u0646\u0634\u0649 \u0628\u064a\u0627\u062a\u0644\u064a \u0623\u064a\u062f\u0646\u064a\u0631 \u060c \u0627\u0644\u062a\u064a \u0628\u062f\u0623\u062a \u062d\u064a\u0627\u062a\u0647\u0627 \u0627\u0644\u0645\u0647\u0646\u064a\u0629 \u0641\u064a \u0627\u0644\u0625\u062f\u0627\u0631\u0629 \u0645\u0639 S\u00fczer Holding \u060c","breadcrumb":{"@id":"https:\/\/www.nevitaint.com\/ar\/nese-beyatli\/#breadcrumb"},"inLanguage":"ar","potentialAction":[{"@type":"ReadAction","target":["https:\/\/www.nevitaint.com\/ar\/nese-beyatli\/"]}]},{"@type":"BreadcrumbList","@id":"https:\/\/www.nevitaint.com\/ar\/nese-beyatli\/#breadcrumb","itemListElement":[{"@type":"ListItem","position":1,"name":"Homepage","item":"https:\/\/www.nevitaint.com\/ar\/"},{"@type":"ListItem","position":2,"name":"\u0646\u0634\u0649 \u0628\u064a\u0627\u062a\u0644\u064a"}]},{"@type":"WebSite","@id":"https:\/\/www.nevitaint.com\/ar\/#website","url":"https:\/\/www.nevitaint.com\/ar\/","name":"Nevita","description":"","publisher":{"@id":"https:\/\/www.nevitaint.com\/ar\/#organization"},"potentialAction":[{"@type":"SearchAction","target":{"@type":"EntryPoint","urlTemplate":"https:\/\/www.nevitaint.com\/ar\/?s={search_term_string}"},"query-input":"required name=search_term_string"}],"inLanguage":"ar"},{"@type":"Organization","@id":"https:\/\/www.nevitaint.com\/ar\/#organization","name":"\u0639\u0642\u0627\u0631\u0627\u062a \u0644\u0644\u0628\u064a\u0639 \u0641\u064a \u062a\u0631\u0643\u064a\u0627 - \u0639\u0642\u0627\u0631\u0627\u062a \u062a\u0631\u0643\u064a\u0629 | \u0646\u064a\u0641\u064a\u062a\u0627 \u00ae","url":"https:\/\/www.nevitaint.com\/ar\/","logo":{"@type":"ImageObject","inLanguage":"ar","@id":"https:\/\/www.nevitaint.com\/ar\/#\/schema\/logo\/image\/","url":"https:\/\/www.nevitaint.com\/wp-content\/uploads\/2021\/11\/nevita-logo.jpg","contentUrl":"https:\/\/www.nevitaint.com\/wp-content\/uploads\/2021\/11\/nevita-logo.jpg","width":640,"height":200,"caption":"\u0639\u0642\u0627\u0631\u0627\u062a \u0644\u0644\u0628\u064a\u0639 \u0641\u064a \u062a\u0631\u0643\u064a\u0627 - \u0639\u0642\u0627\u0631\u0627\u062a \u062a\u0631\u0643\u064a\u0629 | \u0646\u064a\u0641\u064a\u062a\u0627 \u00ae"},"image":{"@id":"https:\/\/www.nevitaint.com\/ar\/#\/schema\/logo\/image\/"}}]}},"_links":{"self":[{"href":"https:\/\/www.nevitaint.com\/ar\/wp-json\/wp\/v2\/pages\/36014"}],"collection":[{"href":"https:\/\/www.nevitaint.com\/ar\/wp-json\/wp\/v2\/pages"}],"about":[{"href":"https:\/\/www.nevitaint.com\/ar\/wp-json\/wp\/v2\/types\/page"}],"author":[{"embeddable":true,"href":"https:\/\/www.nevitaint.com\/ar\/wp-json\/wp\/v2\/users\/1"}],"replies":[{"embeddable":true,"href":"https:\/\/www.nevitaint.com\/ar\/wp-json\/wp\/v2\/comments?post=36014"}],"version-history":[{"count":0,"href":"https:\/\/www.nevitaint.com\/ar\/wp-json\/wp\/v2\/pages\/36014\/revisions"}],"wp:attachment":[{"href":"https:\/\/www.nevitaint.com\/ar\/wp-json\/wp\/v2\/media?parent=36014"}],"curies":[{"name":"wp","href":"https:\/\/api.w.org\/{rel}","templated":true}]}}