{"id":42909,"date":"2022-02-02T00:39:36","date_gmt":"2022-02-01T21:39:36","guid":{"rendered":"https:\/\/www.nevitaint.com\/contact-2\/"},"modified":"2024-02-01T16:48:14","modified_gmt":"2024-02-01T13:48:14","slug":"contact","status":"publish","type":"page","link":"https:\/\/www.nevitaint.com\/ar\/contact\/","title":{"rendered":"\u0627\u062a\u0635\u0644 \u0628\u0646\u0627"},"content":{"rendered":"<section class=\"wpb-content-wrapper\"><p>[vc_row content_placement=&#8221;middle&#8221;][vc_column width=&#8221;1\/2&#8243;][vc_gmaps link=&#8221;#E-8_JTNDaWZyYW1lJTIwc3JjJTNEJTIyaHR0cHMlM0ElMkYlMkZ3d3cuZ29vZ2xlLmNvbSUyRm1hcHMlMkZlbWJlZCUzRnBiJTNEJTIxMW0xOCUyMTFtMTIlMjExbTMlMjExZDMwMTAuNDIwOTM1MTkxMzI3OCUyMTJkMjguOTM3NTcxOTgxOTkwNTIzJTIxM2Q0MS4wMTYwNDU4OTc0NzU4NCUyMTJtMyUyMTFmMCUyMTJmMCUyMTNmMCUyMTNtMiUyMTFpMTAyNCUyMTJpNzY4JTIxNGYxMy4xJTIxM20zJTIxMW0yJTIxMXMweDE0Y2FiYjVlMjA0NzcxYzUlMjUzQTB4NTU3YWNkN2EzYTYzOGI3JTIxMnpSblY2ZFd3Z1ZHOXdjbUZyZEdGdUlFZGxibVZzSUUzRHZHVER2SEpzdzd4ciUyMTVlMCUyMTNtMiUyMTFzdHIlMjEyc3RyJTIxNHYxNzA2Nzk0NDk1NjkwJTIxNW0yJTIxMXN0ciUyMTJzdHIlMjIlMjB3aWR0aCUzRCUyMjYwMCUyMiUyMGhlaWdodCUzRCUyMjQ1MCUyMiUyMHN0eWxlJTNEJTIyYm9yZGVyJTNBMCUzQiUyMiUyMGFsbG93ZnVsbHNjcmVlbiUzRCUyMiUyMiUyMGxvYWRpbmclM0QlMjJsYXp5JTIyJTIwcmVmZXJyZXJwb2xpY3klM0QlMjJuby1yZWZlcnJlci13aGVuLWRvd25ncmFkZSUyMiUzRSUzQyUyRmlmcmFtZSUzRQ==&#8221;][\/vc_column][vc_column width=&#8221;1\/2&#8243;][vc_custom_heading text=&#8221;\u0645\u0643\u062a\u0628 \u0627\u0633\u0637\u0646\u0628\u0648\u0644 \u0627\u0644\u0631\u0626\u064a\u0633\u064a&#8221; use_theme_fonts=&#8221;yes&#8221; css=&#8221;.vc_custom_1644389169384{padding-bottom: 30px !important;}&#8221;][vc_column_text]<\/p>\n<p style=\"text-align: right;\"><strong>\u0627\u0644\u0639\u0646\u0648\u0627\u0646:<\/strong> Ak\u015femsettin Mah.\u00d6ks\u00fczce Hatip Sok. No:27\/A Fatih \/ \u0130stanbul<\/p>\n<p style=\"text-align: right;\"><strong>\u062e\u0637 \u0627\u0644\u0645\u0634\u0631\u0641:<\/strong> <a href=\"tel: +902124016910\">10 69 401 212 90<\/a><\/p>\n<p style=\"text-align: right;\"><strong>\u0627\u0644\u0628\u0631\u064a\u062f \u0627\u0644\u0625\u0644\u0643\u062a\u0631\u0648\u0646\u064a:<\/strong> <a href=\"mailto:info@nevita.com.tr\">info@nevita.com.tr<\/a><\/p>\n<p>[\/vc_column_text][\/vc_column][\/vc_row][vc_row full_width=&#8221;stretch_row&#8221; content_placement=&#8221;middle&#8221; css=&#8221;.vc_custom_1695458658874{background-color: #f9f9f9 !important;}&#8221;][vc_column width=&#8221;1\/2&#8243;][vc_gmaps link=&#8221;#E-8_JTNDaWZyYW1lJTIwc3JjJTNEJTIyaHR0cHMlM0ElMkYlMkZ3d3cuZ29vZ2xlLmNvbSUyRm1hcHMlMkZlbWJlZCUzRnBiJTNEJTIxMW0xOCUyMTFtMTIlMjExbTMlMjExZDE1NjIuNjUzOTgwNjIxOTIzMiUyMTJkMjcuMTU0MTU1MDE0NTk4MjclMjEzZDM4LjQzNDM1NTA0NzgxMjIwNCUyMTJtMyUyMTFmMCUyMTJmMCUyMTNmMCUyMTNtMiUyMTFpMTAyNCUyMTJpNzY4JTIxNGYxMy4xJTIxM20zJTIxMW0yJTIxMXMweDE0YmJkODY2NjVmNGE1YmYlMjUzQTB4NzU4ZGY3ZjFjNzA2ODE2MCUyMTJ6VlcxMWNtSmxlU3dneExERm44T25hV3hsY2lCRFpDNGdUazg2TVRFM0xDQXpOVEl6TUNCTGIyNWhheV9Fc0hwdGFYSSUyMTVlMCUyMTNtMiUyMTFzZW4lMjEyc3RyJTIxNHYxNjgwNjA4MTcxNjg5JTIxNW0yJTIxMXNlbiUyMTJzdHIlMjIlMjB3aWR0aCUzRCUyMjYwMCUyMiUyMGhlaWdodCUzRCUyMjM1MCUyMiUyMHN0eWxlJTNEJTIyYm9yZGVyJTNBMCUzQiUyMiUyMGFsbG93ZnVsbHNjcmVlbiUzRCUyMiUyMiUyMGxvYWRpbmclM0QlMjJsYXp5JTIyJTIwcmVmZXJyZXJwb2xpY3klM0QlMjJuby1yZWZlcnJlci13aGVuLWRvd25ncmFkZSUyMiUzRSUzQyUyRmlmcmFtZSUzRQ==&#8221;][\/vc_column][vc_column width=&#8221;1\/2&#8243;][vc_custom_heading text=&#8221;\u0645\u0643\u062a\u0628 \u0641\u0631\u0639 \u0627\u0632\u0645\u064a\u0631&#8221; use_theme_fonts=&#8221;yes&#8221; css=&#8221;.vc_custom_1676985934489{padding-bottom: 30px !important;}&#8221;][vc_column_text]<\/p>\n<p style=\"text-align: right;\"><strong>\u0627\u0644\u0639\u0646\u0648\u0627\u0646:<\/strong> Umurbey, \u0130\u015f\u00e7iler Cd. NO:117, 35230 Konak\/\u0130zmir<\/p>\n<p style=\"text-align: right;\"><strong>\u0627\u0644\u0647\u0627\u062a\u0641:<\/strong> <a href=\"tel:+902124016910\">10 69 401 212 90<\/a><\/p>\n<p>[\/vc_column_text][\/vc_column][\/vc_row][vc_row full_width=&#8221;stretch_row&#8221; css=&#8221;.vc_custom_1643752083978{padding-top: 60px !important;padding-bottom: 60px !important;background-color: #f9f9f9 !important;}&#8221;][vc_column][vc_row_inner css=&#8221;.vc_custom_1676986324301{background-color: #ffffff !important;}&#8221;][vc_column_inner][vc_custom_heading text=&#8221;\u0625\u0633\u062a\u0645\u0627\u0631\u0629 \u0627\u0644\u0625\u062a\u0635\u0627\u0644&#8221; use_theme_fonts=&#8221;yes&#8221; css=&#8221;.vc_custom_1644389409437{padding-bottom: 30px !important;}&#8221;]<div class=\"wpcf7 no-js\" id=\"wpcf7-f30778-o1\" lang=\"tr-TR\" dir=\"ltr\">\n<div class=\"screen-reader-response\"><p role=\"status\" aria-live=\"polite\" aria-atomic=\"true\"><\/p> <ul><\/ul><\/div>\n<form action=\"\/ar\/wp-json\/wp\/v2\/pages\/42909#wpcf7-f30778-o1\" method=\"post\" class=\"wpcf7-form init\" aria-label=\"Contact form\" novalidate=\"novalidate\" data-status=\"init\">\n<div style=\"display: none;\">\n<input type=\"hidden\" name=\"_wpcf7\" value=\"30778\" \/>\n<input type=\"hidden\" name=\"_wpcf7_version\" value=\"5.7.1\" \/>\n<input type=\"hidden\" name=\"_wpcf7_locale\" value=\"tr_TR\" \/>\n<input type=\"hidden\" name=\"_wpcf7_unit_tag\" value=\"wpcf7-f30778-o1\" \/>\n<input type=\"hidden\" name=\"_wpcf7_container_post\" value=\"0\" \/>\n<input type=\"hidden\" name=\"_wpcf7_posted_data_hash\" value=\"\" \/>\n<\/div>\n<div id=\"contact-form\">\n\t<p><span class=\"wpcf7-form-control-wrap\" data-name=\"your-name\"><input size=\"40\" class=\"wpcf7-form-control wpcf7-text wpcf7-validates-as-required\" aria-required=\"true\" aria-invalid=\"false\" placeholder=\"Name\" value=\"\" type=\"text\" name=\"your-name\" \/><\/span><br \/>\n<span class=\"wpcf7-form-control-wrap\" data-name=\"your-email\"><input size=\"40\" class=\"wpcf7-form-control wpcf7-text wpcf7-validates-as-required\" aria-required=\"true\" aria-invalid=\"false\" placeholder=\"E-mail\" value=\"\" type=\"text\" name=\"your-email\" \/><\/span><br \/>\n<span class=\"wpcf7-form-control-wrap\" data-name=\"your-message\"><textarea cols=\"40\" rows=\"10\" class=\"wpcf7-form-control wpcf7-textarea\" aria-invalid=\"false\" placeholder=\"Message\" name=\"your-message\"><\/textarea><\/span><br \/>\n<input class=\"wpcf7-form-control has-spinner wpcf7-submit send_message transition\" type=\"submit\" value=\"Send\" \/>\n\t<\/p>\n<\/div><div class=\"wpcf7-response-output\" aria-hidden=\"true\"><\/div><\/form><\/div>[\/vc_column_inner][\/vc_row_inner][\/vc_column][\/vc_row]<\/p>\n<\/section>","protected":false},"excerpt":{"rendered":"<p>[vc_row content_placement=&#8221;middle&#8221;][vc_column width=&#8221;1\/2&#8243;][vc_gmaps link=&#8221;#E-8_JTNDaWZyYW1lJTIwc3JjJTNEJTIyaHR0cHMlM0ElMkYlMkZ3d3cuZ29vZ2xlLmNvbSUyRm1hcHMlMkZlbWJlZCUzRnBiJTNEJTIxMW0xOCUyMTFtMTIlMjExbTMlMjExZDMwMTAuNDIwOTM1MTkxMzI3OCUyMTJkMjguOTM3NTcxOTgxOTkwNTIzJTIxM2Q0MS4wMTYwNDU4OTc0NzU4NCUyMTJtMyUyMTFmMCUyMTJmMCUyMTNmMCUyMTNtMiUyMTFpMTAyNCUyMTJpNzY4JTIxNGYxMy4xJTIxM20zJTIxMW0yJTIxMXMweDE0Y2FiYjVlMjA0NzcxYzUlMjUzQTB4NTU3YWNkN2EzYTYzOGI3JTIxMnpSblY2ZFd3Z1ZHOXdjbUZyZEdGdUlFZGxibVZzSUUzRHZHVER2SEpzdzd4ciUyMTVlMCUyMTNtMiUyMTFzdHIlMjEyc3RyJTIxNHYxNzA2Nzk0NDk1NjkwJTIxNW0yJTIxMXN0ciUyMTJzdHIlMjIlMjB3aWR0aCUzRCUyMjYwMCUyMiUyMGhlaWdodCUzRCUyMjQ1MCUyMiUyMHN0eWxlJTNEJTIyYm9yZGVyJTNBMCUzQiUyMiUyMGFsbG93ZnVsbHNjcmVlbiUzRCUyMiUyMiUyMGxvYWRpbmclM0QlMjJsYXp5JTIyJTIwcmVmZXJyZXJwb2xpY3klM0QlMjJuby1yZWZlcnJlci13aGVuLWRvd25ncmFkZSUyMiUzRSUzQyUyRmlmcmFtZSUzRQ==&#8221;][\/vc_column][vc_column width=&#8221;1\/2&#8243;][vc_custom_heading text=&#8221;\u0645\u0643\u062a\u0628 \u0627\u0633\u0637\u0646\u0628\u0648\u0644 \u0627\u0644\u0631\u0626\u064a\u0633\u064a&#8221; use_theme_fonts=&#8221;yes&#8221; css=&#8221;.vc_custom_1644389169384{padding-bottom: 30px !important;}&#8221;][vc_column_text] \u0627\u0644\u0639\u0646\u0648\u0627\u0646: Ak\u015femsettin Mah.\u00d6ks\u00fczce Hatip Sok. No:27\/A Fatih \/ \u0130stanbul \u062e\u0637 \u0627\u0644\u0645\u0634\u0631\u0641: 10 69 401 212 90 \u0627\u0644\u0628\u0631\u064a\u062f \u0627\u0644\u0625\u0644\u0643\u062a\u0631\u0648\u0646\u064a: info@nevita.com.tr [\/vc_column_text][\/vc_column][\/vc_row][vc_row full_width=&#8221;stretch_row&#8221; content_placement=&#8221;middle&#8221; css=&#8221;.vc_custom_1695458658874{background-color: #f9f9f9 !important;}&#8221;][vc_column width=&#8221;1\/2&#8243;][vc_gmaps link=&#8221;#E-8_JTNDaWZyYW1lJTIwc3JjJTNEJTIyaHR0cHMlM0ElMkYlMkZ3d3cuZ29vZ2xlLmNvbSUyRm1hcHMlMkZlbWJlZCUzRnBiJTNEJTIxMW0xOCUyMTFtMTIlMjExbTMlMjExZDE1NjIuNjUzOTgwNjIxOTIzMiUyMTJkMjcuMTU0MTU1MDE0NTk4MjclMjEzZDM4LjQzNDM1NTA0NzgxMjIwNCUyMTJtMyUyMTFmMCUyMTJmMCUyMTNmMCUyMTNtMiUyMTFpMTAyNCUyMTJpNzY4JTIxNGYxMy4xJTIxM20zJTIxMW0yJTIxMXMweDE0YmJkODY2NjVmNGE1YmYlMjUzQTB4NzU4ZGY3ZjFjNzA2ODE2MCUyMTJ6VlcxMWNtSmxlU3dneExERm44T25hV3hsY2lCRFpDNGdUazg2TVRFM0xDQXpOVEl6TUNCTGIyNWhheV9Fc0hwdGFYSSUyMTVlMCUyMTNtMiUyMTFzZW4lMjEyc3RyJTIxNHYxNjgwNjA4MTcxNjg5JTIxNW0yJTIxMXNlbiUyMTJzdHIlMjIlMjB3aWR0aCUzRCUyMjYwMCUyMiUyMGhlaWdodCUzRCUyMjM1MCUyMiUyMHN0eWxlJTNEJTIyYm9yZGVyJTNBMCUzQiUyMiUyMGFsbG93ZnVsbHNjcmVlbiUzRCUyMiUyMiUyMGxvYWRpbmclM0QlMjJsYXp5JTIyJTIwcmVmZXJyZXJwb2xpY3klM0QlMjJuby1yZWZlcnJlci13aGVuLWRvd25ncmFkZSUyMiUzRSUzQyUyRmlmcmFtZSUzRQ==&#8221;][\/vc_column][vc_column width=&#8221;1\/2&#8243;][vc_custom_heading text=&#8221;\u0645\u0643\u062a\u0628 \u0641\u0631\u0639 \u0627\u0632\u0645\u064a\u0631&#8221; use_theme_fonts=&#8221;yes&#8221; css=&#8221;.vc_custom_1676985934489{padding-bottom: 30px !important;}&#8221;][vc_column_text] \u0627\u0644\u0639\u0646\u0648\u0627\u0646: Umurbey, \u0130\u015f\u00e7iler Cd. NO:117, 35230 Konak\/\u0130zmir \u0627\u0644\u0647\u0627\u062a\u0641: 10 69 401 212 90 [\/vc_column_text][\/vc_column][\/vc_row][vc_row full_width=&#8221;stretch_row&#8221; css=&#8221;.vc_custom_1643752083978{padding-top: 60px !important;padding-bottom: 60px !important;background-color: #f9f9f9 !important;}&#8221;][vc_column][vc_row_inner css=&#8221;.vc_custom_1676986324301{background-color: #ffffff !important;}&#8221;][vc_column_inner][vc_custom_heading text=&#8221;\u0625\u0633\u062a\u0645\u0627\u0631\u0629 \u0627\u0644\u0625\u062a\u0635\u0627\u0644&#8221; use_theme_fonts=&#8221;yes&#8221; css=&#8221;.vc_custom_1644389409437{padding-bottom: 30px !important;}&#8221;][\/vc_column_inner][\/vc_row_inner][\/vc_column][\/vc_row]<\/p>\n","protected":false},"author":1,"featured_media":0,"parent":0,"menu_order":0,"comment_status":"closed","ping_status":"closed","template":"iletisim.php","meta":{"inline_featured_image":false},"yoast_head":"<!-- This site is optimized with the Yoast SEO plugin v19.13 - https:\/\/yoast.com\/wordpress\/plugins\/seo\/ -->\n<title>\u0645\u0639\u0644\u0648\u0645\u0627\u062a \u0627\u0644\u0627\u062a\u0635\u0627\u0644 \u0628\u0646\u0627 | \u0646\u064a\u0641\u064a\u062a\u0627 \u00ae<\/title>\n<meta name=\"description\" content=\"\u0627\u0636\u063a\u0637 \u0647\u0646\u0627 \u0627\u0644\u0622\u0646 \u0644\u0644\u062a\u0648\u0627\u0635\u0644 \u0645\u0639 \u0646\u064a\u0641\u064a\u062a\u0627\u060c \u0627\u0644\u0634\u0631\u0643\u0629 \u0627\u0644\u0631\u0627\u0626\u062f\u0629 \u0641\u064a \u0633\u0648\u0642 \u0627\u0644\u0639\u0642\u0627\u0631\u0627\u062a \u0627\u0644\u062a\u0631\u0643\u064a!\" \/>\n<meta name=\"robots\" content=\"index, follow, max-snippet:-1, max-image-preview:large, max-video-preview:-1\" \/>\n<link rel=\"canonical\" href=\"https:\/\/www.nevitaint.com\/ar\/contact\/\" \/>\n<meta property=\"og:locale\" content=\"ar_AR\" \/>\n<meta property=\"og:type\" content=\"article\" \/>\n<meta property=\"og:title\" content=\"\u0645\u0639\u0644\u0648\u0645\u0627\u062a \u0627\u0644\u0627\u062a\u0635\u0627\u0644 \u0628\u0646\u0627 | \u0646\u064a\u0641\u064a\u062a\u0627 \u00ae\" \/>\n<meta property=\"og:description\" content=\"\u0627\u0636\u063a\u0637 \u0647\u0646\u0627 \u0627\u0644\u0622\u0646 \u0644\u0644\u062a\u0648\u0627\u0635\u0644 \u0645\u0639 \u0646\u064a\u0641\u064a\u062a\u0627\u060c \u0627\u0644\u0634\u0631\u0643\u0629 \u0627\u0644\u0631\u0627\u0626\u062f\u0629 \u0641\u064a \u0633\u0648\u0642 \u0627\u0644\u0639\u0642\u0627\u0631\u0627\u062a \u0627\u0644\u062a\u0631\u0643\u064a!\" \/>\n<meta property=\"og:url\" content=\"https:\/\/www.nevitaint.com\/ar\/contact\/\" \/>\n<meta property=\"og:site_name\" content=\"Nevita\" \/>\n<meta property=\"article:modified_time\" content=\"2024-02-01T13:48:14+00:00\" \/>\n<meta name=\"twitter:card\" content=\"summary_large_image\" \/>\n<meta name=\"twitter:label1\" content=\"\u0648\u0642\u062a \u0627\u0644\u0642\u0631\u0627\u0621\u0629 \u0627\u0644\u0645\u064f\u0642\u062f\u0651\u0631\" \/>\n\t<meta name=\"twitter:data1\" content=\"1 \u062f\u0642\u064a\u0642\u0629\" \/>\n<script type=\"application\/ld+json\" class=\"yoast-schema-graph\">{\"@context\":\"https:\/\/schema.org\",\"@graph\":[{\"@type\":\"WebPage\",\"@id\":\"https:\/\/www.nevitaint.com\/ar\/contact\/\",\"url\":\"https:\/\/www.nevitaint.com\/ar\/contact\/\",\"name\":\"\u0645\u0639\u0644\u0648\u0645\u0627\u062a \u0627\u0644\u0627\u062a\u0635\u0627\u0644 \u0628\u0646\u0627 | \u0646\u064a\u0641\u064a\u062a\u0627 \u00ae\",\"isPartOf\":{\"@id\":\"https:\/\/www.nevitaint.com\/ar\/#website\"},\"datePublished\":\"2022-02-01T21:39:36+00:00\",\"dateModified\":\"2024-02-01T13:48:14+00:00\",\"description\":\"\u0627\u0636\u063a\u0637 \u0647\u0646\u0627 \u0627\u0644\u0622\u0646 \u0644\u0644\u062a\u0648\u0627\u0635\u0644 \u0645\u0639 \u0646\u064a\u0641\u064a\u062a\u0627\u060c \u0627\u0644\u0634\u0631\u0643\u0629 \u0627\u0644\u0631\u0627\u0626\u062f\u0629 \u0641\u064a \u0633\u0648\u0642 \u0627\u0644\u0639\u0642\u0627\u0631\u0627\u062a \u0627\u0644\u062a\u0631\u0643\u064a!\",\"breadcrumb\":{\"@id\":\"https:\/\/www.nevitaint.com\/ar\/contact\/#breadcrumb\"},\"inLanguage\":\"ar\",\"potentialAction\":[{\"@type\":\"ReadAction\",\"target\":[\"https:\/\/www.nevitaint.com\/ar\/contact\/\"]}]},{\"@type\":\"BreadcrumbList\",\"@id\":\"https:\/\/www.nevitaint.com\/ar\/contact\/#breadcrumb\",\"itemListElement\":[{\"@type\":\"ListItem\",\"position\":1,\"name\":\"Homepage\",\"item\":\"https:\/\/www.nevitaint.com\/ar\/\"},{\"@type\":\"ListItem\",\"position\":2,\"name\":\"\u0627\u062a\u0635\u0644 \u0628\u0646\u0627\"}]},{\"@type\":\"WebSite\",\"@id\":\"https:\/\/www.nevitaint.com\/ar\/#website\",\"url\":\"https:\/\/www.nevitaint.com\/ar\/\",\"name\":\"Nevita\",\"description\":\"\",\"publisher\":{\"@id\":\"https:\/\/www.nevitaint.com\/ar\/#organization\"},\"potentialAction\":[{\"@type\":\"SearchAction\",\"target\":{\"@type\":\"EntryPoint\",\"urlTemplate\":\"https:\/\/www.nevitaint.com\/ar\/?s={search_term_string}\"},\"query-input\":\"required name=search_term_string\"}],\"inLanguage\":\"ar\"},{\"@type\":\"Organization\",\"@id\":\"https:\/\/www.nevitaint.com\/ar\/#organization\",\"name\":\"\u0639\u0642\u0627\u0631\u0627\u062a \u0644\u0644\u0628\u064a\u0639 \u0641\u064a \u062a\u0631\u0643\u064a\u0627 - \u0639\u0642\u0627\u0631\u0627\u062a \u062a\u0631\u0643\u064a\u0629 | \u0646\u064a\u0641\u064a\u062a\u0627 \u00ae\",\"url\":\"https:\/\/www.nevitaint.com\/ar\/\",\"logo\":{\"@type\":\"ImageObject\",\"inLanguage\":\"ar\",\"@id\":\"https:\/\/www.nevitaint.com\/ar\/#\/schema\/logo\/image\/\",\"url\":\"https:\/\/www.nevitaint.com\/wp-content\/uploads\/2021\/11\/nevita-logo.jpg\",\"contentUrl\":\"https:\/\/www.nevitaint.com\/wp-content\/uploads\/2021\/11\/nevita-logo.jpg\",\"width\":640,\"height\":200,\"caption\":\"\u0639\u0642\u0627\u0631\u0627\u062a \u0644\u0644\u0628\u064a\u0639 \u0641\u064a \u062a\u0631\u0643\u064a\u0627 - \u0639\u0642\u0627\u0631\u0627\u062a \u062a\u0631\u0643\u064a\u0629 | \u0646\u064a\u0641\u064a\u062a\u0627 \u00ae\"},\"image\":{\"@id\":\"https:\/\/www.nevitaint.com\/ar\/#\/schema\/logo\/image\/\"}}]}<\/script>\n<!-- \/ Yoast SEO plugin. -->","yoast_head_json":{"title":"\u0645\u0639\u0644\u0648\u0645\u0627\u062a \u0627\u0644\u0627\u062a\u0635\u0627\u0644 \u0628\u0646\u0627 | \u0646\u064a\u0641\u064a\u062a\u0627 \u00ae","description":"\u0627\u0636\u063a\u0637 \u0647\u0646\u0627 \u0627\u0644\u0622\u0646 \u0644\u0644\u062a\u0648\u0627\u0635\u0644 \u0645\u0639 \u0646\u064a\u0641\u064a\u062a\u0627\u060c \u0627\u0644\u0634\u0631\u0643\u0629 \u0627\u0644\u0631\u0627\u0626\u062f\u0629 \u0641\u064a \u0633\u0648\u0642 \u0627\u0644\u0639\u0642\u0627\u0631\u0627\u062a \u0627\u0644\u062a\u0631\u0643\u064a!","robots":{"index":"index","follow":"follow","max-snippet":"max-snippet:-1","max-image-preview":"max-image-preview:large","max-video-preview":"max-video-preview:-1"},"canonical":"https:\/\/www.nevitaint.com\/ar\/contact\/","og_locale":"ar_AR","og_type":"article","og_title":"\u0645\u0639\u0644\u0648\u0645\u0627\u062a \u0627\u0644\u0627\u062a\u0635\u0627\u0644 \u0628\u0646\u0627 | \u0646\u064a\u0641\u064a\u062a\u0627 \u00ae","og_description":"\u0627\u0636\u063a\u0637 \u0647\u0646\u0627 \u0627\u0644\u0622\u0646 \u0644\u0644\u062a\u0648\u0627\u0635\u0644 \u0645\u0639 \u0646\u064a\u0641\u064a\u062a\u0627\u060c \u0627\u0644\u0634\u0631\u0643\u0629 \u0627\u0644\u0631\u0627\u0626\u062f\u0629 \u0641\u064a \u0633\u0648\u0642 \u0627\u0644\u0639\u0642\u0627\u0631\u0627\u062a \u0627\u0644\u062a\u0631\u0643\u064a!","og_url":"https:\/\/www.nevitaint.com\/ar\/contact\/","og_site_name":"Nevita","article_modified_time":"2024-02-01T13:48:14+00:00","twitter_card":"summary_large_image","twitter_misc":{"\u0648\u0642\u062a \u0627\u0644\u0642\u0631\u0627\u0621\u0629 \u0627\u0644\u0645\u064f\u0642\u062f\u0651\u0631":"1 \u062f\u0642\u064a\u0642\u0629"},"schema":{"@context":"https:\/\/schema.org","@graph":[{"@type":"WebPage","@id":"https:\/\/www.nevitaint.com\/ar\/contact\/","url":"https:\/\/www.nevitaint.com\/ar\/contact\/","name":"\u0645\u0639\u0644\u0648\u0645\u0627\u062a \u0627\u0644\u0627\u062a\u0635\u0627\u0644 \u0628\u0646\u0627 | \u0646\u064a\u0641\u064a\u062a\u0627 \u00ae","isPartOf":{"@id":"https:\/\/www.nevitaint.com\/ar\/#website"},"datePublished":"2022-02-01T21:39:36+00:00","dateModified":"2024-02-01T13:48:14+00:00","description":"\u0627\u0636\u063a\u0637 \u0647\u0646\u0627 \u0627\u0644\u0622\u0646 \u0644\u0644\u062a\u0648\u0627\u0635\u0644 \u0645\u0639 \u0646\u064a\u0641\u064a\u062a\u0627\u060c \u0627\u0644\u0634\u0631\u0643\u0629 \u0627\u0644\u0631\u0627\u0626\u062f\u0629 \u0641\u064a \u0633\u0648\u0642 \u0627\u0644\u0639\u0642\u0627\u0631\u0627\u062a \u0627\u0644\u062a\u0631\u0643\u064a!","breadcrumb":{"@id":"https:\/\/www.nevitaint.com\/ar\/contact\/#breadcrumb"},"inLanguage":"ar","potentialAction":[{"@type":"ReadAction","target":["https:\/\/www.nevitaint.com\/ar\/contact\/"]}]},{"@type":"BreadcrumbList","@id":"https:\/\/www.nevitaint.com\/ar\/contact\/#breadcrumb","itemListElement":[{"@type":"ListItem","position":1,"name":"Homepage","item":"https:\/\/www.nevitaint.com\/ar\/"},{"@type":"ListItem","position":2,"name":"\u0627\u062a\u0635\u0644 \u0628\u0646\u0627"}]},{"@type":"WebSite","@id":"https:\/\/www.nevitaint.com\/ar\/#website","url":"https:\/\/www.nevitaint.com\/ar\/","name":"Nevita","description":"","publisher":{"@id":"https:\/\/www.nevitaint.com\/ar\/#organization"},"potentialAction":[{"@type":"SearchAction","target":{"@type":"EntryPoint","urlTemplate":"https:\/\/www.nevitaint.com\/ar\/?s={search_term_string}"},"query-input":"required name=search_term_string"}],"inLanguage":"ar"},{"@type":"Organization","@id":"https:\/\/www.nevitaint.com\/ar\/#organization","name":"\u0639\u0642\u0627\u0631\u0627\u062a \u0644\u0644\u0628\u064a\u0639 \u0641\u064a \u062a\u0631\u0643\u064a\u0627 - \u0639\u0642\u0627\u0631\u0627\u062a \u062a\u0631\u0643\u064a\u0629 | \u0646\u064a\u0641\u064a\u062a\u0627 \u00ae","url":"https:\/\/www.nevitaint.com\/ar\/","logo":{"@type":"ImageObject","inLanguage":"ar","@id":"https:\/\/www.nevitaint.com\/ar\/#\/schema\/logo\/image\/","url":"https:\/\/www.nevitaint.com\/wp-content\/uploads\/2021\/11\/nevita-logo.jpg","contentUrl":"https:\/\/www.nevitaint.com\/wp-content\/uploads\/2021\/11\/nevita-logo.jpg","width":640,"height":200,"caption":"\u0639\u0642\u0627\u0631\u0627\u062a \u0644\u0644\u0628\u064a\u0639 \u0641\u064a \u062a\u0631\u0643\u064a\u0627 - \u0639\u0642\u0627\u0631\u0627\u062a \u062a\u0631\u0643\u064a\u0629 | \u0646\u064a\u0641\u064a\u062a\u0627 \u00ae"},"image":{"@id":"https:\/\/www.nevitaint.com\/ar\/#\/schema\/logo\/image\/"}}]}},"_links":{"self":[{"href":"https:\/\/www.nevitaint.com\/ar\/wp-json\/wp\/v2\/pages\/42909"}],"collection":[{"href":"https:\/\/www.nevitaint.com\/ar\/wp-json\/wp\/v2\/pages"}],"about":[{"href":"https:\/\/www.nevitaint.com\/ar\/wp-json\/wp\/v2\/types\/page"}],"author":[{"embeddable":true,"href":"https:\/\/www.nevitaint.com\/ar\/wp-json\/wp\/v2\/users\/1"}],"replies":[{"embeddable":true,"href":"https:\/\/www.nevitaint.com\/ar\/wp-json\/wp\/v2\/comments?post=42909"}],"version-history":[{"count":26,"href":"https:\/\/www.nevitaint.com\/ar\/wp-json\/wp\/v2\/pages\/42909\/revisions"}],"predecessor-version":[{"id":61919,"href":"https:\/\/www.nevitaint.com\/ar\/wp-json\/wp\/v2\/pages\/42909\/revisions\/61919"}],"wp:attachment":[{"href":"https:\/\/www.nevitaint.com\/ar\/wp-json\/wp\/v2\/media?parent=42909"}],"curies":[{"name":"wp","href":"https:\/\/api.w.org\/{rel}","templated":true}]}}