{"id":32057,"date":"2021-03-24T11:21:33","date_gmt":"2021-03-24T08:21:33","guid":{"rendered":"https:\/\/www.nevitaint.com\/partners2\/"},"modified":"2023-05-02T11:55:06","modified_gmt":"2023-05-02T08:55:06","slug":"partnerlerimiz","status":"publish","type":"page","link":"https:\/\/www.nevitaint.com\/tr\/partnerlerimiz\/","title":{"rendered":"Partnerlerimiz"},"content":{"rendered":"","protected":false},"excerpt":{"rendered":"","protected":false},"author":1,"featured_media":0,"parent":0,"menu_order":51,"comment_status":"closed","ping_status":"closed","template":"landing.php","meta":{"inline_featured_image":false},"yoast_head":"<!-- This site is optimized with the Yoast SEO plugin v19.13 - https:\/\/yoast.com\/wordpress\/plugins\/seo\/ -->\n<title>\u0130\u015f Ortaklar\u0131m\u0131z ve Partnerlerimiz | Nevita<\/title>\n<meta name=\"description\" content=\"Partnerlerimiz olan gayrimenkul sekt\u00f6r\u00fcn\u00fcn lider projeleri ve markalar\u0131 hakk\u0131nda daha fazla bilgi almak i\u00e7in hemen sitemizi ziyaret edebilirsiniz.\" \/>\n<meta name=\"robots\" content=\"index, follow, max-snippet:-1, max-image-preview:large, max-video-preview:-1\" \/>\n<link rel=\"canonical\" href=\"https:\/\/www.nevitaint.com\/tr\/partnerlerimiz\/\" \/>\n<meta property=\"og:locale\" content=\"tr_TR\" \/>\n<meta property=\"og:type\" content=\"article\" \/>\n<meta property=\"og:title\" content=\"\u0130\u015f Ortaklar\u0131m\u0131z ve Partnerlerimiz | Nevita\" \/>\n<meta property=\"og:description\" content=\"Partnerlerimiz olan gayrimenkul sekt\u00f6r\u00fcn\u00fcn lider projeleri ve markalar\u0131 hakk\u0131nda daha fazla bilgi almak i\u00e7in hemen sitemizi ziyaret edebilirsiniz.\" \/>\n<meta property=\"og:url\" content=\"https:\/\/www.nevitaint.com\/tr\/partnerlerimiz\/\" \/>\n<meta property=\"og:site_name\" content=\"Nevita\" \/>\n<meta property=\"article:modified_time\" content=\"2023-05-02T08:55:06+00:00\" \/>\n<meta name=\"twitter:card\" content=\"summary_large_image\" \/>\n<script type=\"application\/ld+json\" class=\"yoast-schema-graph\">{\"@context\":\"https:\/\/schema.org\",\"@graph\":[{\"@type\":\"WebPage\",\"@id\":\"https:\/\/www.nevitaint.com\/tr\/partnerlerimiz\/\",\"url\":\"https:\/\/www.nevitaint.com\/tr\/partnerlerimiz\/\",\"name\":\"\u0130\u015f Ortaklar\u0131m\u0131z ve Partnerlerimiz | Nevita\",\"isPartOf\":{\"@id\":\"https:\/\/www.nevitaint.com\/tr\/#website\"},\"datePublished\":\"2021-03-24T08:21:33+00:00\",\"dateModified\":\"2023-05-02T08:55:06+00:00\",\"description\":\"Partnerlerimiz olan gayrimenkul sekt\u00f6r\u00fcn\u00fcn lider projeleri ve markalar\u0131 hakk\u0131nda daha fazla bilgi almak i\u00e7in hemen sitemizi ziyaret edebilirsiniz.\",\"breadcrumb\":{\"@id\":\"https:\/\/www.nevitaint.com\/tr\/partnerlerimiz\/#breadcrumb\"},\"inLanguage\":\"tr\",\"potentialAction\":[{\"@type\":\"ReadAction\",\"target\":[\"https:\/\/www.nevitaint.com\/tr\/partnerlerimiz\/\"]}]},{\"@type\":\"BreadcrumbList\",\"@id\":\"https:\/\/www.nevitaint.com\/tr\/partnerlerimiz\/#breadcrumb\",\"itemListElement\":[{\"@type\":\"ListItem\",\"position\":1,\"name\":\"Homepage\",\"item\":\"https:\/\/www.nevitaint.com\/tr\/\"},{\"@type\":\"ListItem\",\"position\":2,\"name\":\"Partnerlerimiz\"}]},{\"@type\":\"WebSite\",\"@id\":\"https:\/\/www.nevitaint.com\/tr\/#website\",\"url\":\"https:\/\/www.nevitaint.com\/tr\/\",\"name\":\"Nevita\",\"description\":\"\",\"publisher\":{\"@id\":\"https:\/\/www.nevitaint.com\/tr\/#organization\"},\"potentialAction\":[{\"@type\":\"SearchAction\",\"target\":{\"@type\":\"EntryPoint\",\"urlTemplate\":\"https:\/\/www.nevitaint.com\/tr\/?s={search_term_string}\"},\"query-input\":\"required name=search_term_string\"}],\"inLanguage\":\"tr\"},{\"@type\":\"Organization\",\"@id\":\"https:\/\/www.nevitaint.com\/tr\/#organization\",\"name\":\"T\u00fcrkiye\u2019de Sat\u0131l\u0131k Gayrimenkul \u0130lanlar\u0131 | Nevita\",\"url\":\"https:\/\/www.nevitaint.com\/tr\/\",\"logo\":{\"@type\":\"ImageObject\",\"inLanguage\":\"tr\",\"@id\":\"https:\/\/www.nevitaint.com\/tr\/#\/schema\/logo\/image\/\",\"url\":\"https:\/\/www.nevitaint.com\/wp-content\/uploads\/2021\/11\/nevita-logo.jpg\",\"contentUrl\":\"https:\/\/www.nevitaint.com\/wp-content\/uploads\/2021\/11\/nevita-logo.jpg\",\"width\":640,\"height\":200,\"caption\":\"T\u00fcrkiye\u2019de Sat\u0131l\u0131k Gayrimenkul \u0130lanlar\u0131 | Nevita\"},\"image\":{\"@id\":\"https:\/\/www.nevitaint.com\/tr\/#\/schema\/logo\/image\/\"}}]}<\/script>\n<!-- \/ Yoast SEO plugin. -->","yoast_head_json":{"title":"\u0130\u015f Ortaklar\u0131m\u0131z ve Partnerlerimiz | Nevita","description":"Partnerlerimiz olan gayrimenkul sekt\u00f6r\u00fcn\u00fcn lider projeleri ve markalar\u0131 hakk\u0131nda daha fazla bilgi almak i\u00e7in hemen sitemizi ziyaret edebilirsiniz.","robots":{"index":"index","follow":"follow","max-snippet":"max-snippet:-1","max-image-preview":"max-image-preview:large","max-video-preview":"max-video-preview:-1"},"canonical":"https:\/\/www.nevitaint.com\/tr\/partnerlerimiz\/","og_locale":"tr_TR","og_type":"article","og_title":"\u0130\u015f Ortaklar\u0131m\u0131z ve Partnerlerimiz | Nevita","og_description":"Partnerlerimiz olan gayrimenkul sekt\u00f6r\u00fcn\u00fcn lider projeleri ve markalar\u0131 hakk\u0131nda daha fazla bilgi almak i\u00e7in hemen sitemizi ziyaret edebilirsiniz.","og_url":"https:\/\/www.nevitaint.com\/tr\/partnerlerimiz\/","og_site_name":"Nevita","article_modified_time":"2023-05-02T08:55:06+00:00","twitter_card":"summary_large_image","schema":{"@context":"https:\/\/schema.org","@graph":[{"@type":"WebPage","@id":"https:\/\/www.nevitaint.com\/tr\/partnerlerimiz\/","url":"https:\/\/www.nevitaint.com\/tr\/partnerlerimiz\/","name":"\u0130\u015f Ortaklar\u0131m\u0131z ve Partnerlerimiz | Nevita","isPartOf":{"@id":"https:\/\/www.nevitaint.com\/tr\/#website"},"datePublished":"2021-03-24T08:21:33+00:00","dateModified":"2023-05-02T08:55:06+00:00","description":"Partnerlerimiz olan gayrimenkul sekt\u00f6r\u00fcn\u00fcn lider projeleri ve markalar\u0131 hakk\u0131nda daha fazla bilgi almak i\u00e7in hemen sitemizi ziyaret edebilirsiniz.","breadcrumb":{"@id":"https:\/\/www.nevitaint.com\/tr\/partnerlerimiz\/#breadcrumb"},"inLanguage":"tr","potentialAction":[{"@type":"ReadAction","target":["https:\/\/www.nevitaint.com\/tr\/partnerlerimiz\/"]}]},{"@type":"BreadcrumbList","@id":"https:\/\/www.nevitaint.com\/tr\/partnerlerimiz\/#breadcrumb","itemListElement":[{"@type":"ListItem","position":1,"name":"Homepage","item":"https:\/\/www.nevitaint.com\/tr\/"},{"@type":"ListItem","position":2,"name":"Partnerlerimiz"}]},{"@type":"WebSite","@id":"https:\/\/www.nevitaint.com\/tr\/#website","url":"https:\/\/www.nevitaint.com\/tr\/","name":"Nevita","description":"","publisher":{"@id":"https:\/\/www.nevitaint.com\/tr\/#organization"},"potentialAction":[{"@type":"SearchAction","target":{"@type":"EntryPoint","urlTemplate":"https:\/\/www.nevitaint.com\/tr\/?s={search_term_string}"},"query-input":"required name=search_term_string"}],"inLanguage":"tr"},{"@type":"Organization","@id":"https:\/\/www.nevitaint.com\/tr\/#organization","name":"T\u00fcrkiye\u2019de Sat\u0131l\u0131k Gayrimenkul \u0130lanlar\u0131 | Nevita","url":"https:\/\/www.nevitaint.com\/tr\/","logo":{"@type":"ImageObject","inLanguage":"tr","@id":"https:\/\/www.nevitaint.com\/tr\/#\/schema\/logo\/image\/","url":"https:\/\/www.nevitaint.com\/wp-content\/uploads\/2021\/11\/nevita-logo.jpg","contentUrl":"https:\/\/www.nevitaint.com\/wp-content\/uploads\/2021\/11\/nevita-logo.jpg","width":640,"height":200,"caption":"T\u00fcrkiye\u2019de Sat\u0131l\u0131k Gayrimenkul \u0130lanlar\u0131 | Nevita"},"image":{"@id":"https:\/\/www.nevitaint.com\/tr\/#\/schema\/logo\/image\/"}}]}},"_links":{"self":[{"href":"https:\/\/www.nevitaint.com\/tr\/wp-json\/wp\/v2\/pages\/32057"}],"collection":[{"href":"https:\/\/www.nevitaint.com\/tr\/wp-json\/wp\/v2\/pages"}],"about":[{"href":"https:\/\/www.nevitaint.com\/tr\/wp-json\/wp\/v2\/types\/page"}],"author":[{"embeddable":true,"href":"https:\/\/www.nevitaint.com\/tr\/wp-json\/wp\/v2\/users\/1"}],"replies":[{"embeddable":true,"href":"https:\/\/www.nevitaint.com\/tr\/wp-json\/wp\/v2\/comments?post=32057"}],"version-history":[{"count":1,"href":"https:\/\/www.nevitaint.com\/tr\/wp-json\/wp\/v2\/pages\/32057\/revisions"}],"predecessor-version":[{"id":40803,"href":"https:\/\/www.nevitaint.com\/tr\/wp-json\/wp\/v2\/pages\/32057\/revisions\/40803"}],"wp:attachment":[{"href":"https:\/\/www.nevitaint.com\/tr\/wp-json\/wp\/v2\/media?parent=32057"}],"curies":[{"name":"wp","href":"https:\/\/api.w.org\/{rel}","templated":true}]}}