{"id":32822,"date":"2021-07-27T20:20:11","date_gmt":"2021-07-27T17:20:11","guid":{"rendered":"https:\/\/www.nevitaint.com\/furkan-akbal\/"},"modified":"2023-05-30T16:39:16","modified_gmt":"2023-05-30T13:39:16","slug":"yunus-furkan-akbal","status":"publish","type":"page","link":"https:\/\/www.nevitaint.com\/tr\/yunus-furkan-akbal\/","title":{"rendered":"Yunus Furkan Akbal"},"content":{"rendered":"\r\n<div class=\"is-layout-flex wp-container-3 wp-block-columns\">\r\n<div class=\"is-layout-flow wp-block-column\" style=\"flex-basis: 33.33%;\">\r\n<figure class=\"wp-block-image size-large\"><img decoding=\"async\" loading=\"lazy\" width=\"360\" height=\"415\" class=\"wp-image-32543\" src=\"https:\/\/www.nevitaint.com\/wp-content\/uploads\/2021\/06\/furkanakbal.jpg\" alt=\"\" srcset=\"https:\/\/www.nevitaint.com\/wp-content\/uploads\/2021\/06\/furkanakbal.jpg 360w, https:\/\/www.nevitaint.com\/wp-content\/uploads\/2021\/06\/furkanakbal-260x300.jpg 260w\" sizes=\"(max-width: 360px) 100vw, 360px\" \/><\/figure>\r\n<\/div>\r\n\r\n\r\n\r\n<div class=\"is-layout-flow wp-block-column\" style=\"flex-basis: 66.66%;\">\r\n<p>1993 y\u0131l\u0131nda d\u00fcnyaya gelen Furkan Akbal 2016 y\u0131l\u0131nda, \u0130stanbul Bilgi \u00dcniversitesi Hukuk Fak\u00fcltesi\u2019nden mezun oldu ve 2018 y\u0131l\u0131nda \u0130stanbul Ticaret \u00dcniversitesi Sanayi Politikalar\u0131 ve Teknoloji Y\u00f6netimi alan\u0131nda y\u00fcksek lisans e\u011fitimine ba\u015flad\u0131.<\/p>\r\n\r\n\r\n\r\n<p>Sivil Toplum Kurulu\u015flar\u0131n\u0131n \u00f6nemini bilen Akbal, 2016-2017 y\u0131llar\u0131nda TOBB \u0130stanbul Gen\u00e7 Giri\u015fimciler Kurulu \u2013 Giri\u015fimci Kul\u00fcpler Platformunda g\u00f6rev alm\u0131\u015ft\u0131r. Halen Fuzul Holding b\u00fcnyesinde faaliyet g\u00f6steren FuzulEv\u2019in y\u00f6netim kurulu \u00fcyeli\u011finde bulunan Akbal, 2013 y\u0131l\u0131ndan bu yana M\u00dcS\u0130AD \u00fcyesidir ve 2014 &#8211; 2019 y\u0131llar\u0131 aras\u0131nda Gen\u00e7 M\u00dcS\u0130AD Kurul \u00dcyesi olarak g\u00f6rev alm\u0131\u015ft\u0131r. 2019 y\u0131l\u0131 Mart ay\u0131ndan bu yana Gen\u00e7 M\u00dcS\u0130AD Ba\u015fkan\u0131 olarak g\u00f6rev yapan Furkan Akbal iyi derecede \u0130ngilizce bilmektedir.<\/p>\r\n<\/div>\r\n<\/div>\r\n","protected":false},"excerpt":{"rendered":"<p>1993 y\u0131l\u0131nda d\u00fcnyaya gelen Furkan Akbal 2016 y\u0131l\u0131nda, \u0130stanbul Bilgi \u00dcniversitesi Hukuk Fak\u00fcltesi\u2019nden mezun oldu ve 2018 y\u0131l\u0131nda \u0130stanbul Ticaret \u00dcniversitesi Sanayi Politikalar\u0131 ve Teknoloji Y\u00f6netimi alan\u0131nda y\u00fcksek lisans e\u011fitimine ba\u015flad\u0131. Sivil Toplum Kurulu\u015flar\u0131n\u0131n \u00f6nemini bilen Akbal, 2016-2017 y\u0131llar\u0131nda TOBB \u0130stanbul Gen\u00e7 Giri\u015fimciler Kurulu \u2013 Giri\u015fimci Kul\u00fcpler Platformunda g\u00f6rev alm\u0131\u015ft\u0131r. Halen Fuzul Holding b\u00fcnyesinde faaliyet g\u00f6steren FuzulEv\u2019in y\u00f6netim kurulu \u00fcyeli\u011finde bulunan Akbal, 2013 y\u0131l\u0131ndan bu yana M\u00dcS\u0130AD \u00fcyesidir ve 2014 &#8211; 2019 y\u0131llar\u0131 aras\u0131nda Gen\u00e7 M\u00dcS\u0130AD Kurul \u00dcyesi olarak g\u00f6rev alm\u0131\u015ft\u0131r. 2019 y\u0131l\u0131 Mart ay\u0131ndan bu yana Gen\u00e7 M\u00dcS\u0130AD Ba\u015fkan\u0131 olarak g\u00f6rev yapan Furkan Akbal iyi derecede \u0130ngilizce bilmektedir.<\/p>\n","protected":false},"author":1,"featured_media":0,"parent":0,"menu_order":3,"comment_status":"closed","ping_status":"closed","template":"","meta":{"inline_featured_image":false},"yoast_head":"<!-- This site is optimized with the Yoast SEO plugin v19.13 - https:\/\/yoast.com\/wordpress\/plugins\/seo\/ -->\n<title>Y\u00f6netim Kurulu \u00dcyesi, Yunus Furkan Akbal | Nevita \u00ae<\/title>\n<meta name=\"description\" content=\"Yunus Furkan Akbal, Fuzul Group&#039;un \u00f6nemli markalar\u0131ndan biri olan Nevita \u00ae&#039;da Y\u00f6netim Kurulu \u00dcyesidir. Profili ke\u015ffedin!\" \/>\n<meta name=\"robots\" content=\"index, follow, max-snippet:-1, max-image-preview:large, max-video-preview:-1\" \/>\n<link rel=\"canonical\" href=\"https:\/\/www.nevitaint.com\/tr\/yunus-furkan-akbal\/\" \/>\n<meta property=\"og:locale\" content=\"tr_TR\" \/>\n<meta property=\"og:type\" content=\"article\" \/>\n<meta property=\"og:title\" content=\"Y\u00f6netim Kurulu \u00dcyesi, Yunus Furkan Akbal | Nevita \u00ae\" \/>\n<meta property=\"og:description\" content=\"Yunus Furkan Akbal, Fuzul Group&#039;un \u00f6nemli markalar\u0131ndan biri olan Nevita \u00ae&#039;da Y\u00f6netim Kurulu \u00dcyesidir. Profili ke\u015ffedin!\" \/>\n<meta property=\"og:url\" content=\"https:\/\/www.nevitaint.com\/tr\/yunus-furkan-akbal\/\" \/>\n<meta property=\"og:site_name\" content=\"Nevita\" \/>\n<meta property=\"article:modified_time\" content=\"2023-05-30T13:39:16+00:00\" \/>\n<meta property=\"og:image\" content=\"https:\/\/www.nevitaint.com\/wp-content\/uploads\/2021\/06\/furkanakbal.jpg\" \/>\n<meta name=\"twitter:card\" content=\"summary_large_image\" \/>\n<meta name=\"twitter:label1\" content=\"Tahmini okuma s\u00fcresi\" \/>\n\t<meta name=\"twitter:data1\" content=\"1 dakika\" \/>\n<script type=\"application\/ld+json\" class=\"yoast-schema-graph\">{\"@context\":\"https:\/\/schema.org\",\"@graph\":[{\"@type\":\"WebPage\",\"@id\":\"https:\/\/www.nevitaint.com\/tr\/yunus-furkan-akbal\/\",\"url\":\"https:\/\/www.nevitaint.com\/tr\/yunus-furkan-akbal\/\",\"name\":\"Y\u00f6netim Kurulu \u00dcyesi, Yunus Furkan Akbal | Nevita \u00ae\",\"isPartOf\":{\"@id\":\"https:\/\/www.nevitaint.com\/tr\/#website\"},\"datePublished\":\"2021-07-27T17:20:11+00:00\",\"dateModified\":\"2023-05-30T13:39:16+00:00\",\"description\":\"Yunus Furkan Akbal, Fuzul Group'un \u00f6nemli markalar\u0131ndan biri olan Nevita \u00ae'da Y\u00f6netim Kurulu \u00dcyesidir. Profili ke\u015ffedin!\",\"breadcrumb\":{\"@id\":\"https:\/\/www.nevitaint.com\/tr\/yunus-furkan-akbal\/#breadcrumb\"},\"inLanguage\":\"tr\",\"potentialAction\":[{\"@type\":\"ReadAction\",\"target\":[\"https:\/\/www.nevitaint.com\/tr\/yunus-furkan-akbal\/\"]}]},{\"@type\":\"BreadcrumbList\",\"@id\":\"https:\/\/www.nevitaint.com\/tr\/yunus-furkan-akbal\/#breadcrumb\",\"itemListElement\":[{\"@type\":\"ListItem\",\"position\":1,\"name\":\"Homepage\",\"item\":\"https:\/\/www.nevitaint.com\/tr\/\"},{\"@type\":\"ListItem\",\"position\":2,\"name\":\"Yunus Furkan Akbal\"}]},{\"@type\":\"WebSite\",\"@id\":\"https:\/\/www.nevitaint.com\/tr\/#website\",\"url\":\"https:\/\/www.nevitaint.com\/tr\/\",\"name\":\"Nevita\",\"description\":\"\",\"publisher\":{\"@id\":\"https:\/\/www.nevitaint.com\/tr\/#organization\"},\"potentialAction\":[{\"@type\":\"SearchAction\",\"target\":{\"@type\":\"EntryPoint\",\"urlTemplate\":\"https:\/\/www.nevitaint.com\/tr\/?s={search_term_string}\"},\"query-input\":\"required name=search_term_string\"}],\"inLanguage\":\"tr\"},{\"@type\":\"Organization\",\"@id\":\"https:\/\/www.nevitaint.com\/tr\/#organization\",\"name\":\"T\u00fcrkiye\u2019de Sat\u0131l\u0131k Gayrimenkul \u0130lanlar\u0131 | Nevita\",\"url\":\"https:\/\/www.nevitaint.com\/tr\/\",\"logo\":{\"@type\":\"ImageObject\",\"inLanguage\":\"tr\",\"@id\":\"https:\/\/www.nevitaint.com\/tr\/#\/schema\/logo\/image\/\",\"url\":\"https:\/\/www.nevitaint.com\/wp-content\/uploads\/2021\/11\/nevita-logo.jpg\",\"contentUrl\":\"https:\/\/www.nevitaint.com\/wp-content\/uploads\/2021\/11\/nevita-logo.jpg\",\"width\":640,\"height\":200,\"caption\":\"T\u00fcrkiye\u2019de Sat\u0131l\u0131k Gayrimenkul \u0130lanlar\u0131 | Nevita\"},\"image\":{\"@id\":\"https:\/\/www.nevitaint.com\/tr\/#\/schema\/logo\/image\/\"}}]}<\/script>\n<!-- \/ Yoast SEO plugin. -->","yoast_head_json":{"title":"Y\u00f6netim Kurulu \u00dcyesi, Yunus Furkan Akbal | Nevita \u00ae","description":"Yunus Furkan Akbal, Fuzul Group'un \u00f6nemli markalar\u0131ndan biri olan Nevita \u00ae'da Y\u00f6netim Kurulu \u00dcyesidir. Profili ke\u015ffedin!","robots":{"index":"index","follow":"follow","max-snippet":"max-snippet:-1","max-image-preview":"max-image-preview:large","max-video-preview":"max-video-preview:-1"},"canonical":"https:\/\/www.nevitaint.com\/tr\/yunus-furkan-akbal\/","og_locale":"tr_TR","og_type":"article","og_title":"Y\u00f6netim Kurulu \u00dcyesi, Yunus Furkan Akbal | Nevita \u00ae","og_description":"Yunus Furkan Akbal, Fuzul Group'un \u00f6nemli markalar\u0131ndan biri olan Nevita \u00ae'da Y\u00f6netim Kurulu \u00dcyesidir. Profili ke\u015ffedin!","og_url":"https:\/\/www.nevitaint.com\/tr\/yunus-furkan-akbal\/","og_site_name":"Nevita","article_modified_time":"2023-05-30T13:39:16+00:00","og_image":[{"url":"https:\/\/www.nevitaint.com\/wp-content\/uploads\/2021\/06\/furkanakbal.jpg"}],"twitter_card":"summary_large_image","twitter_misc":{"Tahmini okuma s\u00fcresi":"1 dakika"},"schema":{"@context":"https:\/\/schema.org","@graph":[{"@type":"WebPage","@id":"https:\/\/www.nevitaint.com\/tr\/yunus-furkan-akbal\/","url":"https:\/\/www.nevitaint.com\/tr\/yunus-furkan-akbal\/","name":"Y\u00f6netim Kurulu \u00dcyesi, Yunus Furkan Akbal | Nevita \u00ae","isPartOf":{"@id":"https:\/\/www.nevitaint.com\/tr\/#website"},"datePublished":"2021-07-27T17:20:11+00:00","dateModified":"2023-05-30T13:39:16+00:00","description":"Yunus Furkan Akbal, Fuzul Group'un \u00f6nemli markalar\u0131ndan biri olan Nevita \u00ae'da Y\u00f6netim Kurulu \u00dcyesidir. Profili ke\u015ffedin!","breadcrumb":{"@id":"https:\/\/www.nevitaint.com\/tr\/yunus-furkan-akbal\/#breadcrumb"},"inLanguage":"tr","potentialAction":[{"@type":"ReadAction","target":["https:\/\/www.nevitaint.com\/tr\/yunus-furkan-akbal\/"]}]},{"@type":"BreadcrumbList","@id":"https:\/\/www.nevitaint.com\/tr\/yunus-furkan-akbal\/#breadcrumb","itemListElement":[{"@type":"ListItem","position":1,"name":"Homepage","item":"https:\/\/www.nevitaint.com\/tr\/"},{"@type":"ListItem","position":2,"name":"Yunus Furkan Akbal"}]},{"@type":"WebSite","@id":"https:\/\/www.nevitaint.com\/tr\/#website","url":"https:\/\/www.nevitaint.com\/tr\/","name":"Nevita","description":"","publisher":{"@id":"https:\/\/www.nevitaint.com\/tr\/#organization"},"potentialAction":[{"@type":"SearchAction","target":{"@type":"EntryPoint","urlTemplate":"https:\/\/www.nevitaint.com\/tr\/?s={search_term_string}"},"query-input":"required name=search_term_string"}],"inLanguage":"tr"},{"@type":"Organization","@id":"https:\/\/www.nevitaint.com\/tr\/#organization","name":"T\u00fcrkiye\u2019de Sat\u0131l\u0131k Gayrimenkul \u0130lanlar\u0131 | Nevita","url":"https:\/\/www.nevitaint.com\/tr\/","logo":{"@type":"ImageObject","inLanguage":"tr","@id":"https:\/\/www.nevitaint.com\/tr\/#\/schema\/logo\/image\/","url":"https:\/\/www.nevitaint.com\/wp-content\/uploads\/2021\/11\/nevita-logo.jpg","contentUrl":"https:\/\/www.nevitaint.com\/wp-content\/uploads\/2021\/11\/nevita-logo.jpg","width":640,"height":200,"caption":"T\u00fcrkiye\u2019de Sat\u0131l\u0131k Gayrimenkul \u0130lanlar\u0131 | Nevita"},"image":{"@id":"https:\/\/www.nevitaint.com\/tr\/#\/schema\/logo\/image\/"}}]}},"_links":{"self":[{"href":"https:\/\/www.nevitaint.com\/tr\/wp-json\/wp\/v2\/pages\/32822"}],"collection":[{"href":"https:\/\/www.nevitaint.com\/tr\/wp-json\/wp\/v2\/pages"}],"about":[{"href":"https:\/\/www.nevitaint.com\/tr\/wp-json\/wp\/v2\/types\/page"}],"author":[{"embeddable":true,"href":"https:\/\/www.nevitaint.com\/tr\/wp-json\/wp\/v2\/users\/1"}],"replies":[{"embeddable":true,"href":"https:\/\/www.nevitaint.com\/tr\/wp-json\/wp\/v2\/comments?post=32822"}],"version-history":[{"count":1,"href":"https:\/\/www.nevitaint.com\/tr\/wp-json\/wp\/v2\/pages\/32822\/revisions"}],"predecessor-version":[{"id":59449,"href":"https:\/\/www.nevitaint.com\/tr\/wp-json\/wp\/v2\/pages\/32822\/revisions\/59449"}],"wp:attachment":[{"href":"https:\/\/www.nevitaint.com\/tr\/wp-json\/wp\/v2\/media?parent=32822"}],"curies":[{"name":"wp","href":"https:\/\/api.w.org\/{rel}","templated":true}]}}