{"id":36011,"date":"2021-06-15T16:11:11","date_gmt":"2021-06-15T13:11:11","guid":{"rendered":"https:\/\/www.nevitaint.com\/ahmet-kasim-degerli\/"},"modified":"2021-06-15T16:11:11","modified_gmt":"2021-06-15T13:11:11","slug":"ahmet-kasim-degerli","status":"publish","type":"page","link":"https:\/\/www.nevitaint.com\/tr\/ahmet-kasim-degerli\/","title":{"rendered":"Ahmet Kas\u0131m De\u011ferli"},"content":{"rendered":"\n<div class=\"is-layout-flex wp-container-3 wp-block-columns\">\n<div class=\"is-layout-flow wp-block-column\" style=\"flex-basis:33.33%\">\n<figure class=\"wp-block-image size-large\"><img decoding=\"async\" loading=\"lazy\" width=\"360\" height=\"415\" src=\"https:\/\/www.nevitaint.com\/wp-content\/uploads\/2021\/06\/ahmet-kasim.jpg\" alt=\"\" class=\"wp-image-32585\" srcset=\"https:\/\/www.nevitaint.com\/wp-content\/uploads\/2021\/06\/ahmet-kasim.jpg 360w, https:\/\/www.nevitaint.com\/wp-content\/uploads\/2021\/06\/ahmet-kasim-260x300.jpg 260w\" sizes=\"(max-width: 360px) 100vw, 360px\" \/><\/figure>\n<\/div>\n\n\n\n<div class=\"is-layout-flow wp-block-column\" style=\"flex-basis:66.66%\">\n<p>Ahmet Kas\u0131m De\u011ferli graduated from Ca\u011falo\u011flu Anatolian High School. He graduated as a Civil Engineer with a double degree within the International Dual Degree Program from Istanbul Technical University and the State University of New York. He completed his master\u2019s degree in Business Administration at the University of Wales. He received an award for his master\u2019s degree thesis on Online Advertising.<\/p>\n\n\n\n<p>Throughout his career, he has managed all operations during all project stages in \u0130hlas Yap\u0131 company; sales, marketing, after-sales, and then became the Deputy General Manager in charge of Business Development. After \u0130hlas Yap\u0131, he successfully established his own company in 2015. Maven Consulting provides Sales and Marketing consultancy services for 15 projects in 4 countries.<\/p>\n\n\n\n<p>He speaks English and German.<\/p>\n<\/div>\n<\/div>\n","protected":false},"excerpt":{"rendered":"<p>Ahmet Kas\u0131m De\u011ferli graduated from Ca\u011falo\u011flu Anatolian High School. He graduated as a Civil Engineer with a double degree within the International Dual Degree Program from Istanbul Technical University and the State University of New York. He completed his master\u2019s degree in Business Administration at the University of Wales. He received an award for his master\u2019s degree thesis on Online Advertising. Throughout his career, he has managed all operations during all project stages in \u0130hlas Yap\u0131 company; sales, marketing, after-sales, and then became the Deputy General Manager in charge of Business Development. After \u0130hlas Yap\u0131, he successfully established his own [&hellip;]<\/p>\n","protected":false},"author":1,"featured_media":0,"parent":0,"menu_order":44,"comment_status":"closed","ping_status":"closed","template":"","meta":{"inline_featured_image":false},"yoast_head":"<!-- This site is optimized with the Yoast SEO plugin v19.13 - https:\/\/yoast.com\/wordpress\/plugins\/seo\/ -->\n<title>Ahmet Kas\u0131m De\u011ferli | Nevita \u00ae<\/title>\n<meta name=\"description\" content=\"Ahmet Kas\u0131m De\u011ferli graduated from Ca\u011falo\u011flu Anatolian High School. He graduated as a Civil Engineer with a double degree within the International Dual\" \/>\n<meta name=\"robots\" content=\"index, follow, max-snippet:-1, max-image-preview:large, max-video-preview:-1\" \/>\n<link rel=\"canonical\" href=\"https:\/\/www.nevitaint.com\/tr\/ahmet-kasim-degerli\/\" \/>\n<meta property=\"og:locale\" content=\"tr_TR\" \/>\n<meta property=\"og:type\" content=\"article\" \/>\n<meta property=\"og:title\" content=\"Ahmet Kas\u0131m De\u011ferli | Nevita \u00ae\" \/>\n<meta property=\"og:description\" content=\"Ahmet Kas\u0131m De\u011ferli graduated from Ca\u011falo\u011flu Anatolian High School. He graduated as a Civil Engineer with a double degree within the International Dual\" \/>\n<meta property=\"og:url\" content=\"https:\/\/www.nevitaint.com\/tr\/ahmet-kasim-degerli\/\" \/>\n<meta property=\"og:site_name\" content=\"Nevita\" \/>\n<meta property=\"og:image\" content=\"https:\/\/www.nevitaint.com\/wp-content\/uploads\/2021\/06\/ahmet-kasim.jpg\" \/>\n<meta name=\"twitter:card\" content=\"summary_large_image\" \/>\n<meta name=\"twitter:label1\" content=\"Tahmini okuma s\u00fcresi\" \/>\n\t<meta name=\"twitter:data1\" content=\"1 dakika\" \/>\n<script type=\"application\/ld+json\" class=\"yoast-schema-graph\">{\"@context\":\"https:\/\/schema.org\",\"@graph\":[{\"@type\":\"WebPage\",\"@id\":\"https:\/\/www.nevitaint.com\/tr\/ahmet-kasim-degerli\/\",\"url\":\"https:\/\/www.nevitaint.com\/tr\/ahmet-kasim-degerli\/\",\"name\":\"Ahmet Kas\u0131m De\u011ferli | Nevita \u00ae\",\"isPartOf\":{\"@id\":\"https:\/\/www.nevitaint.com\/tr\/#website\"},\"datePublished\":\"2021-06-15T13:11:11+00:00\",\"dateModified\":\"2021-06-15T13:11:11+00:00\",\"description\":\"Ahmet Kas\u0131m De\u011ferli graduated from Ca\u011falo\u011flu Anatolian High School. He graduated as a Civil Engineer with a double degree within the International Dual\",\"breadcrumb\":{\"@id\":\"https:\/\/www.nevitaint.com\/tr\/ahmet-kasim-degerli\/#breadcrumb\"},\"inLanguage\":\"tr\",\"potentialAction\":[{\"@type\":\"ReadAction\",\"target\":[\"https:\/\/www.nevitaint.com\/tr\/ahmet-kasim-degerli\/\"]}]},{\"@type\":\"BreadcrumbList\",\"@id\":\"https:\/\/www.nevitaint.com\/tr\/ahmet-kasim-degerli\/#breadcrumb\",\"itemListElement\":[{\"@type\":\"ListItem\",\"position\":1,\"name\":\"Homepage\",\"item\":\"https:\/\/www.nevitaint.com\/tr\/\"},{\"@type\":\"ListItem\",\"position\":2,\"name\":\"Ahmet Kas\u0131m De\u011ferli\"}]},{\"@type\":\"WebSite\",\"@id\":\"https:\/\/www.nevitaint.com\/tr\/#website\",\"url\":\"https:\/\/www.nevitaint.com\/tr\/\",\"name\":\"Nevita\",\"description\":\"\",\"publisher\":{\"@id\":\"https:\/\/www.nevitaint.com\/tr\/#organization\"},\"potentialAction\":[{\"@type\":\"SearchAction\",\"target\":{\"@type\":\"EntryPoint\",\"urlTemplate\":\"https:\/\/www.nevitaint.com\/tr\/?s={search_term_string}\"},\"query-input\":\"required name=search_term_string\"}],\"inLanguage\":\"tr\"},{\"@type\":\"Organization\",\"@id\":\"https:\/\/www.nevitaint.com\/tr\/#organization\",\"name\":\"T\u00fcrkiye\u2019de Sat\u0131l\u0131k Gayrimenkul \u0130lanlar\u0131 | Nevita\",\"url\":\"https:\/\/www.nevitaint.com\/tr\/\",\"logo\":{\"@type\":\"ImageObject\",\"inLanguage\":\"tr\",\"@id\":\"https:\/\/www.nevitaint.com\/tr\/#\/schema\/logo\/image\/\",\"url\":\"https:\/\/www.nevitaint.com\/wp-content\/uploads\/2021\/11\/nevita-logo.jpg\",\"contentUrl\":\"https:\/\/www.nevitaint.com\/wp-content\/uploads\/2021\/11\/nevita-logo.jpg\",\"width\":640,\"height\":200,\"caption\":\"T\u00fcrkiye\u2019de Sat\u0131l\u0131k Gayrimenkul \u0130lanlar\u0131 | Nevita\"},\"image\":{\"@id\":\"https:\/\/www.nevitaint.com\/tr\/#\/schema\/logo\/image\/\"}}]}<\/script>\n<!-- \/ Yoast SEO plugin. -->","yoast_head_json":{"title":"Ahmet Kas\u0131m De\u011ferli | Nevita \u00ae","description":"Ahmet Kas\u0131m De\u011ferli graduated from Ca\u011falo\u011flu Anatolian High School. He graduated as a Civil Engineer with a double degree within the International Dual","robots":{"index":"index","follow":"follow","max-snippet":"max-snippet:-1","max-image-preview":"max-image-preview:large","max-video-preview":"max-video-preview:-1"},"canonical":"https:\/\/www.nevitaint.com\/tr\/ahmet-kasim-degerli\/","og_locale":"tr_TR","og_type":"article","og_title":"Ahmet Kas\u0131m De\u011ferli | Nevita \u00ae","og_description":"Ahmet Kas\u0131m De\u011ferli graduated from Ca\u011falo\u011flu Anatolian High School. He graduated as a Civil Engineer with a double degree within the International Dual","og_url":"https:\/\/www.nevitaint.com\/tr\/ahmet-kasim-degerli\/","og_site_name":"Nevita","og_image":[{"url":"https:\/\/www.nevitaint.com\/wp-content\/uploads\/2021\/06\/ahmet-kasim.jpg"}],"twitter_card":"summary_large_image","twitter_misc":{"Tahmini okuma s\u00fcresi":"1 dakika"},"schema":{"@context":"https:\/\/schema.org","@graph":[{"@type":"WebPage","@id":"https:\/\/www.nevitaint.com\/tr\/ahmet-kasim-degerli\/","url":"https:\/\/www.nevitaint.com\/tr\/ahmet-kasim-degerli\/","name":"Ahmet Kas\u0131m De\u011ferli | Nevita \u00ae","isPartOf":{"@id":"https:\/\/www.nevitaint.com\/tr\/#website"},"datePublished":"2021-06-15T13:11:11+00:00","dateModified":"2021-06-15T13:11:11+00:00","description":"Ahmet Kas\u0131m De\u011ferli graduated from Ca\u011falo\u011flu Anatolian High School. He graduated as a Civil Engineer with a double degree within the International Dual","breadcrumb":{"@id":"https:\/\/www.nevitaint.com\/tr\/ahmet-kasim-degerli\/#breadcrumb"},"inLanguage":"tr","potentialAction":[{"@type":"ReadAction","target":["https:\/\/www.nevitaint.com\/tr\/ahmet-kasim-degerli\/"]}]},{"@type":"BreadcrumbList","@id":"https:\/\/www.nevitaint.com\/tr\/ahmet-kasim-degerli\/#breadcrumb","itemListElement":[{"@type":"ListItem","position":1,"name":"Homepage","item":"https:\/\/www.nevitaint.com\/tr\/"},{"@type":"ListItem","position":2,"name":"Ahmet Kas\u0131m De\u011ferli"}]},{"@type":"WebSite","@id":"https:\/\/www.nevitaint.com\/tr\/#website","url":"https:\/\/www.nevitaint.com\/tr\/","name":"Nevita","description":"","publisher":{"@id":"https:\/\/www.nevitaint.com\/tr\/#organization"},"potentialAction":[{"@type":"SearchAction","target":{"@type":"EntryPoint","urlTemplate":"https:\/\/www.nevitaint.com\/tr\/?s={search_term_string}"},"query-input":"required name=search_term_string"}],"inLanguage":"tr"},{"@type":"Organization","@id":"https:\/\/www.nevitaint.com\/tr\/#organization","name":"T\u00fcrkiye\u2019de Sat\u0131l\u0131k Gayrimenkul \u0130lanlar\u0131 | Nevita","url":"https:\/\/www.nevitaint.com\/tr\/","logo":{"@type":"ImageObject","inLanguage":"tr","@id":"https:\/\/www.nevitaint.com\/tr\/#\/schema\/logo\/image\/","url":"https:\/\/www.nevitaint.com\/wp-content\/uploads\/2021\/11\/nevita-logo.jpg","contentUrl":"https:\/\/www.nevitaint.com\/wp-content\/uploads\/2021\/11\/nevita-logo.jpg","width":640,"height":200,"caption":"T\u00fcrkiye\u2019de Sat\u0131l\u0131k Gayrimenkul \u0130lanlar\u0131 | Nevita"},"image":{"@id":"https:\/\/www.nevitaint.com\/tr\/#\/schema\/logo\/image\/"}}]}},"_links":{"self":[{"href":"https:\/\/www.nevitaint.com\/tr\/wp-json\/wp\/v2\/pages\/36011"}],"collection":[{"href":"https:\/\/www.nevitaint.com\/tr\/wp-json\/wp\/v2\/pages"}],"about":[{"href":"https:\/\/www.nevitaint.com\/tr\/wp-json\/wp\/v2\/types\/page"}],"author":[{"embeddable":true,"href":"https:\/\/www.nevitaint.com\/tr\/wp-json\/wp\/v2\/users\/1"}],"replies":[{"embeddable":true,"href":"https:\/\/www.nevitaint.com\/tr\/wp-json\/wp\/v2\/comments?post=36011"}],"version-history":[{"count":0,"href":"https:\/\/www.nevitaint.com\/tr\/wp-json\/wp\/v2\/pages\/36011\/revisions"}],"wp:attachment":[{"href":"https:\/\/www.nevitaint.com\/tr\/wp-json\/wp\/v2\/media?parent=36011"}],"curies":[{"name":"wp","href":"https:\/\/api.w.org\/{rel}","templated":true}]}}