{"id":36015,"date":"2021-06-15T16:20:39","date_gmt":"2021-06-15T13:20:39","guid":{"rendered":"https:\/\/www.nevitaint.com\/nese-beyatli\/"},"modified":"2021-12-15T15:26:59","modified_gmt":"2021-12-15T12:26:59","slug":"nese-beyatli-aydiner","status":"publish","type":"page","link":"https:\/\/www.nevitaint.com\/tr\/nese-beyatli-aydiner\/","title":{"rendered":"Ne\u015fe Beyatl\u0131 Ayd\u0131ner"},"content":{"rendered":"\n<div class=\"is-layout-flex wp-container-3 wp-block-columns\">\n<div class=\"is-layout-flow wp-block-column\" style=\"flex-basis:33.33%\">\n<figure class=\"wp-block-image size-large\"><img decoding=\"async\" loading=\"lazy\" width=\"360\" height=\"415\" src=\"https:\/\/www.nevitaint.com\/wp-content\/uploads\/2021\/06\/nesebayatli.jpg\" alt=\"\" class=\"wp-image-32588\" srcset=\"https:\/\/www.nevitaint.com\/wp-content\/uploads\/2021\/06\/nesebayatli.jpg 360w, https:\/\/www.nevitaint.com\/wp-content\/uploads\/2021\/06\/nesebayatli-260x300.jpg 260w\" sizes=\"(max-width: 360px) 100vw, 360px\" \/><\/figure>\n<\/div>\n\n\n\n<div class=\"is-layout-flow wp-block-column\" style=\"flex-basis:66.66%\">\n<p>After studying Economics at Marmara University and Business Administration at Anadolu University, Ne\u015fe Beyatl\u0131 Ayd\u0131ner, who started her professional management career with S\u00fczer Holding, continued her career with Emlak Yap\u0131 A.\u015e and DTZ Pamir &amp; Soyuer.<\/p>\n\n\n\n<p>After ending her professional management career with Nurol Holding in 2003, Beyatl\u0131 Ayd\u0131ner continued her career as the founding partner of IMC Marketing and Consultancy. With her sector experience exceeding 35 years she served as a professional manager and consultant in many groups and projects regarding real estate product development, marketing, and sales process management.<\/p>\n\n\n\n<p>Ataklar Group, Avrupa \u0130n\u015faat, By Oktay \u00d6z \u0130n\u015faat, Demirland, Enelka &amp; Elektrim, Fuzul Yap\u0131, G\u00fcneri \u015eehircilik, Kuzu Group, Mart\u0131 GYO, Saray Aluminum, Semerkand Yap\u0131, Tema \u0130stanbul Partnership, Seha Yap\u0131 and Yenig\u00fcn \u0130n\u015faat are among the groups that she provided consultancy services for. She provided restructuring, active and passive sales process management and after-sales consultancy services in the important real estate projects of the groups.<\/p>\n<\/div>\n<\/div>\n","protected":false},"excerpt":{"rendered":"<p>After studying Economics at Marmara University and Business Administration at Anadolu University, Ne\u015fe Beyatl\u0131 Ayd\u0131ner, who started her professional management career with S\u00fczer Holding, continued her career with Emlak Yap\u0131 A.\u015e and DTZ Pamir &amp; Soyuer. After ending her professional management career with Nurol Holding in 2003, Beyatl\u0131 Ayd\u0131ner continued her career as the founding partner of IMC Marketing and Consultancy. With her sector experience exceeding 35 years she served as a professional manager and consultant in many groups and projects regarding real estate product development, marketing, and sales process management. Ataklar Group, Avrupa \u0130n\u015faat, By Oktay \u00d6z \u0130n\u015faat, Demirland, [&hellip;]<\/p>\n","protected":false},"author":1,"featured_media":0,"parent":0,"menu_order":7,"comment_status":"closed","ping_status":"closed","template":"","meta":{"inline_featured_image":false},"yoast_head":"<!-- This site is optimized with the Yoast SEO plugin v19.13 - https:\/\/yoast.com\/wordpress\/plugins\/seo\/ -->\n<title>Ne\u015fe Beyatl\u0131 Ayd\u0131ner | Nevita \u00ae<\/title>\n<meta name=\"description\" content=\"After studying Economics at Marmara University and Business Administration at Anadolu University, Ne\u015fe Beyatl\u0131 Ayd\u0131ner, who started her professional\" \/>\n<meta name=\"robots\" content=\"index, follow, max-snippet:-1, max-image-preview:large, max-video-preview:-1\" \/>\n<link rel=\"canonical\" href=\"https:\/\/www.nevitaint.com\/tr\/nese-beyatli-aydiner\/\" \/>\n<meta property=\"og:locale\" content=\"tr_TR\" \/>\n<meta property=\"og:type\" content=\"article\" \/>\n<meta property=\"og:title\" content=\"Ne\u015fe Beyatl\u0131 Ayd\u0131ner | Nevita \u00ae\" \/>\n<meta property=\"og:description\" content=\"After studying Economics at Marmara University and Business Administration at Anadolu University, Ne\u015fe Beyatl\u0131 Ayd\u0131ner, who started her professional\" \/>\n<meta property=\"og:url\" content=\"https:\/\/www.nevitaint.com\/tr\/nese-beyatli-aydiner\/\" \/>\n<meta property=\"og:site_name\" content=\"Nevita\" \/>\n<meta property=\"article:modified_time\" content=\"2021-12-15T12:26:59+00:00\" \/>\n<meta property=\"og:image\" content=\"https:\/\/www.nevitaint.com\/wp-content\/uploads\/2021\/06\/nesebayatli.jpg\" \/>\n<meta name=\"twitter:card\" content=\"summary_large_image\" \/>\n<meta name=\"twitter:label1\" content=\"Tahmini okuma s\u00fcresi\" \/>\n\t<meta name=\"twitter:data1\" content=\"1 dakika\" \/>\n<script type=\"application\/ld+json\" class=\"yoast-schema-graph\">{\"@context\":\"https:\/\/schema.org\",\"@graph\":[{\"@type\":\"WebPage\",\"@id\":\"https:\/\/www.nevitaint.com\/tr\/nese-beyatli-aydiner\/\",\"url\":\"https:\/\/www.nevitaint.com\/tr\/nese-beyatli-aydiner\/\",\"name\":\"Ne\u015fe Beyatl\u0131 Ayd\u0131ner | Nevita \u00ae\",\"isPartOf\":{\"@id\":\"https:\/\/www.nevitaint.com\/tr\/#website\"},\"datePublished\":\"2021-06-15T13:20:39+00:00\",\"dateModified\":\"2021-12-15T12:26:59+00:00\",\"description\":\"After studying Economics at Marmara University and Business Administration at Anadolu University, Ne\u015fe Beyatl\u0131 Ayd\u0131ner, who started her professional\",\"breadcrumb\":{\"@id\":\"https:\/\/www.nevitaint.com\/tr\/nese-beyatli-aydiner\/#breadcrumb\"},\"inLanguage\":\"tr\",\"potentialAction\":[{\"@type\":\"ReadAction\",\"target\":[\"https:\/\/www.nevitaint.com\/tr\/nese-beyatli-aydiner\/\"]}]},{\"@type\":\"BreadcrumbList\",\"@id\":\"https:\/\/www.nevitaint.com\/tr\/nese-beyatli-aydiner\/#breadcrumb\",\"itemListElement\":[{\"@type\":\"ListItem\",\"position\":1,\"name\":\"Homepage\",\"item\":\"https:\/\/www.nevitaint.com\/tr\/\"},{\"@type\":\"ListItem\",\"position\":2,\"name\":\"Ne\u015fe Beyatl\u0131 Ayd\u0131ner\"}]},{\"@type\":\"WebSite\",\"@id\":\"https:\/\/www.nevitaint.com\/tr\/#website\",\"url\":\"https:\/\/www.nevitaint.com\/tr\/\",\"name\":\"Nevita\",\"description\":\"\",\"publisher\":{\"@id\":\"https:\/\/www.nevitaint.com\/tr\/#organization\"},\"potentialAction\":[{\"@type\":\"SearchAction\",\"target\":{\"@type\":\"EntryPoint\",\"urlTemplate\":\"https:\/\/www.nevitaint.com\/tr\/?s={search_term_string}\"},\"query-input\":\"required name=search_term_string\"}],\"inLanguage\":\"tr\"},{\"@type\":\"Organization\",\"@id\":\"https:\/\/www.nevitaint.com\/tr\/#organization\",\"name\":\"T\u00fcrkiye\u2019de Sat\u0131l\u0131k Gayrimenkul \u0130lanlar\u0131 | Nevita\",\"url\":\"https:\/\/www.nevitaint.com\/tr\/\",\"logo\":{\"@type\":\"ImageObject\",\"inLanguage\":\"tr\",\"@id\":\"https:\/\/www.nevitaint.com\/tr\/#\/schema\/logo\/image\/\",\"url\":\"https:\/\/www.nevitaint.com\/wp-content\/uploads\/2021\/11\/nevita-logo.jpg\",\"contentUrl\":\"https:\/\/www.nevitaint.com\/wp-content\/uploads\/2021\/11\/nevita-logo.jpg\",\"width\":640,\"height\":200,\"caption\":\"T\u00fcrkiye\u2019de Sat\u0131l\u0131k Gayrimenkul \u0130lanlar\u0131 | Nevita\"},\"image\":{\"@id\":\"https:\/\/www.nevitaint.com\/tr\/#\/schema\/logo\/image\/\"}}]}<\/script>\n<!-- \/ Yoast SEO plugin. -->","yoast_head_json":{"title":"Ne\u015fe Beyatl\u0131 Ayd\u0131ner | Nevita \u00ae","description":"After studying Economics at Marmara University and Business Administration at Anadolu University, Ne\u015fe Beyatl\u0131 Ayd\u0131ner, who started her professional","robots":{"index":"index","follow":"follow","max-snippet":"max-snippet:-1","max-image-preview":"max-image-preview:large","max-video-preview":"max-video-preview:-1"},"canonical":"https:\/\/www.nevitaint.com\/tr\/nese-beyatli-aydiner\/","og_locale":"tr_TR","og_type":"article","og_title":"Ne\u015fe Beyatl\u0131 Ayd\u0131ner | Nevita \u00ae","og_description":"After studying Economics at Marmara University and Business Administration at Anadolu University, Ne\u015fe Beyatl\u0131 Ayd\u0131ner, who started her professional","og_url":"https:\/\/www.nevitaint.com\/tr\/nese-beyatli-aydiner\/","og_site_name":"Nevita","article_modified_time":"2021-12-15T12:26:59+00:00","og_image":[{"url":"https:\/\/www.nevitaint.com\/wp-content\/uploads\/2021\/06\/nesebayatli.jpg"}],"twitter_card":"summary_large_image","twitter_misc":{"Tahmini okuma s\u00fcresi":"1 dakika"},"schema":{"@context":"https:\/\/schema.org","@graph":[{"@type":"WebPage","@id":"https:\/\/www.nevitaint.com\/tr\/nese-beyatli-aydiner\/","url":"https:\/\/www.nevitaint.com\/tr\/nese-beyatli-aydiner\/","name":"Ne\u015fe Beyatl\u0131 Ayd\u0131ner | Nevita \u00ae","isPartOf":{"@id":"https:\/\/www.nevitaint.com\/tr\/#website"},"datePublished":"2021-06-15T13:20:39+00:00","dateModified":"2021-12-15T12:26:59+00:00","description":"After studying Economics at Marmara University and Business Administration at Anadolu University, Ne\u015fe Beyatl\u0131 Ayd\u0131ner, who started her professional","breadcrumb":{"@id":"https:\/\/www.nevitaint.com\/tr\/nese-beyatli-aydiner\/#breadcrumb"},"inLanguage":"tr","potentialAction":[{"@type":"ReadAction","target":["https:\/\/www.nevitaint.com\/tr\/nese-beyatli-aydiner\/"]}]},{"@type":"BreadcrumbList","@id":"https:\/\/www.nevitaint.com\/tr\/nese-beyatli-aydiner\/#breadcrumb","itemListElement":[{"@type":"ListItem","position":1,"name":"Homepage","item":"https:\/\/www.nevitaint.com\/tr\/"},{"@type":"ListItem","position":2,"name":"Ne\u015fe Beyatl\u0131 Ayd\u0131ner"}]},{"@type":"WebSite","@id":"https:\/\/www.nevitaint.com\/tr\/#website","url":"https:\/\/www.nevitaint.com\/tr\/","name":"Nevita","description":"","publisher":{"@id":"https:\/\/www.nevitaint.com\/tr\/#organization"},"potentialAction":[{"@type":"SearchAction","target":{"@type":"EntryPoint","urlTemplate":"https:\/\/www.nevitaint.com\/tr\/?s={search_term_string}"},"query-input":"required name=search_term_string"}],"inLanguage":"tr"},{"@type":"Organization","@id":"https:\/\/www.nevitaint.com\/tr\/#organization","name":"T\u00fcrkiye\u2019de Sat\u0131l\u0131k Gayrimenkul \u0130lanlar\u0131 | Nevita","url":"https:\/\/www.nevitaint.com\/tr\/","logo":{"@type":"ImageObject","inLanguage":"tr","@id":"https:\/\/www.nevitaint.com\/tr\/#\/schema\/logo\/image\/","url":"https:\/\/www.nevitaint.com\/wp-content\/uploads\/2021\/11\/nevita-logo.jpg","contentUrl":"https:\/\/www.nevitaint.com\/wp-content\/uploads\/2021\/11\/nevita-logo.jpg","width":640,"height":200,"caption":"T\u00fcrkiye\u2019de Sat\u0131l\u0131k Gayrimenkul \u0130lanlar\u0131 | Nevita"},"image":{"@id":"https:\/\/www.nevitaint.com\/tr\/#\/schema\/logo\/image\/"}}]}},"_links":{"self":[{"href":"https:\/\/www.nevitaint.com\/tr\/wp-json\/wp\/v2\/pages\/36015"}],"collection":[{"href":"https:\/\/www.nevitaint.com\/tr\/wp-json\/wp\/v2\/pages"}],"about":[{"href":"https:\/\/www.nevitaint.com\/tr\/wp-json\/wp\/v2\/types\/page"}],"author":[{"embeddable":true,"href":"https:\/\/www.nevitaint.com\/tr\/wp-json\/wp\/v2\/users\/1"}],"replies":[{"embeddable":true,"href":"https:\/\/www.nevitaint.com\/tr\/wp-json\/wp\/v2\/comments?post=36015"}],"version-history":[{"count":1,"href":"https:\/\/www.nevitaint.com\/tr\/wp-json\/wp\/v2\/pages\/36015\/revisions"}],"predecessor-version":[{"id":40816,"href":"https:\/\/www.nevitaint.com\/tr\/wp-json\/wp\/v2\/pages\/36015\/revisions\/40816"}],"wp:attachment":[{"href":"https:\/\/www.nevitaint.com\/tr\/wp-json\/wp\/v2\/media?parent=36015"}],"curies":[{"name":"wp","href":"https:\/\/api.w.org\/{rel}","templated":true}]}}