{"id":36082,"date":"2021-06-15T16:19:04","date_gmt":"2021-06-15T13:19:04","guid":{"rendered":"https:\/\/www.nevitaint.com\/mais-mshallah\/"},"modified":"2021-06-15T16:19:04","modified_gmt":"2021-06-15T13:19:04","slug":"mais-mshallah","status":"publish","type":"page","link":"https:\/\/www.nevitaint.com\/tr\/mais-mshallah\/","title":{"rendered":"Mais Mshallah"},"content":{"rendered":"\n<div class=\"is-layout-flex wp-container-3 wp-block-columns\">\n<div class=\"is-layout-flow wp-block-column\" style=\"flex-basis:33.33%\">\n<figure class=\"wp-block-image size-large\"><img decoding=\"async\" loading=\"lazy\" width=\"360\" height=\"415\" src=\"https:\/\/www.nevitaint.com\/wp-content\/uploads\/2021\/06\/mais.png\" alt=\"\" class=\"wp-image-32558\" srcset=\"https:\/\/www.nevitaint.com\/wp-content\/uploads\/2021\/06\/mais.png 360w, https:\/\/www.nevitaint.com\/wp-content\/uploads\/2021\/06\/mais-260x300.png 260w\" sizes=\"(max-width: 360px) 100vw, 360px\" \/><\/figure>\n<\/div>\n\n\n\n<div class=\"is-layout-flow wp-block-column\" style=\"flex-basis:66.66%\">\n<p>Mais Mshalah is an experienced Sales Director with a demonstrated history of working in the construction companies and Real Estate sector. She has more than 12 years of experience in Sales, customer service and support with recognized strengths in deal closing, problem-solving and trouble-shooting, sales staff support, and planning\/implementing proactive procedures and systems and is<\/p>\n\n\n\n<p>skilled in strategy development, change management, negotiation, business planning, sales management, and marketing management.<\/p>\n\n\n\n<p>In 2015 Mais Mshalah joined Nevita and during the next 2 years she developed and executed strategies for increasing corporate sales, and she participated in developing and executing targeted marketing campaigns to increase the market share. Her analysis skills helped in identifying key data to aid in market research. She is well known for her ability to solve problems in high-stress situations and generate creative solutions.<\/p>\n<\/div>\n<\/div>\n","protected":false},"excerpt":{"rendered":"<p>Mais Mshalah is an experienced Sales Director with a demonstrated history of working in the construction companies and Real Estate sector. She has more than 12 years of experience in Sales, customer service and support with recognized strengths in deal closing, problem-solving and trouble-shooting, sales staff support, and planning\/implementing proactive procedures and systems and is skilled in strategy development, change management, negotiation, business planning, sales management, and marketing management. In 2015 Mais Mshalah joined Nevita and during the next 2 years she developed and executed strategies for increasing corporate sales, and she participated in developing and executing targeted marketing campaigns [&hellip;]<\/p>\n","protected":false},"author":1,"featured_media":0,"parent":0,"menu_order":8,"comment_status":"closed","ping_status":"closed","template":"","meta":{"inline_featured_image":false},"yoast_head":"<!-- This site is optimized with the Yoast SEO plugin v19.13 - https:\/\/yoast.com\/wordpress\/plugins\/seo\/ -->\n<title>Director of Portfolio, Mais Mshallah | Nevita \u00ae<\/title>\n<meta name=\"description\" content=\"Mais Mshallah is the Director of Portfolio at Nevita \u00ae, one of the major brands of Fuzul Group. Explore her profile!\" \/>\n<meta name=\"robots\" content=\"index, follow, max-snippet:-1, max-image-preview:large, max-video-preview:-1\" \/>\n<link rel=\"canonical\" href=\"https:\/\/www.nevitaint.com\/tr\/mais-mshallah\/\" \/>\n<meta property=\"og:locale\" content=\"tr_TR\" \/>\n<meta property=\"og:type\" content=\"article\" \/>\n<meta property=\"og:title\" content=\"Director of Portfolio, Mais Mshallah | Nevita \u00ae\" \/>\n<meta property=\"og:description\" content=\"Mais Mshallah is the Director of Portfolio at Nevita \u00ae, one of the major brands of Fuzul Group. Explore her profile!\" \/>\n<meta property=\"og:url\" content=\"https:\/\/www.nevitaint.com\/tr\/mais-mshallah\/\" \/>\n<meta property=\"og:site_name\" content=\"Nevita\" \/>\n<meta property=\"og:image\" content=\"https:\/\/www.nevitaint.com\/wp-content\/uploads\/2021\/06\/mais.png\" \/>\n<meta name=\"twitter:card\" content=\"summary_large_image\" \/>\n<meta name=\"twitter:label1\" content=\"Tahmini okuma s\u00fcresi\" \/>\n\t<meta name=\"twitter:data1\" content=\"1 dakika\" \/>\n<script type=\"application\/ld+json\" class=\"yoast-schema-graph\">{\"@context\":\"https:\/\/schema.org\",\"@graph\":[{\"@type\":\"WebPage\",\"@id\":\"https:\/\/www.nevitaint.com\/tr\/mais-mshallah\/\",\"url\":\"https:\/\/www.nevitaint.com\/tr\/mais-mshallah\/\",\"name\":\"Director of Portfolio, Mais Mshallah | Nevita \u00ae\",\"isPartOf\":{\"@id\":\"https:\/\/www.nevitaint.com\/tr\/#website\"},\"datePublished\":\"2021-06-15T13:19:04+00:00\",\"dateModified\":\"2021-06-15T13:19:04+00:00\",\"description\":\"Mais Mshallah is the Director of Portfolio at Nevita \u00ae, one of the major brands of Fuzul Group. Explore her profile!\",\"breadcrumb\":{\"@id\":\"https:\/\/www.nevitaint.com\/tr\/mais-mshallah\/#breadcrumb\"},\"inLanguage\":\"tr\",\"potentialAction\":[{\"@type\":\"ReadAction\",\"target\":[\"https:\/\/www.nevitaint.com\/tr\/mais-mshallah\/\"]}]},{\"@type\":\"BreadcrumbList\",\"@id\":\"https:\/\/www.nevitaint.com\/tr\/mais-mshallah\/#breadcrumb\",\"itemListElement\":[{\"@type\":\"ListItem\",\"position\":1,\"name\":\"Homepage\",\"item\":\"https:\/\/www.nevitaint.com\/tr\/\"},{\"@type\":\"ListItem\",\"position\":2,\"name\":\"Mais Mshallah\"}]},{\"@type\":\"WebSite\",\"@id\":\"https:\/\/www.nevitaint.com\/tr\/#website\",\"url\":\"https:\/\/www.nevitaint.com\/tr\/\",\"name\":\"Nevita\",\"description\":\"\",\"publisher\":{\"@id\":\"https:\/\/www.nevitaint.com\/tr\/#organization\"},\"potentialAction\":[{\"@type\":\"SearchAction\",\"target\":{\"@type\":\"EntryPoint\",\"urlTemplate\":\"https:\/\/www.nevitaint.com\/tr\/?s={search_term_string}\"},\"query-input\":\"required name=search_term_string\"}],\"inLanguage\":\"tr\"},{\"@type\":\"Organization\",\"@id\":\"https:\/\/www.nevitaint.com\/tr\/#organization\",\"name\":\"T\u00fcrkiye\u2019de Sat\u0131l\u0131k Gayrimenkul \u0130lanlar\u0131 | Nevita\",\"url\":\"https:\/\/www.nevitaint.com\/tr\/\",\"logo\":{\"@type\":\"ImageObject\",\"inLanguage\":\"tr\",\"@id\":\"https:\/\/www.nevitaint.com\/tr\/#\/schema\/logo\/image\/\",\"url\":\"https:\/\/www.nevitaint.com\/wp-content\/uploads\/2021\/11\/nevita-logo.jpg\",\"contentUrl\":\"https:\/\/www.nevitaint.com\/wp-content\/uploads\/2021\/11\/nevita-logo.jpg\",\"width\":640,\"height\":200,\"caption\":\"T\u00fcrkiye\u2019de Sat\u0131l\u0131k Gayrimenkul \u0130lanlar\u0131 | Nevita\"},\"image\":{\"@id\":\"https:\/\/www.nevitaint.com\/tr\/#\/schema\/logo\/image\/\"}}]}<\/script>\n<!-- \/ Yoast SEO plugin. -->","yoast_head_json":{"title":"Director of Portfolio, Mais Mshallah | Nevita \u00ae","description":"Mais Mshallah is the Director of Portfolio at Nevita \u00ae, one of the major brands of Fuzul Group. Explore her profile!","robots":{"index":"index","follow":"follow","max-snippet":"max-snippet:-1","max-image-preview":"max-image-preview:large","max-video-preview":"max-video-preview:-1"},"canonical":"https:\/\/www.nevitaint.com\/tr\/mais-mshallah\/","og_locale":"tr_TR","og_type":"article","og_title":"Director of Portfolio, Mais Mshallah | Nevita \u00ae","og_description":"Mais Mshallah is the Director of Portfolio at Nevita \u00ae, one of the major brands of Fuzul Group. Explore her profile!","og_url":"https:\/\/www.nevitaint.com\/tr\/mais-mshallah\/","og_site_name":"Nevita","og_image":[{"url":"https:\/\/www.nevitaint.com\/wp-content\/uploads\/2021\/06\/mais.png"}],"twitter_card":"summary_large_image","twitter_misc":{"Tahmini okuma s\u00fcresi":"1 dakika"},"schema":{"@context":"https:\/\/schema.org","@graph":[{"@type":"WebPage","@id":"https:\/\/www.nevitaint.com\/tr\/mais-mshallah\/","url":"https:\/\/www.nevitaint.com\/tr\/mais-mshallah\/","name":"Director of Portfolio, Mais Mshallah | Nevita \u00ae","isPartOf":{"@id":"https:\/\/www.nevitaint.com\/tr\/#website"},"datePublished":"2021-06-15T13:19:04+00:00","dateModified":"2021-06-15T13:19:04+00:00","description":"Mais Mshallah is the Director of Portfolio at Nevita \u00ae, one of the major brands of Fuzul Group. Explore her profile!","breadcrumb":{"@id":"https:\/\/www.nevitaint.com\/tr\/mais-mshallah\/#breadcrumb"},"inLanguage":"tr","potentialAction":[{"@type":"ReadAction","target":["https:\/\/www.nevitaint.com\/tr\/mais-mshallah\/"]}]},{"@type":"BreadcrumbList","@id":"https:\/\/www.nevitaint.com\/tr\/mais-mshallah\/#breadcrumb","itemListElement":[{"@type":"ListItem","position":1,"name":"Homepage","item":"https:\/\/www.nevitaint.com\/tr\/"},{"@type":"ListItem","position":2,"name":"Mais Mshallah"}]},{"@type":"WebSite","@id":"https:\/\/www.nevitaint.com\/tr\/#website","url":"https:\/\/www.nevitaint.com\/tr\/","name":"Nevita","description":"","publisher":{"@id":"https:\/\/www.nevitaint.com\/tr\/#organization"},"potentialAction":[{"@type":"SearchAction","target":{"@type":"EntryPoint","urlTemplate":"https:\/\/www.nevitaint.com\/tr\/?s={search_term_string}"},"query-input":"required name=search_term_string"}],"inLanguage":"tr"},{"@type":"Organization","@id":"https:\/\/www.nevitaint.com\/tr\/#organization","name":"T\u00fcrkiye\u2019de Sat\u0131l\u0131k Gayrimenkul \u0130lanlar\u0131 | Nevita","url":"https:\/\/www.nevitaint.com\/tr\/","logo":{"@type":"ImageObject","inLanguage":"tr","@id":"https:\/\/www.nevitaint.com\/tr\/#\/schema\/logo\/image\/","url":"https:\/\/www.nevitaint.com\/wp-content\/uploads\/2021\/11\/nevita-logo.jpg","contentUrl":"https:\/\/www.nevitaint.com\/wp-content\/uploads\/2021\/11\/nevita-logo.jpg","width":640,"height":200,"caption":"T\u00fcrkiye\u2019de Sat\u0131l\u0131k Gayrimenkul \u0130lanlar\u0131 | Nevita"},"image":{"@id":"https:\/\/www.nevitaint.com\/tr\/#\/schema\/logo\/image\/"}}]}},"_links":{"self":[{"href":"https:\/\/www.nevitaint.com\/tr\/wp-json\/wp\/v2\/pages\/36082"}],"collection":[{"href":"https:\/\/www.nevitaint.com\/tr\/wp-json\/wp\/v2\/pages"}],"about":[{"href":"https:\/\/www.nevitaint.com\/tr\/wp-json\/wp\/v2\/types\/page"}],"author":[{"embeddable":true,"href":"https:\/\/www.nevitaint.com\/tr\/wp-json\/wp\/v2\/users\/1"}],"replies":[{"embeddable":true,"href":"https:\/\/www.nevitaint.com\/tr\/wp-json\/wp\/v2\/comments?post=36082"}],"version-history":[{"count":0,"href":"https:\/\/www.nevitaint.com\/tr\/wp-json\/wp\/v2\/pages\/36082\/revisions"}],"wp:attachment":[{"href":"https:\/\/www.nevitaint.com\/tr\/wp-json\/wp\/v2\/media?parent=36082"}],"curies":[{"name":"wp","href":"https:\/\/api.w.org\/{rel}","templated":true}]}}