{"id":36084,"date":"2021-06-15T16:18:33","date_gmt":"2021-06-15T13:18:33","guid":{"rendered":"https:\/\/www.nevitaint.com\/levent-karakis\/"},"modified":"2021-06-15T16:18:33","modified_gmt":"2021-06-15T13:18:33","slug":"levent-karakis","status":"publish","type":"page","link":"https:\/\/www.nevitaint.com\/tr\/levent-karakis\/","title":{"rendered":"Levent Karak\u0131\u015f"},"content":{"rendered":"\n<div class=\"is-layout-flex wp-container-3 wp-block-columns\">\n<div class=\"is-layout-flow wp-block-column\" style=\"flex-basis:33.33%\">\n<figure class=\"wp-block-image size-large\"><img decoding=\"async\" loading=\"lazy\" width=\"360\" height=\"415\" src=\"https:\/\/www.nevitaint.com\/wp-content\/uploads\/2021\/06\/leventk.jpg\" alt=\"\" class=\"wp-image-32579\" srcset=\"https:\/\/www.nevitaint.com\/wp-content\/uploads\/2021\/06\/leventk.jpg 360w, https:\/\/www.nevitaint.com\/wp-content\/uploads\/2021\/06\/leventk-260x300.jpg 260w\" sizes=\"(max-width: 360px) 100vw, 360px\" \/><\/figure>\n<\/div>\n\n\n\n<div class=\"is-layout-flow wp-block-column\" style=\"flex-basis:66.66%\">\n<p>After graduating from Uluda\u011f University Public Finance department, he started working at Finansbank. After about 6 years of work, he decided to continue his career in the real estate sector and moved to Sinpa\u015f. After the company went public, he worked as a manager in the sales and after-sales departments of Sinpa\u015f GYO, respectively. He managed the development, sales, after-sales, delivery, and title deed processes of more than 10 projects. At the end of the 8-year period, he established Simya Residence and Management Systems A.\u015e. within Sinpa\u015f Holding per the decision of the board of directors and served as its General Manager for 4.5 years. Managing nearly 10,000 residences, the company soon came to manage one of the industry&#8217;s largest portfolios with 300 employees. In 2019 he founded his own company, 17 Management Services and Consulting. As of today, it continues to provide services and consultancy to the leading companies of the sector on sales, site management, company management, and board of directors consultancy.<\/p>\n<\/div>\n<\/div>\n","protected":false},"excerpt":{"rendered":"<p>After graduating from Uluda\u011f University Public Finance department, he started working at Finansbank. After about 6 years of work, he decided to continue his career in the real estate sector and moved to Sinpa\u015f. After the company went public, he worked as a manager in the sales and after-sales departments of Sinpa\u015f GYO, respectively. He managed the development, sales, after-sales, delivery, and title deed processes of more than 10 projects. At the end of the 8-year period, he established Simya Residence and Management Systems A.\u015e. within Sinpa\u015f Holding per the decision of the board of directors and served as its [&hellip;]<\/p>\n","protected":false},"author":1,"featured_media":0,"parent":0,"menu_order":10,"comment_status":"closed","ping_status":"closed","template":"","meta":{"inline_featured_image":false},"yoast_head":"<!-- This site is optimized with the Yoast SEO plugin v19.13 - https:\/\/yoast.com\/wordpress\/plugins\/seo\/ -->\n<title>Levent Karak\u0131\u015f | Nevita \u00ae<\/title>\n<meta name=\"description\" content=\"After graduating from Uluda\u011f University Public Finance department, he started working at Finansbank. After about 6 years of work, he decided to continue\" \/>\n<meta name=\"robots\" content=\"index, follow, max-snippet:-1, max-image-preview:large, max-video-preview:-1\" \/>\n<link rel=\"canonical\" href=\"https:\/\/www.nevitaint.com\/tr\/levent-karakis\/\" \/>\n<meta property=\"og:locale\" content=\"tr_TR\" \/>\n<meta property=\"og:type\" content=\"article\" \/>\n<meta property=\"og:title\" content=\"Levent Karak\u0131\u015f | Nevita \u00ae\" \/>\n<meta property=\"og:description\" content=\"After graduating from Uluda\u011f University Public Finance department, he started working at Finansbank. After about 6 years of work, he decided to continue\" \/>\n<meta property=\"og:url\" content=\"https:\/\/www.nevitaint.com\/tr\/levent-karakis\/\" \/>\n<meta property=\"og:site_name\" content=\"Nevita\" \/>\n<meta property=\"og:image\" content=\"https:\/\/www.nevitaint.com\/wp-content\/uploads\/2021\/06\/leventk.jpg\" \/>\n<meta name=\"twitter:card\" content=\"summary_large_image\" \/>\n<meta name=\"twitter:label1\" content=\"Tahmini okuma s\u00fcresi\" \/>\n\t<meta name=\"twitter:data1\" content=\"1 dakika\" \/>\n<script type=\"application\/ld+json\" class=\"yoast-schema-graph\">{\"@context\":\"https:\/\/schema.org\",\"@graph\":[{\"@type\":\"WebPage\",\"@id\":\"https:\/\/www.nevitaint.com\/tr\/levent-karakis\/\",\"url\":\"https:\/\/www.nevitaint.com\/tr\/levent-karakis\/\",\"name\":\"Levent Karak\u0131\u015f | Nevita \u00ae\",\"isPartOf\":{\"@id\":\"https:\/\/www.nevitaint.com\/tr\/#website\"},\"datePublished\":\"2021-06-15T13:18:33+00:00\",\"dateModified\":\"2021-06-15T13:18:33+00:00\",\"description\":\"After graduating from Uluda\u011f University Public Finance department, he started working at Finansbank. After about 6 years of work, he decided to continue\",\"breadcrumb\":{\"@id\":\"https:\/\/www.nevitaint.com\/tr\/levent-karakis\/#breadcrumb\"},\"inLanguage\":\"tr\",\"potentialAction\":[{\"@type\":\"ReadAction\",\"target\":[\"https:\/\/www.nevitaint.com\/tr\/levent-karakis\/\"]}]},{\"@type\":\"BreadcrumbList\",\"@id\":\"https:\/\/www.nevitaint.com\/tr\/levent-karakis\/#breadcrumb\",\"itemListElement\":[{\"@type\":\"ListItem\",\"position\":1,\"name\":\"Homepage\",\"item\":\"https:\/\/www.nevitaint.com\/tr\/\"},{\"@type\":\"ListItem\",\"position\":2,\"name\":\"Levent Karak\u0131\u015f\"}]},{\"@type\":\"WebSite\",\"@id\":\"https:\/\/www.nevitaint.com\/tr\/#website\",\"url\":\"https:\/\/www.nevitaint.com\/tr\/\",\"name\":\"Nevita\",\"description\":\"\",\"publisher\":{\"@id\":\"https:\/\/www.nevitaint.com\/tr\/#organization\"},\"potentialAction\":[{\"@type\":\"SearchAction\",\"target\":{\"@type\":\"EntryPoint\",\"urlTemplate\":\"https:\/\/www.nevitaint.com\/tr\/?s={search_term_string}\"},\"query-input\":\"required name=search_term_string\"}],\"inLanguage\":\"tr\"},{\"@type\":\"Organization\",\"@id\":\"https:\/\/www.nevitaint.com\/tr\/#organization\",\"name\":\"T\u00fcrkiye\u2019de Sat\u0131l\u0131k Gayrimenkul \u0130lanlar\u0131 | Nevita\",\"url\":\"https:\/\/www.nevitaint.com\/tr\/\",\"logo\":{\"@type\":\"ImageObject\",\"inLanguage\":\"tr\",\"@id\":\"https:\/\/www.nevitaint.com\/tr\/#\/schema\/logo\/image\/\",\"url\":\"https:\/\/www.nevitaint.com\/wp-content\/uploads\/2021\/11\/nevita-logo.jpg\",\"contentUrl\":\"https:\/\/www.nevitaint.com\/wp-content\/uploads\/2021\/11\/nevita-logo.jpg\",\"width\":640,\"height\":200,\"caption\":\"T\u00fcrkiye\u2019de Sat\u0131l\u0131k Gayrimenkul \u0130lanlar\u0131 | Nevita\"},\"image\":{\"@id\":\"https:\/\/www.nevitaint.com\/tr\/#\/schema\/logo\/image\/\"}}]}<\/script>\n<!-- \/ Yoast SEO plugin. -->","yoast_head_json":{"title":"Levent Karak\u0131\u015f | Nevita \u00ae","description":"After graduating from Uluda\u011f University Public Finance department, he started working at Finansbank. After about 6 years of work, he decided to continue","robots":{"index":"index","follow":"follow","max-snippet":"max-snippet:-1","max-image-preview":"max-image-preview:large","max-video-preview":"max-video-preview:-1"},"canonical":"https:\/\/www.nevitaint.com\/tr\/levent-karakis\/","og_locale":"tr_TR","og_type":"article","og_title":"Levent Karak\u0131\u015f | Nevita \u00ae","og_description":"After graduating from Uluda\u011f University Public Finance department, he started working at Finansbank. After about 6 years of work, he decided to continue","og_url":"https:\/\/www.nevitaint.com\/tr\/levent-karakis\/","og_site_name":"Nevita","og_image":[{"url":"https:\/\/www.nevitaint.com\/wp-content\/uploads\/2021\/06\/leventk.jpg"}],"twitter_card":"summary_large_image","twitter_misc":{"Tahmini okuma s\u00fcresi":"1 dakika"},"schema":{"@context":"https:\/\/schema.org","@graph":[{"@type":"WebPage","@id":"https:\/\/www.nevitaint.com\/tr\/levent-karakis\/","url":"https:\/\/www.nevitaint.com\/tr\/levent-karakis\/","name":"Levent Karak\u0131\u015f | Nevita \u00ae","isPartOf":{"@id":"https:\/\/www.nevitaint.com\/tr\/#website"},"datePublished":"2021-06-15T13:18:33+00:00","dateModified":"2021-06-15T13:18:33+00:00","description":"After graduating from Uluda\u011f University Public Finance department, he started working at Finansbank. After about 6 years of work, he decided to continue","breadcrumb":{"@id":"https:\/\/www.nevitaint.com\/tr\/levent-karakis\/#breadcrumb"},"inLanguage":"tr","potentialAction":[{"@type":"ReadAction","target":["https:\/\/www.nevitaint.com\/tr\/levent-karakis\/"]}]},{"@type":"BreadcrumbList","@id":"https:\/\/www.nevitaint.com\/tr\/levent-karakis\/#breadcrumb","itemListElement":[{"@type":"ListItem","position":1,"name":"Homepage","item":"https:\/\/www.nevitaint.com\/tr\/"},{"@type":"ListItem","position":2,"name":"Levent Karak\u0131\u015f"}]},{"@type":"WebSite","@id":"https:\/\/www.nevitaint.com\/tr\/#website","url":"https:\/\/www.nevitaint.com\/tr\/","name":"Nevita","description":"","publisher":{"@id":"https:\/\/www.nevitaint.com\/tr\/#organization"},"potentialAction":[{"@type":"SearchAction","target":{"@type":"EntryPoint","urlTemplate":"https:\/\/www.nevitaint.com\/tr\/?s={search_term_string}"},"query-input":"required name=search_term_string"}],"inLanguage":"tr"},{"@type":"Organization","@id":"https:\/\/www.nevitaint.com\/tr\/#organization","name":"T\u00fcrkiye\u2019de Sat\u0131l\u0131k Gayrimenkul \u0130lanlar\u0131 | Nevita","url":"https:\/\/www.nevitaint.com\/tr\/","logo":{"@type":"ImageObject","inLanguage":"tr","@id":"https:\/\/www.nevitaint.com\/tr\/#\/schema\/logo\/image\/","url":"https:\/\/www.nevitaint.com\/wp-content\/uploads\/2021\/11\/nevita-logo.jpg","contentUrl":"https:\/\/www.nevitaint.com\/wp-content\/uploads\/2021\/11\/nevita-logo.jpg","width":640,"height":200,"caption":"T\u00fcrkiye\u2019de Sat\u0131l\u0131k Gayrimenkul \u0130lanlar\u0131 | Nevita"},"image":{"@id":"https:\/\/www.nevitaint.com\/tr\/#\/schema\/logo\/image\/"}}]}},"_links":{"self":[{"href":"https:\/\/www.nevitaint.com\/tr\/wp-json\/wp\/v2\/pages\/36084"}],"collection":[{"href":"https:\/\/www.nevitaint.com\/tr\/wp-json\/wp\/v2\/pages"}],"about":[{"href":"https:\/\/www.nevitaint.com\/tr\/wp-json\/wp\/v2\/types\/page"}],"author":[{"embeddable":true,"href":"https:\/\/www.nevitaint.com\/tr\/wp-json\/wp\/v2\/users\/1"}],"replies":[{"embeddable":true,"href":"https:\/\/www.nevitaint.com\/tr\/wp-json\/wp\/v2\/comments?post=36084"}],"version-history":[{"count":0,"href":"https:\/\/www.nevitaint.com\/tr\/wp-json\/wp\/v2\/pages\/36084\/revisions"}],"wp:attachment":[{"href":"https:\/\/www.nevitaint.com\/tr\/wp-json\/wp\/v2\/media?parent=36084"}],"curies":[{"name":"wp","href":"https:\/\/api.w.org\/{rel}","templated":true}]}}