{"id":36086,"date":"2021-06-15T16:13:53","date_gmt":"2021-06-15T13:13:53","guid":{"rendered":"https:\/\/www.nevitaint.com\/furkan-kirmizidere\/"},"modified":"2021-06-15T16:13:53","modified_gmt":"2021-06-15T13:13:53","slug":"furkan-kirmizidere","status":"publish","type":"page","link":"https:\/\/www.nevitaint.com\/tr\/furkan-kirmizidere\/","title":{"rendered":"Furkan K\u0131rm\u0131z\u0131dere"},"content":{"rendered":"\n<div class=\"is-layout-flex wp-container-3 wp-block-columns\">\n<div class=\"is-layout-flow wp-block-column\" style=\"flex-basis:33.33%\">\n<figure class=\"wp-block-image size-large\"><img decoding=\"async\" loading=\"lazy\" width=\"360\" height=\"415\" src=\"https:\/\/www.nevitaint.com\/wp-content\/uploads\/2021\/06\/furkankir.jpeg\" alt=\"\" class=\"wp-image-32564\" srcset=\"https:\/\/www.nevitaint.com\/wp-content\/uploads\/2021\/06\/furkankir.jpeg 360w, https:\/\/www.nevitaint.com\/wp-content\/uploads\/2021\/06\/furkankir-260x300.jpeg 260w\" sizes=\"(max-width: 360px) 100vw, 360px\" \/><\/figure>\n<\/div>\n\n\n\n<div class=\"is-layout-flow wp-block-column\" style=\"flex-basis:66.66%\">\n<p>Furkan K\u0131rm\u0131z\u0131dere has graduated from Beykent University, Faculty of Political Science. He has completed his Bachelor\u2019s Degree at the University of Ljubljana, Department of International Relations with Student Exchange Program.<\/p>\n\n\n\n<p>Furkan K\u0131rm\u0131z\u0131dere worked as Business Development Manager at Guma Travel in UAE &amp; Istanbul Branch for 2 years. During his 3-years-long service in Nevita, he acted as Agency Relations Specialist, Marketing and Communication Manager, and Agency Relations Manager with the latter being his current position.<\/p>\n\n\n\n<p>K\u0131rm\u0131z\u0131dere has attended dozens of international exhibitions and seminars in more than 60 countries to add value to his career and the company he belongs to.<\/p>\n<\/div>\n<\/div>\n","protected":false},"excerpt":{"rendered":"<p>Furkan K\u0131rm\u0131z\u0131dere has graduated from Beykent University, Faculty of Political Science. He has completed his Bachelor\u2019s Degree at the University of Ljubljana, Department of International Relations with Student Exchange Program. Furkan K\u0131rm\u0131z\u0131dere worked as Business Development Manager at Guma Travel in UAE &amp; Istanbul Branch for 2 years. During his 3-years-long service in Nevita, he acted as Agency Relations Specialist, Marketing and Communication Manager, and Agency Relations Manager with the latter being his current position. K\u0131rm\u0131z\u0131dere has attended dozens of international exhibitions and seminars in more than 60 countries to add value to his career and the company he belongs [&hellip;]<\/p>\n","protected":false},"author":1,"featured_media":0,"parent":0,"menu_order":37,"comment_status":"closed","ping_status":"closed","template":"","meta":{"inline_featured_image":false},"yoast_head":"<!-- This site is optimized with the Yoast SEO plugin v19.13 - https:\/\/yoast.com\/wordpress\/plugins\/seo\/ -->\n<title>Agents Manager, Furkan K\u0131rm\u0131z\u0131dere | Nevita \u00ae<\/title>\n<meta name=\"description\" content=\"Furkan K\u0131rm\u0131z\u0131dere is the Agents Manager \u200bat Nevita \u00ae, one of the major brands of Fuzul Group. Explore his profile!\" \/>\n<meta name=\"robots\" content=\"index, follow, max-snippet:-1, max-image-preview:large, max-video-preview:-1\" \/>\n<link rel=\"canonical\" href=\"https:\/\/www.nevitaint.com\/tr\/furkan-kirmizidere\/\" \/>\n<meta property=\"og:locale\" content=\"tr_TR\" \/>\n<meta property=\"og:type\" content=\"article\" \/>\n<meta property=\"og:title\" content=\"Agents Manager, Furkan K\u0131rm\u0131z\u0131dere | Nevita \u00ae\" \/>\n<meta property=\"og:description\" content=\"Furkan K\u0131rm\u0131z\u0131dere is the Agents Manager \u200bat Nevita \u00ae, one of the major brands of Fuzul Group. Explore his profile!\" \/>\n<meta property=\"og:url\" content=\"https:\/\/www.nevitaint.com\/tr\/furkan-kirmizidere\/\" \/>\n<meta property=\"og:site_name\" content=\"Nevita\" \/>\n<meta property=\"og:image\" content=\"https:\/\/www.nevitaint.com\/wp-content\/uploads\/2021\/06\/furkankir.jpeg\" \/>\n<meta name=\"twitter:card\" content=\"summary_large_image\" \/>\n<meta name=\"twitter:label1\" content=\"Tahmini okuma s\u00fcresi\" \/>\n\t<meta name=\"twitter:data1\" content=\"1 dakika\" \/>\n<script type=\"application\/ld+json\" class=\"yoast-schema-graph\">{\"@context\":\"https:\/\/schema.org\",\"@graph\":[{\"@type\":\"WebPage\",\"@id\":\"https:\/\/www.nevitaint.com\/tr\/furkan-kirmizidere\/\",\"url\":\"https:\/\/www.nevitaint.com\/tr\/furkan-kirmizidere\/\",\"name\":\"Agents Manager, Furkan K\u0131rm\u0131z\u0131dere | Nevita \u00ae\",\"isPartOf\":{\"@id\":\"https:\/\/www.nevitaint.com\/tr\/#website\"},\"datePublished\":\"2021-06-15T13:13:53+00:00\",\"dateModified\":\"2021-06-15T13:13:53+00:00\",\"description\":\"Furkan K\u0131rm\u0131z\u0131dere is the Agents Manager \u200bat Nevita \u00ae, one of the major brands of Fuzul Group. Explore his profile!\",\"breadcrumb\":{\"@id\":\"https:\/\/www.nevitaint.com\/tr\/furkan-kirmizidere\/#breadcrumb\"},\"inLanguage\":\"tr\",\"potentialAction\":[{\"@type\":\"ReadAction\",\"target\":[\"https:\/\/www.nevitaint.com\/tr\/furkan-kirmizidere\/\"]}]},{\"@type\":\"BreadcrumbList\",\"@id\":\"https:\/\/www.nevitaint.com\/tr\/furkan-kirmizidere\/#breadcrumb\",\"itemListElement\":[{\"@type\":\"ListItem\",\"position\":1,\"name\":\"Homepage\",\"item\":\"https:\/\/www.nevitaint.com\/tr\/\"},{\"@type\":\"ListItem\",\"position\":2,\"name\":\"Furkan K\u0131rm\u0131z\u0131dere\"}]},{\"@type\":\"WebSite\",\"@id\":\"https:\/\/www.nevitaint.com\/tr\/#website\",\"url\":\"https:\/\/www.nevitaint.com\/tr\/\",\"name\":\"Nevita\",\"description\":\"\",\"publisher\":{\"@id\":\"https:\/\/www.nevitaint.com\/tr\/#organization\"},\"potentialAction\":[{\"@type\":\"SearchAction\",\"target\":{\"@type\":\"EntryPoint\",\"urlTemplate\":\"https:\/\/www.nevitaint.com\/tr\/?s={search_term_string}\"},\"query-input\":\"required name=search_term_string\"}],\"inLanguage\":\"tr\"},{\"@type\":\"Organization\",\"@id\":\"https:\/\/www.nevitaint.com\/tr\/#organization\",\"name\":\"T\u00fcrkiye\u2019de Sat\u0131l\u0131k Gayrimenkul \u0130lanlar\u0131 | Nevita\",\"url\":\"https:\/\/www.nevitaint.com\/tr\/\",\"logo\":{\"@type\":\"ImageObject\",\"inLanguage\":\"tr\",\"@id\":\"https:\/\/www.nevitaint.com\/tr\/#\/schema\/logo\/image\/\",\"url\":\"https:\/\/www.nevitaint.com\/wp-content\/uploads\/2021\/11\/nevita-logo.jpg\",\"contentUrl\":\"https:\/\/www.nevitaint.com\/wp-content\/uploads\/2021\/11\/nevita-logo.jpg\",\"width\":640,\"height\":200,\"caption\":\"T\u00fcrkiye\u2019de Sat\u0131l\u0131k Gayrimenkul \u0130lanlar\u0131 | Nevita\"},\"image\":{\"@id\":\"https:\/\/www.nevitaint.com\/tr\/#\/schema\/logo\/image\/\"}}]}<\/script>\n<!-- \/ Yoast SEO plugin. -->","yoast_head_json":{"title":"Agents Manager, Furkan K\u0131rm\u0131z\u0131dere | Nevita \u00ae","description":"Furkan K\u0131rm\u0131z\u0131dere is the Agents Manager \u200bat Nevita \u00ae, one of the major brands of Fuzul Group. Explore his profile!","robots":{"index":"index","follow":"follow","max-snippet":"max-snippet:-1","max-image-preview":"max-image-preview:large","max-video-preview":"max-video-preview:-1"},"canonical":"https:\/\/www.nevitaint.com\/tr\/furkan-kirmizidere\/","og_locale":"tr_TR","og_type":"article","og_title":"Agents Manager, Furkan K\u0131rm\u0131z\u0131dere | Nevita \u00ae","og_description":"Furkan K\u0131rm\u0131z\u0131dere is the Agents Manager \u200bat Nevita \u00ae, one of the major brands of Fuzul Group. Explore his profile!","og_url":"https:\/\/www.nevitaint.com\/tr\/furkan-kirmizidere\/","og_site_name":"Nevita","og_image":[{"url":"https:\/\/www.nevitaint.com\/wp-content\/uploads\/2021\/06\/furkankir.jpeg"}],"twitter_card":"summary_large_image","twitter_misc":{"Tahmini okuma s\u00fcresi":"1 dakika"},"schema":{"@context":"https:\/\/schema.org","@graph":[{"@type":"WebPage","@id":"https:\/\/www.nevitaint.com\/tr\/furkan-kirmizidere\/","url":"https:\/\/www.nevitaint.com\/tr\/furkan-kirmizidere\/","name":"Agents Manager, Furkan K\u0131rm\u0131z\u0131dere | Nevita \u00ae","isPartOf":{"@id":"https:\/\/www.nevitaint.com\/tr\/#website"},"datePublished":"2021-06-15T13:13:53+00:00","dateModified":"2021-06-15T13:13:53+00:00","description":"Furkan K\u0131rm\u0131z\u0131dere is the Agents Manager \u200bat Nevita \u00ae, one of the major brands of Fuzul Group. Explore his profile!","breadcrumb":{"@id":"https:\/\/www.nevitaint.com\/tr\/furkan-kirmizidere\/#breadcrumb"},"inLanguage":"tr","potentialAction":[{"@type":"ReadAction","target":["https:\/\/www.nevitaint.com\/tr\/furkan-kirmizidere\/"]}]},{"@type":"BreadcrumbList","@id":"https:\/\/www.nevitaint.com\/tr\/furkan-kirmizidere\/#breadcrumb","itemListElement":[{"@type":"ListItem","position":1,"name":"Homepage","item":"https:\/\/www.nevitaint.com\/tr\/"},{"@type":"ListItem","position":2,"name":"Furkan K\u0131rm\u0131z\u0131dere"}]},{"@type":"WebSite","@id":"https:\/\/www.nevitaint.com\/tr\/#website","url":"https:\/\/www.nevitaint.com\/tr\/","name":"Nevita","description":"","publisher":{"@id":"https:\/\/www.nevitaint.com\/tr\/#organization"},"potentialAction":[{"@type":"SearchAction","target":{"@type":"EntryPoint","urlTemplate":"https:\/\/www.nevitaint.com\/tr\/?s={search_term_string}"},"query-input":"required name=search_term_string"}],"inLanguage":"tr"},{"@type":"Organization","@id":"https:\/\/www.nevitaint.com\/tr\/#organization","name":"T\u00fcrkiye\u2019de Sat\u0131l\u0131k Gayrimenkul \u0130lanlar\u0131 | Nevita","url":"https:\/\/www.nevitaint.com\/tr\/","logo":{"@type":"ImageObject","inLanguage":"tr","@id":"https:\/\/www.nevitaint.com\/tr\/#\/schema\/logo\/image\/","url":"https:\/\/www.nevitaint.com\/wp-content\/uploads\/2021\/11\/nevita-logo.jpg","contentUrl":"https:\/\/www.nevitaint.com\/wp-content\/uploads\/2021\/11\/nevita-logo.jpg","width":640,"height":200,"caption":"T\u00fcrkiye\u2019de Sat\u0131l\u0131k Gayrimenkul \u0130lanlar\u0131 | Nevita"},"image":{"@id":"https:\/\/www.nevitaint.com\/tr\/#\/schema\/logo\/image\/"}}]}},"_links":{"self":[{"href":"https:\/\/www.nevitaint.com\/tr\/wp-json\/wp\/v2\/pages\/36086"}],"collection":[{"href":"https:\/\/www.nevitaint.com\/tr\/wp-json\/wp\/v2\/pages"}],"about":[{"href":"https:\/\/www.nevitaint.com\/tr\/wp-json\/wp\/v2\/types\/page"}],"author":[{"embeddable":true,"href":"https:\/\/www.nevitaint.com\/tr\/wp-json\/wp\/v2\/users\/1"}],"replies":[{"embeddable":true,"href":"https:\/\/www.nevitaint.com\/tr\/wp-json\/wp\/v2\/comments?post=36086"}],"version-history":[{"count":0,"href":"https:\/\/www.nevitaint.com\/tr\/wp-json\/wp\/v2\/pages\/36086\/revisions"}],"wp:attachment":[{"href":"https:\/\/www.nevitaint.com\/tr\/wp-json\/wp\/v2\/media?parent=36086"}],"curies":[{"name":"wp","href":"https:\/\/api.w.org\/{rel}","templated":true}]}}