{"id":36561,"date":"2021-10-13T12:10:38","date_gmt":"2021-10-13T09:10:38","guid":{"rendered":"https:\/\/www.nevitaint.com\/homepage\/"},"modified":"2022-12-09T11:06:48","modified_gmt":"2022-12-09T08:06:48","slug":"homepage","status":"publish","type":"page","link":"https:\/\/www.nevitaint.com\/tr\/","title":{"rendered":"Homepage TR"},"content":{"rendered":"","protected":false},"excerpt":{"rendered":"","protected":false},"author":1,"featured_media":0,"parent":0,"menu_order":0,"comment_status":"closed","ping_status":"closed","template":"homepage-test.php","meta":{"inline_featured_image":false},"yoast_head":"<!-- This site is optimized with the Yoast SEO plugin v19.13 - https:\/\/yoast.com\/wordpress\/plugins\/seo\/ -->\n<title>T\u00fcrkiye&#039;de Gayrimenkul Yat\u0131r\u0131m\u0131 i\u00e7in G\u00fcvenilir Orta\u011f\u0131n\u0131z | Nevita \u00ae<\/title>\n<meta name=\"description\" content=\"2014 y\u0131l\u0131ndan bu yana T\u00fcrkiye gayrimenkul piyasas\u0131nda faaliyet g\u00f6steren Nevita \u00ae nitelikli gayrimenkul yat\u0131r\u0131m \u015firketidir.\" \/>\n<meta name=\"robots\" content=\"index, follow, max-snippet:-1, max-image-preview:large, max-video-preview:-1\" \/>\n<link rel=\"canonical\" href=\"https:\/\/www.nevitaint.com\/tr\/\" \/>\n<meta property=\"og:locale\" content=\"tr_TR\" \/>\n<meta property=\"og:type\" content=\"article\" \/>\n<meta property=\"og:title\" content=\"T\u00fcrkiye&#039;de Gayrimenkul Yat\u0131r\u0131m\u0131 i\u00e7in G\u00fcvenilir Orta\u011f\u0131n\u0131z | Nevita \u00ae\" \/>\n<meta property=\"og:description\" content=\"2014 y\u0131l\u0131ndan bu yana T\u00fcrkiye gayrimenkul piyasas\u0131nda faaliyet g\u00f6steren Nevita \u00ae nitelikli gayrimenkul yat\u0131r\u0131m \u015firketidir.\" \/>\n<meta property=\"og:url\" content=\"https:\/\/www.nevitaint.com\/tr\/\" \/>\n<meta property=\"og:site_name\" content=\"Nevita\" \/>\n<meta property=\"article:modified_time\" content=\"2022-12-09T08:06:48+00:00\" \/>\n<meta name=\"twitter:card\" content=\"summary_large_image\" \/>\n<script type=\"application\/ld+json\" class=\"yoast-schema-graph\">{\"@context\":\"https:\/\/schema.org\",\"@graph\":[{\"@type\":\"WebPage\",\"@id\":\"https:\/\/www.nevitaint.com\/tr\/\",\"url\":\"https:\/\/www.nevitaint.com\/tr\/\",\"name\":\"T\u00fcrkiye'de Gayrimenkul Yat\u0131r\u0131m\u0131 i\u00e7in G\u00fcvenilir Orta\u011f\u0131n\u0131z | Nevita \u00ae\",\"isPartOf\":{\"@id\":\"https:\/\/www.nevitaint.com\/tr\/#website\"},\"datePublished\":\"2021-10-13T09:10:38+00:00\",\"dateModified\":\"2022-12-09T08:06:48+00:00\",\"description\":\"2014 y\u0131l\u0131ndan bu yana T\u00fcrkiye gayrimenkul piyasas\u0131nda faaliyet g\u00f6steren Nevita \u00ae nitelikli gayrimenkul yat\u0131r\u0131m \u015firketidir.\",\"breadcrumb\":{\"@id\":\"https:\/\/www.nevitaint.com\/tr\/#breadcrumb\"},\"inLanguage\":\"tr\",\"potentialAction\":[{\"@type\":\"ReadAction\",\"target\":[\"https:\/\/www.nevitaint.com\/tr\/\"]}]},{\"@type\":\"BreadcrumbList\",\"@id\":\"https:\/\/www.nevitaint.com\/tr\/#breadcrumb\",\"itemListElement\":[{\"@type\":\"ListItem\",\"position\":1,\"name\":\"Homepage\",\"item\":\"https:\/\/www.nevitaint.com\/tr\/\"},{\"@type\":\"ListItem\",\"position\":2,\"name\":\"Homepage TR\"}]},{\"@type\":\"WebSite\",\"@id\":\"https:\/\/www.nevitaint.com\/tr\/#website\",\"url\":\"https:\/\/www.nevitaint.com\/tr\/\",\"name\":\"Nevita\",\"description\":\"\",\"publisher\":{\"@id\":\"https:\/\/www.nevitaint.com\/tr\/#organization\"},\"potentialAction\":[{\"@type\":\"SearchAction\",\"target\":{\"@type\":\"EntryPoint\",\"urlTemplate\":\"https:\/\/www.nevitaint.com\/tr\/?s={search_term_string}\"},\"query-input\":\"required name=search_term_string\"}],\"inLanguage\":\"tr\"},{\"@type\":\"Organization\",\"@id\":\"https:\/\/www.nevitaint.com\/tr\/#organization\",\"name\":\"T\u00fcrkiye\u2019de Sat\u0131l\u0131k Gayrimenkul \u0130lanlar\u0131 | Nevita\",\"url\":\"https:\/\/www.nevitaint.com\/tr\/\",\"logo\":{\"@type\":\"ImageObject\",\"inLanguage\":\"tr\",\"@id\":\"https:\/\/www.nevitaint.com\/tr\/#\/schema\/logo\/image\/\",\"url\":\"https:\/\/www.nevitaint.com\/wp-content\/uploads\/2021\/11\/nevita-logo.jpg\",\"contentUrl\":\"https:\/\/www.nevitaint.com\/wp-content\/uploads\/2021\/11\/nevita-logo.jpg\",\"width\":640,\"height\":200,\"caption\":\"T\u00fcrkiye\u2019de Sat\u0131l\u0131k Gayrimenkul \u0130lanlar\u0131 | Nevita\"},\"image\":{\"@id\":\"https:\/\/www.nevitaint.com\/tr\/#\/schema\/logo\/image\/\"}}]}<\/script>\n<!-- \/ Yoast SEO plugin. -->","yoast_head_json":{"title":"T\u00fcrkiye'de Gayrimenkul Yat\u0131r\u0131m\u0131 i\u00e7in G\u00fcvenilir Orta\u011f\u0131n\u0131z | Nevita \u00ae","description":"2014 y\u0131l\u0131ndan bu yana T\u00fcrkiye gayrimenkul piyasas\u0131nda faaliyet g\u00f6steren Nevita \u00ae nitelikli gayrimenkul yat\u0131r\u0131m \u015firketidir.","robots":{"index":"index","follow":"follow","max-snippet":"max-snippet:-1","max-image-preview":"max-image-preview:large","max-video-preview":"max-video-preview:-1"},"canonical":"https:\/\/www.nevitaint.com\/tr\/","og_locale":"tr_TR","og_type":"article","og_title":"T\u00fcrkiye'de Gayrimenkul Yat\u0131r\u0131m\u0131 i\u00e7in G\u00fcvenilir Orta\u011f\u0131n\u0131z | Nevita \u00ae","og_description":"2014 y\u0131l\u0131ndan bu yana T\u00fcrkiye gayrimenkul piyasas\u0131nda faaliyet g\u00f6steren Nevita \u00ae nitelikli gayrimenkul yat\u0131r\u0131m \u015firketidir.","og_url":"https:\/\/www.nevitaint.com\/tr\/","og_site_name":"Nevita","article_modified_time":"2022-12-09T08:06:48+00:00","twitter_card":"summary_large_image","schema":{"@context":"https:\/\/schema.org","@graph":[{"@type":"WebPage","@id":"https:\/\/www.nevitaint.com\/tr\/","url":"https:\/\/www.nevitaint.com\/tr\/","name":"T\u00fcrkiye'de Gayrimenkul Yat\u0131r\u0131m\u0131 i\u00e7in G\u00fcvenilir Orta\u011f\u0131n\u0131z | Nevita \u00ae","isPartOf":{"@id":"https:\/\/www.nevitaint.com\/tr\/#website"},"datePublished":"2021-10-13T09:10:38+00:00","dateModified":"2022-12-09T08:06:48+00:00","description":"2014 y\u0131l\u0131ndan bu yana T\u00fcrkiye gayrimenkul piyasas\u0131nda faaliyet g\u00f6steren Nevita \u00ae nitelikli gayrimenkul yat\u0131r\u0131m \u015firketidir.","breadcrumb":{"@id":"https:\/\/www.nevitaint.com\/tr\/#breadcrumb"},"inLanguage":"tr","potentialAction":[{"@type":"ReadAction","target":["https:\/\/www.nevitaint.com\/tr\/"]}]},{"@type":"BreadcrumbList","@id":"https:\/\/www.nevitaint.com\/tr\/#breadcrumb","itemListElement":[{"@type":"ListItem","position":1,"name":"Homepage","item":"https:\/\/www.nevitaint.com\/tr\/"},{"@type":"ListItem","position":2,"name":"Homepage TR"}]},{"@type":"WebSite","@id":"https:\/\/www.nevitaint.com\/tr\/#website","url":"https:\/\/www.nevitaint.com\/tr\/","name":"Nevita","description":"","publisher":{"@id":"https:\/\/www.nevitaint.com\/tr\/#organization"},"potentialAction":[{"@type":"SearchAction","target":{"@type":"EntryPoint","urlTemplate":"https:\/\/www.nevitaint.com\/tr\/?s={search_term_string}"},"query-input":"required name=search_term_string"}],"inLanguage":"tr"},{"@type":"Organization","@id":"https:\/\/www.nevitaint.com\/tr\/#organization","name":"T\u00fcrkiye\u2019de Sat\u0131l\u0131k Gayrimenkul \u0130lanlar\u0131 | Nevita","url":"https:\/\/www.nevitaint.com\/tr\/","logo":{"@type":"ImageObject","inLanguage":"tr","@id":"https:\/\/www.nevitaint.com\/tr\/#\/schema\/logo\/image\/","url":"https:\/\/www.nevitaint.com\/wp-content\/uploads\/2021\/11\/nevita-logo.jpg","contentUrl":"https:\/\/www.nevitaint.com\/wp-content\/uploads\/2021\/11\/nevita-logo.jpg","width":640,"height":200,"caption":"T\u00fcrkiye\u2019de Sat\u0131l\u0131k Gayrimenkul \u0130lanlar\u0131 | Nevita"},"image":{"@id":"https:\/\/www.nevitaint.com\/tr\/#\/schema\/logo\/image\/"}}]}},"_links":{"self":[{"href":"https:\/\/www.nevitaint.com\/tr\/wp-json\/wp\/v2\/pages\/36561"}],"collection":[{"href":"https:\/\/www.nevitaint.com\/tr\/wp-json\/wp\/v2\/pages"}],"about":[{"href":"https:\/\/www.nevitaint.com\/tr\/wp-json\/wp\/v2\/types\/page"}],"author":[{"embeddable":true,"href":"https:\/\/www.nevitaint.com\/tr\/wp-json\/wp\/v2\/users\/1"}],"replies":[{"embeddable":true,"href":"https:\/\/www.nevitaint.com\/tr\/wp-json\/wp\/v2\/comments?post=36561"}],"version-history":[{"count":1,"href":"https:\/\/www.nevitaint.com\/tr\/wp-json\/wp\/v2\/pages\/36561\/revisions"}],"predecessor-version":[{"id":54678,"href":"https:\/\/www.nevitaint.com\/tr\/wp-json\/wp\/v2\/pages\/36561\/revisions\/54678"}],"wp:attachment":[{"href":"https:\/\/www.nevitaint.com\/tr\/wp-json\/wp\/v2\/media?parent=36561"}],"curies":[{"name":"wp","href":"https:\/\/api.w.org\/{rel}","templated":true}]}}