{"id":40414,"date":"2021-12-08T14:23:47","date_gmt":"2021-12-08T11:23:47","guid":{"rendered":"https:\/\/www.nevitaint.com\/kurumsal\/"},"modified":"2023-02-17T14:50:47","modified_gmt":"2023-02-17T11:50:47","slug":"sirketimiz","status":"publish","type":"page","link":"https:\/\/www.nevitaint.com\/tr\/sirketimiz\/","title":{"rendered":"Kurumsal"},"content":{"rendered":"<div class=\"container my-5\">\n<div class=\"row\">\n<div class=\"col-6 col-md-4 text-center mb-4\"><a class=\"d-block\" title=\"Hakk\u0131m\u0131zda\" href=\"\/tr\/kurumsal\/hakkimizda\"><br \/>\n<img decoding=\"async\" class=\"img-fluid\" src=\"\/wp-content\/uploads\/2021\/12\/about-us-tr.png\" alt=\"Hakk\u0131m\u0131zda\" \/><br \/>\n<\/a><\/p>\n<div class=\"text-area text-left\">\n<p class=\"title d-block\">Hakk\u0131m\u0131zda<\/p>\n<p class=\"desc\">Nevita, nitelikli gayrimenkul yat\u0131r\u0131mlar\u0131n\u0131 geli\u015ftiren ve y\u00f6neten T\u00fcrkiye merkezli bir emlak yat\u0131r\u0131m \u015firketidir.<\/p>\n<p><a class=\"details\" title=\"Detaylar\" href=\"\/tr\/kurumsal\/hakkimizda\">Detaylar<\/a><\/p>\n<\/div>\n<\/div>\n<div class=\"col-6 col-md-4 text-center mb-4\"><a class=\"d-block\" title=\"Neden Nevita\" href=\"\/tr\/kurumsal\/neden-biz\/\"><br \/>\n<img decoding=\"async\" class=\"img-fluid\" src=\"\/wp-content\/uploads\/2021\/12\/why-nevita-tr.png\" alt=\"Neden Nevita\" \/><br \/>\n<\/a><\/p>\n<div class=\"text-area text-left\">\n<p class=\"title d-block\">Neden Biz?<\/p>\n<p class=\"desc\">Nevita, T\u00fcrkiye emlak piyasas\u0131nda g\u00fc\u00e7l\u00fc bir konuma ve gayrimenkul y\u00f6netiminde tam uzmanl\u0131\u011fa sahiptir.<\/p>\n<p><a class=\"details\" title=\"Detaylar\" href=\"\/tr\/kurumsal\/neden-biz\/\">Detaylar<\/a><\/p>\n<\/div>\n<\/div>\n<div class=\"col-6 col-md-4 text-center mb-4\"><a class=\"d-block\" title=\"Ekibimiz\" href=\"\/tr\/kurumsal\/ekibimiz\/\"><br \/>\n<img decoding=\"async\" class=\"img-fluid\" src=\"\/wp-content\/uploads\/2021\/12\/our-team-tr.png\" alt=\"Ekibimiz\" \/><br \/>\n<\/a><\/p>\n<div class=\"text-area text-left\">\n<p class=\"title d-block\">Ekibimiz<\/p>\n<p class=\"desc\">\u00c7ok k\u00fclt\u00fcrl\u00fc bir yap\u0131ya sahip olup, bir\u00e7ok farkl\u0131 \u00fclkeden geni\u015f bir ekibe sahibiz. Profesyonel, gen\u00e7 ve dinamik ekibimiz ile tan\u0131\u015f\u0131n!<\/p>\n<p><a class=\"details\" title=\"Detaylar\" href=\"\/tr\/kurumsal\/ekibimiz\/\">Detaylar<\/a><\/p>\n<\/div>\n<\/div>\n<div class=\"col-6 col-md-4 text-center mb-4\"><a class=\"d-block\" title=\"Referanslar\" href=\"\/tr\/testimonial\/\"><br \/>\n<img decoding=\"async\" class=\"img-fluid\" src=\"\/wp-content\/uploads\/2021\/12\/testimonials-tr.png\" alt=\"Referanslar\" \/><br \/>\n<\/a><\/p>\n<div class=\"text-area text-left\">\n<p class=\"title d-block\">M\u00fc\u015fteri G\u00f6r\u00fc\u015fleri<\/p>\n<p class=\"desc\">Gayrimenkul hizmetlerimizin kalitesi hakk\u0131nda detayl\u0131 bilgi almak i\u00e7in m\u00fc\u015fteri g\u00f6r\u00fc\u015flerimizi ve referanslar\u0131m\u0131z\u0131 inceleyebilirsiniz.<\/p>\n<p><a class=\"details\" title=\"Detaylar\" href=\"\/tr\/testimonial\/\">Detaylar<\/a><\/p>\n<\/div>\n<\/div>\n<div class=\"col-6 col-md-4 text-center mb-4\"><a class=\"d-block\" title=\"Partnerlerimiz\" href=\"\/tr\/partnerlerimiz\/\"><br \/>\n<img decoding=\"async\" class=\"img-fluid\" src=\"\/wp-content\/uploads\/2021\/12\/our-partners-tr.png\" alt=\"Partnerlerimiz\" \/><br \/>\n<\/a><\/p>\n<div class=\"text-area text-left\">\n<p class=\"title d-block\">Partnerlerimiz<\/p>\n<p class=\"desc\">Nevita olarak yenilik\u00e7i \u00e7\u00f6z\u00fcmler ve hizmetler sunmak i\u00e7in yerel ve uluslararas\u0131 pazarda lider \u00e7\u00f6z\u00fcm ve teknoloji ortaklar\u0131yla \u00e7al\u0131\u015f\u0131yoruz.<\/p>\n<p><a class=\"details\" title=\"Detaylar\" href=\"\/tr\/partnerlerimiz\/\">Detaylar<\/a><\/p>\n<\/div>\n<\/div>\n<div class=\"col-6 col-md-4 text-center mb-4\"><a class=\"d-block\" title=\"Kariyer\" href=\"\/tr\/kurumsal\/kariyer\"><br \/>\n<img decoding=\"async\" class=\"img-fluid\" src=\"\/wp-content\/uploads\/2021\/12\/career-tr.png\" alt=\"Kariyer\" \/><br \/>\n<\/a><\/p>\n<div class=\"text-area text-left\">\n<p class=\"title d-block\">Kariyer<\/p>\n<p class=\"desc\">Nevita ruhunu ke\u015ffedin ve kariyer hamlenizi bug\u00fcn yap\u0131n! Nevita ailesinin bir par\u00e7as\u0131 olmak i\u00e7in \u201cKariyer\u201d sayfam\u0131zdan a\u00e7\u0131k pozisyonlar\u0131m\u0131z\u0131 inceleyebilirsiniz.<\/p>\n<p><a class=\"details\" title=\"Detaylar\" href=\"\/tr\/kurumsal\/kariyer\">Detaylar<\/a><\/p>\n<\/div>\n<\/div>\n<\/div>\n<\/div>\n","protected":false},"excerpt":{"rendered":"<p>Hakk\u0131m\u0131zda Nevita, nitelikli gayrimenkul yat\u0131r\u0131mlar\u0131n\u0131 geli\u015ftiren ve y\u00f6neten T\u00fcrkiye merkezli bir emlak yat\u0131r\u0131m \u015firketidir. Detaylar Neden Biz? Nevita, T\u00fcrkiye emlak piyasas\u0131nda g\u00fc\u00e7l\u00fc bir konuma ve gayrimenkul y\u00f6netiminde tam uzmanl\u0131\u011fa sahiptir. Detaylar Ekibimiz \u00c7ok k\u00fclt\u00fcrl\u00fc bir yap\u0131ya sahip olup, bir\u00e7ok farkl\u0131 \u00fclkeden geni\u015f bir ekibe sahibiz. Profesyonel, gen\u00e7 ve dinamik ekibimiz ile tan\u0131\u015f\u0131n! Detaylar M\u00fc\u015fteri G\u00f6r\u00fc\u015fleri Gayrimenkul hizmetlerimizin kalitesi hakk\u0131nda detayl\u0131 bilgi almak i\u00e7in m\u00fc\u015fteri g\u00f6r\u00fc\u015flerimizi ve referanslar\u0131m\u0131z\u0131 inceleyebilirsiniz. Detaylar Partnerlerimiz Nevita olarak yenilik\u00e7i \u00e7\u00f6z\u00fcmler ve hizmetler sunmak i\u00e7in yerel ve uluslararas\u0131 pazarda lider \u00e7\u00f6z\u00fcm ve teknoloji ortaklar\u0131yla \u00e7al\u0131\u015f\u0131yoruz. Detaylar Kariyer Nevita ruhunu ke\u015ffedin ve kariyer hamlenizi bug\u00fcn yap\u0131n! Nevita ailesinin [&hellip;]<\/p>\n","protected":false},"author":1,"featured_media":0,"parent":0,"menu_order":0,"comment_status":"closed","ping_status":"closed","template":"page-corporate.php","meta":{"inline_featured_image":false},"yoast_head":"<!-- This site is optimized with the Yoast SEO plugin v19.13 - https:\/\/yoast.com\/wordpress\/plugins\/seo\/ -->\n<title>Hakk\u0131m\u0131zda | Nevita \u00ae<\/title>\n<meta name=\"description\" content=\"Nevita \u00ae, nitelikli gayrimenkul yat\u0131r\u0131mlar\u0131na sahip olan, geli\u015ftiren ve y\u00f6neten T\u00fcrkiye merkezli gayrimenkul yat\u0131r\u0131m \u015firketidir.\" \/>\n<meta name=\"robots\" content=\"index, follow, max-snippet:-1, max-image-preview:large, max-video-preview:-1\" \/>\n<link rel=\"canonical\" href=\"https:\/\/www.nevitaint.com\/tr\/sirketimiz\/\" \/>\n<meta property=\"og:locale\" content=\"tr_TR\" \/>\n<meta property=\"og:type\" content=\"article\" \/>\n<meta property=\"og:title\" content=\"Hakk\u0131m\u0131zda | Nevita \u00ae\" \/>\n<meta property=\"og:description\" content=\"Nevita \u00ae, nitelikli gayrimenkul yat\u0131r\u0131mlar\u0131na sahip olan, geli\u015ftiren ve y\u00f6neten T\u00fcrkiye merkezli gayrimenkul yat\u0131r\u0131m \u015firketidir.\" \/>\n<meta property=\"og:url\" content=\"https:\/\/www.nevitaint.com\/tr\/sirketimiz\/\" \/>\n<meta property=\"og:site_name\" content=\"Nevita\" \/>\n<meta property=\"article:modified_time\" content=\"2023-02-17T11:50:47+00:00\" \/>\n<meta name=\"twitter:card\" content=\"summary_large_image\" \/>\n<meta name=\"twitter:label1\" content=\"Tahmini okuma s\u00fcresi\" \/>\n\t<meta name=\"twitter:data1\" content=\"1 dakika\" \/>\n<script type=\"application\/ld+json\" class=\"yoast-schema-graph\">{\"@context\":\"https:\/\/schema.org\",\"@graph\":[{\"@type\":\"WebPage\",\"@id\":\"https:\/\/www.nevitaint.com\/tr\/sirketimiz\/\",\"url\":\"https:\/\/www.nevitaint.com\/tr\/sirketimiz\/\",\"name\":\"Hakk\u0131m\u0131zda | Nevita \u00ae\",\"isPartOf\":{\"@id\":\"https:\/\/www.nevitaint.com\/tr\/#website\"},\"datePublished\":\"2021-12-08T11:23:47+00:00\",\"dateModified\":\"2023-02-17T11:50:47+00:00\",\"description\":\"Nevita \u00ae, nitelikli gayrimenkul yat\u0131r\u0131mlar\u0131na sahip olan, geli\u015ftiren ve y\u00f6neten T\u00fcrkiye merkezli gayrimenkul yat\u0131r\u0131m \u015firketidir.\",\"breadcrumb\":{\"@id\":\"https:\/\/www.nevitaint.com\/tr\/sirketimiz\/#breadcrumb\"},\"inLanguage\":\"tr\",\"potentialAction\":[{\"@type\":\"ReadAction\",\"target\":[\"https:\/\/www.nevitaint.com\/tr\/sirketimiz\/\"]}]},{\"@type\":\"BreadcrumbList\",\"@id\":\"https:\/\/www.nevitaint.com\/tr\/sirketimiz\/#breadcrumb\",\"itemListElement\":[{\"@type\":\"ListItem\",\"position\":1,\"name\":\"Homepage\",\"item\":\"https:\/\/www.nevitaint.com\/tr\/\"},{\"@type\":\"ListItem\",\"position\":2,\"name\":\"Kurumsal\"}]},{\"@type\":\"WebSite\",\"@id\":\"https:\/\/www.nevitaint.com\/tr\/#website\",\"url\":\"https:\/\/www.nevitaint.com\/tr\/\",\"name\":\"Nevita\",\"description\":\"\",\"publisher\":{\"@id\":\"https:\/\/www.nevitaint.com\/tr\/#organization\"},\"potentialAction\":[{\"@type\":\"SearchAction\",\"target\":{\"@type\":\"EntryPoint\",\"urlTemplate\":\"https:\/\/www.nevitaint.com\/tr\/?s={search_term_string}\"},\"query-input\":\"required name=search_term_string\"}],\"inLanguage\":\"tr\"},{\"@type\":\"Organization\",\"@id\":\"https:\/\/www.nevitaint.com\/tr\/#organization\",\"name\":\"T\u00fcrkiye\u2019de Sat\u0131l\u0131k Gayrimenkul \u0130lanlar\u0131 | Nevita\",\"url\":\"https:\/\/www.nevitaint.com\/tr\/\",\"logo\":{\"@type\":\"ImageObject\",\"inLanguage\":\"tr\",\"@id\":\"https:\/\/www.nevitaint.com\/tr\/#\/schema\/logo\/image\/\",\"url\":\"https:\/\/www.nevitaint.com\/wp-content\/uploads\/2021\/11\/nevita-logo.jpg\",\"contentUrl\":\"https:\/\/www.nevitaint.com\/wp-content\/uploads\/2021\/11\/nevita-logo.jpg\",\"width\":640,\"height\":200,\"caption\":\"T\u00fcrkiye\u2019de Sat\u0131l\u0131k Gayrimenkul \u0130lanlar\u0131 | Nevita\"},\"image\":{\"@id\":\"https:\/\/www.nevitaint.com\/tr\/#\/schema\/logo\/image\/\"}}]}<\/script>\n<!-- \/ Yoast SEO plugin. -->","yoast_head_json":{"title":"Hakk\u0131m\u0131zda | Nevita \u00ae","description":"Nevita \u00ae, nitelikli gayrimenkul yat\u0131r\u0131mlar\u0131na sahip olan, geli\u015ftiren ve y\u00f6neten T\u00fcrkiye merkezli gayrimenkul yat\u0131r\u0131m \u015firketidir.","robots":{"index":"index","follow":"follow","max-snippet":"max-snippet:-1","max-image-preview":"max-image-preview:large","max-video-preview":"max-video-preview:-1"},"canonical":"https:\/\/www.nevitaint.com\/tr\/sirketimiz\/","og_locale":"tr_TR","og_type":"article","og_title":"Hakk\u0131m\u0131zda | Nevita \u00ae","og_description":"Nevita \u00ae, nitelikli gayrimenkul yat\u0131r\u0131mlar\u0131na sahip olan, geli\u015ftiren ve y\u00f6neten T\u00fcrkiye merkezli gayrimenkul yat\u0131r\u0131m \u015firketidir.","og_url":"https:\/\/www.nevitaint.com\/tr\/sirketimiz\/","og_site_name":"Nevita","article_modified_time":"2023-02-17T11:50:47+00:00","twitter_card":"summary_large_image","twitter_misc":{"Tahmini okuma s\u00fcresi":"1 dakika"},"schema":{"@context":"https:\/\/schema.org","@graph":[{"@type":"WebPage","@id":"https:\/\/www.nevitaint.com\/tr\/sirketimiz\/","url":"https:\/\/www.nevitaint.com\/tr\/sirketimiz\/","name":"Hakk\u0131m\u0131zda | Nevita \u00ae","isPartOf":{"@id":"https:\/\/www.nevitaint.com\/tr\/#website"},"datePublished":"2021-12-08T11:23:47+00:00","dateModified":"2023-02-17T11:50:47+00:00","description":"Nevita \u00ae, nitelikli gayrimenkul yat\u0131r\u0131mlar\u0131na sahip olan, geli\u015ftiren ve y\u00f6neten T\u00fcrkiye merkezli gayrimenkul yat\u0131r\u0131m \u015firketidir.","breadcrumb":{"@id":"https:\/\/www.nevitaint.com\/tr\/sirketimiz\/#breadcrumb"},"inLanguage":"tr","potentialAction":[{"@type":"ReadAction","target":["https:\/\/www.nevitaint.com\/tr\/sirketimiz\/"]}]},{"@type":"BreadcrumbList","@id":"https:\/\/www.nevitaint.com\/tr\/sirketimiz\/#breadcrumb","itemListElement":[{"@type":"ListItem","position":1,"name":"Homepage","item":"https:\/\/www.nevitaint.com\/tr\/"},{"@type":"ListItem","position":2,"name":"Kurumsal"}]},{"@type":"WebSite","@id":"https:\/\/www.nevitaint.com\/tr\/#website","url":"https:\/\/www.nevitaint.com\/tr\/","name":"Nevita","description":"","publisher":{"@id":"https:\/\/www.nevitaint.com\/tr\/#organization"},"potentialAction":[{"@type":"SearchAction","target":{"@type":"EntryPoint","urlTemplate":"https:\/\/www.nevitaint.com\/tr\/?s={search_term_string}"},"query-input":"required name=search_term_string"}],"inLanguage":"tr"},{"@type":"Organization","@id":"https:\/\/www.nevitaint.com\/tr\/#organization","name":"T\u00fcrkiye\u2019de Sat\u0131l\u0131k Gayrimenkul \u0130lanlar\u0131 | Nevita","url":"https:\/\/www.nevitaint.com\/tr\/","logo":{"@type":"ImageObject","inLanguage":"tr","@id":"https:\/\/www.nevitaint.com\/tr\/#\/schema\/logo\/image\/","url":"https:\/\/www.nevitaint.com\/wp-content\/uploads\/2021\/11\/nevita-logo.jpg","contentUrl":"https:\/\/www.nevitaint.com\/wp-content\/uploads\/2021\/11\/nevita-logo.jpg","width":640,"height":200,"caption":"T\u00fcrkiye\u2019de Sat\u0131l\u0131k Gayrimenkul \u0130lanlar\u0131 | Nevita"},"image":{"@id":"https:\/\/www.nevitaint.com\/tr\/#\/schema\/logo\/image\/"}}]}},"_links":{"self":[{"href":"https:\/\/www.nevitaint.com\/tr\/wp-json\/wp\/v2\/pages\/40414"}],"collection":[{"href":"https:\/\/www.nevitaint.com\/tr\/wp-json\/wp\/v2\/pages"}],"about":[{"href":"https:\/\/www.nevitaint.com\/tr\/wp-json\/wp\/v2\/types\/page"}],"author":[{"embeddable":true,"href":"https:\/\/www.nevitaint.com\/tr\/wp-json\/wp\/v2\/users\/1"}],"replies":[{"embeddable":true,"href":"https:\/\/www.nevitaint.com\/tr\/wp-json\/wp\/v2\/comments?post=40414"}],"version-history":[{"count":18,"href":"https:\/\/www.nevitaint.com\/tr\/wp-json\/wp\/v2\/pages\/40414\/revisions"}],"predecessor-version":[{"id":56507,"href":"https:\/\/www.nevitaint.com\/tr\/wp-json\/wp\/v2\/pages\/40414\/revisions\/56507"}],"wp:attachment":[{"href":"https:\/\/www.nevitaint.com\/tr\/wp-json\/wp\/v2\/media?parent=40414"}],"curies":[{"name":"wp","href":"https:\/\/api.w.org\/{rel}","templated":true}]}}