{"id":42910,"date":"2022-02-02T00:39:36","date_gmt":"2022-02-01T21:39:36","guid":{"rendered":"https:\/\/www.nevitaint.com\/contact\/"},"modified":"2024-02-01T16:45:54","modified_gmt":"2024-02-01T13:45:54","slug":"iletisim","status":"publish","type":"page","link":"https:\/\/www.nevitaint.com\/tr\/iletisim\/","title":{"rendered":"\u0130leti\u015fim"},"content":{"rendered":"<section class=\"wpb-content-wrapper\"><p>[vc_row content_placement=&#8221;middle&#8221;][vc_column width=&#8221;1\/2&#8243;][vc_custom_heading text=&#8221;\u0130stanbul Merkez Ofis&#8221; use_theme_fonts=&#8221;yes&#8221; css=&#8221;.vc_custom_1643752596838{padding-bottom: 30px !important;}&#8221;][vc_column_text]<strong>Adres:<\/strong> Ak\u015femsettin Mah.\u00d6ks\u00fczce Hatip Sok. No:27\/A Fatih \/ \u0130stanbul<\/p>\n<p><strong>Sabit Hat:<\/strong> <a href=\"tel:+902124016910\">+90 212 401 69 10<\/a><\/p>\n<p><strong>E-Mail:<\/strong> <a href=\"mailto:info@nevita.com.tr\">info@nevita.com.tr<\/a>[\/vc_column_text][\/vc_column][vc_column width=&#8221;1\/2&#8243;][vc_gmaps link=&#8221;#E-8_JTNDaWZyYW1lJTIwc3JjJTNEJTIyaHR0cHMlM0ElMkYlMkZ3d3cuZ29vZ2xlLmNvbSUyRm1hcHMlMkZlbWJlZCUzRnBiJTNEJTIxMW0xOCUyMTFtMTIlMjExbTMlMjExZDMwMTAuNDIwOTM1MTkxMzI3OCUyMTJkMjguOTM3NTcxOTgxOTkwNTIzJTIxM2Q0MS4wMTYwNDU4OTc0NzU4NCUyMTJtMyUyMTFmMCUyMTJmMCUyMTNmMCUyMTNtMiUyMTFpMTAyNCUyMTJpNzY4JTIxNGYxMy4xJTIxM20zJTIxMW0yJTIxMXMweDE0Y2FiYjVlMjA0NzcxYzUlMjUzQTB4NTU3YWNkN2EzYTYzOGI3JTIxMnpSblY2ZFd3Z1ZHOXdjbUZyZEdGdUlFZGxibVZzSUUzRHZHVER2SEpzdzd4ciUyMTVlMCUyMTNtMiUyMTFzdHIlMjEyc3RyJTIxNHYxNzA2Nzk0NDk1NjkwJTIxNW0yJTIxMXN0ciUyMTJzdHIlMjIlMjB3aWR0aCUzRCUyMjYwMCUyMiUyMGhlaWdodCUzRCUyMjQ1MCUyMiUyMHN0eWxlJTNEJTIyYm9yZGVyJTNBMCUzQiUyMiUyMGFsbG93ZnVsbHNjcmVlbiUzRCUyMiUyMiUyMGxvYWRpbmclM0QlMjJsYXp5JTIyJTIwcmVmZXJyZXJwb2xpY3klM0QlMjJuby1yZWZlcnJlci13aGVuLWRvd25ncmFkZSUyMiUzRSUzQyUyRmlmcmFtZSUzRQ==&#8221;][\/vc_column][\/vc_row][vc_row full_width=&#8221;stretch_row&#8221; content_placement=&#8221;middle&#8221; css=&#8221;.vc_custom_1695458538040{background-color: #f9f9f9 !important;}&#8221;][vc_column width=&#8221;1\/2&#8243;][vc_custom_heading text=&#8221;\u0130zmir \u015eubesi&#8221; use_theme_fonts=&#8221;yes&#8221; css=&#8221;.vc_custom_1676985231633{padding-bottom: 30px !important;}&#8221;][vc_column_text]<strong>Adres:\u00a0<\/strong>Umurbey, \u0130\u015f\u00e7iler Cd. NO:117, 35230 Konak\/\u0130zmir<\/p>\n<p><strong>Telefon:<\/strong> \u00a0<a href=\"tel:+902124016910\">+90 212 401 69 10<\/a>[\/vc_column_text][\/vc_column][vc_column width=&#8221;1\/2&#8243;][vc_gmaps link=&#8221;#E-8_JTNDaWZyYW1lJTIwc3JjJTNEJTIyaHR0cHMlM0ElMkYlMkZ3d3cuZ29vZ2xlLmNvbSUyRm1hcHMlMkZlbWJlZCUzRnBiJTNEJTIxMW0xOCUyMTFtMTIlMjExbTMlMjExZDE1NjIuNjUzOTgwNjIxOTIzMiUyMTJkMjcuMTU0MTU1MDE0NTk4MjclMjEzZDM4LjQzNDM1NTA0NzgxMjIwNCUyMTJtMyUyMTFmMCUyMTJmMCUyMTNmMCUyMTNtMiUyMTFpMTAyNCUyMTJpNzY4JTIxNGYxMy4xJTIxM20zJTIxMW0yJTIxMXMweDE0YmJkODY2NjVmNGE1YmYlMjUzQTB4NzU4ZGY3ZjFjNzA2ODE2MCUyMTJ6VlcxMWNtSmxlU3dneExERm44T25hV3hsY2lCRFpDNGdUazg2TVRFM0xDQXpOVEl6TUNCTGIyNWhheV9Fc0hwdGFYSSUyMTVlMCUyMTNtMiUyMTFzZW4lMjEyc3RyJTIxNHYxNjgwNjA4MTcxNjg5JTIxNW0yJTIxMXNlbiUyMTJzdHIlMjIlMjB3aWR0aCUzRCUyMjYwMCUyMiUyMGhlaWdodCUzRCUyMjM1MCUyMiUyMHN0eWxlJTNEJTIyYm9yZGVyJTNBMCUzQiUyMiUyMGFsbG93ZnVsbHNjcmVlbiUzRCUyMiUyMiUyMGxvYWRpbmclM0QlMjJsYXp5JTIyJTIwcmVmZXJyZXJwb2xpY3klM0QlMjJuby1yZWZlcnJlci13aGVuLWRvd25ncmFkZSUyMiUzRSUzQyUyRmlmcmFtZSUzRQ==&#8221;][\/vc_column][\/vc_row][vc_row full_width=&#8221;stretch_row&#8221; css=&#8221;.vc_custom_1643752083978{padding-top: 60px !important;padding-bottom: 60px !important;background-color: #f9f9f9 !important;}&#8221;][vc_column][vc_row_inner css=&#8221;.vc_custom_1676986291521{background-color: #ffffff !important;}&#8221;][vc_column_inner][vc_custom_heading text=&#8221;\u0130leti\u015fim Formu&#8221; use_theme_fonts=&#8221;yes&#8221; css=&#8221;.vc_custom_1643752632411{padding-bottom: 30px !important;}&#8221;]<div class=\"wpcf7 no-js\" id=\"wpcf7-f42906-o1\" lang=\"en-US\" dir=\"ltr\">\n<div class=\"screen-reader-response\"><p role=\"status\" aria-live=\"polite\" aria-atomic=\"true\"><\/p> <ul><\/ul><\/div>\n<form action=\"\/tr\/wp-json\/wp\/v2\/pages\/42910#wpcf7-f42906-o1\" method=\"post\" class=\"wpcf7-form init\" aria-label=\"Contact form\" novalidate=\"novalidate\" data-status=\"init\">\n<div style=\"display: none;\">\n<input type=\"hidden\" name=\"_wpcf7\" value=\"42906\" \/>\n<input type=\"hidden\" name=\"_wpcf7_version\" value=\"5.7.1\" \/>\n<input type=\"hidden\" name=\"_wpcf7_locale\" value=\"en_US\" \/>\n<input type=\"hidden\" name=\"_wpcf7_unit_tag\" value=\"wpcf7-f42906-o1\" \/>\n<input type=\"hidden\" name=\"_wpcf7_container_post\" value=\"0\" \/>\n<input type=\"hidden\" name=\"_wpcf7_posted_data_hash\" value=\"\" \/>\n<\/div>\n<div id=\"contact-form\">\n\t<p><span class=\"wpcf7-form-control-wrap\" data-name=\"your-name\"><input size=\"40\" class=\"wpcf7-form-control wpcf7-text wpcf7-validates-as-required\" aria-required=\"true\" aria-invalid=\"false\" placeholder=\"Name\" value=\"\" type=\"text\" name=\"your-name\" \/><\/span><br \/>\n<span class=\"wpcf7-form-control-wrap\" data-name=\"your-email\"><input size=\"40\" class=\"wpcf7-form-control wpcf7-text wpcf7-validates-as-required\" aria-required=\"true\" aria-invalid=\"false\" placeholder=\"E-mail\" value=\"\" type=\"text\" name=\"your-email\" \/><\/span><br \/>\n<span class=\"wpcf7-form-control-wrap\" data-name=\"your-message\"><textarea cols=\"40\" rows=\"10\" class=\"wpcf7-form-control wpcf7-textarea\" aria-invalid=\"false\" placeholder=\"Message\" name=\"your-message\"><\/textarea><\/span><br \/>\n<input class=\"wpcf7-form-control has-spinner wpcf7-submit send_message transition\" type=\"submit\" value=\"Send\" \/>\n\t<\/p>\n<\/div><div class=\"wpcf7-response-output\" aria-hidden=\"true\"><\/div><\/form><\/div>[\/vc_column_inner][\/vc_row_inner][\/vc_column][\/vc_row]<\/p>\n<\/section>","protected":false},"excerpt":{"rendered":"<p>[vc_row content_placement=&#8221;middle&#8221;][vc_column width=&#8221;1\/2&#8243;][vc_custom_heading text=&#8221;\u0130stanbul Merkez Ofis&#8221; use_theme_fonts=&#8221;yes&#8221; css=&#8221;.vc_custom_1643752596838{padding-bottom: 30px !important;}&#8221;][vc_column_text]Adres: Ak\u015femsettin Mah.\u00d6ks\u00fczce Hatip Sok. No:27\/A Fatih \/ \u0130stanbul Sabit Hat: +90 212 401 69 10 E-Mail: info@nevita.com.tr[\/vc_column_text][\/vc_column][vc_column width=&#8221;1\/2&#8243;][vc_gmaps link=&#8221;#E-8_JTNDaWZyYW1lJTIwc3JjJTNEJTIyaHR0cHMlM0ElMkYlMkZ3d3cuZ29vZ2xlLmNvbSUyRm1hcHMlMkZlbWJlZCUzRnBiJTNEJTIxMW0xOCUyMTFtMTIlMjExbTMlMjExZDMwMTAuNDIwOTM1MTkxMzI3OCUyMTJkMjguOTM3NTcxOTgxOTkwNTIzJTIxM2Q0MS4wMTYwNDU4OTc0NzU4NCUyMTJtMyUyMTFmMCUyMTJmMCUyMTNmMCUyMTNtMiUyMTFpMTAyNCUyMTJpNzY4JTIxNGYxMy4xJTIxM20zJTIxMW0yJTIxMXMweDE0Y2FiYjVlMjA0NzcxYzUlMjUzQTB4NTU3YWNkN2EzYTYzOGI3JTIxMnpSblY2ZFd3Z1ZHOXdjbUZyZEdGdUlFZGxibVZzSUUzRHZHVER2SEpzdzd4ciUyMTVlMCUyMTNtMiUyMTFzdHIlMjEyc3RyJTIxNHYxNzA2Nzk0NDk1NjkwJTIxNW0yJTIxMXN0ciUyMTJzdHIlMjIlMjB3aWR0aCUzRCUyMjYwMCUyMiUyMGhlaWdodCUzRCUyMjQ1MCUyMiUyMHN0eWxlJTNEJTIyYm9yZGVyJTNBMCUzQiUyMiUyMGFsbG93ZnVsbHNjcmVlbiUzRCUyMiUyMiUyMGxvYWRpbmclM0QlMjJsYXp5JTIyJTIwcmVmZXJyZXJwb2xpY3klM0QlMjJuby1yZWZlcnJlci13aGVuLWRvd25ncmFkZSUyMiUzRSUzQyUyRmlmcmFtZSUzRQ==&#8221;][\/vc_column][\/vc_row][vc_row full_width=&#8221;stretch_row&#8221; content_placement=&#8221;middle&#8221; css=&#8221;.vc_custom_1695458538040{background-color: #f9f9f9 !important;}&#8221;][vc_column width=&#8221;1\/2&#8243;][vc_custom_heading text=&#8221;\u0130zmir \u015eubesi&#8221; use_theme_fonts=&#8221;yes&#8221; css=&#8221;.vc_custom_1676985231633{padding-bottom: 30px !important;}&#8221;][vc_column_text]Adres:\u00a0Umurbey, \u0130\u015f\u00e7iler Cd. NO:117, 35230 Konak\/\u0130zmir Telefon: \u00a0+90 212 401 69 10[\/vc_column_text][\/vc_column][vc_column width=&#8221;1\/2&#8243;][vc_gmaps link=&#8221;#E-8_JTNDaWZyYW1lJTIwc3JjJTNEJTIyaHR0cHMlM0ElMkYlMkZ3d3cuZ29vZ2xlLmNvbSUyRm1hcHMlMkZlbWJlZCUzRnBiJTNEJTIxMW0xOCUyMTFtMTIlMjExbTMlMjExZDE1NjIuNjUzOTgwNjIxOTIzMiUyMTJkMjcuMTU0MTU1MDE0NTk4MjclMjEzZDM4LjQzNDM1NTA0NzgxMjIwNCUyMTJtMyUyMTFmMCUyMTJmMCUyMTNmMCUyMTNtMiUyMTFpMTAyNCUyMTJpNzY4JTIxNGYxMy4xJTIxM20zJTIxMW0yJTIxMXMweDE0YmJkODY2NjVmNGE1YmYlMjUzQTB4NzU4ZGY3ZjFjNzA2ODE2MCUyMTJ6VlcxMWNtSmxlU3dneExERm44T25hV3hsY2lCRFpDNGdUazg2TVRFM0xDQXpOVEl6TUNCTGIyNWhheV9Fc0hwdGFYSSUyMTVlMCUyMTNtMiUyMTFzZW4lMjEyc3RyJTIxNHYxNjgwNjA4MTcxNjg5JTIxNW0yJTIxMXNlbiUyMTJzdHIlMjIlMjB3aWR0aCUzRCUyMjYwMCUyMiUyMGhlaWdodCUzRCUyMjM1MCUyMiUyMHN0eWxlJTNEJTIyYm9yZGVyJTNBMCUzQiUyMiUyMGFsbG93ZnVsbHNjcmVlbiUzRCUyMiUyMiUyMGxvYWRpbmclM0QlMjJsYXp5JTIyJTIwcmVmZXJyZXJwb2xpY3klM0QlMjJuby1yZWZlcnJlci13aGVuLWRvd25ncmFkZSUyMiUzRSUzQyUyRmlmcmFtZSUzRQ==&#8221;][\/vc_column][\/vc_row][vc_row full_width=&#8221;stretch_row&#8221; css=&#8221;.vc_custom_1643752083978{padding-top: 60px !important;padding-bottom: 60px !important;background-color: #f9f9f9 !important;}&#8221;][vc_column][vc_row_inner css=&#8221;.vc_custom_1676986291521{background-color: #ffffff !important;}&#8221;][vc_column_inner][vc_custom_heading text=&#8221;\u0130leti\u015fim Formu&#8221; use_theme_fonts=&#8221;yes&#8221; css=&#8221;.vc_custom_1643752632411{padding-bottom: 30px !important;}&#8221;][\/vc_column_inner][\/vc_row_inner][\/vc_column][\/vc_row]<\/p>\n","protected":false},"author":1,"featured_media":0,"parent":0,"menu_order":0,"comment_status":"closed","ping_status":"closed","template":"iletisim.php","meta":{"inline_featured_image":false},"yoast_head":"<!-- This site is optimized with the Yoast SEO plugin v19.13 - https:\/\/yoast.com\/wordpress\/plugins\/seo\/ -->\n<title>\u0130leti\u015fim Bilgilerimiz | Nevita<\/title>\n<meta name=\"description\" content=\"T\u00fcrkiye emlak pazar\u0131n\u0131n lideri Nevita ile ileti\u015fime ge\u00e7mek i\u00e7in hemen t\u0131klay\u0131n!\" \/>\n<meta name=\"robots\" content=\"index, follow, max-snippet:-1, max-image-preview:large, max-video-preview:-1\" \/>\n<link rel=\"canonical\" href=\"https:\/\/www.nevitaint.com\/tr\/iletisim\/\" \/>\n<meta property=\"og:locale\" content=\"tr_TR\" \/>\n<meta property=\"og:type\" content=\"article\" \/>\n<meta property=\"og:title\" content=\"\u0130leti\u015fim Bilgilerimiz | Nevita\" \/>\n<meta property=\"og:description\" content=\"T\u00fcrkiye emlak pazar\u0131n\u0131n lideri Nevita ile ileti\u015fime ge\u00e7mek i\u00e7in hemen t\u0131klay\u0131n!\" \/>\n<meta property=\"og:url\" content=\"https:\/\/www.nevitaint.com\/tr\/iletisim\/\" \/>\n<meta property=\"og:site_name\" content=\"Nevita\" \/>\n<meta property=\"article:modified_time\" content=\"2024-02-01T13:45:54+00:00\" \/>\n<meta name=\"twitter:card\" content=\"summary_large_image\" \/>\n<meta name=\"twitter:label1\" content=\"Tahmini okuma s\u00fcresi\" \/>\n\t<meta name=\"twitter:data1\" content=\"1 dakika\" \/>\n<script type=\"application\/ld+json\" class=\"yoast-schema-graph\">{\"@context\":\"https:\/\/schema.org\",\"@graph\":[{\"@type\":\"WebPage\",\"@id\":\"https:\/\/www.nevitaint.com\/tr\/iletisim\/\",\"url\":\"https:\/\/www.nevitaint.com\/tr\/iletisim\/\",\"name\":\"\u0130leti\u015fim Bilgilerimiz | Nevita\",\"isPartOf\":{\"@id\":\"https:\/\/www.nevitaint.com\/tr\/#website\"},\"datePublished\":\"2022-02-01T21:39:36+00:00\",\"dateModified\":\"2024-02-01T13:45:54+00:00\",\"description\":\"T\u00fcrkiye emlak pazar\u0131n\u0131n lideri Nevita ile ileti\u015fime ge\u00e7mek i\u00e7in hemen t\u0131klay\u0131n!\",\"breadcrumb\":{\"@id\":\"https:\/\/www.nevitaint.com\/tr\/iletisim\/#breadcrumb\"},\"inLanguage\":\"tr\",\"potentialAction\":[{\"@type\":\"ReadAction\",\"target\":[\"https:\/\/www.nevitaint.com\/tr\/iletisim\/\"]}]},{\"@type\":\"BreadcrumbList\",\"@id\":\"https:\/\/www.nevitaint.com\/tr\/iletisim\/#breadcrumb\",\"itemListElement\":[{\"@type\":\"ListItem\",\"position\":1,\"name\":\"Homepage\",\"item\":\"https:\/\/www.nevitaint.com\/tr\/\"},{\"@type\":\"ListItem\",\"position\":2,\"name\":\"\u0130leti\u015fim\"}]},{\"@type\":\"WebSite\",\"@id\":\"https:\/\/www.nevitaint.com\/tr\/#website\",\"url\":\"https:\/\/www.nevitaint.com\/tr\/\",\"name\":\"Nevita\",\"description\":\"\",\"publisher\":{\"@id\":\"https:\/\/www.nevitaint.com\/tr\/#organization\"},\"potentialAction\":[{\"@type\":\"SearchAction\",\"target\":{\"@type\":\"EntryPoint\",\"urlTemplate\":\"https:\/\/www.nevitaint.com\/tr\/?s={search_term_string}\"},\"query-input\":\"required name=search_term_string\"}],\"inLanguage\":\"tr\"},{\"@type\":\"Organization\",\"@id\":\"https:\/\/www.nevitaint.com\/tr\/#organization\",\"name\":\"T\u00fcrkiye\u2019de Sat\u0131l\u0131k Gayrimenkul \u0130lanlar\u0131 | Nevita\",\"url\":\"https:\/\/www.nevitaint.com\/tr\/\",\"logo\":{\"@type\":\"ImageObject\",\"inLanguage\":\"tr\",\"@id\":\"https:\/\/www.nevitaint.com\/tr\/#\/schema\/logo\/image\/\",\"url\":\"https:\/\/www.nevitaint.com\/wp-content\/uploads\/2021\/11\/nevita-logo.jpg\",\"contentUrl\":\"https:\/\/www.nevitaint.com\/wp-content\/uploads\/2021\/11\/nevita-logo.jpg\",\"width\":640,\"height\":200,\"caption\":\"T\u00fcrkiye\u2019de Sat\u0131l\u0131k Gayrimenkul \u0130lanlar\u0131 | Nevita\"},\"image\":{\"@id\":\"https:\/\/www.nevitaint.com\/tr\/#\/schema\/logo\/image\/\"}}]}<\/script>\n<!-- \/ Yoast SEO plugin. -->","yoast_head_json":{"title":"\u0130leti\u015fim Bilgilerimiz | Nevita","description":"T\u00fcrkiye emlak pazar\u0131n\u0131n lideri Nevita ile ileti\u015fime ge\u00e7mek i\u00e7in hemen t\u0131klay\u0131n!","robots":{"index":"index","follow":"follow","max-snippet":"max-snippet:-1","max-image-preview":"max-image-preview:large","max-video-preview":"max-video-preview:-1"},"canonical":"https:\/\/www.nevitaint.com\/tr\/iletisim\/","og_locale":"tr_TR","og_type":"article","og_title":"\u0130leti\u015fim Bilgilerimiz | Nevita","og_description":"T\u00fcrkiye emlak pazar\u0131n\u0131n lideri Nevita ile ileti\u015fime ge\u00e7mek i\u00e7in hemen t\u0131klay\u0131n!","og_url":"https:\/\/www.nevitaint.com\/tr\/iletisim\/","og_site_name":"Nevita","article_modified_time":"2024-02-01T13:45:54+00:00","twitter_card":"summary_large_image","twitter_misc":{"Tahmini okuma s\u00fcresi":"1 dakika"},"schema":{"@context":"https:\/\/schema.org","@graph":[{"@type":"WebPage","@id":"https:\/\/www.nevitaint.com\/tr\/iletisim\/","url":"https:\/\/www.nevitaint.com\/tr\/iletisim\/","name":"\u0130leti\u015fim Bilgilerimiz | Nevita","isPartOf":{"@id":"https:\/\/www.nevitaint.com\/tr\/#website"},"datePublished":"2022-02-01T21:39:36+00:00","dateModified":"2024-02-01T13:45:54+00:00","description":"T\u00fcrkiye emlak pazar\u0131n\u0131n lideri Nevita ile ileti\u015fime ge\u00e7mek i\u00e7in hemen t\u0131klay\u0131n!","breadcrumb":{"@id":"https:\/\/www.nevitaint.com\/tr\/iletisim\/#breadcrumb"},"inLanguage":"tr","potentialAction":[{"@type":"ReadAction","target":["https:\/\/www.nevitaint.com\/tr\/iletisim\/"]}]},{"@type":"BreadcrumbList","@id":"https:\/\/www.nevitaint.com\/tr\/iletisim\/#breadcrumb","itemListElement":[{"@type":"ListItem","position":1,"name":"Homepage","item":"https:\/\/www.nevitaint.com\/tr\/"},{"@type":"ListItem","position":2,"name":"\u0130leti\u015fim"}]},{"@type":"WebSite","@id":"https:\/\/www.nevitaint.com\/tr\/#website","url":"https:\/\/www.nevitaint.com\/tr\/","name":"Nevita","description":"","publisher":{"@id":"https:\/\/www.nevitaint.com\/tr\/#organization"},"potentialAction":[{"@type":"SearchAction","target":{"@type":"EntryPoint","urlTemplate":"https:\/\/www.nevitaint.com\/tr\/?s={search_term_string}"},"query-input":"required name=search_term_string"}],"inLanguage":"tr"},{"@type":"Organization","@id":"https:\/\/www.nevitaint.com\/tr\/#organization","name":"T\u00fcrkiye\u2019de Sat\u0131l\u0131k Gayrimenkul \u0130lanlar\u0131 | Nevita","url":"https:\/\/www.nevitaint.com\/tr\/","logo":{"@type":"ImageObject","inLanguage":"tr","@id":"https:\/\/www.nevitaint.com\/tr\/#\/schema\/logo\/image\/","url":"https:\/\/www.nevitaint.com\/wp-content\/uploads\/2021\/11\/nevita-logo.jpg","contentUrl":"https:\/\/www.nevitaint.com\/wp-content\/uploads\/2021\/11\/nevita-logo.jpg","width":640,"height":200,"caption":"T\u00fcrkiye\u2019de Sat\u0131l\u0131k Gayrimenkul \u0130lanlar\u0131 | Nevita"},"image":{"@id":"https:\/\/www.nevitaint.com\/tr\/#\/schema\/logo\/image\/"}}]}},"_links":{"self":[{"href":"https:\/\/www.nevitaint.com\/tr\/wp-json\/wp\/v2\/pages\/42910"}],"collection":[{"href":"https:\/\/www.nevitaint.com\/tr\/wp-json\/wp\/v2\/pages"}],"about":[{"href":"https:\/\/www.nevitaint.com\/tr\/wp-json\/wp\/v2\/types\/page"}],"author":[{"embeddable":true,"href":"https:\/\/www.nevitaint.com\/tr\/wp-json\/wp\/v2\/users\/1"}],"replies":[{"embeddable":true,"href":"https:\/\/www.nevitaint.com\/tr\/wp-json\/wp\/v2\/comments?post=42910"}],"version-history":[{"count":31,"href":"https:\/\/www.nevitaint.com\/tr\/wp-json\/wp\/v2\/pages\/42910\/revisions"}],"predecessor-version":[{"id":61918,"href":"https:\/\/www.nevitaint.com\/tr\/wp-json\/wp\/v2\/pages\/42910\/revisions\/61918"}],"wp:attachment":[{"href":"https:\/\/www.nevitaint.com\/tr\/wp-json\/wp\/v2\/media?parent=42910"}],"curies":[{"name":"wp","href":"https:\/\/api.w.org\/{rel}","templated":true}]}}