{"id":55984,"date":"2023-01-30T13:47:20","date_gmt":"2023-01-30T10:47:20","guid":{"rendered":"https:\/\/www.nevitaint.com\/luxury\/"},"modified":"2023-02-17T12:56:07","modified_gmt":"2023-02-17T09:56:07","slug":"luxury","status":"publish","type":"page","link":"https:\/\/www.nevitaint.com\/tr\/luxury\/","title":{"rendered":"L\u00fcks"},"content":{"rendered":"","protected":false},"excerpt":{"rendered":"","protected":false},"author":1,"featured_media":0,"parent":0,"menu_order":0,"comment_status":"closed","ping_status":"closed","template":"luxury.php","meta":{"inline_featured_image":false},"yoast_head":"<!-- This site is optimized with the Yoast SEO plugin v19.13 - https:\/\/yoast.com\/wordpress\/plugins\/seo\/ -->\n<title>T\u00fcrkiye L\u00fcks Gayrimenkul Projeleri | Nevita \u00ae<\/title>\n<meta name=\"description\" content=\"T\u00fcrkiye&#039;de devam eden l\u00fcks gayrimenkul projeleri hakk\u0131nda detayl\u0131 bilgi almak i\u00e7in hemen nevitaint.com&#039;u ziyaret edebilirsiniz!\" \/>\n<meta name=\"robots\" content=\"index, follow, max-snippet:-1, max-image-preview:large, max-video-preview:-1\" \/>\n<link rel=\"canonical\" href=\"https:\/\/www.nevitaint.com\/tr\/luxury\/\" \/>\n<meta property=\"og:locale\" content=\"tr_TR\" \/>\n<meta property=\"og:type\" content=\"article\" \/>\n<meta property=\"og:title\" content=\"T\u00fcrkiye L\u00fcks Gayrimenkul Projeleri | Nevita \u00ae\" \/>\n<meta property=\"og:description\" content=\"T\u00fcrkiye&#039;de devam eden l\u00fcks gayrimenkul projeleri hakk\u0131nda detayl\u0131 bilgi almak i\u00e7in hemen nevitaint.com&#039;u ziyaret edebilirsiniz!\" \/>\n<meta property=\"og:url\" content=\"https:\/\/www.nevitaint.com\/tr\/luxury\/\" \/>\n<meta property=\"og:site_name\" content=\"Nevita\" \/>\n<meta property=\"article:modified_time\" content=\"2023-02-17T09:56:07+00:00\" \/>\n<meta name=\"twitter:card\" content=\"summary_large_image\" \/>\n<script type=\"application\/ld+json\" class=\"yoast-schema-graph\">{\"@context\":\"https:\/\/schema.org\",\"@graph\":[{\"@type\":\"WebPage\",\"@id\":\"https:\/\/www.nevitaint.com\/tr\/luxury\/\",\"url\":\"https:\/\/www.nevitaint.com\/tr\/luxury\/\",\"name\":\"T\u00fcrkiye L\u00fcks Gayrimenkul Projeleri | Nevita \u00ae\",\"isPartOf\":{\"@id\":\"https:\/\/www.nevitaint.com\/tr\/#website\"},\"datePublished\":\"2023-01-30T10:47:20+00:00\",\"dateModified\":\"2023-02-17T09:56:07+00:00\",\"description\":\"T\u00fcrkiye'de devam eden l\u00fcks gayrimenkul projeleri hakk\u0131nda detayl\u0131 bilgi almak i\u00e7in hemen nevitaint.com'u ziyaret edebilirsiniz!\",\"breadcrumb\":{\"@id\":\"https:\/\/www.nevitaint.com\/tr\/luxury\/#breadcrumb\"},\"inLanguage\":\"tr\",\"potentialAction\":[{\"@type\":\"ReadAction\",\"target\":[\"https:\/\/www.nevitaint.com\/tr\/luxury\/\"]}]},{\"@type\":\"BreadcrumbList\",\"@id\":\"https:\/\/www.nevitaint.com\/tr\/luxury\/#breadcrumb\",\"itemListElement\":[{\"@type\":\"ListItem\",\"position\":1,\"name\":\"Homepage\",\"item\":\"https:\/\/www.nevitaint.com\/tr\/\"},{\"@type\":\"ListItem\",\"position\":2,\"name\":\"L\u00fcks\"}]},{\"@type\":\"WebSite\",\"@id\":\"https:\/\/www.nevitaint.com\/tr\/#website\",\"url\":\"https:\/\/www.nevitaint.com\/tr\/\",\"name\":\"Nevita\",\"description\":\"\",\"publisher\":{\"@id\":\"https:\/\/www.nevitaint.com\/tr\/#organization\"},\"potentialAction\":[{\"@type\":\"SearchAction\",\"target\":{\"@type\":\"EntryPoint\",\"urlTemplate\":\"https:\/\/www.nevitaint.com\/tr\/?s={search_term_string}\"},\"query-input\":\"required name=search_term_string\"}],\"inLanguage\":\"tr\"},{\"@type\":\"Organization\",\"@id\":\"https:\/\/www.nevitaint.com\/tr\/#organization\",\"name\":\"T\u00fcrkiye\u2019de Sat\u0131l\u0131k Gayrimenkul \u0130lanlar\u0131 | Nevita\",\"url\":\"https:\/\/www.nevitaint.com\/tr\/\",\"logo\":{\"@type\":\"ImageObject\",\"inLanguage\":\"tr\",\"@id\":\"https:\/\/www.nevitaint.com\/tr\/#\/schema\/logo\/image\/\",\"url\":\"https:\/\/www.nevitaint.com\/wp-content\/uploads\/2021\/11\/nevita-logo.jpg\",\"contentUrl\":\"https:\/\/www.nevitaint.com\/wp-content\/uploads\/2021\/11\/nevita-logo.jpg\",\"width\":640,\"height\":200,\"caption\":\"T\u00fcrkiye\u2019de Sat\u0131l\u0131k Gayrimenkul \u0130lanlar\u0131 | Nevita\"},\"image\":{\"@id\":\"https:\/\/www.nevitaint.com\/tr\/#\/schema\/logo\/image\/\"}}]}<\/script>\n<!-- \/ Yoast SEO plugin. -->","yoast_head_json":{"title":"T\u00fcrkiye L\u00fcks Gayrimenkul Projeleri | Nevita \u00ae","description":"T\u00fcrkiye'de devam eden l\u00fcks gayrimenkul projeleri hakk\u0131nda detayl\u0131 bilgi almak i\u00e7in hemen nevitaint.com'u ziyaret edebilirsiniz!","robots":{"index":"index","follow":"follow","max-snippet":"max-snippet:-1","max-image-preview":"max-image-preview:large","max-video-preview":"max-video-preview:-1"},"canonical":"https:\/\/www.nevitaint.com\/tr\/luxury\/","og_locale":"tr_TR","og_type":"article","og_title":"T\u00fcrkiye L\u00fcks Gayrimenkul Projeleri | Nevita \u00ae","og_description":"T\u00fcrkiye'de devam eden l\u00fcks gayrimenkul projeleri hakk\u0131nda detayl\u0131 bilgi almak i\u00e7in hemen nevitaint.com'u ziyaret edebilirsiniz!","og_url":"https:\/\/www.nevitaint.com\/tr\/luxury\/","og_site_name":"Nevita","article_modified_time":"2023-02-17T09:56:07+00:00","twitter_card":"summary_large_image","schema":{"@context":"https:\/\/schema.org","@graph":[{"@type":"WebPage","@id":"https:\/\/www.nevitaint.com\/tr\/luxury\/","url":"https:\/\/www.nevitaint.com\/tr\/luxury\/","name":"T\u00fcrkiye L\u00fcks Gayrimenkul Projeleri | Nevita \u00ae","isPartOf":{"@id":"https:\/\/www.nevitaint.com\/tr\/#website"},"datePublished":"2023-01-30T10:47:20+00:00","dateModified":"2023-02-17T09:56:07+00:00","description":"T\u00fcrkiye'de devam eden l\u00fcks gayrimenkul projeleri hakk\u0131nda detayl\u0131 bilgi almak i\u00e7in hemen nevitaint.com'u ziyaret edebilirsiniz!","breadcrumb":{"@id":"https:\/\/www.nevitaint.com\/tr\/luxury\/#breadcrumb"},"inLanguage":"tr","potentialAction":[{"@type":"ReadAction","target":["https:\/\/www.nevitaint.com\/tr\/luxury\/"]}]},{"@type":"BreadcrumbList","@id":"https:\/\/www.nevitaint.com\/tr\/luxury\/#breadcrumb","itemListElement":[{"@type":"ListItem","position":1,"name":"Homepage","item":"https:\/\/www.nevitaint.com\/tr\/"},{"@type":"ListItem","position":2,"name":"L\u00fcks"}]},{"@type":"WebSite","@id":"https:\/\/www.nevitaint.com\/tr\/#website","url":"https:\/\/www.nevitaint.com\/tr\/","name":"Nevita","description":"","publisher":{"@id":"https:\/\/www.nevitaint.com\/tr\/#organization"},"potentialAction":[{"@type":"SearchAction","target":{"@type":"EntryPoint","urlTemplate":"https:\/\/www.nevitaint.com\/tr\/?s={search_term_string}"},"query-input":"required name=search_term_string"}],"inLanguage":"tr"},{"@type":"Organization","@id":"https:\/\/www.nevitaint.com\/tr\/#organization","name":"T\u00fcrkiye\u2019de Sat\u0131l\u0131k Gayrimenkul \u0130lanlar\u0131 | Nevita","url":"https:\/\/www.nevitaint.com\/tr\/","logo":{"@type":"ImageObject","inLanguage":"tr","@id":"https:\/\/www.nevitaint.com\/tr\/#\/schema\/logo\/image\/","url":"https:\/\/www.nevitaint.com\/wp-content\/uploads\/2021\/11\/nevita-logo.jpg","contentUrl":"https:\/\/www.nevitaint.com\/wp-content\/uploads\/2021\/11\/nevita-logo.jpg","width":640,"height":200,"caption":"T\u00fcrkiye\u2019de Sat\u0131l\u0131k Gayrimenkul \u0130lanlar\u0131 | Nevita"},"image":{"@id":"https:\/\/www.nevitaint.com\/tr\/#\/schema\/logo\/image\/"}}]}},"_links":{"self":[{"href":"https:\/\/www.nevitaint.com\/tr\/wp-json\/wp\/v2\/pages\/55984"}],"collection":[{"href":"https:\/\/www.nevitaint.com\/tr\/wp-json\/wp\/v2\/pages"}],"about":[{"href":"https:\/\/www.nevitaint.com\/tr\/wp-json\/wp\/v2\/types\/page"}],"author":[{"embeddable":true,"href":"https:\/\/www.nevitaint.com\/tr\/wp-json\/wp\/v2\/users\/1"}],"replies":[{"embeddable":true,"href":"https:\/\/www.nevitaint.com\/tr\/wp-json\/wp\/v2\/comments?post=55984"}],"version-history":[{"count":3,"href":"https:\/\/www.nevitaint.com\/tr\/wp-json\/wp\/v2\/pages\/55984\/revisions"}],"predecessor-version":[{"id":56494,"href":"https:\/\/www.nevitaint.com\/tr\/wp-json\/wp\/v2\/pages\/55984\/revisions\/56494"}],"wp:attachment":[{"href":"https:\/\/www.nevitaint.com\/tr\/wp-json\/wp\/v2\/media?parent=55984"}],"curies":[{"name":"wp","href":"https:\/\/api.w.org\/{rel}","templated":true}]}}