{"id":57205,"date":"2022-07-05T11:59:15","date_gmt":"2022-07-05T08:59:15","guid":{"rendered":"https:\/\/www.nevitaint.com\/services\/"},"modified":"2023-03-16T12:15:12","modified_gmt":"2023-03-16T09:15:12","slug":"hizmetler","status":"publish","type":"page","link":"https:\/\/www.nevitaint.com\/tr\/hizmetler\/","title":{"rendered":"Hizmetler"},"content":{"rendered":"<section class=\"wpb-content-wrapper\"><p>[vc_row equal_height=&#8221;yes&#8221; content_placement=&#8221;middle&#8221;][vc_column width=&#8221;1\/2&#8243; css=&#8221;.vc_custom_1657011890314{padding-top: 40px !important;padding-right: 40px !important;padding-bottom: 40px !important;padding-left: 40px !important;background-color: #ecf4ff !important;}&#8221;][vc_custom_heading text=&#8221;Sat\u0131\u015f \u00d6ncesi Hizmetler&#8221; use_theme_fonts=&#8221;yes&#8221; el_class=&#8221;sertitle&#8221;][vc_column_text el_class=&#8221;ser-p&#8221;]En iyi ve en karl\u0131 sonu\u00e7lara ula\u015fman\u0131za yard\u0131mc\u0131 olmak i\u00e7in derin i\u00e7g\u00f6r\u00fclerimiz ve k\u00fcresel uzmanl\u0131\u011f\u0131m\u0131z ile sat\u0131\u015f \u00f6ncesi hizmetler sunmaktay\u0131z. Bu s\u00fcre\u00e7 ileti\u015fim a\u015famas\u0131 ile ba\u015flamakta olup m\u00fclk\u00fcn sat\u0131\u015f\u0131 ile sona ermektedir. Sat\u0131\u015f \u00f6ncesi s\u00fcre\u00e7 ak\u0131\u015f\u0131, konsiyerj ve a\u011f\u0131rlama, gereksinimlere g\u00f6re teklif verme, m\u00fclk inceleme turlar\u0131 vb. g\u00f6revleri i\u00e7ermektedir.[\/vc_column_text][vc_raw_html]JTNDYSUyMGNsYXNzJTNEJTIybmV2YnRuJTIyJTIwaHJlZiUzRCUyMmh0dHBzJTNBJTJGJTJGd3d3Lm5ldml0YWludC5jb20lMkZ0ciUyRmhpem1ldGxlciUyRnNhdGlzLW9uY2VzaS1oaXptZXRsZXIlMkYlMjIlM0VEZXZhbSVDNCVCMW4lQzQlQjElMjBPa3UlM0MlMkZhJTNF[\/vc_raw_html][\/vc_column][vc_column width=&#8221;1\/2&#8243; css=&#8221;.vc_custom_1657011632221{background-color: #ecf4ff !important;}&#8221; el_class=&#8221;serv-res-col&#8221;][vc_single_image image=&#8221;57319&#8243; img_size=&#8221;full&#8221;][\/vc_column][\/vc_row][vc_row equal_height=&#8221;yes&#8221; content_placement=&#8221;middle&#8221; css=&#8221;.vc_custom_1657012347315{padding-top: 40px !important;}&#8221;][vc_column width=&#8221;1\/2&#8243; css=&#8221;.vc_custom_1657012326282{background-color: #ecf4ff !important;}&#8221; el_class=&#8221;serv-res-col&#8221;][vc_single_image image=&#8221;57315&#8243; img_size=&#8221;full&#8221;][\/vc_column][vc_column width=&#8221;1\/2&#8243; css=&#8221;.vc_custom_1657012333072{padding-top: 40px !important;padding-right: 40px !important;padding-bottom: 40px !important;padding-left: 40px !important;background-color: #ecf4ff !important;}&#8221;][vc_custom_heading text=&#8221;Sat\u0131\u015f Sonras\u0131 Hizmetler&#8221; use_theme_fonts=&#8221;yes&#8221; el_class=&#8221;sertitle&#8221;][vc_column_text el_class=&#8221;ser-p&#8221;]Sadece m\u00fclk\u00fcn\u00fcz\u00fc satm\u0131yoruz, ayn\u0131 zamanda al\u0131c\u0131lara uygun bir sat\u0131n alma deneyimi sunuyoruz. Sat\u0131\u015f sonras\u0131 hizmetlerimiz, sat\u0131n almaya karar verdi\u011finiz andan sat\u0131\u015f\u0131n tamamlanmas\u0131na kadar ge\u00e7en s\u00fcreci kapsamaktad\u0131r. Bu hizmet bak\u0131m, dekorasyon, m\u00fclk sigortas\u0131, abonelikler vb. i\u00e7ermektedir.[\/vc_column_text][vc_raw_html]JTNDYSUyMGNsYXNzJTNEJTIybmV2YnRuJTIyJTIwaHJlZiUzRCUyMmh0dHBzJTNBJTJGJTJGd3d3Lm5ldml0YWludC5jb20lMkZ0ciUyRmhpem1ldGxlciUyRnNhdGlzLXNvbnJhc2ktaGl6bWV0bGVyJTJGJTIyJTNFRGV2YW0lQzQlQjFuJUM0JUIxJTIwT2t1JTNDJTJGYSUzRQ==[\/vc_raw_html][\/vc_column][\/vc_row]<\/p>\n<\/section>","protected":false},"excerpt":{"rendered":"<p>[vc_row equal_height=&#8221;yes&#8221; content_placement=&#8221;middle&#8221;][vc_column width=&#8221;1\/2&#8243; css=&#8221;.vc_custom_1657011890314{padding-top: 40px !important;padding-right: 40px !important;padding-bottom: 40px !important;padding-left: 40px !important;background-color: #ecf4ff !important;}&#8221;][vc_custom_heading text=&#8221;Sat\u0131\u015f \u00d6ncesi Hizmetler&#8221; use_theme_fonts=&#8221;yes&#8221; el_class=&#8221;sertitle&#8221;][vc_column_text el_class=&#8221;ser-p&#8221;]En iyi ve en karl\u0131 sonu\u00e7lara ula\u015fman\u0131za yard\u0131mc\u0131 olmak i\u00e7in derin i\u00e7g\u00f6r\u00fclerimiz ve k\u00fcresel uzmanl\u0131\u011f\u0131m\u0131z ile sat\u0131\u015f \u00f6ncesi hizmetler sunmaktay\u0131z. Bu s\u00fcre\u00e7 ileti\u015fim a\u015famas\u0131 ile ba\u015flamakta olup m\u00fclk\u00fcn sat\u0131\u015f\u0131 ile sona ermektedir. Sat\u0131\u015f \u00f6ncesi s\u00fcre\u00e7 ak\u0131\u015f\u0131, konsiyerj ve a\u011f\u0131rlama, gereksinimlere g\u00f6re teklif verme, m\u00fclk inceleme turlar\u0131 vb. g\u00f6revleri i\u00e7ermektedir.[\/vc_column_text][vc_raw_html]JTNDYSUyMGNsYXNzJTNEJTIybmV2YnRuJTIyJTIwaHJlZiUzRCUyMmh0dHBzJTNBJTJGJTJGd3d3Lm5ldml0YWludC5jb20lMkZ0ciUyRmhpem1ldGxlciUyRnNhdGlzLW9uY2VzaS1oaXptZXRsZXIlMkYlMjIlM0VEZXZhbSVDNCVCMW4lQzQlQjElMjBPa3UlM0MlMkZhJTNF[\/vc_raw_html][\/vc_column][vc_column width=&#8221;1\/2&#8243; css=&#8221;.vc_custom_1657011632221{background-color: #ecf4ff !important;}&#8221; el_class=&#8221;serv-res-col&#8221;][vc_single_image image=&#8221;57319&#8243; img_size=&#8221;full&#8221;][\/vc_column][\/vc_row][vc_row equal_height=&#8221;yes&#8221; content_placement=&#8221;middle&#8221; css=&#8221;.vc_custom_1657012347315{padding-top: 40px !important;}&#8221;][vc_column width=&#8221;1\/2&#8243; css=&#8221;.vc_custom_1657012326282{background-color: #ecf4ff !important;}&#8221; el_class=&#8221;serv-res-col&#8221;][vc_single_image image=&#8221;57315&#8243; img_size=&#8221;full&#8221;][\/vc_column][vc_column width=&#8221;1\/2&#8243; css=&#8221;.vc_custom_1657012333072{padding-top: 40px !important;padding-right: 40px !important;padding-bottom: 40px !important;padding-left: 40px !important;background-color: #ecf4ff !important;}&#8221;][vc_custom_heading [&hellip;]<\/p>\n","protected":false},"author":1,"featured_media":0,"parent":0,"menu_order":0,"comment_status":"closed","ping_status":"closed","template":"","meta":{"inline_featured_image":false},"yoast_head":"<!-- This site is optimized with the Yoast SEO plugin v19.13 - https:\/\/yoast.com\/wordpress\/plugins\/seo\/ -->\n<title>Gayrimenkul Yat\u0131r\u0131m Hizmetlerimiz | Nevita<\/title>\n<meta name=\"description\" content=\"Gayrimenkul dan\u0131\u015fmanl\u0131\u011f\u0131ndan online sat\u0131n almaya kadar t\u00fcm gayrimenkul yat\u0131r\u0131m hizmetleri nevitaint.com&#039;da! Detayl\u0131 bilgi almak i\u00e7in sitemizi ziyaret edebilirsiniz.\" \/>\n<meta name=\"robots\" content=\"index, follow, max-snippet:-1, max-image-preview:large, max-video-preview:-1\" \/>\n<link rel=\"canonical\" href=\"https:\/\/www.nevitaint.com\/tr\/hizmetler\/\" \/>\n<meta property=\"og:locale\" content=\"tr_TR\" \/>\n<meta property=\"og:type\" content=\"article\" \/>\n<meta property=\"og:title\" content=\"Gayrimenkul Yat\u0131r\u0131m Hizmetlerimiz | Nevita\" \/>\n<meta property=\"og:description\" content=\"Gayrimenkul dan\u0131\u015fmanl\u0131\u011f\u0131ndan online sat\u0131n almaya kadar t\u00fcm gayrimenkul yat\u0131r\u0131m hizmetleri nevitaint.com&#039;da! Detayl\u0131 bilgi almak i\u00e7in sitemizi ziyaret edebilirsiniz.\" \/>\n<meta property=\"og:url\" content=\"https:\/\/www.nevitaint.com\/tr\/hizmetler\/\" \/>\n<meta property=\"og:site_name\" content=\"Nevita\" \/>\n<meta property=\"article:modified_time\" content=\"2023-03-16T09:15:12+00:00\" \/>\n<meta name=\"twitter:card\" content=\"summary_large_image\" \/>\n<meta name=\"twitter:label1\" content=\"Tahmini okuma s\u00fcresi\" \/>\n\t<meta name=\"twitter:data1\" content=\"2 dakika\" \/>\n<script type=\"application\/ld+json\" class=\"yoast-schema-graph\">{\"@context\":\"https:\/\/schema.org\",\"@graph\":[{\"@type\":\"WebPage\",\"@id\":\"https:\/\/www.nevitaint.com\/tr\/hizmetler\/\",\"url\":\"https:\/\/www.nevitaint.com\/tr\/hizmetler\/\",\"name\":\"Gayrimenkul Yat\u0131r\u0131m Hizmetlerimiz | Nevita\",\"isPartOf\":{\"@id\":\"https:\/\/www.nevitaint.com\/tr\/#website\"},\"datePublished\":\"2022-07-05T08:59:15+00:00\",\"dateModified\":\"2023-03-16T09:15:12+00:00\",\"description\":\"Gayrimenkul dan\u0131\u015fmanl\u0131\u011f\u0131ndan online sat\u0131n almaya kadar t\u00fcm gayrimenkul yat\u0131r\u0131m hizmetleri nevitaint.com'da! Detayl\u0131 bilgi almak i\u00e7in sitemizi ziyaret edebilirsiniz.\",\"breadcrumb\":{\"@id\":\"https:\/\/www.nevitaint.com\/tr\/hizmetler\/#breadcrumb\"},\"inLanguage\":\"tr\",\"potentialAction\":[{\"@type\":\"ReadAction\",\"target\":[\"https:\/\/www.nevitaint.com\/tr\/hizmetler\/\"]}]},{\"@type\":\"BreadcrumbList\",\"@id\":\"https:\/\/www.nevitaint.com\/tr\/hizmetler\/#breadcrumb\",\"itemListElement\":[{\"@type\":\"ListItem\",\"position\":1,\"name\":\"Homepage\",\"item\":\"https:\/\/www.nevitaint.com\/tr\/\"},{\"@type\":\"ListItem\",\"position\":2,\"name\":\"Hizmetler\"}]},{\"@type\":\"WebSite\",\"@id\":\"https:\/\/www.nevitaint.com\/tr\/#website\",\"url\":\"https:\/\/www.nevitaint.com\/tr\/\",\"name\":\"Nevita\",\"description\":\"\",\"publisher\":{\"@id\":\"https:\/\/www.nevitaint.com\/tr\/#organization\"},\"potentialAction\":[{\"@type\":\"SearchAction\",\"target\":{\"@type\":\"EntryPoint\",\"urlTemplate\":\"https:\/\/www.nevitaint.com\/tr\/?s={search_term_string}\"},\"query-input\":\"required name=search_term_string\"}],\"inLanguage\":\"tr\"},{\"@type\":\"Organization\",\"@id\":\"https:\/\/www.nevitaint.com\/tr\/#organization\",\"name\":\"T\u00fcrkiye\u2019de Sat\u0131l\u0131k Gayrimenkul \u0130lanlar\u0131 | Nevita\",\"url\":\"https:\/\/www.nevitaint.com\/tr\/\",\"logo\":{\"@type\":\"ImageObject\",\"inLanguage\":\"tr\",\"@id\":\"https:\/\/www.nevitaint.com\/tr\/#\/schema\/logo\/image\/\",\"url\":\"https:\/\/www.nevitaint.com\/wp-content\/uploads\/2021\/11\/nevita-logo.jpg\",\"contentUrl\":\"https:\/\/www.nevitaint.com\/wp-content\/uploads\/2021\/11\/nevita-logo.jpg\",\"width\":640,\"height\":200,\"caption\":\"T\u00fcrkiye\u2019de Sat\u0131l\u0131k Gayrimenkul \u0130lanlar\u0131 | Nevita\"},\"image\":{\"@id\":\"https:\/\/www.nevitaint.com\/tr\/#\/schema\/logo\/image\/\"}}]}<\/script>\n<!-- \/ Yoast SEO plugin. -->","yoast_head_json":{"title":"Gayrimenkul Yat\u0131r\u0131m Hizmetlerimiz | Nevita","description":"Gayrimenkul dan\u0131\u015fmanl\u0131\u011f\u0131ndan online sat\u0131n almaya kadar t\u00fcm gayrimenkul yat\u0131r\u0131m hizmetleri nevitaint.com'da! Detayl\u0131 bilgi almak i\u00e7in sitemizi ziyaret edebilirsiniz.","robots":{"index":"index","follow":"follow","max-snippet":"max-snippet:-1","max-image-preview":"max-image-preview:large","max-video-preview":"max-video-preview:-1"},"canonical":"https:\/\/www.nevitaint.com\/tr\/hizmetler\/","og_locale":"tr_TR","og_type":"article","og_title":"Gayrimenkul Yat\u0131r\u0131m Hizmetlerimiz | Nevita","og_description":"Gayrimenkul dan\u0131\u015fmanl\u0131\u011f\u0131ndan online sat\u0131n almaya kadar t\u00fcm gayrimenkul yat\u0131r\u0131m hizmetleri nevitaint.com'da! Detayl\u0131 bilgi almak i\u00e7in sitemizi ziyaret edebilirsiniz.","og_url":"https:\/\/www.nevitaint.com\/tr\/hizmetler\/","og_site_name":"Nevita","article_modified_time":"2023-03-16T09:15:12+00:00","twitter_card":"summary_large_image","twitter_misc":{"Tahmini okuma s\u00fcresi":"2 dakika"},"schema":{"@context":"https:\/\/schema.org","@graph":[{"@type":"WebPage","@id":"https:\/\/www.nevitaint.com\/tr\/hizmetler\/","url":"https:\/\/www.nevitaint.com\/tr\/hizmetler\/","name":"Gayrimenkul Yat\u0131r\u0131m Hizmetlerimiz | Nevita","isPartOf":{"@id":"https:\/\/www.nevitaint.com\/tr\/#website"},"datePublished":"2022-07-05T08:59:15+00:00","dateModified":"2023-03-16T09:15:12+00:00","description":"Gayrimenkul dan\u0131\u015fmanl\u0131\u011f\u0131ndan online sat\u0131n almaya kadar t\u00fcm gayrimenkul yat\u0131r\u0131m hizmetleri nevitaint.com'da! Detayl\u0131 bilgi almak i\u00e7in sitemizi ziyaret edebilirsiniz.","breadcrumb":{"@id":"https:\/\/www.nevitaint.com\/tr\/hizmetler\/#breadcrumb"},"inLanguage":"tr","potentialAction":[{"@type":"ReadAction","target":["https:\/\/www.nevitaint.com\/tr\/hizmetler\/"]}]},{"@type":"BreadcrumbList","@id":"https:\/\/www.nevitaint.com\/tr\/hizmetler\/#breadcrumb","itemListElement":[{"@type":"ListItem","position":1,"name":"Homepage","item":"https:\/\/www.nevitaint.com\/tr\/"},{"@type":"ListItem","position":2,"name":"Hizmetler"}]},{"@type":"WebSite","@id":"https:\/\/www.nevitaint.com\/tr\/#website","url":"https:\/\/www.nevitaint.com\/tr\/","name":"Nevita","description":"","publisher":{"@id":"https:\/\/www.nevitaint.com\/tr\/#organization"},"potentialAction":[{"@type":"SearchAction","target":{"@type":"EntryPoint","urlTemplate":"https:\/\/www.nevitaint.com\/tr\/?s={search_term_string}"},"query-input":"required name=search_term_string"}],"inLanguage":"tr"},{"@type":"Organization","@id":"https:\/\/www.nevitaint.com\/tr\/#organization","name":"T\u00fcrkiye\u2019de Sat\u0131l\u0131k Gayrimenkul \u0130lanlar\u0131 | Nevita","url":"https:\/\/www.nevitaint.com\/tr\/","logo":{"@type":"ImageObject","inLanguage":"tr","@id":"https:\/\/www.nevitaint.com\/tr\/#\/schema\/logo\/image\/","url":"https:\/\/www.nevitaint.com\/wp-content\/uploads\/2021\/11\/nevita-logo.jpg","contentUrl":"https:\/\/www.nevitaint.com\/wp-content\/uploads\/2021\/11\/nevita-logo.jpg","width":640,"height":200,"caption":"T\u00fcrkiye\u2019de Sat\u0131l\u0131k Gayrimenkul \u0130lanlar\u0131 | Nevita"},"image":{"@id":"https:\/\/www.nevitaint.com\/tr\/#\/schema\/logo\/image\/"}}]}},"_links":{"self":[{"href":"https:\/\/www.nevitaint.com\/tr\/wp-json\/wp\/v2\/pages\/57205"}],"collection":[{"href":"https:\/\/www.nevitaint.com\/tr\/wp-json\/wp\/v2\/pages"}],"about":[{"href":"https:\/\/www.nevitaint.com\/tr\/wp-json\/wp\/v2\/types\/page"}],"author":[{"embeddable":true,"href":"https:\/\/www.nevitaint.com\/tr\/wp-json\/wp\/v2\/users\/1"}],"replies":[{"embeddable":true,"href":"https:\/\/www.nevitaint.com\/tr\/wp-json\/wp\/v2\/comments?post=57205"}],"version-history":[{"count":13,"href":"https:\/\/www.nevitaint.com\/tr\/wp-json\/wp\/v2\/pages\/57205\/revisions"}],"predecessor-version":[{"id":57324,"href":"https:\/\/www.nevitaint.com\/tr\/wp-json\/wp\/v2\/pages\/57205\/revisions\/57324"}],"wp:attachment":[{"href":"https:\/\/www.nevitaint.com\/tr\/wp-json\/wp\/v2\/media?parent=57205"}],"curies":[{"name":"wp","href":"https:\/\/api.w.org\/{rel}","templated":true}]}}