{"id":57234,"date":"2022-07-05T13:22:56","date_gmt":"2022-07-05T10:22:56","guid":{"rendered":"https:\/\/www.nevitaint.com\/hizmetler\/after-sales-services\/"},"modified":"2023-03-17T10:30:25","modified_gmt":"2023-03-17T07:30:25","slug":"gayrimenkul-satis-sonrasi-hizmetler","status":"publish","type":"page","link":"https:\/\/www.nevitaint.com\/tr\/hizmetler\/gayrimenkul-satis-sonrasi-hizmetler\/","title":{"rendered":"Sat\u0131\u015f Sonras\u0131 Hizmetler"},"content":{"rendered":"<section class=\"wpb-content-wrapper\"><p>[vc_row css=&#8221;.vc_custom_1657013465870{padding-bottom: 0px !important;}&#8221;][vc_column width=&#8221;1\/12&#8243;][\/vc_column][vc_column width=&#8221;10\/12&#8243;][vc_column_text]<\/p>\n<p style=\"text-align: center;\">Amac\u0131m\u0131z sadece do\u011fru m\u00fclk\u00fc bulman\u0131za yard\u0131mc\u0131 olmak de\u011fil, ayn\u0131 zamanda T\u00fcrkiye&#8217;ye geldi\u011finizde harika ve kolay bir deneyim ya\u015faman\u0131za yard\u0131mc\u0131 olmakt\u0131r.<\/p>\n<p style=\"text-align: center;\">Hizmet politikam\u0131z m\u00fc\u015fteri mutlulu\u011funu maksimum seviyeye \u00e7\u0131karmakt\u0131r. Sat\u0131\u015f tamamland\u0131ktan sonra \u201cTe\u015fekk\u00fcrler\u201d demek yeterli de\u011fildir. Sat\u0131\u015f sonras\u0131 hizmet sat\u0131\u015f kadar \u00f6nemlidir. Bu nedenle, deste\u011fimiz sat\u0131\u015f tamamland\u0131ktan sonra da devam etmektedir.<\/p>\n<p style=\"text-align: center;\">M\u00fclk\u00fcn\u00fcz\u00fc sat\u0131n ald\u0131ktan sonra, profesyonel servis ekibimiz size en iyi sat\u0131\u015f sonras\u0131 hizmetleri sa\u011flamaktad\u0131r.<\/p>\n<p>[\/vc_column_text][\/vc_column][vc_column width=&#8221;1\/12&#8243;][\/vc_column][\/vc_row][vc_row gap=&#8221;30&#8243; equal_height=&#8221;yes&#8221; content_placement=&#8221;middle&#8221;][vc_column width=&#8221;1\/2&#8243; css=&#8221;.vc_custom_1657014037495{background-color: #f6f9ff !important;}&#8221; el_class=&#8221;servitembox&#8221;][vc_single_image image=&#8221;50493&#8243; img_size=&#8221;full&#8221; alignment=&#8221;center&#8221;][vc_custom_heading text=&#8221;T\u00fcrk Vatanda\u015fl\u0131\u011f\u0131 Almak&#8221; font_container=&#8221;tag:h2|font_size:16|text_align:center&#8221; use_theme_fonts=&#8221;yes&#8221; css=&#8221;.vc_custom_1678963700259{margin-bottom: 15px !important;}&#8221; el_class=&#8221;fw-500&#8243;][vc_column_text css=&#8221;.vc_custom_1678724347259{margin-bottom: 0px !important;}&#8221;]<\/p>\n<p style=\"text-align: center;\">Vatanda\u015fl\u0131k ba\u015fvurusuna uygun ve T\u00fcrk devleti garantili gayrimenkul projeleri geli\u015ftirmek ile kalm\u0131yoruz ayn\u0131 zamanda T\u00fcrk vatanda\u015fl\u0131\u011f\u0131 ba\u015fvuru s\u00fcreci i\u00e7in gerekli t\u00fcm dan\u0131\u015fmanl\u0131k hizmetlerini sa\u011flamaktay\u0131z. Bizlere vekaletname verdikten sonra arkan\u0131za yaslan\u0131p rahatlayabilirsiniz, bu s\u00fcre genellikle yaln\u0131zca 2 ila 6 ay aras\u0131nda s\u00fcren yeni T\u00fcrk pasaportunuzu alana kadar profesyonel ekibimiz t\u00fcm i\u015flemleri halletmektedir.<\/p>\n<p>[\/vc_column_text][\/vc_column][vc_column width=&#8221;1\/2&#8243; css=&#8221;.vc_custom_1657014046299{background-color: #f6f9ff !important;}&#8221; el_class=&#8221;servitembox&#8221;][vc_single_image image=&#8221;50522&#8243; img_size=&#8221;full&#8221; alignment=&#8221;center&#8221;][vc_custom_heading text=&#8221;T\u00fcrkiye&#8217;de Oturma \u0130zni Al\u0131nmas\u0131&#8221; font_container=&#8221;tag:h2|font_size:16|text_align:center&#8221; use_theme_fonts=&#8221;yes&#8221; css=&#8221;.vc_custom_1678963708342{margin-bottom: 15px !important;}&#8221; el_class=&#8221;fw-500&#8243;][vc_column_text css=&#8221;.vc_custom_1678724385190{margin-bottom: 0px !important;}&#8221;]<\/p>\n<p style=\"text-align: center;\"><span style=\"font-weight: 400;\">T\u00fcrkiye&#8217;deki gayrimenkul sahipleri sadece oturma izni almaya hak kazanmakta olup ayn\u0131 zamanda T\u00fcrkiye&#8217;de turistlerden daha uzun s\u00fcre kalabilmektedir. Deneyimli sat\u0131\u015f sonras\u0131 uzmanlar\u0131m\u0131z, oturma izni ba\u015fvurunuzu zaman\u0131nda ve en az g\u00fc\u00e7l\u00fckle i\u015fleme koyman\u0131za yard\u0131mc\u0131 olmaktad\u0131r. <\/span><\/p>\n<p>[\/vc_column_text][\/vc_column][\/vc_row][vc_row gap=&#8221;30&#8243; equal_height=&#8221;yes&#8221; content_placement=&#8221;middle&#8221;][vc_column width=&#8221;1\/2&#8243; css=&#8221;.vc_custom_1657014037495{background-color: #f6f9ff !important;}&#8221; el_class=&#8221;servitembox&#8221;][vc_single_image image=&#8221;50500&#8243; img_size=&#8221;full&#8221; alignment=&#8221;center&#8221;][vc_custom_heading text=&#8221;KDV Muafiyeti&#8221; font_container=&#8221;tag:h2|font_size:16|text_align:center&#8221; use_theme_fonts=&#8221;yes&#8221; css=&#8221;.vc_custom_1678963719212{margin-bottom: 15px !important;}&#8221; el_class=&#8221;fw-500&#8243;][vc_column_text css=&#8221;.vc_custom_1678724425314{margin-bottom: 0px !important;}&#8221;]<\/p>\n<p style=\"text-align: center;\">T\u00fcrkiye&#8217;de ikamet etmeyen yabanc\u0131 yat\u0131r\u0131mc\u0131lar i\u00e7in ge\u00e7erli olan KDV istisnas\u0131ndan yararlanabilmek i\u00e7in hangi \u015fartlar\u0131n yerine getirilmesi gerekti\u011fi konusunda profesyonel dan\u0131\u015fman ekibimiz m\u00fc\u015fterilerimize hizmet vermektedir.<\/p>\n<p style=\"text-align: center;\"><span style=\"font-weight: 400;\">\u00a0<\/span><\/p>\n<p>[\/vc_column_text][\/vc_column][vc_column width=&#8221;1\/2&#8243; css=&#8221;.vc_custom_1657014046299{background-color: #f6f9ff !important;}&#8221; el_class=&#8221;servitembox&#8221;][vc_single_image image=&#8221;50503&#8243; img_size=&#8221;full&#8221; alignment=&#8221;center&#8221;][vc_custom_heading text=&#8221;Emlak Sigortas\u0131 \/ DASK&#8221; font_container=&#8221;tag:h2|font_size:16|text_align:center&#8221; use_theme_fonts=&#8221;yes&#8221; css=&#8221;.vc_custom_1678963726030{margin-bottom: 15px !important;}&#8221; el_class=&#8221;fw-500&#8243;][vc_column_text css=&#8221;.vc_custom_1678724475591{margin-bottom: 0px !important;}&#8221;]<\/p>\n<p style=\"text-align: center;\">M\u00fclk sigortas\u0131, sel sigortas\u0131, deprem sigortas\u0131 (DASK) gibi bir dizi poli\u00e7eyi i\u00e7ermektedir. Su, elektrik ve do\u011falgaz aboneli\u011fi yapmadan \u00f6nce konutunuzun DASK sigortas\u0131 yapt\u0131r\u0131lmas\u0131 zorunludur. Sat\u0131\u015f sonras\u0131 servis ekibimiz, m\u00fclk\u00fcn\u00fcz i\u00e7in en kapsaml\u0131 sigorta paketini bulman\u0131za yard\u0131mc\u0131 olmaktad\u0131r.<\/p>\n<p>[\/vc_column_text][\/vc_column][\/vc_row][vc_row gap=&#8221;30&#8243; equal_height=&#8221;yes&#8221; content_placement=&#8221;middle&#8221;][vc_column width=&#8221;1\/2&#8243; css=&#8221;.vc_custom_1657014037495{background-color: #f6f9ff !important;}&#8221; el_class=&#8221;servitembox&#8221;][vc_single_image image=&#8221;50506&#8243; img_size=&#8221;full&#8221; alignment=&#8221;center&#8221;][vc_custom_heading text=&#8221;Sa\u011fl\u0131k Sigortas\u0131&#8221; font_container=&#8221;tag:h2|font_size:16|text_align:center&#8221; use_theme_fonts=&#8221;yes&#8221; css=&#8221;.vc_custom_1678963735388{margin-bottom: 15px !important;}&#8221; el_class=&#8221;fw-500&#8243;][vc_column_text css=&#8221;.vc_custom_1678724504812{margin-bottom: 0px !important;}&#8221;]<\/p>\n<p style=\"text-align: center;\">M\u00fclk\u00fcn\u00fcze bakman\u0131n yan\u0131 s\u0131ra, hizmet paketimizin bir par\u00e7as\u0131 olarak sa\u011fl\u0131\u011f\u0131n\u0131z\u0131 da d\u00fc\u015f\u00fcn\u00fcyoruz. T\u00fcrkiye&#8217;nin birinci s\u0131n\u0131f sa\u011fl\u0131k sistemini duymu\u015f olabilirsiniz ve sa\u011fl\u0131k sigortas\u0131 yapt\u0131rman\u0131n getirdi\u011fi de\u011ferli avantajlardan yararlanmak isteyebilirsiniz, bu durumda profesyonel ekibimiz sigortalanman\u0131z i\u00e7in size yard\u0131mc\u0131 olmaktad\u0131r.<\/p>\n<p>[\/vc_column_text][\/vc_column][vc_column width=&#8221;1\/2&#8243; css=&#8221;.vc_custom_1657014046299{background-color: #f6f9ff !important;}&#8221; el_class=&#8221;servitembox&#8221;][vc_single_image image=&#8221;50509&#8243; img_size=&#8221;full&#8221; alignment=&#8221;center&#8221;][vc_custom_heading text=&#8221;Hizmet Abonelikleri&#8221; font_container=&#8221;tag:h2|font_size:16|text_align:center&#8221; use_theme_fonts=&#8221;yes&#8221; css=&#8221;.vc_custom_1678963743010{margin-bottom: 15px !important;}&#8221; el_class=&#8221;fw-500&#8243;][vc_column_text css=&#8221;.vc_custom_1678724569460{margin-bottom: 0px !important;}&#8221;]<\/p>\n<p style=\"text-align: center;\"><span style=\"font-weight: 400;\">M\u00fclk\u00fcn\u00fcz\u00fcn her a\u00e7\u0131dan haz\u0131r oldu\u011fundan emin olmak i\u00e7in, yetenekli sat\u0131\u015f sonras\u0131 uzmanlar\u0131m\u0131z gereken her \u015fey ile ilgilenmektedir. Bu, m\u00fclk\u00fcn\u00fcz i\u00e7in su, gaz, elektrik ve internet gibi hizmet aboneliklerinin al\u0131nmas\u0131n\u0131 i\u00e7ermektedir. <\/span><\/p>\n<p>[\/vc_column_text][\/vc_column][\/vc_row][vc_row gap=&#8221;30&#8243; equal_height=&#8221;yes&#8221; content_placement=&#8221;middle&#8221; css=&#8221;.vc_custom_1678780472582{background-color: #f6f9ff !important;}&#8221; el_class=&#8221;fw-500&#8243;][vc_column width=&#8221;1\/3&#8243; css=&#8221;.vc_custom_1678708487942{background-color: #f6f9ff !important;}&#8221; el_class=&#8221;servitembox&#8221;][vc_single_image image=&#8221;50512&#8243; img_size=&#8221;full&#8221; alignment=&#8221;center&#8221;][vc_custom_heading text=&#8221;Mobilya Turu &amp; \u0130\u00e7 Tasar\u0131m&#8221; font_container=&#8221;tag:h2|font_size:16|text_align:center&#8221; use_theme_fonts=&#8221;yes&#8221; css=&#8221;.vc_custom_1678963752008{margin-bottom: 15px !important;}&#8221; el_class=&#8221;fw-500&#8243;][vc_column_text css=&#8221;.vc_custom_1678780317211{margin-bottom: 0px !important;}&#8221;]<\/p>\n<p style=\"text-align: center;\"><span style=\"font-weight: 400;\">M\u00fc\u015fterilerimiz g\u00f6r\u00fcn\u00fcm ve i\u015flevsellik a\u00e7\u0131s\u0131ndan en iyi eve sahip olmay\u0131 hak ediyor. Bu nedenle sat\u0131\u015f sonras\u0131 uzmanlar\u0131m\u0131z size en iyi kampanyalar\u0131, en g\u00fcncel mobilyalar\u0131 ve en kaliteli malzemeleri bulabilece\u011finiz bir mobilya turuna \u00e7\u0131karmay\u0131 teklif ediyor olacak.<\/span><\/p>\n<p>[\/vc_column_text][\/vc_column][vc_column width=&#8221;1\/3&#8243; css=&#8221;.vc_custom_1678708500222{background-color: #f6f9ff !important;}&#8221; el_class=&#8221;servitembox&#8221;][vc_single_image image=&#8221;50515&#8243; img_size=&#8221;full&#8221; alignment=&#8221;center&#8221;][vc_custom_heading text=&#8221;Kiral\u0131k Emlak Y\u00f6netimi&#8221; font_container=&#8221;tag:h2|font_size:16|text_align:center&#8221; use_theme_fonts=&#8221;yes&#8221; css=&#8221;.vc_custom_1678963758714{margin-bottom: 15px !important;}&#8221; el_class=&#8221;fw-500&#8243;][vc_column_text css=&#8221;.vc_custom_1678780344211{margin-bottom: 0px !important;}&#8221;]<\/p>\n<p style=\"text-align: center;\">Nevita arac\u0131l\u0131\u011f\u0131yla T\u00fcrkiye&#8217;de emlak sat\u0131n alan m\u00fc\u015fterilerimize y\u00fcksek getiri sa\u011flayan m\u00fckemmel bir emlak y\u00f6netimi hizmeti sunmaktay\u0131z. Uygun kirac\u0131 bulma, m\u00fclk g\u00f6r\u00fcnt\u00fcleme, m\u00fclk\u00fcn\u00fcz\u00fcn bak\u0131m\u0131 ve onar\u0131m\u0131, kira toplama veya faturalar\u0131n\u0131z\u0131 takip etme konusunda yard\u0131ma ihtiyac\u0131n\u0131z oldu\u011funda, di\u011fer markam\u0131z Newinn sayesinde her \u015feyi kar\u015f\u0131lamaktay\u0131z.<\/p>\n<p>[\/vc_column_text][\/vc_column][vc_column width=&#8221;1\/3&#8243; css=&#8221;.vc_custom_1678780438420{background-color: #f6f9ff !important;}&#8221;][vc_single_image image=&#8221;50518&#8243; alignment=&#8221;center&#8221;][vc_custom_heading text=&#8221;M\u00fclk\u00fcn\u00fcz\u00fc De\u011ferlendirin&#8221; font_container=&#8221;tag:h2|font_size:16|text_align:center&#8221; use_theme_fonts=&#8221;yes&#8221; el_class=&#8221;fw-500&#8243;][vc_empty_space height=&#8221;15px&#8221;][vc_column_text]<\/p>\n<p style=\"text-align: center;\">Nevita arac\u0131l\u0131\u011f\u0131yla bir m\u00fclk sat\u0131n ald\u0131ktan sonra T\u00fcrkiye&#8217;deki m\u00fclk\u00fcn\u00fcz\u00fc satmaya karar verirseniz, T\u00fcrkiye&#8217;deki ve uluslararas\u0131 alandaki benzersiz ve yayg\u0131n a\u011f\u0131m\u0131zdan yararlanabilirsiniz. Nevita&#8217;n\u0131n sekt\u00f6r lideri konumu, dinamik gayrimenkul uzmanlar\u0131 ekibi, etkili pazarlama stratejileri ve m\u00fc\u015fteri hizmetleri ile birle\u015fti\u011finde, m\u00fclk\u00fcn\u00fcz\u00fcn en nitelikli al\u0131c\u0131lar taraf\u0131ndan aranaca\u011f\u0131na dair size mutlak g\u00fcveni sa\u011flayacakt\u0131r.<\/p>\n<p>[\/vc_column_text][\/vc_column][\/vc_row]<\/p>\n<\/section>","protected":false},"excerpt":{"rendered":"<p>[vc_row css=&#8221;.vc_custom_1657013465870{padding-bottom: 0px !important;}&#8221;][vc_column width=&#8221;1\/12&#8243;][\/vc_column][vc_column width=&#8221;10\/12&#8243;][vc_column_text] Amac\u0131m\u0131z sadece do\u011fru m\u00fclk\u00fc bulman\u0131za yard\u0131mc\u0131 olmak de\u011fil, ayn\u0131 zamanda T\u00fcrkiye&#8217;ye geldi\u011finizde harika ve kolay bir deneyim ya\u015faman\u0131za yard\u0131mc\u0131 olmakt\u0131r. Hizmet politikam\u0131z m\u00fc\u015fteri mutlulu\u011funu maksimum seviyeye \u00e7\u0131karmakt\u0131r. Sat\u0131\u015f tamamland\u0131ktan sonra \u201cTe\u015fekk\u00fcrler\u201d demek yeterli de\u011fildir. Sat\u0131\u015f sonras\u0131 hizmet sat\u0131\u015f kadar \u00f6nemlidir. Bu nedenle, deste\u011fimiz sat\u0131\u015f tamamland\u0131ktan sonra da devam etmektedir. M\u00fclk\u00fcn\u00fcz\u00fc sat\u0131n ald\u0131ktan sonra, profesyonel servis ekibimiz size en iyi sat\u0131\u015f sonras\u0131 hizmetleri sa\u011flamaktad\u0131r. [\/vc_column_text][\/vc_column][vc_column width=&#8221;1\/12&#8243;][\/vc_column][\/vc_row][vc_row gap=&#8221;30&#8243; equal_height=&#8221;yes&#8221; content_placement=&#8221;middle&#8221;][vc_column width=&#8221;1\/2&#8243; css=&#8221;.vc_custom_1657014037495{background-color: #f6f9ff !important;}&#8221; el_class=&#8221;servitembox&#8221;][vc_single_image image=&#8221;50493&#8243; img_size=&#8221;full&#8221; alignment=&#8221;center&#8221;][vc_custom_heading text=&#8221;T\u00fcrk Vatanda\u015fl\u0131\u011f\u0131 Almak&#8221; font_container=&#8221;tag:h2|font_size:16|text_align:center&#8221; use_theme_fonts=&#8221;yes&#8221; css=&#8221;.vc_custom_1678963700259{margin-bottom: 15px !important;}&#8221; el_class=&#8221;fw-500&#8243;][vc_column_text css=&#8221;.vc_custom_1678724347259{margin-bottom: 0px !important;}&#8221;] Vatanda\u015fl\u0131k ba\u015fvurusuna uygun ve T\u00fcrk devleti [&hellip;]<\/p>\n","protected":false},"author":1,"featured_media":0,"parent":57205,"menu_order":0,"comment_status":"closed","ping_status":"closed","template":"","meta":{"inline_featured_image":false},"yoast_head":"<!-- This site is optimized with the Yoast SEO plugin v19.13 - https:\/\/yoast.com\/wordpress\/plugins\/seo\/ -->\n<title>Gayrimenkul Sat\u0131\u015f Sonras\u0131 Hizmetler ve \u00c7\u00f6z\u00fcmler | Nevita\u00ae<\/title>\n<meta name=\"description\" content=\"M\u00fclk\u00fcn\u00fcz\u00fc sat\u0131n ald\u0131ktan sonra, profesyonel ekibimizin gayrimenkul sat\u0131\u015f sonras\u0131 hizmetleri ve \u00e7\u00f6z\u00fcmleri hakk\u0131nda detayl\u0131 bilgi almak i\u00e7in nevitaint.com&#039;u ziyaret edin.\" \/>\n<meta name=\"robots\" content=\"index, follow, max-snippet:-1, max-image-preview:large, max-video-preview:-1\" \/>\n<link rel=\"canonical\" href=\"https:\/\/www.nevitaint.com\/tr\/hizmetler\/gayrimenkul-satis-sonrasi-hizmetler\/\" \/>\n<meta property=\"og:locale\" content=\"tr_TR\" \/>\n<meta property=\"og:type\" content=\"article\" \/>\n<meta property=\"og:title\" content=\"Gayrimenkul Sat\u0131\u015f Sonras\u0131 Hizmetler ve \u00c7\u00f6z\u00fcmler | Nevita\u00ae\" \/>\n<meta property=\"og:description\" content=\"M\u00fclk\u00fcn\u00fcz\u00fc sat\u0131n ald\u0131ktan sonra, profesyonel ekibimizin gayrimenkul sat\u0131\u015f sonras\u0131 hizmetleri ve \u00e7\u00f6z\u00fcmleri hakk\u0131nda detayl\u0131 bilgi almak i\u00e7in nevitaint.com&#039;u ziyaret edin.\" \/>\n<meta property=\"og:url\" content=\"https:\/\/www.nevitaint.com\/tr\/hizmetler\/gayrimenkul-satis-sonrasi-hizmetler\/\" \/>\n<meta property=\"og:site_name\" content=\"Nevita\" \/>\n<meta property=\"article:modified_time\" content=\"2023-03-17T07:30:25+00:00\" \/>\n<meta name=\"twitter:card\" content=\"summary_large_image\" \/>\n<meta name=\"twitter:label1\" content=\"Tahmini okuma s\u00fcresi\" \/>\n\t<meta name=\"twitter:data1\" content=\"4 dakika\" \/>\n<script type=\"application\/ld+json\" class=\"yoast-schema-graph\">{\"@context\":\"https:\/\/schema.org\",\"@graph\":[{\"@type\":\"WebPage\",\"@id\":\"https:\/\/www.nevitaint.com\/tr\/hizmetler\/gayrimenkul-satis-sonrasi-hizmetler\/\",\"url\":\"https:\/\/www.nevitaint.com\/tr\/hizmetler\/gayrimenkul-satis-sonrasi-hizmetler\/\",\"name\":\"Gayrimenkul Sat\u0131\u015f Sonras\u0131 Hizmetler ve \u00c7\u00f6z\u00fcmler | Nevita\u00ae\",\"isPartOf\":{\"@id\":\"https:\/\/www.nevitaint.com\/tr\/#website\"},\"datePublished\":\"2022-07-05T10:22:56+00:00\",\"dateModified\":\"2023-03-17T07:30:25+00:00\",\"description\":\"M\u00fclk\u00fcn\u00fcz\u00fc sat\u0131n ald\u0131ktan sonra, profesyonel ekibimizin gayrimenkul sat\u0131\u015f sonras\u0131 hizmetleri ve \u00e7\u00f6z\u00fcmleri hakk\u0131nda detayl\u0131 bilgi almak i\u00e7in nevitaint.com'u ziyaret edin.\",\"breadcrumb\":{\"@id\":\"https:\/\/www.nevitaint.com\/tr\/hizmetler\/gayrimenkul-satis-sonrasi-hizmetler\/#breadcrumb\"},\"inLanguage\":\"tr\",\"potentialAction\":[{\"@type\":\"ReadAction\",\"target\":[\"https:\/\/www.nevitaint.com\/tr\/hizmetler\/gayrimenkul-satis-sonrasi-hizmetler\/\"]}]},{\"@type\":\"BreadcrumbList\",\"@id\":\"https:\/\/www.nevitaint.com\/tr\/hizmetler\/gayrimenkul-satis-sonrasi-hizmetler\/#breadcrumb\",\"itemListElement\":[{\"@type\":\"ListItem\",\"position\":1,\"name\":\"Homepage\",\"item\":\"https:\/\/www.nevitaint.com\/tr\/\"},{\"@type\":\"ListItem\",\"position\":2,\"name\":\"Hizmetler\",\"item\":\"https:\/\/www.nevitaint.com\/tr\/hizmetler\/\"},{\"@type\":\"ListItem\",\"position\":3,\"name\":\"Sat\u0131\u015f Sonras\u0131 Hizmetler\"}]},{\"@type\":\"WebSite\",\"@id\":\"https:\/\/www.nevitaint.com\/tr\/#website\",\"url\":\"https:\/\/www.nevitaint.com\/tr\/\",\"name\":\"Nevita\",\"description\":\"\",\"publisher\":{\"@id\":\"https:\/\/www.nevitaint.com\/tr\/#organization\"},\"potentialAction\":[{\"@type\":\"SearchAction\",\"target\":{\"@type\":\"EntryPoint\",\"urlTemplate\":\"https:\/\/www.nevitaint.com\/tr\/?s={search_term_string}\"},\"query-input\":\"required name=search_term_string\"}],\"inLanguage\":\"tr\"},{\"@type\":\"Organization\",\"@id\":\"https:\/\/www.nevitaint.com\/tr\/#organization\",\"name\":\"T\u00fcrkiye\u2019de Sat\u0131l\u0131k Gayrimenkul \u0130lanlar\u0131 | Nevita\",\"url\":\"https:\/\/www.nevitaint.com\/tr\/\",\"logo\":{\"@type\":\"ImageObject\",\"inLanguage\":\"tr\",\"@id\":\"https:\/\/www.nevitaint.com\/tr\/#\/schema\/logo\/image\/\",\"url\":\"https:\/\/www.nevitaint.com\/wp-content\/uploads\/2021\/11\/nevita-logo.jpg\",\"contentUrl\":\"https:\/\/www.nevitaint.com\/wp-content\/uploads\/2021\/11\/nevita-logo.jpg\",\"width\":640,\"height\":200,\"caption\":\"T\u00fcrkiye\u2019de Sat\u0131l\u0131k Gayrimenkul \u0130lanlar\u0131 | Nevita\"},\"image\":{\"@id\":\"https:\/\/www.nevitaint.com\/tr\/#\/schema\/logo\/image\/\"}}]}<\/script>\n<!-- \/ Yoast SEO plugin. -->","yoast_head_json":{"title":"Gayrimenkul Sat\u0131\u015f Sonras\u0131 Hizmetler ve \u00c7\u00f6z\u00fcmler | Nevita\u00ae","description":"M\u00fclk\u00fcn\u00fcz\u00fc sat\u0131n ald\u0131ktan sonra, profesyonel ekibimizin gayrimenkul sat\u0131\u015f sonras\u0131 hizmetleri ve \u00e7\u00f6z\u00fcmleri hakk\u0131nda detayl\u0131 bilgi almak i\u00e7in nevitaint.com'u ziyaret edin.","robots":{"index":"index","follow":"follow","max-snippet":"max-snippet:-1","max-image-preview":"max-image-preview:large","max-video-preview":"max-video-preview:-1"},"canonical":"https:\/\/www.nevitaint.com\/tr\/hizmetler\/gayrimenkul-satis-sonrasi-hizmetler\/","og_locale":"tr_TR","og_type":"article","og_title":"Gayrimenkul Sat\u0131\u015f Sonras\u0131 Hizmetler ve \u00c7\u00f6z\u00fcmler | Nevita\u00ae","og_description":"M\u00fclk\u00fcn\u00fcz\u00fc sat\u0131n ald\u0131ktan sonra, profesyonel ekibimizin gayrimenkul sat\u0131\u015f sonras\u0131 hizmetleri ve \u00e7\u00f6z\u00fcmleri hakk\u0131nda detayl\u0131 bilgi almak i\u00e7in nevitaint.com'u ziyaret edin.","og_url":"https:\/\/www.nevitaint.com\/tr\/hizmetler\/gayrimenkul-satis-sonrasi-hizmetler\/","og_site_name":"Nevita","article_modified_time":"2023-03-17T07:30:25+00:00","twitter_card":"summary_large_image","twitter_misc":{"Tahmini okuma s\u00fcresi":"4 dakika"},"schema":{"@context":"https:\/\/schema.org","@graph":[{"@type":"WebPage","@id":"https:\/\/www.nevitaint.com\/tr\/hizmetler\/gayrimenkul-satis-sonrasi-hizmetler\/","url":"https:\/\/www.nevitaint.com\/tr\/hizmetler\/gayrimenkul-satis-sonrasi-hizmetler\/","name":"Gayrimenkul Sat\u0131\u015f Sonras\u0131 Hizmetler ve \u00c7\u00f6z\u00fcmler | Nevita\u00ae","isPartOf":{"@id":"https:\/\/www.nevitaint.com\/tr\/#website"},"datePublished":"2022-07-05T10:22:56+00:00","dateModified":"2023-03-17T07:30:25+00:00","description":"M\u00fclk\u00fcn\u00fcz\u00fc sat\u0131n ald\u0131ktan sonra, profesyonel ekibimizin gayrimenkul sat\u0131\u015f sonras\u0131 hizmetleri ve \u00e7\u00f6z\u00fcmleri hakk\u0131nda detayl\u0131 bilgi almak i\u00e7in nevitaint.com'u ziyaret edin.","breadcrumb":{"@id":"https:\/\/www.nevitaint.com\/tr\/hizmetler\/gayrimenkul-satis-sonrasi-hizmetler\/#breadcrumb"},"inLanguage":"tr","potentialAction":[{"@type":"ReadAction","target":["https:\/\/www.nevitaint.com\/tr\/hizmetler\/gayrimenkul-satis-sonrasi-hizmetler\/"]}]},{"@type":"BreadcrumbList","@id":"https:\/\/www.nevitaint.com\/tr\/hizmetler\/gayrimenkul-satis-sonrasi-hizmetler\/#breadcrumb","itemListElement":[{"@type":"ListItem","position":1,"name":"Homepage","item":"https:\/\/www.nevitaint.com\/tr\/"},{"@type":"ListItem","position":2,"name":"Hizmetler","item":"https:\/\/www.nevitaint.com\/tr\/hizmetler\/"},{"@type":"ListItem","position":3,"name":"Sat\u0131\u015f Sonras\u0131 Hizmetler"}]},{"@type":"WebSite","@id":"https:\/\/www.nevitaint.com\/tr\/#website","url":"https:\/\/www.nevitaint.com\/tr\/","name":"Nevita","description":"","publisher":{"@id":"https:\/\/www.nevitaint.com\/tr\/#organization"},"potentialAction":[{"@type":"SearchAction","target":{"@type":"EntryPoint","urlTemplate":"https:\/\/www.nevitaint.com\/tr\/?s={search_term_string}"},"query-input":"required name=search_term_string"}],"inLanguage":"tr"},{"@type":"Organization","@id":"https:\/\/www.nevitaint.com\/tr\/#organization","name":"T\u00fcrkiye\u2019de Sat\u0131l\u0131k Gayrimenkul \u0130lanlar\u0131 | Nevita","url":"https:\/\/www.nevitaint.com\/tr\/","logo":{"@type":"ImageObject","inLanguage":"tr","@id":"https:\/\/www.nevitaint.com\/tr\/#\/schema\/logo\/image\/","url":"https:\/\/www.nevitaint.com\/wp-content\/uploads\/2021\/11\/nevita-logo.jpg","contentUrl":"https:\/\/www.nevitaint.com\/wp-content\/uploads\/2021\/11\/nevita-logo.jpg","width":640,"height":200,"caption":"T\u00fcrkiye\u2019de Sat\u0131l\u0131k Gayrimenkul \u0130lanlar\u0131 | Nevita"},"image":{"@id":"https:\/\/www.nevitaint.com\/tr\/#\/schema\/logo\/image\/"}}]}},"_links":{"self":[{"href":"https:\/\/www.nevitaint.com\/tr\/wp-json\/wp\/v2\/pages\/57234"}],"collection":[{"href":"https:\/\/www.nevitaint.com\/tr\/wp-json\/wp\/v2\/pages"}],"about":[{"href":"https:\/\/www.nevitaint.com\/tr\/wp-json\/wp\/v2\/types\/page"}],"author":[{"embeddable":true,"href":"https:\/\/www.nevitaint.com\/tr\/wp-json\/wp\/v2\/users\/1"}],"replies":[{"embeddable":true,"href":"https:\/\/www.nevitaint.com\/tr\/wp-json\/wp\/v2\/comments?post=57234"}],"version-history":[{"count":10,"href":"https:\/\/www.nevitaint.com\/tr\/wp-json\/wp\/v2\/pages\/57234\/revisions"}],"predecessor-version":[{"id":57327,"href":"https:\/\/www.nevitaint.com\/tr\/wp-json\/wp\/v2\/pages\/57234\/revisions\/57327"}],"up":[{"embeddable":true,"href":"https:\/\/www.nevitaint.com\/tr\/wp-json\/wp\/v2\/pages\/57205"}],"wp:attachment":[{"href":"https:\/\/www.nevitaint.com\/tr\/wp-json\/wp\/v2\/media?parent=57234"}],"curies":[{"name":"wp","href":"https:\/\/api.w.org\/{rel}","templated":true}]}}