{"id":57240,"date":"2022-07-05T12:29:56","date_gmt":"2022-07-05T09:29:56","guid":{"rendered":"https:\/\/www.nevitaint.com\/hizmetler-2\/pre-sales-services\/"},"modified":"2023-03-17T10:28:00","modified_gmt":"2023-03-17T07:28:00","slug":"gayrimenkul-satis-oncesi-hizmetler","status":"publish","type":"page","link":"https:\/\/www.nevitaint.com\/tr\/hizmetler\/gayrimenkul-satis-oncesi-hizmetler\/","title":{"rendered":"Sat\u0131\u015f \u00d6ncesi Hizmetler"},"content":{"rendered":"<section class=\"wpb-content-wrapper\"><p>[vc_row css=&#8221;.vc_custom_1657013465870{padding-bottom: 0px !important;}&#8221;][vc_column width=&#8221;1\/12&#8243;][\/vc_column][vc_column width=&#8221;10\/12&#8243;][vc_column_text]<\/p>\n<p style=\"text-align: center;\">Gayrimenkul al\u0131c\u0131 ve sat\u0131c\u0131lar\u0131na sundu\u011fumuz verimli \u00e7\u00f6z\u00fcmler sonucunda m\u00fc\u015fterilerimizin memnuniyeti garanti alt\u0131na al\u0131nmaktad\u0131r.<\/p>\n<p style=\"text-align: center;\">\u0130htiya\u00e7lar\u0131n\u0131z\u0131 kar\u015f\u0131layacak gayrimenkul veya yat\u0131r\u0131m arac\u0131n\u0131 bulman\u0131za yard\u0131mc\u0131 olmak ad\u0131na yurtd\u0131\u015f\u0131nda m\u00fclk sat\u0131n al\u0131rken \u00f6nemli olan g\u00fcveni vermek i\u00e7in geli\u015fmi\u015f sat\u0131\u015f \u00f6ncesi hizmetler sunmaktay\u0131z.<\/p>\n<p style=\"text-align: center;\">Sat\u0131\u015f \u00f6ncesi s\u00fcrecimiz, sat\u0131\u015f\u0131 kapatmadan \u00f6nce ger\u00e7ekle\u015fen t\u00fcm faaliyetleri kapsamaktad\u0131r. Bunlar a\u015fa\u011f\u0131daki g\u00f6revleri i\u00e7ermektedir.<\/p>\n<p>[\/vc_column_text][\/vc_column][vc_column width=&#8221;1\/12&#8243;][\/vc_column][\/vc_row][vc_row gap=&#8221;30&#8243; equal_height=&#8221;yes&#8221;][vc_column width=&#8221;1\/2&#8243; css=&#8221;.vc_custom_1657014037495{background-color: #f6f9ff !important;}&#8221; el_class=&#8221;servitembox&#8221;][vc_single_image image=&#8221;50462&#8243; img_size=&#8221;full&#8221; alignment=&#8221;center&#8221;][vc_custom_heading text=&#8221;Emlak Dan\u0131\u015fmanl\u0131\u011f\u0131&#8221; font_container=&#8221;tag:h2|font_size:16|text_align:center&#8221; use_theme_fonts=&#8221;yes&#8221; css=&#8221;.vc_custom_1678963584038{margin-bottom: 15px !important;}&#8221; el_class=&#8221;fw-500&#8243;][vc_column_text css=&#8221;.vc_custom_1678779329906{margin-bottom: 0px !important;}&#8221;]<\/p>\n<p style=\"text-align: center;\"><span style=\"font-weight: 400;\">Gayrimenkul alan\u0131nda profesyonel dan\u0131\u015fmanlardan olu\u015fan ekibimiz, her t\u00fcrl\u00fc gayrimenkul al\u0131m\u0131nda her bir m\u00fc\u015fterimize detayl\u0131 analiz ve finansal fizibilite \u00e7al\u0131\u015fmalar\u0131, s\u00f6zle\u015fmelerin ve tapular\u0131n y\u00f6netimi ve t\u00fcm yasal prosed\u00fcrlerin ve gerekli belgelerin do\u011frulanmas\u0131 i\u00e7in haz\u0131rlanmaktad\u0131r.<\/span><\/p>\n<p>[\/vc_column_text][\/vc_column][vc_column width=&#8221;1\/2&#8243; css=&#8221;.vc_custom_1657014046299{background-color: #f6f9ff !important;}&#8221; el_class=&#8221;servitembox&#8221;][vc_single_image image=&#8221;50465&#8243; img_size=&#8221;full&#8221; alignment=&#8221;center&#8221;][vc_custom_heading text=&#8221;Yat\u0131r\u0131m Dan\u0131\u015fmanl\u0131\u011f\u0131&#8221; font_container=&#8221;tag:h2|font_size:16|text_align:center&#8221; use_theme_fonts=&#8221;yes&#8221; css=&#8221;.vc_custom_1678963593371{margin-bottom: 15px !important;}&#8221; el_class=&#8221;fw-500&#8243;][vc_column_text css=&#8221;.vc_custom_1678779858263{margin-bottom: 0px !important;}&#8221;]<\/p>\n<p style=\"text-align: center;\"><span style=\"font-weight: 400;\">M\u00fc\u015fterilerimiz, hala potansiyel al\u0131c\u0131 olduklar\u0131nda ve sat\u0131n almalar\u0131ndan hemen \u00f6nce bile s\u0131n\u0131rs\u0131z yat\u0131r\u0131m rehberli\u011fi hizmeti alabilmektedir. Orta\u011f\u0131m\u0131z Parita Portf\u00f6y Y\u00f6netimi ile birlikte rol\u00fcm\u00fcz, m\u00fc\u015fterilere en uzun vadeli b\u00fcy\u00fcme potansiyeline sahip en karl\u0131 m\u00fclke yat\u0131r\u0131m yapmak i\u00e7in bilin\u00e7li bir karar vermelerine yard\u0131mc\u0131 olmak ad\u0131na yat\u0131r\u0131m getirilerini nas\u0131l en \u00fcst d\u00fczeye \u00e7\u0131karacaklar\u0131 konusunda desteklemektir.<\/span><\/p>\n<p>[\/vc_column_text][\/vc_column][\/vc_row][vc_row gap=&#8221;30&#8243; equal_height=&#8221;yes&#8221; content_placement=&#8221;middle&#8221;][vc_column width=&#8221;1\/2&#8243; css=&#8221;.vc_custom_1657014075669{background-color: #f6f9ff !important;}&#8221; el_class=&#8221;servitembox&#8221;][vc_single_image image=&#8221;50468&#8243; img_size=&#8221;full&#8221; alignment=&#8221;center&#8221;][vc_custom_heading text=&#8221;Konsiyerj ve A\u011f\u0131rlama&#8221; font_container=&#8221;tag:h2|font_size:16|text_align:center&#8221; use_theme_fonts=&#8221;yes&#8221; css=&#8221;.vc_custom_1678963603761{margin-bottom: 15px !important;}&#8221; el_class=&#8221;fw-500&#8243;][vc_column_text css=&#8221;.vc_custom_1678779483169{margin-bottom: 0px !important;}&#8221;]<\/p>\n<p style=\"text-align: center;\">M\u00fc\u015fterilerimize konfor ve rahatl\u0131k sa\u011flamak i\u00e7in \u00e7al\u0131\u015f\u0131yoruz. M\u00fc\u015fterilerimizi havaalan\u0131nda kar\u015f\u0131l\u0131yor, otellerine g\u00f6t\u00fcr\u00fcyor ve uygun yerimizi gezdiriyoruz.<\/p>\n<p>[\/vc_column_text][\/vc_column][vc_column width=&#8221;1\/2&#8243; css=&#8221;.vc_custom_1658825256581{background-color: #f6f9ff !important;}&#8221;][vc_single_image image=&#8221;50471&#8243; img_size=&#8221;full&#8221; alignment=&#8221;center&#8221;][vc_custom_heading text=&#8221;Ama\u00e7 Formu Haz\u0131rlama ve G\u00f6r\u00fcnt\u00fcleme Turu D\u00fczenleme&#8221; font_container=&#8221;tag:h2|font_size:16|text_align:center&#8221; use_theme_fonts=&#8221;yes&#8221; css=&#8221;.vc_custom_1678963611587{margin-bottom: 15px !important;}&#8221; el_class=&#8221;fw-500&#8243;][vc_column_text css=&#8221;.vc_custom_1678779734220{margin-bottom: 0px !important;}&#8221;]<\/p>\n<p style=\"text-align: center;\"><span style=\"font-weight: 400;\">Ekibimiz en cazip f\u0131rsatlar\u0131 sunmakta olup ayn\u0131 zamanda m\u00fc\u015fterilerin en y\u00fcksek getiriyi elde etmeleri i\u00e7in kendilerine en uygun olan\u0131 se\u00e7melerine yard\u0131mc\u0131 olmaktad\u0131r. M\u00fckemmel e\u015fle\u015ftirmeyi yapt\u0131ktan sonra, se\u00e7ilen m\u00fclkleri g\u00f6rmek i\u00e7in bir inceleme turu d\u00fczenlenmektedir.<\/span><\/p>\n<p>[\/vc_column_text][\/vc_column][\/vc_row][vc_row gap=&#8221;30&#8243; equal_height=&#8221;yes&#8221; content_placement=&#8221;middle&#8221;][vc_column width=&#8221;1\/2&#8243; css=&#8221;.vc_custom_1657014080725{background-color: #f6f9ff !important;}&#8221; el_class=&#8221;servitembox&#8221;][vc_single_image image=&#8221;50474&#8243; img_size=&#8221;full&#8221; alignment=&#8221;center&#8221;][vc_custom_heading text=&#8221;\u00c7evrimi\u00e7i Emlak G\u00f6r\u00fcnt\u00fcleme Turu&#8221; font_container=&#8221;tag:h2|font_size:16|text_align:center&#8221; use_theme_fonts=&#8221;yes&#8221; css=&#8221;.vc_custom_1678963620471{margin-bottom: 15px !important;}&#8221; el_class=&#8221;fw-500&#8243;][vc_column_text css=&#8221;.vc_custom_1678779699179{margin-bottom: 0px !important;}&#8221;]<\/p>\n<p style=\"text-align: center;\">Sanal tur hizmetimizi kullanarak m\u00fc\u015fterilerimiz, sat\u0131l\u0131k m\u00fclklerimizi kendi evlerinin rahatl\u0131\u011f\u0131nda ke\u015ffedebilmektedir. Se\u00e7ilen m\u00fclk par\u00e7as\u0131 \u00fczerinde 3D sunumlar veya telefon ile ger\u00e7ek zamanl\u0131 sunumlar kullanarak t\u00fcm yat\u0131r\u0131m ve sat\u0131n alma s\u00fcreci boyunca \u00e7evrimi\u00e7i rehberlik hizmeti sa\u011flanmaktad\u0131r.<\/p>\n<p>[\/vc_column_text][\/vc_column][vc_column width=&#8221;1\/2&#8243; css=&#8221;.vc_custom_1657014088542{background-color: #f6f9ff !important;}&#8221; el_class=&#8221;servitembox&#8221;][vc_single_image image=&#8221;50477&#8243; img_size=&#8221;full&#8221; alignment=&#8221;center&#8221;][vc_custom_heading text=&#8221;Sat\u0131n Alma Prosed\u00fcrleri&#8221; font_container=&#8221;tag:h2|font_size:16|text_align:center&#8221; use_theme_fonts=&#8221;yes&#8221; css=&#8221;.vc_custom_1678963626715{margin-bottom: 15px !important;}&#8221; el_class=&#8221;fw-500&#8243;][vc_column_text css=&#8221;.vc_custom_1678779660216{margin-bottom: 0px !important;}&#8221;]<\/p>\n<p style=\"text-align: center;\"><span style=\"font-weight: 400;\">M\u00fc\u015fterilerimiz haz\u0131r olur olmaz sat\u0131n alma s\u00fcrecine ba\u015flayabilmektedir. Deneyimli emlak uzmanlar\u0131ndan olu\u015fan ekibimiz gerekli t\u00fcm i\u015flemleri tamamlamalar\u0131nda onlara rehberlik etmektedir. Sat\u0131\u015f s\u00f6zle\u015fmesinin haz\u0131rlanmas\u0131, T\u00fcrk vergi kimlik numaras\u0131 ba\u015fvurusu ve T\u00fcrkiye&#8217;de bir banka hesab\u0131 a\u00e7\u0131lmas\u0131 ile emlak sat\u0131n alma s\u00fcreci ba\u015flayacakt\u0131r.<\/span><\/p>\n<p>[\/vc_column_text][\/vc_column][\/vc_row][vc_row gap=&#8221;30&#8243; equal_height=&#8221;yes&#8221; content_placement=&#8221;middle&#8221;][vc_column width=&#8221;1\/3&#8243; css=&#8221;.vc_custom_1657014111264{background-color: #f6f9ff !important;}&#8221; el_class=&#8221;servitembox&#8221;][vc_single_image image=&#8221;50480&#8243; img_size=&#8221;full&#8221; alignment=&#8221;center&#8221;][vc_custom_heading text=&#8221;Yasal Destek&#8221; font_container=&#8221;tag:h2|font_size:16|text_align:center&#8221; use_theme_fonts=&#8221;yes&#8221; css=&#8221;.vc_custom_1678963633478{margin-bottom: 15px !important;}&#8221; el_class=&#8221;fw-500&#8243;][vc_column_text css=&#8221;.vc_custom_1678779624972{margin-bottom: 0px !important;}&#8221;]<\/p>\n<p style=\"text-align: center;\">Bir m\u00fclk sat\u0131n almak bir \u00fclkeden di\u011ferine farkl\u0131l\u0131k g\u00f6sterebilmektedir. Nitelikli uzmanlar\u0131m\u0131z, \u00e7\u0131karlar\u0131n\u0131z\u0131 korumak i\u00e7in yasal rehberlik sa\u011flamaktad\u0131r. Nevita&#8217;n\u0131n avukatlar\u0131 ile \u00e7al\u0131\u015f\u0131rken gizlili\u011fe, verimlili\u011fe, g\u00fcvenilirli\u011fe ve rahatl\u0131\u011fa olan ba\u011fl\u0131l\u0131\u011f\u0131n\u0131n bir sonucu olarak, y\u00fcksek kalitede yasal destek alaca\u011f\u0131n\u0131zdan emin olabilirsiniz.<\/p>\n<p>[\/vc_column_text][\/vc_column][vc_column width=&#8221;1\/3&#8243; css=&#8221;.vc_custom_1658825405866{background-color: #f6f9ff !important;}&#8221;][vc_single_image image=&#8221;50483&#8243; img_size=&#8221;full&#8221; alignment=&#8221;center&#8221;][vc_custom_heading text=&#8221;Mortgage Kredileri ve Finansal Dan\u0131\u015fmanl\u0131k&#8221; font_container=&#8221;tag:h2|font_size:16|text_align:center&#8221; use_theme_fonts=&#8221;yes&#8221; css=&#8221;.vc_custom_1678963639771{margin-bottom: 15px !important;}&#8221; el_class=&#8221;fw-500&#8243;][vc_column_text css=&#8221;.vc_custom_1678779595269{margin-bottom: 0px !important;}&#8221;]<\/p>\n<p style=\"text-align: center;\"><span style=\"font-weight: 400;\">Profesyonel dan\u0131\u015fmanlardan olu\u015fan ekibimiz, mevcut t\u00fcm farkl\u0131 kredi t\u00fcrleri hakk\u0131nda size \u00f6zel tavsiyeler ve ki\u015fiselle\u015ftirilmi\u015f bilgiler verecektir. Size m\u00fcmk\u00fcn olan en iyi finansal \u00e7\u00f6z\u00fcm\u00fc bulmak i\u00e7in rehberlik ve kredi alternatifleri sa\u011flanmaktad\u0131r.<\/span><\/p>\n<p>[\/vc_column_text][\/vc_column][vc_column width=&#8221;1\/3&#8243; css=&#8221;.vc_custom_1678699022423{background-color: #f6f9ff !important;}&#8221;][vc_single_image image=&#8221;50486&#8243; img_size=&#8221;full&#8221; alignment=&#8221;center&#8221;][vc_custom_heading text=&#8221;Tapu \u0130\u015flemleri&#8221; font_container=&#8221;tag:h2|font_size:16|text_align:center&#8221; use_theme_fonts=&#8221;yes&#8221; css=&#8221;.vc_custom_1678963647825{margin-bottom: 15px !important;}&#8221; el_class=&#8221;fw-500&#8243;][vc_column_text css=&#8221;.vc_custom_1678779563535{margin-bottom: 0px !important;}&#8221;]<\/p>\n<p style=\"text-align: center;\">Tapu devri ile ilgili i\u015flemlerde m\u00fclk sat\u0131n al\u0131m\u0131n\u0131 tamamlamak i\u00e7in tapu s\u00fcrecini ba\u015flat\u0131r ve takibi sa\u011flanmaktad\u0131r. Ekspertiz raporunun haz\u0131rlanmas\u0131, pasaport ve belge noter terc\u00fcmelerinin haz\u0131rlanmas\u0131 ve tapu devri ba\u015fvurusu s\u00fcrecinin birer par\u00e7as\u0131d\u0131r.<\/p>\n<p>[\/vc_column_text][\/vc_column][\/vc_row]<\/p>\n<\/section>","protected":false},"excerpt":{"rendered":"<p>[vc_row css=&#8221;.vc_custom_1657013465870{padding-bottom: 0px !important;}&#8221;][vc_column width=&#8221;1\/12&#8243;][\/vc_column][vc_column width=&#8221;10\/12&#8243;][vc_column_text] Gayrimenkul al\u0131c\u0131 ve sat\u0131c\u0131lar\u0131na sundu\u011fumuz verimli \u00e7\u00f6z\u00fcmler sonucunda m\u00fc\u015fterilerimizin memnuniyeti garanti alt\u0131na al\u0131nmaktad\u0131r. \u0130htiya\u00e7lar\u0131n\u0131z\u0131 kar\u015f\u0131layacak gayrimenkul veya yat\u0131r\u0131m arac\u0131n\u0131 bulman\u0131za yard\u0131mc\u0131 olmak ad\u0131na yurtd\u0131\u015f\u0131nda m\u00fclk sat\u0131n al\u0131rken \u00f6nemli olan g\u00fcveni vermek i\u00e7in geli\u015fmi\u015f sat\u0131\u015f \u00f6ncesi hizmetler sunmaktay\u0131z. Sat\u0131\u015f \u00f6ncesi s\u00fcrecimiz, sat\u0131\u015f\u0131 kapatmadan \u00f6nce ger\u00e7ekle\u015fen t\u00fcm faaliyetleri kapsamaktad\u0131r. Bunlar a\u015fa\u011f\u0131daki g\u00f6revleri i\u00e7ermektedir. [\/vc_column_text][\/vc_column][vc_column width=&#8221;1\/12&#8243;][\/vc_column][\/vc_row][vc_row gap=&#8221;30&#8243; equal_height=&#8221;yes&#8221;][vc_column width=&#8221;1\/2&#8243; css=&#8221;.vc_custom_1657014037495{background-color: #f6f9ff !important;}&#8221; el_class=&#8221;servitembox&#8221;][vc_single_image image=&#8221;50462&#8243; img_size=&#8221;full&#8221; alignment=&#8221;center&#8221;][vc_custom_heading text=&#8221;Emlak Dan\u0131\u015fmanl\u0131\u011f\u0131&#8221; font_container=&#8221;tag:h2|font_size:16|text_align:center&#8221; use_theme_fonts=&#8221;yes&#8221; css=&#8221;.vc_custom_1678963584038{margin-bottom: 15px !important;}&#8221; el_class=&#8221;fw-500&#8243;][vc_column_text css=&#8221;.vc_custom_1678779329906{margin-bottom: 0px !important;}&#8221;] Gayrimenkul alan\u0131nda profesyonel dan\u0131\u015fmanlardan olu\u015fan ekibimiz, her t\u00fcrl\u00fc gayrimenkul al\u0131m\u0131nda her bir m\u00fc\u015fterimize detayl\u0131 analiz ve finansal fizibilite \u00e7al\u0131\u015fmalar\u0131, s\u00f6zle\u015fmelerin [&hellip;]<\/p>\n","protected":false},"author":1,"featured_media":0,"parent":57205,"menu_order":0,"comment_status":"closed","ping_status":"closed","template":"","meta":{"inline_featured_image":false},"yoast_head":"<!-- This site is optimized with the Yoast SEO plugin v19.13 - https:\/\/yoast.com\/wordpress\/plugins\/seo\/ -->\n<title>Gayrimenkul Sat\u0131\u015f \u00d6ncesi Hizmetler ve \u00c7\u00f6z\u00fcmler | Nevita\u00ae<\/title>\n<meta name=\"description\" content=\"Emlak dan\u0131\u015fmanl\u0131\u011f\u0131ndan, Konsiyerj ve A\u011f\u0131rlama hizmetlerine kadar t\u00fcm gayrimenkul sat\u0131\u015f \u00f6ncesi \u00e7\u00f6z\u00fcmler nevitaint.com&#039;da! Detayl\u0131 bilgi almak i\u00e7in hemen ziyaret edin.\" \/>\n<meta name=\"robots\" content=\"index, follow, max-snippet:-1, max-image-preview:large, max-video-preview:-1\" \/>\n<link rel=\"canonical\" href=\"https:\/\/www.nevitaint.com\/tr\/hizmetler\/gayrimenkul-satis-oncesi-hizmetler\/\" \/>\n<meta property=\"og:locale\" content=\"tr_TR\" \/>\n<meta property=\"og:type\" content=\"article\" \/>\n<meta property=\"og:title\" content=\"Gayrimenkul Sat\u0131\u015f \u00d6ncesi Hizmetler ve \u00c7\u00f6z\u00fcmler | Nevita\u00ae\" \/>\n<meta property=\"og:description\" content=\"Emlak dan\u0131\u015fmanl\u0131\u011f\u0131ndan, Konsiyerj ve A\u011f\u0131rlama hizmetlerine kadar t\u00fcm gayrimenkul sat\u0131\u015f \u00f6ncesi \u00e7\u00f6z\u00fcmler nevitaint.com&#039;da! Detayl\u0131 bilgi almak i\u00e7in hemen ziyaret edin.\" \/>\n<meta property=\"og:url\" content=\"https:\/\/www.nevitaint.com\/tr\/hizmetler\/gayrimenkul-satis-oncesi-hizmetler\/\" \/>\n<meta property=\"og:site_name\" content=\"Nevita\" \/>\n<meta property=\"article:modified_time\" content=\"2023-03-17T07:28:00+00:00\" \/>\n<meta name=\"twitter:card\" content=\"summary_large_image\" \/>\n<meta name=\"twitter:label1\" content=\"Tahmini okuma s\u00fcresi\" \/>\n\t<meta name=\"twitter:data1\" content=\"4 dakika\" \/>\n<script type=\"application\/ld+json\" class=\"yoast-schema-graph\">{\"@context\":\"https:\/\/schema.org\",\"@graph\":[{\"@type\":\"WebPage\",\"@id\":\"https:\/\/www.nevitaint.com\/tr\/hizmetler\/gayrimenkul-satis-oncesi-hizmetler\/\",\"url\":\"https:\/\/www.nevitaint.com\/tr\/hizmetler\/gayrimenkul-satis-oncesi-hizmetler\/\",\"name\":\"Gayrimenkul Sat\u0131\u015f \u00d6ncesi Hizmetler ve \u00c7\u00f6z\u00fcmler | Nevita\u00ae\",\"isPartOf\":{\"@id\":\"https:\/\/www.nevitaint.com\/tr\/#website\"},\"datePublished\":\"2022-07-05T09:29:56+00:00\",\"dateModified\":\"2023-03-17T07:28:00+00:00\",\"description\":\"Emlak dan\u0131\u015fmanl\u0131\u011f\u0131ndan, Konsiyerj ve A\u011f\u0131rlama hizmetlerine kadar t\u00fcm gayrimenkul sat\u0131\u015f \u00f6ncesi \u00e7\u00f6z\u00fcmler nevitaint.com'da! Detayl\u0131 bilgi almak i\u00e7in hemen ziyaret edin.\",\"breadcrumb\":{\"@id\":\"https:\/\/www.nevitaint.com\/tr\/hizmetler\/gayrimenkul-satis-oncesi-hizmetler\/#breadcrumb\"},\"inLanguage\":\"tr\",\"potentialAction\":[{\"@type\":\"ReadAction\",\"target\":[\"https:\/\/www.nevitaint.com\/tr\/hizmetler\/gayrimenkul-satis-oncesi-hizmetler\/\"]}]},{\"@type\":\"BreadcrumbList\",\"@id\":\"https:\/\/www.nevitaint.com\/tr\/hizmetler\/gayrimenkul-satis-oncesi-hizmetler\/#breadcrumb\",\"itemListElement\":[{\"@type\":\"ListItem\",\"position\":1,\"name\":\"Homepage\",\"item\":\"https:\/\/www.nevitaint.com\/tr\/\"},{\"@type\":\"ListItem\",\"position\":2,\"name\":\"Hizmetler\",\"item\":\"https:\/\/www.nevitaint.com\/tr\/hizmetler\/\"},{\"@type\":\"ListItem\",\"position\":3,\"name\":\"Sat\u0131\u015f \u00d6ncesi Hizmetler\"}]},{\"@type\":\"WebSite\",\"@id\":\"https:\/\/www.nevitaint.com\/tr\/#website\",\"url\":\"https:\/\/www.nevitaint.com\/tr\/\",\"name\":\"Nevita\",\"description\":\"\",\"publisher\":{\"@id\":\"https:\/\/www.nevitaint.com\/tr\/#organization\"},\"potentialAction\":[{\"@type\":\"SearchAction\",\"target\":{\"@type\":\"EntryPoint\",\"urlTemplate\":\"https:\/\/www.nevitaint.com\/tr\/?s={search_term_string}\"},\"query-input\":\"required name=search_term_string\"}],\"inLanguage\":\"tr\"},{\"@type\":\"Organization\",\"@id\":\"https:\/\/www.nevitaint.com\/tr\/#organization\",\"name\":\"T\u00fcrkiye\u2019de Sat\u0131l\u0131k Gayrimenkul \u0130lanlar\u0131 | Nevita\",\"url\":\"https:\/\/www.nevitaint.com\/tr\/\",\"logo\":{\"@type\":\"ImageObject\",\"inLanguage\":\"tr\",\"@id\":\"https:\/\/www.nevitaint.com\/tr\/#\/schema\/logo\/image\/\",\"url\":\"https:\/\/www.nevitaint.com\/wp-content\/uploads\/2021\/11\/nevita-logo.jpg\",\"contentUrl\":\"https:\/\/www.nevitaint.com\/wp-content\/uploads\/2021\/11\/nevita-logo.jpg\",\"width\":640,\"height\":200,\"caption\":\"T\u00fcrkiye\u2019de Sat\u0131l\u0131k Gayrimenkul \u0130lanlar\u0131 | Nevita\"},\"image\":{\"@id\":\"https:\/\/www.nevitaint.com\/tr\/#\/schema\/logo\/image\/\"}}]}<\/script>\n<!-- \/ Yoast SEO plugin. -->","yoast_head_json":{"title":"Gayrimenkul Sat\u0131\u015f \u00d6ncesi Hizmetler ve \u00c7\u00f6z\u00fcmler | Nevita\u00ae","description":"Emlak dan\u0131\u015fmanl\u0131\u011f\u0131ndan, Konsiyerj ve A\u011f\u0131rlama hizmetlerine kadar t\u00fcm gayrimenkul sat\u0131\u015f \u00f6ncesi \u00e7\u00f6z\u00fcmler nevitaint.com'da! Detayl\u0131 bilgi almak i\u00e7in hemen ziyaret edin.","robots":{"index":"index","follow":"follow","max-snippet":"max-snippet:-1","max-image-preview":"max-image-preview:large","max-video-preview":"max-video-preview:-1"},"canonical":"https:\/\/www.nevitaint.com\/tr\/hizmetler\/gayrimenkul-satis-oncesi-hizmetler\/","og_locale":"tr_TR","og_type":"article","og_title":"Gayrimenkul Sat\u0131\u015f \u00d6ncesi Hizmetler ve \u00c7\u00f6z\u00fcmler | Nevita\u00ae","og_description":"Emlak dan\u0131\u015fmanl\u0131\u011f\u0131ndan, Konsiyerj ve A\u011f\u0131rlama hizmetlerine kadar t\u00fcm gayrimenkul sat\u0131\u015f \u00f6ncesi \u00e7\u00f6z\u00fcmler nevitaint.com'da! Detayl\u0131 bilgi almak i\u00e7in hemen ziyaret edin.","og_url":"https:\/\/www.nevitaint.com\/tr\/hizmetler\/gayrimenkul-satis-oncesi-hizmetler\/","og_site_name":"Nevita","article_modified_time":"2023-03-17T07:28:00+00:00","twitter_card":"summary_large_image","twitter_misc":{"Tahmini okuma s\u00fcresi":"4 dakika"},"schema":{"@context":"https:\/\/schema.org","@graph":[{"@type":"WebPage","@id":"https:\/\/www.nevitaint.com\/tr\/hizmetler\/gayrimenkul-satis-oncesi-hizmetler\/","url":"https:\/\/www.nevitaint.com\/tr\/hizmetler\/gayrimenkul-satis-oncesi-hizmetler\/","name":"Gayrimenkul Sat\u0131\u015f \u00d6ncesi Hizmetler ve \u00c7\u00f6z\u00fcmler | Nevita\u00ae","isPartOf":{"@id":"https:\/\/www.nevitaint.com\/tr\/#website"},"datePublished":"2022-07-05T09:29:56+00:00","dateModified":"2023-03-17T07:28:00+00:00","description":"Emlak dan\u0131\u015fmanl\u0131\u011f\u0131ndan, Konsiyerj ve A\u011f\u0131rlama hizmetlerine kadar t\u00fcm gayrimenkul sat\u0131\u015f \u00f6ncesi \u00e7\u00f6z\u00fcmler nevitaint.com'da! Detayl\u0131 bilgi almak i\u00e7in hemen ziyaret edin.","breadcrumb":{"@id":"https:\/\/www.nevitaint.com\/tr\/hizmetler\/gayrimenkul-satis-oncesi-hizmetler\/#breadcrumb"},"inLanguage":"tr","potentialAction":[{"@type":"ReadAction","target":["https:\/\/www.nevitaint.com\/tr\/hizmetler\/gayrimenkul-satis-oncesi-hizmetler\/"]}]},{"@type":"BreadcrumbList","@id":"https:\/\/www.nevitaint.com\/tr\/hizmetler\/gayrimenkul-satis-oncesi-hizmetler\/#breadcrumb","itemListElement":[{"@type":"ListItem","position":1,"name":"Homepage","item":"https:\/\/www.nevitaint.com\/tr\/"},{"@type":"ListItem","position":2,"name":"Hizmetler","item":"https:\/\/www.nevitaint.com\/tr\/hizmetler\/"},{"@type":"ListItem","position":3,"name":"Sat\u0131\u015f \u00d6ncesi Hizmetler"}]},{"@type":"WebSite","@id":"https:\/\/www.nevitaint.com\/tr\/#website","url":"https:\/\/www.nevitaint.com\/tr\/","name":"Nevita","description":"","publisher":{"@id":"https:\/\/www.nevitaint.com\/tr\/#organization"},"potentialAction":[{"@type":"SearchAction","target":{"@type":"EntryPoint","urlTemplate":"https:\/\/www.nevitaint.com\/tr\/?s={search_term_string}"},"query-input":"required name=search_term_string"}],"inLanguage":"tr"},{"@type":"Organization","@id":"https:\/\/www.nevitaint.com\/tr\/#organization","name":"T\u00fcrkiye\u2019de Sat\u0131l\u0131k Gayrimenkul \u0130lanlar\u0131 | Nevita","url":"https:\/\/www.nevitaint.com\/tr\/","logo":{"@type":"ImageObject","inLanguage":"tr","@id":"https:\/\/www.nevitaint.com\/tr\/#\/schema\/logo\/image\/","url":"https:\/\/www.nevitaint.com\/wp-content\/uploads\/2021\/11\/nevita-logo.jpg","contentUrl":"https:\/\/www.nevitaint.com\/wp-content\/uploads\/2021\/11\/nevita-logo.jpg","width":640,"height":200,"caption":"T\u00fcrkiye\u2019de Sat\u0131l\u0131k Gayrimenkul \u0130lanlar\u0131 | Nevita"},"image":{"@id":"https:\/\/www.nevitaint.com\/tr\/#\/schema\/logo\/image\/"}}]}},"_links":{"self":[{"href":"https:\/\/www.nevitaint.com\/tr\/wp-json\/wp\/v2\/pages\/57240"}],"collection":[{"href":"https:\/\/www.nevitaint.com\/tr\/wp-json\/wp\/v2\/pages"}],"about":[{"href":"https:\/\/www.nevitaint.com\/tr\/wp-json\/wp\/v2\/types\/page"}],"author":[{"embeddable":true,"href":"https:\/\/www.nevitaint.com\/tr\/wp-json\/wp\/v2\/users\/1"}],"replies":[{"embeddable":true,"href":"https:\/\/www.nevitaint.com\/tr\/wp-json\/wp\/v2\/comments?post=57240"}],"version-history":[{"count":6,"href":"https:\/\/www.nevitaint.com\/tr\/wp-json\/wp\/v2\/pages\/57240\/revisions"}],"predecessor-version":[{"id":57326,"href":"https:\/\/www.nevitaint.com\/tr\/wp-json\/wp\/v2\/pages\/57240\/revisions\/57326"}],"up":[{"embeddable":true,"href":"https:\/\/www.nevitaint.com\/tr\/wp-json\/wp\/v2\/pages\/57205"}],"wp:attachment":[{"href":"https:\/\/www.nevitaint.com\/tr\/wp-json\/wp\/v2\/media?parent=57240"}],"curies":[{"name":"wp","href":"https:\/\/api.w.org\/{rel}","templated":true}]}}