{"id":60604,"date":"2023-08-16T11:39:45","date_gmt":"2023-08-16T08:39:45","guid":{"rendered":"https:\/\/www.nevitaint.com\/holiday-festival-from-nevita\/"},"modified":"2023-08-16T12:54:18","modified_gmt":"2023-08-16T09:54:18","slug":"nevitadan-tatil-festivali","status":"publish","type":"page","link":"https:\/\/www.nevitaint.com\/tr\/nevitadan-tatil-festivali\/","title":{"rendered":"Nevita\u2019dan Tatil Festivali"},"content":{"rendered":"<p><img decoding=\"async\" loading=\"lazy\" class=\"alignnone wp-image-60605 size-full\" src=\"https:\/\/www.nevitaint.com\/wp-content\/uploads\/2023\/08\/NEVITA_MAILING_TR_2-copy.jpg\" alt=\"\" width=\"1417\" height=\"973\" srcset=\"https:\/\/www.nevitaint.com\/wp-content\/uploads\/2023\/08\/NEVITA_MAILING_TR_2-copy.jpg 1417w, https:\/\/www.nevitaint.com\/wp-content\/uploads\/2023\/08\/NEVITA_MAILING_TR_2-copy-300x206.jpg 300w, https:\/\/www.nevitaint.com\/wp-content\/uploads\/2023\/08\/NEVITA_MAILING_TR_2-copy-1024x703.jpg 1024w, https:\/\/www.nevitaint.com\/wp-content\/uploads\/2023\/08\/NEVITA_MAILING_TR_2-copy-768x527.jpg 768w\" sizes=\"(max-width: 1417px) 100vw, 1417px\" \/><\/p>\n<h2>Nevita\u2019dan Partnerlerini Sevindiren B\u00fcy\u00fck Hediye!<\/h2>\n<p>31 A\u011fustos tarihine kadar sat\u0131\u015f kazand\u0131ran her bir acentemize 5 g\u00fcn, 2 ki\u015filik Tatil hediyesi bizden.<\/p>\n<p>Hak kazanan acentelerimiz Fuzul holding ailesinin bir par\u00e7as\u0131 olan Stay Newinn markam\u0131z\u0131n Antalya\u2019daki Nevita\u2019n\u0131n belirledi\u011fi konaklama alanlar\u0131nda 2 ki\u015filik tatil imkan\u0131 elde edecektir.<\/p>\n<p>Acele edin f\u0131rsat\u0131 ka\u00e7\u0131rmandan sizleri m\u00fc\u015fterilerinizle sat\u0131\u015f ofisimize bekliyoruz.<\/p>\n<p>Detayl\u0131 bilgi Sat\u0131\u015f ofislerimizde\u2026<\/p>\n<p><strong>Kampanyaya Kat\u0131l\u0131m Ko\u015fullar\u0131;<\/strong><\/p>\n<ul>\n<li>Kampanyadan yararlanmak i\u00e7in sat\u0131\u015f tamamlanmas\u0131 zorunlu olup sadece 31 A\u011fustos sonuna kadar olan kay\u0131tlarda ge\u00e7erlidir.<\/li>\n<li>Kampanya hediyesi i\u00e7in 18 ya\u015f\u0131n\u0131 doldurmu\u015f olmak \u015fartt\u0131r,<\/li>\n<li>Sadece Nevita\u2019n\u0131n s\u00f6zle\u015fmeli Acenteleri i\u00e7in ge\u00e7erlidir,<\/li>\n<li>Kampanyadan sadece bir kez yararlan\u0131labilir,<\/li>\n<li>Hak edi\u015fi Nevita Sakl\u0131 tutar.<\/li>\n<\/ul>\n","protected":false},"excerpt":{"rendered":"<p>Nevita\u2019dan Partnerlerini Sevindiren B\u00fcy\u00fck Hediye! 31 A\u011fustos tarihine kadar sat\u0131\u015f kazand\u0131ran her bir acentemize 5 g\u00fcn, 2 ki\u015filik Tatil hediyesi bizden. Hak kazanan acentelerimiz Fuzul holding ailesinin bir par\u00e7as\u0131 olan Stay Newinn markam\u0131z\u0131n Antalya\u2019daki Nevita\u2019n\u0131n belirledi\u011fi konaklama alanlar\u0131nda 2 ki\u015filik tatil imkan\u0131 elde edecektir. Acele edin f\u0131rsat\u0131 ka\u00e7\u0131rmandan sizleri m\u00fc\u015fterilerinizle sat\u0131\u015f ofisimize bekliyoruz. Detayl\u0131 bilgi Sat\u0131\u015f ofislerimizde\u2026 Kampanyaya Kat\u0131l\u0131m Ko\u015fullar\u0131; Kampanyadan yararlanmak i\u00e7in sat\u0131\u015f tamamlanmas\u0131 zorunlu olup sadece 31 A\u011fustos sonuna kadar olan kay\u0131tlarda ge\u00e7erlidir. Kampanya hediyesi i\u00e7in 18 ya\u015f\u0131n\u0131 doldurmu\u015f olmak \u015fartt\u0131r, Sadece Nevita\u2019n\u0131n s\u00f6zle\u015fmeli Acenteleri i\u00e7in ge\u00e7erlidir, Kampanyadan sadece bir kez yararlan\u0131labilir, Hak edi\u015fi Nevita Sakl\u0131 tutar.<\/p>\n","protected":false},"author":19,"featured_media":0,"parent":0,"menu_order":0,"comment_status":"closed","ping_status":"closed","template":"","meta":{"inline_featured_image":false},"yoast_head":"<!-- This site is optimized with the Yoast SEO plugin v19.13 - https:\/\/yoast.com\/wordpress\/plugins\/seo\/ -->\n<title>Nevita\u2019dan Tatil Festivali | Nevita \u00ae<\/title>\n<meta name=\"description\" content=\"31 A\u011fustos tarihine kadar sat\u0131\u015f kazand\u0131ran her bir acentemize 5 g\u00fcn, 2 ki\u015filik Tatil hediyesi bizden. Ko\u015fullar i\u00e7in okumaya devam edin.\" \/>\n<meta name=\"robots\" content=\"index, follow, max-snippet:-1, max-image-preview:large, max-video-preview:-1\" \/>\n<link rel=\"canonical\" href=\"https:\/\/www.nevitaint.com\/tr\/nevitadan-tatil-festivali\/\" \/>\n<meta property=\"og:locale\" content=\"tr_TR\" \/>\n<meta property=\"og:type\" content=\"article\" \/>\n<meta property=\"og:title\" content=\"Nevita\u2019dan Tatil Festivali | Nevita \u00ae\" \/>\n<meta property=\"og:description\" content=\"31 A\u011fustos tarihine kadar sat\u0131\u015f kazand\u0131ran her bir acentemize 5 g\u00fcn, 2 ki\u015filik Tatil hediyesi bizden. Ko\u015fullar i\u00e7in okumaya devam edin.\" \/>\n<meta property=\"og:url\" content=\"https:\/\/www.nevitaint.com\/tr\/nevitadan-tatil-festivali\/\" \/>\n<meta property=\"og:site_name\" content=\"Nevita\" \/>\n<meta property=\"article:modified_time\" content=\"2023-08-16T09:54:18+00:00\" \/>\n<meta property=\"og:image\" content=\"https:\/\/www.nevitaint.com\/wp-content\/uploads\/2023\/08\/NEVITA_MAILING_TR_2-copy.jpg\" \/>\n<meta name=\"twitter:card\" content=\"summary_large_image\" \/>\n<meta name=\"twitter:label1\" content=\"Tahmini okuma s\u00fcresi\" \/>\n\t<meta name=\"twitter:data1\" content=\"1 dakika\" \/>\n<script type=\"application\/ld+json\" class=\"yoast-schema-graph\">{\"@context\":\"https:\/\/schema.org\",\"@graph\":[{\"@type\":\"WebPage\",\"@id\":\"https:\/\/www.nevitaint.com\/tr\/nevitadan-tatil-festivali\/\",\"url\":\"https:\/\/www.nevitaint.com\/tr\/nevitadan-tatil-festivali\/\",\"name\":\"Nevita\u2019dan Tatil Festivali | Nevita \u00ae\",\"isPartOf\":{\"@id\":\"https:\/\/www.nevitaint.com\/tr\/#website\"},\"datePublished\":\"2023-08-16T08:39:45+00:00\",\"dateModified\":\"2023-08-16T09:54:18+00:00\",\"description\":\"31 A\u011fustos tarihine kadar sat\u0131\u015f kazand\u0131ran her bir acentemize 5 g\u00fcn, 2 ki\u015filik Tatil hediyesi bizden. Ko\u015fullar i\u00e7in okumaya devam edin.\",\"breadcrumb\":{\"@id\":\"https:\/\/www.nevitaint.com\/tr\/nevitadan-tatil-festivali\/#breadcrumb\"},\"inLanguage\":\"tr\",\"potentialAction\":[{\"@type\":\"ReadAction\",\"target\":[\"https:\/\/www.nevitaint.com\/tr\/nevitadan-tatil-festivali\/\"]}]},{\"@type\":\"BreadcrumbList\",\"@id\":\"https:\/\/www.nevitaint.com\/tr\/nevitadan-tatil-festivali\/#breadcrumb\",\"itemListElement\":[{\"@type\":\"ListItem\",\"position\":1,\"name\":\"Homepage\",\"item\":\"https:\/\/www.nevitaint.com\/tr\/\"},{\"@type\":\"ListItem\",\"position\":2,\"name\":\"Nevita\u2019dan Tatil Festivali\"}]},{\"@type\":\"WebSite\",\"@id\":\"https:\/\/www.nevitaint.com\/tr\/#website\",\"url\":\"https:\/\/www.nevitaint.com\/tr\/\",\"name\":\"Nevita\",\"description\":\"\",\"publisher\":{\"@id\":\"https:\/\/www.nevitaint.com\/tr\/#organization\"},\"potentialAction\":[{\"@type\":\"SearchAction\",\"target\":{\"@type\":\"EntryPoint\",\"urlTemplate\":\"https:\/\/www.nevitaint.com\/tr\/?s={search_term_string}\"},\"query-input\":\"required name=search_term_string\"}],\"inLanguage\":\"tr\"},{\"@type\":\"Organization\",\"@id\":\"https:\/\/www.nevitaint.com\/tr\/#organization\",\"name\":\"T\u00fcrkiye\u2019de Sat\u0131l\u0131k Gayrimenkul \u0130lanlar\u0131 | Nevita\",\"url\":\"https:\/\/www.nevitaint.com\/tr\/\",\"logo\":{\"@type\":\"ImageObject\",\"inLanguage\":\"tr\",\"@id\":\"https:\/\/www.nevitaint.com\/tr\/#\/schema\/logo\/image\/\",\"url\":\"https:\/\/www.nevitaint.com\/wp-content\/uploads\/2021\/11\/nevita-logo.jpg\",\"contentUrl\":\"https:\/\/www.nevitaint.com\/wp-content\/uploads\/2021\/11\/nevita-logo.jpg\",\"width\":640,\"height\":200,\"caption\":\"T\u00fcrkiye\u2019de Sat\u0131l\u0131k Gayrimenkul \u0130lanlar\u0131 | Nevita\"},\"image\":{\"@id\":\"https:\/\/www.nevitaint.com\/tr\/#\/schema\/logo\/image\/\"}}]}<\/script>\n<!-- \/ Yoast SEO plugin. -->","yoast_head_json":{"title":"Nevita\u2019dan Tatil Festivali | Nevita \u00ae","description":"31 A\u011fustos tarihine kadar sat\u0131\u015f kazand\u0131ran her bir acentemize 5 g\u00fcn, 2 ki\u015filik Tatil hediyesi bizden. Ko\u015fullar i\u00e7in okumaya devam edin.","robots":{"index":"index","follow":"follow","max-snippet":"max-snippet:-1","max-image-preview":"max-image-preview:large","max-video-preview":"max-video-preview:-1"},"canonical":"https:\/\/www.nevitaint.com\/tr\/nevitadan-tatil-festivali\/","og_locale":"tr_TR","og_type":"article","og_title":"Nevita\u2019dan Tatil Festivali | Nevita \u00ae","og_description":"31 A\u011fustos tarihine kadar sat\u0131\u015f kazand\u0131ran her bir acentemize 5 g\u00fcn, 2 ki\u015filik Tatil hediyesi bizden. Ko\u015fullar i\u00e7in okumaya devam edin.","og_url":"https:\/\/www.nevitaint.com\/tr\/nevitadan-tatil-festivali\/","og_site_name":"Nevita","article_modified_time":"2023-08-16T09:54:18+00:00","og_image":[{"url":"https:\/\/www.nevitaint.com\/wp-content\/uploads\/2023\/08\/NEVITA_MAILING_TR_2-copy.jpg"}],"twitter_card":"summary_large_image","twitter_misc":{"Tahmini okuma s\u00fcresi":"1 dakika"},"schema":{"@context":"https:\/\/schema.org","@graph":[{"@type":"WebPage","@id":"https:\/\/www.nevitaint.com\/tr\/nevitadan-tatil-festivali\/","url":"https:\/\/www.nevitaint.com\/tr\/nevitadan-tatil-festivali\/","name":"Nevita\u2019dan Tatil Festivali | Nevita \u00ae","isPartOf":{"@id":"https:\/\/www.nevitaint.com\/tr\/#website"},"datePublished":"2023-08-16T08:39:45+00:00","dateModified":"2023-08-16T09:54:18+00:00","description":"31 A\u011fustos tarihine kadar sat\u0131\u015f kazand\u0131ran her bir acentemize 5 g\u00fcn, 2 ki\u015filik Tatil hediyesi bizden. Ko\u015fullar i\u00e7in okumaya devam edin.","breadcrumb":{"@id":"https:\/\/www.nevitaint.com\/tr\/nevitadan-tatil-festivali\/#breadcrumb"},"inLanguage":"tr","potentialAction":[{"@type":"ReadAction","target":["https:\/\/www.nevitaint.com\/tr\/nevitadan-tatil-festivali\/"]}]},{"@type":"BreadcrumbList","@id":"https:\/\/www.nevitaint.com\/tr\/nevitadan-tatil-festivali\/#breadcrumb","itemListElement":[{"@type":"ListItem","position":1,"name":"Homepage","item":"https:\/\/www.nevitaint.com\/tr\/"},{"@type":"ListItem","position":2,"name":"Nevita\u2019dan Tatil Festivali"}]},{"@type":"WebSite","@id":"https:\/\/www.nevitaint.com\/tr\/#website","url":"https:\/\/www.nevitaint.com\/tr\/","name":"Nevita","description":"","publisher":{"@id":"https:\/\/www.nevitaint.com\/tr\/#organization"},"potentialAction":[{"@type":"SearchAction","target":{"@type":"EntryPoint","urlTemplate":"https:\/\/www.nevitaint.com\/tr\/?s={search_term_string}"},"query-input":"required name=search_term_string"}],"inLanguage":"tr"},{"@type":"Organization","@id":"https:\/\/www.nevitaint.com\/tr\/#organization","name":"T\u00fcrkiye\u2019de Sat\u0131l\u0131k Gayrimenkul \u0130lanlar\u0131 | Nevita","url":"https:\/\/www.nevitaint.com\/tr\/","logo":{"@type":"ImageObject","inLanguage":"tr","@id":"https:\/\/www.nevitaint.com\/tr\/#\/schema\/logo\/image\/","url":"https:\/\/www.nevitaint.com\/wp-content\/uploads\/2021\/11\/nevita-logo.jpg","contentUrl":"https:\/\/www.nevitaint.com\/wp-content\/uploads\/2021\/11\/nevita-logo.jpg","width":640,"height":200,"caption":"T\u00fcrkiye\u2019de Sat\u0131l\u0131k Gayrimenkul \u0130lanlar\u0131 | Nevita"},"image":{"@id":"https:\/\/www.nevitaint.com\/tr\/#\/schema\/logo\/image\/"}}]}},"_links":{"self":[{"href":"https:\/\/www.nevitaint.com\/tr\/wp-json\/wp\/v2\/pages\/60604"}],"collection":[{"href":"https:\/\/www.nevitaint.com\/tr\/wp-json\/wp\/v2\/pages"}],"about":[{"href":"https:\/\/www.nevitaint.com\/tr\/wp-json\/wp\/v2\/types\/page"}],"author":[{"embeddable":true,"href":"https:\/\/www.nevitaint.com\/tr\/wp-json\/wp\/v2\/users\/19"}],"replies":[{"embeddable":true,"href":"https:\/\/www.nevitaint.com\/tr\/wp-json\/wp\/v2\/comments?post=60604"}],"version-history":[{"count":2,"href":"https:\/\/www.nevitaint.com\/tr\/wp-json\/wp\/v2\/pages\/60604\/revisions"}],"predecessor-version":[{"id":60609,"href":"https:\/\/www.nevitaint.com\/tr\/wp-json\/wp\/v2\/pages\/60604\/revisions\/60609"}],"wp:attachment":[{"href":"https:\/\/www.nevitaint.com\/tr\/wp-json\/wp\/v2\/media?parent=60604"}],"curies":[{"name":"wp","href":"https:\/\/api.w.org\/{rel}","templated":true}]}}