{"id":60756,"date":"2023-08-28T14:39:56","date_gmt":"2023-08-28T11:39:56","guid":{"rendered":"https:\/\/www.nevitaint.com\/?page_id=60756"},"modified":"2023-09-14T16:10:31","modified_gmt":"2023-09-14T13:10:31","slug":"yeni-nesil-airpods-kazanma-vakti","status":"publish","type":"page","link":"https:\/\/www.nevitaint.com\/tr\/yeni-nesil-airpods-kazanma-vakti\/","title":{"rendered":"Yeni Nesil AirPods Kazanma Vakti!"},"content":{"rendered":"<section class=\"wpb-content-wrapper\"><p>[vc_row][vc_column parallax=&#8221;content-moving&#8221; css_animation=&#8221;none&#8221; width=&#8221;1\/2&#8243;][vc_column_text]<\/p>\n<h3>\ud83c\udfa7G\u00f6zlerinizi Kapat\u0131n ve Yeni Nesil AirPods\u2019unuzla Kendinizi M\u00fczi\u011fin Ritmine B\u0131rak\u0131n!<\/h3>\n<p>\ud83c\udf81Yar\u0131\u015fmaya kat\u0131lmak i\u00e7in yapman\u0131z gerekenler<\/p>\n<p style=\"padding-left: 40px;\">\ud83d\udcccSayfam\u0131z\u0131 takip etmek<br \/>\n\ud83d\udcccBu g\u00f6nderiyi be\u011fenmek<br \/>\n\ud83d\udccc&#8221;Gelecekte ya\u015fasayd\u0131n\u0131z ak\u0131ll\u0131 evinizin en vazge\u00e7ilmez \u00f6zelli\u011fi ne olurdu?&#8221; sorusunu cevaplamak<br \/>\n\ud83d\udccc\u0130lk sesini duymak istedi\u011finiz arkada\u015f\u0131n\u0131z\u0131 etiketlemek<\/p>\n<p>[\/vc_column_text][\/vc_column][vc_column width=&#8221;1\/2&#8243;][vc_single_image image=&#8221;60786&#8243; img_size=&#8221;full&#8221; css_animation=&#8221;bounceIn&#8221;][\/vc_column][\/vc_row][vc_row full_width=&#8221;stretch_row&#8221; content_placement=&#8221;middle&#8221; css=&#8221;.vc_custom_1694696956599{background-color: #f9f9f9 !important;}&#8221;][vc_column][vc_column_text]<\/p>\n<p style=\"text-align: center;\"><span style=\"text-decoration: underline;\"><strong>Yar\u0131\u015fma Ko\u015fullar\u0131<\/strong><\/span><\/p>\n<p style=\"text-align: left;\">1-\u00a0 28.08.2023 &#8211; 10.09.2023 tarihleri aras\u0131nda Instagram hesaplar\u0131ndan Nevita (<a href=\"https:\/\/www.instagram.com\/nevitaint\/\">@nevitaint<\/a>) hesab\u0131n\u0131 takip eden, yar\u0131\u015fma g\u00f6nderisini be\u011fenen, g\u00f6nderide sorulan soruya j\u00fcri taraf\u0131ndan en be\u011fenilen yorumu yapan ve cevab\u0131n yan\u0131na bir arkada\u015f\u0131n\u0131 etiketleyen ki\u015filer kat\u0131l\u0131m g\u00f6sterecektir.<\/p>\n<p style=\"text-align: left;\">2- Kullan\u0131c\u0131lar\u0131n yar\u0131\u015fmaya kat\u0131labilmeleri i\u00e7in hesaplar\u0131n\u0131n gizli olmamas\u0131 gerekmektedir.<\/p>\n<p style=\"text-align: left;\">3- Yorumlar 28.08.2023 &#8211; 10.09.2023 tarihinde uygunluk kriterlerine g\u00f6re j\u00fcri taraf\u0131ndan de\u011ferlendirilecek ve 1 ki\u015fiye Air Pods 3. Nesil Bluetooth Kulakl\u0131k hediye olarak verilecektir.<\/p>\n<p style=\"text-align: left;\">4- Yar\u0131\u015fma 10 g\u00fcn boyunca s\u00fcrecektir.<\/p>\n<p style=\"text-align: left;\">5- 18 ya\u015f\u0131ndan k\u00fc\u00e7\u00fckler yar\u0131\u015fmaya kat\u0131lamaz ve kazansalar dahi hak edi\u015flerini teslim alamazlar.<\/p>\n<p style=\"text-align: left;\">6- Yar\u0131\u015fma tek seferlik yap\u0131lacak olup daha \u00f6nce kat\u0131lanlar\u0131 kapsamamaktad\u0131r.<\/p>\n<p style=\"text-align: left;\">7- Kat\u0131l\u0131mc\u0131lar hediyelerini nakit kar\u015f\u0131l\u0131\u011f\u0131 olarak talep edemez, haklar\u0131n\u0131 devredemez ve satamaz.<\/p>\n<p style=\"text-align: left;\">8- Yar\u0131\u015fma sonu\u00e7lar\u0131 <span style=\"color: #ff0000;\">11.09.2023<\/span> tarihinde 17:00\u2019de <strong>@<a href=\"https:\/\/www.instagram.com\/nevitaint\/\">nevitaint<\/a><\/strong> Instagram sayfas\u0131 \u00fczerinden duyurulacakt\u0131r.<\/p>\n<p style=\"text-align: left;\">9- Yar\u0131\u015fmaya kat\u0131lan kat\u0131l\u0131mc\u0131lar, kendileri ile ileti\u015fim bilgileri kullan\u0131larak ileti\u015fime ge\u00e7ilmesini pe\u015finen kabul etmi\u015f say\u0131l\u0131r.<\/p>\n<p style=\"text-align: left;\">10- Air Pods 3 Nesil Bluetooth Kulakl\u0131k, Nevita Instagram hesab\u0131ndan DM \u00fczerinden ileti\u015fim bilgileri al\u0131n\u0131p kazanan ki\u015filere g\u00f6nderilecek olup, g\u00f6nderimden sonra ikramiyelerin teslim al\u0131nmamas\u0131 halinde Nevita A.\u015e. sorumluluk kabul etmeyecektir.<\/p>\n<p style=\"text-align: left;\">11- Yar\u0131\u015fma sonucunda gerekli kriterleri kar\u015f\u0131lamayan olursa Nevita hediye hak edi\u015fini teslimini sakl\u0131 tutar.<\/p>\n<p>[\/vc_column_text][\/vc_column][\/vc_row]<\/p>\n<\/section>","protected":false},"excerpt":{"rendered":"<p>[vc_row][vc_column parallax=&#8221;content-moving&#8221; css_animation=&#8221;none&#8221; width=&#8221;1\/2&#8243;][vc_column_text] \ud83c\udfa7G\u00f6zlerinizi Kapat\u0131n ve Yeni Nesil AirPods\u2019unuzla Kendinizi M\u00fczi\u011fin Ritmine B\u0131rak\u0131n! \ud83c\udf81Yar\u0131\u015fmaya kat\u0131lmak i\u00e7in yapman\u0131z gerekenler \ud83d\udcccSayfam\u0131z\u0131 takip etmek \ud83d\udcccBu g\u00f6nderiyi be\u011fenmek \ud83d\udccc&#8221;Gelecekte ya\u015fasayd\u0131n\u0131z ak\u0131ll\u0131 evinizin en vazge\u00e7ilmez \u00f6zelli\u011fi ne olurdu?&#8221; sorusunu cevaplamak \ud83d\udccc\u0130lk sesini duymak istedi\u011finiz arkada\u015f\u0131n\u0131z\u0131 etiketlemek [\/vc_column_text][\/vc_column][vc_column width=&#8221;1\/2&#8243;][vc_single_image image=&#8221;60786&#8243; img_size=&#8221;full&#8221; css_animation=&#8221;bounceIn&#8221;][\/vc_column][\/vc_row][vc_row full_width=&#8221;stretch_row&#8221; content_placement=&#8221;middle&#8221; css=&#8221;.vc_custom_1694696956599{background-color: #f9f9f9 !important;}&#8221;][vc_column][vc_column_text] Yar\u0131\u015fma Ko\u015fullar\u0131 1-\u00a0 28.08.2023 &#8211; 10.09.2023 tarihleri aras\u0131nda Instagram hesaplar\u0131ndan Nevita (@nevitaint) hesab\u0131n\u0131 takip eden, yar\u0131\u015fma g\u00f6nderisini be\u011fenen, g\u00f6nderide sorulan soruya j\u00fcri taraf\u0131ndan en be\u011fenilen yorumu yapan ve cevab\u0131n yan\u0131na bir arkada\u015f\u0131n\u0131 etiketleyen ki\u015filer kat\u0131l\u0131m g\u00f6sterecektir. 2- Kullan\u0131c\u0131lar\u0131n yar\u0131\u015fmaya kat\u0131labilmeleri i\u00e7in hesaplar\u0131n\u0131n gizli olmamas\u0131 gerekmektedir. 3- Yorumlar 28.08.2023 [&hellip;]<\/p>\n","protected":false},"author":19,"featured_media":0,"parent":0,"menu_order":0,"comment_status":"closed","ping_status":"closed","template":"","meta":{"inline_featured_image":false},"yoast_head":"<!-- This site is optimized with the Yoast SEO plugin v19.13 - https:\/\/yoast.com\/wordpress\/plugins\/seo\/ -->\n<title>Yeni Nesil AirPods Kazanma Vakti! | Nevita \u00ae<\/title>\n<meta name=\"description\" content=\"\ud83c\udfa7G\u00f6zlerinizi Kapat\u0131n ve Yeni Nesil AirPods\u2019unuzla Kendinizi M\u00fczi\u011fin Ritmine B\u0131rak\u0131n! \ud83c\udf81Yar\u0131\u015fmaya kat\u0131lmak i\u00e7in yapman\u0131z gerekenler \ud83d\udcccSayfam\u0131z\u0131 takip etmek\" \/>\n<meta name=\"robots\" content=\"index, follow, max-snippet:-1, max-image-preview:large, max-video-preview:-1\" \/>\n<link rel=\"canonical\" href=\"https:\/\/www.nevitaint.com\/tr\/yeni-nesil-airpods-kazanma-vakti\/\" \/>\n<meta property=\"og:locale\" content=\"tr_TR\" \/>\n<meta property=\"og:type\" content=\"article\" \/>\n<meta property=\"og:title\" content=\"Yeni Nesil AirPods Kazanma Vakti! | Nevita \u00ae\" \/>\n<meta property=\"og:description\" content=\"\ud83c\udfa7G\u00f6zlerinizi Kapat\u0131n ve Yeni Nesil AirPods\u2019unuzla Kendinizi M\u00fczi\u011fin Ritmine B\u0131rak\u0131n! \ud83c\udf81Yar\u0131\u015fmaya kat\u0131lmak i\u00e7in yapman\u0131z gerekenler \ud83d\udcccSayfam\u0131z\u0131 takip etmek\" \/>\n<meta property=\"og:url\" content=\"https:\/\/www.nevitaint.com\/tr\/yeni-nesil-airpods-kazanma-vakti\/\" \/>\n<meta property=\"og:site_name\" content=\"Nevita\" \/>\n<meta property=\"article:modified_time\" content=\"2023-09-14T13:10:31+00:00\" \/>\n<meta name=\"twitter:card\" content=\"summary_large_image\" \/>\n<meta name=\"twitter:label1\" content=\"Tahmini okuma s\u00fcresi\" \/>\n\t<meta name=\"twitter:data1\" content=\"2 dakika\" \/>\n<script type=\"application\/ld+json\" class=\"yoast-schema-graph\">{\"@context\":\"https:\/\/schema.org\",\"@graph\":[{\"@type\":\"WebPage\",\"@id\":\"https:\/\/www.nevitaint.com\/tr\/yeni-nesil-airpods-kazanma-vakti\/\",\"url\":\"https:\/\/www.nevitaint.com\/tr\/yeni-nesil-airpods-kazanma-vakti\/\",\"name\":\"Yeni Nesil AirPods Kazanma Vakti! | Nevita \u00ae\",\"isPartOf\":{\"@id\":\"https:\/\/www.nevitaint.com\/tr\/#website\"},\"datePublished\":\"2023-08-28T11:39:56+00:00\",\"dateModified\":\"2023-09-14T13:10:31+00:00\",\"description\":\"\ud83c\udfa7G\u00f6zlerinizi Kapat\u0131n ve Yeni Nesil AirPods\u2019unuzla Kendinizi M\u00fczi\u011fin Ritmine B\u0131rak\u0131n! \ud83c\udf81Yar\u0131\u015fmaya kat\u0131lmak i\u00e7in yapman\u0131z gerekenler \ud83d\udcccSayfam\u0131z\u0131 takip etmek\",\"breadcrumb\":{\"@id\":\"https:\/\/www.nevitaint.com\/tr\/yeni-nesil-airpods-kazanma-vakti\/#breadcrumb\"},\"inLanguage\":\"tr\",\"potentialAction\":[{\"@type\":\"ReadAction\",\"target\":[\"https:\/\/www.nevitaint.com\/tr\/yeni-nesil-airpods-kazanma-vakti\/\"]}]},{\"@type\":\"BreadcrumbList\",\"@id\":\"https:\/\/www.nevitaint.com\/tr\/yeni-nesil-airpods-kazanma-vakti\/#breadcrumb\",\"itemListElement\":[{\"@type\":\"ListItem\",\"position\":1,\"name\":\"Homepage\",\"item\":\"https:\/\/www.nevitaint.com\/tr\/\"},{\"@type\":\"ListItem\",\"position\":2,\"name\":\"Yeni Nesil AirPods Kazanma Vakti!\"}]},{\"@type\":\"WebSite\",\"@id\":\"https:\/\/www.nevitaint.com\/tr\/#website\",\"url\":\"https:\/\/www.nevitaint.com\/tr\/\",\"name\":\"Nevita\",\"description\":\"\",\"publisher\":{\"@id\":\"https:\/\/www.nevitaint.com\/tr\/#organization\"},\"potentialAction\":[{\"@type\":\"SearchAction\",\"target\":{\"@type\":\"EntryPoint\",\"urlTemplate\":\"https:\/\/www.nevitaint.com\/tr\/?s={search_term_string}\"},\"query-input\":\"required name=search_term_string\"}],\"inLanguage\":\"tr\"},{\"@type\":\"Organization\",\"@id\":\"https:\/\/www.nevitaint.com\/tr\/#organization\",\"name\":\"T\u00fcrkiye\u2019de Sat\u0131l\u0131k Gayrimenkul \u0130lanlar\u0131 | Nevita\",\"url\":\"https:\/\/www.nevitaint.com\/tr\/\",\"logo\":{\"@type\":\"ImageObject\",\"inLanguage\":\"tr\",\"@id\":\"https:\/\/www.nevitaint.com\/tr\/#\/schema\/logo\/image\/\",\"url\":\"https:\/\/www.nevitaint.com\/wp-content\/uploads\/2021\/11\/nevita-logo.jpg\",\"contentUrl\":\"https:\/\/www.nevitaint.com\/wp-content\/uploads\/2021\/11\/nevita-logo.jpg\",\"width\":640,\"height\":200,\"caption\":\"T\u00fcrkiye\u2019de Sat\u0131l\u0131k Gayrimenkul \u0130lanlar\u0131 | Nevita\"},\"image\":{\"@id\":\"https:\/\/www.nevitaint.com\/tr\/#\/schema\/logo\/image\/\"}}]}<\/script>\n<!-- \/ Yoast SEO plugin. -->","yoast_head_json":{"title":"Yeni Nesil AirPods Kazanma Vakti! | Nevita \u00ae","description":"\ud83c\udfa7G\u00f6zlerinizi Kapat\u0131n ve Yeni Nesil AirPods\u2019unuzla Kendinizi M\u00fczi\u011fin Ritmine B\u0131rak\u0131n! \ud83c\udf81Yar\u0131\u015fmaya kat\u0131lmak i\u00e7in yapman\u0131z gerekenler \ud83d\udcccSayfam\u0131z\u0131 takip etmek","robots":{"index":"index","follow":"follow","max-snippet":"max-snippet:-1","max-image-preview":"max-image-preview:large","max-video-preview":"max-video-preview:-1"},"canonical":"https:\/\/www.nevitaint.com\/tr\/yeni-nesil-airpods-kazanma-vakti\/","og_locale":"tr_TR","og_type":"article","og_title":"Yeni Nesil AirPods Kazanma Vakti! | Nevita \u00ae","og_description":"\ud83c\udfa7G\u00f6zlerinizi Kapat\u0131n ve Yeni Nesil AirPods\u2019unuzla Kendinizi M\u00fczi\u011fin Ritmine B\u0131rak\u0131n! \ud83c\udf81Yar\u0131\u015fmaya kat\u0131lmak i\u00e7in yapman\u0131z gerekenler \ud83d\udcccSayfam\u0131z\u0131 takip etmek","og_url":"https:\/\/www.nevitaint.com\/tr\/yeni-nesil-airpods-kazanma-vakti\/","og_site_name":"Nevita","article_modified_time":"2023-09-14T13:10:31+00:00","twitter_card":"summary_large_image","twitter_misc":{"Tahmini okuma s\u00fcresi":"2 dakika"},"schema":{"@context":"https:\/\/schema.org","@graph":[{"@type":"WebPage","@id":"https:\/\/www.nevitaint.com\/tr\/yeni-nesil-airpods-kazanma-vakti\/","url":"https:\/\/www.nevitaint.com\/tr\/yeni-nesil-airpods-kazanma-vakti\/","name":"Yeni Nesil AirPods Kazanma Vakti! | Nevita \u00ae","isPartOf":{"@id":"https:\/\/www.nevitaint.com\/tr\/#website"},"datePublished":"2023-08-28T11:39:56+00:00","dateModified":"2023-09-14T13:10:31+00:00","description":"\ud83c\udfa7G\u00f6zlerinizi Kapat\u0131n ve Yeni Nesil AirPods\u2019unuzla Kendinizi M\u00fczi\u011fin Ritmine B\u0131rak\u0131n! \ud83c\udf81Yar\u0131\u015fmaya kat\u0131lmak i\u00e7in yapman\u0131z gerekenler \ud83d\udcccSayfam\u0131z\u0131 takip etmek","breadcrumb":{"@id":"https:\/\/www.nevitaint.com\/tr\/yeni-nesil-airpods-kazanma-vakti\/#breadcrumb"},"inLanguage":"tr","potentialAction":[{"@type":"ReadAction","target":["https:\/\/www.nevitaint.com\/tr\/yeni-nesil-airpods-kazanma-vakti\/"]}]},{"@type":"BreadcrumbList","@id":"https:\/\/www.nevitaint.com\/tr\/yeni-nesil-airpods-kazanma-vakti\/#breadcrumb","itemListElement":[{"@type":"ListItem","position":1,"name":"Homepage","item":"https:\/\/www.nevitaint.com\/tr\/"},{"@type":"ListItem","position":2,"name":"Yeni Nesil AirPods Kazanma Vakti!"}]},{"@type":"WebSite","@id":"https:\/\/www.nevitaint.com\/tr\/#website","url":"https:\/\/www.nevitaint.com\/tr\/","name":"Nevita","description":"","publisher":{"@id":"https:\/\/www.nevitaint.com\/tr\/#organization"},"potentialAction":[{"@type":"SearchAction","target":{"@type":"EntryPoint","urlTemplate":"https:\/\/www.nevitaint.com\/tr\/?s={search_term_string}"},"query-input":"required name=search_term_string"}],"inLanguage":"tr"},{"@type":"Organization","@id":"https:\/\/www.nevitaint.com\/tr\/#organization","name":"T\u00fcrkiye\u2019de Sat\u0131l\u0131k Gayrimenkul \u0130lanlar\u0131 | Nevita","url":"https:\/\/www.nevitaint.com\/tr\/","logo":{"@type":"ImageObject","inLanguage":"tr","@id":"https:\/\/www.nevitaint.com\/tr\/#\/schema\/logo\/image\/","url":"https:\/\/www.nevitaint.com\/wp-content\/uploads\/2021\/11\/nevita-logo.jpg","contentUrl":"https:\/\/www.nevitaint.com\/wp-content\/uploads\/2021\/11\/nevita-logo.jpg","width":640,"height":200,"caption":"T\u00fcrkiye\u2019de Sat\u0131l\u0131k Gayrimenkul \u0130lanlar\u0131 | Nevita"},"image":{"@id":"https:\/\/www.nevitaint.com\/tr\/#\/schema\/logo\/image\/"}}]}},"_links":{"self":[{"href":"https:\/\/www.nevitaint.com\/tr\/wp-json\/wp\/v2\/pages\/60756"}],"collection":[{"href":"https:\/\/www.nevitaint.com\/tr\/wp-json\/wp\/v2\/pages"}],"about":[{"href":"https:\/\/www.nevitaint.com\/tr\/wp-json\/wp\/v2\/types\/page"}],"author":[{"embeddable":true,"href":"https:\/\/www.nevitaint.com\/tr\/wp-json\/wp\/v2\/users\/19"}],"replies":[{"embeddable":true,"href":"https:\/\/www.nevitaint.com\/tr\/wp-json\/wp\/v2\/comments?post=60756"}],"version-history":[{"count":38,"href":"https:\/\/www.nevitaint.com\/tr\/wp-json\/wp\/v2\/pages\/60756\/revisions"}],"predecessor-version":[{"id":61168,"href":"https:\/\/www.nevitaint.com\/tr\/wp-json\/wp\/v2\/pages\/60756\/revisions\/61168"}],"wp:attachment":[{"href":"https:\/\/www.nevitaint.com\/tr\/wp-json\/wp\/v2\/media?parent=60756"}],"curies":[{"name":"wp","href":"https:\/\/api.w.org\/{rel}","templated":true}]}}