{"id":61133,"date":"2023-09-14T14:04:29","date_gmt":"2023-09-14T11:04:29","guid":{"rendered":"https:\/\/www.nevitaint.com\/?page_id=61133"},"modified":"2023-10-09T15:28:05","modified_gmt":"2023-10-09T12:28:05","slug":"simdi-vip-bilet-kazanma-firsatini-yakala","status":"publish","type":"page","link":"https:\/\/www.nevitaint.com\/tr\/simdi-vip-bilet-kazanma-firsatini-yakala\/","title":{"rendered":"\u015eimdi VIP Bilet Kazanma F\u0131rsat\u0131n\u0131 Yakala!"},"content":{"rendered":"<section class=\"wpb-content-wrapper\"><p>[vc_row][vc_column][vc_custom_heading text=&#8221;VIP \u0130zleme Ayr\u0131cal\u0131\u011f\u0131n\u0131 Yakalamak \u0130\u00e7in Son \u015eans! \u015eimdi VIP Bilet Kazanma F\u0131rsat\u0131n\u0131 Yakala!&#8221; use_theme_fonts=&#8221;yes&#8221;][vc_column_text]\ud83c\udf81<strong>Galatasaray-FC Bayer M\u00fcnchen<\/strong> ma\u00e7\u0131n\u0131 <strong>VIP izleme ayr\u0131cal\u0131\u011f\u0131n\u0131<\/strong> kazanmak i\u00e7in yapman\u0131z gerekenler \ud83d\udc47<\/p>\n<p>\ud83d\udccc Galatasaray ile ilgili unutamad\u0131\u011f\u0131n\u0131z bir ma\u00e7 an\u0131n\u0131z\u0131 yorumlar k\u0131sm\u0131na payla\u015f\u0131n, koltu\u011fu kap\u0131n!<br \/>\n\ud83d\udccc Hesab\u0131m\u0131z\u0131 takip et<br \/>\n\ud83d\udccc Bu g\u00f6nderiyi be\u011fen<br \/>\n\ud83d\udccc En az 2 arkada\u015f\u0131n\u0131 etiketle<br \/>\n\ud83d\udcccHesab\u0131n\u0131 a\u00e7\u0131k tut<\/p>\n<p><strong>09.10.2023 \u2013 Yar\u0131\u015fma Ba\u015flang\u0131\u00e7 Tarihi<\/strong><\/p>\n<p><strong>19.10.2023 &#8211; Yar\u0131\u015fma Biti\u015f Tarihi<\/strong><\/p>\n<p><strong>20.10.2023 &#8211; Yar\u0131\u015fman\u0131n Kazanan\u0131n A\u00e7\u0131klanmas\u0131<\/strong><\/p>\n<p>\ud83e\udd81 Ba\u015far\u0131lar dileriz![\/vc_column_text][\/vc_column][\/vc_row][vc_row full_width=&#8221;stretch_row&#8221; css=&#8221;.vc_custom_1694697788545{background-color: #f9f9f9 !important;}&#8221;][vc_column][vc_column_text]<\/p>\n<p style=\"text-align: center;\"><span style=\"text-decoration: underline;\"><strong>Yar\u0131\u015fma Ko\u015fullar\u0131<\/strong><\/span><\/p>\n<p>1-\u00a0 <strong>09.10.2023-19.10.2023<\/strong> tarihleri aras\u0131nda Instagram hesaplar\u0131ndan <strong>Nevita<\/strong> (<a href=\"https:\/\/www.instagram.com\/nevitaint\/\">@nevitaint<\/a>) hesab\u0131n\u0131 takip eden, yar\u0131\u015fma g\u00f6nderisini be\u011fenen, g\u00f6nderide sorulan soruya j\u00fcri taraf\u0131ndan en be\u011fenilen yorumu yapan ve cevab\u0131n yan\u0131na bir arkada\u015f\u0131n\u0131 etiketleyen ki\u015filer kat\u0131l\u0131m g\u00f6sterecektir.<\/p>\n<p>2- Kullan\u0131c\u0131lar\u0131n yar\u0131\u015fmaya kat\u0131labilmeleri i\u00e7in hesaplar\u0131n\u0131n gizli olmamas\u0131 gerekmektedir.<\/p>\n<p>3- Yorumlar <strong>09.10.2023 \u2013 19.10.2023<\/strong> tarihinde uygunluk kriterlerine g\u00f6re j\u00fcri taraf\u0131ndan de\u011ferlendirilecek ve <strong>1 ki\u015fiye Galatasaray V\u0130P Bileti<\/strong> hediye edilecektir.<\/p>\n<p>4- Yar\u0131\u015fma <strong>15 g\u00fcn<\/strong> boyunca s\u00fcrecektir.<\/p>\n<p>5- <strong>18<\/strong> ya\u015f\u0131ndan k\u00fc\u00e7\u00fckler yar\u0131\u015fmaya kat\u0131lamaz ve kazansalar dahi hak edi\u015flerini teslim alamazlar.<\/p>\n<p>6- Yar\u0131\u015fma tek seferlik yap\u0131lacak olup daha \u00f6nce kat\u0131lanlar\u0131 kapsamamaktad\u0131r.<\/p>\n<p>7- Kat\u0131l\u0131mc\u0131lar hediyelerini nakit kar\u015f\u0131l\u0131\u011f\u0131 olarak talep edemez, haklar\u0131n\u0131 devredemez ve satamaz.<\/p>\n<p>8- Yar\u0131\u015fma sonu\u00e7lar\u0131\u00a0<strong>19.10.2023<\/strong>\u00a0tarihinde <strong>17:00\u2019de<\/strong>\u00a0<strong>@<\/strong><a href=\"https:\/\/www.instagram.com\/nevitaint\/\"><strong>nevitaint<\/strong><\/a>\u00a0Instagram sayfas\u0131 \u00fczerinden duyurulacakt\u0131r.<\/p>\n<p>9- Yar\u0131\u015fmaya kat\u0131lan kat\u0131l\u0131mc\u0131lar, kendileri ile ileti\u015fim bilgileri kullan\u0131larak ileti\u015fime ge\u00e7ilmesini pe\u015finen kabul etmi\u015f say\u0131l\u0131r.<\/p>\n<p>10- <strong>Galatasaray V\u0130P Bileti<\/strong>, Nevita Instagram hesab\u0131ndan <strong>DM<\/strong> \u00fczerinden ileti\u015fim bilgileri al\u0131n\u0131p ileti\u015fime kazanan ki\u015filere bilgi verilecektir. Bilgilerin payla\u015f\u0131lmamas\u0131 halinde <strong>Nevita A.\u015e.<\/strong> sorumluluk kabul etmeyecektir.<\/p>\n<p>11- Yar\u0131\u015fma sonucunda gerekli kriterleri kar\u015f\u0131lamayan olursa <strong>Nevita<\/strong> hediye hak edi\u015fini teslimini sakl\u0131 tutar.<\/p>\n<p>12- Yurtd\u0131\u015f\u0131ndan ma\u00e7a kat\u0131lacak olan ki\u015filer, vize \u00fccretlerini kendi kendilerine \u00f6demekle y\u00fck\u00fcml\u00fcd\u00fcrler. Konaklamalar\u0131 Fuzul Holding markalar\u0131m\u0131zdan Newinn tesisinde sa\u011flanacakt\u0131r.[\/vc_column_text][\/vc_column][\/vc_row]<\/p>\n<\/section>","protected":false},"excerpt":{"rendered":"<p>[vc_row][vc_column][vc_custom_heading text=&#8221;VIP \u0130zleme Ayr\u0131cal\u0131\u011f\u0131n\u0131 Yakalamak \u0130\u00e7in Son \u015eans! \u015eimdi VIP Bilet Kazanma F\u0131rsat\u0131n\u0131 Yakala!&#8221; use_theme_fonts=&#8221;yes&#8221;][vc_column_text]\ud83c\udf81Galatasaray-FC Bayer M\u00fcnchen ma\u00e7\u0131n\u0131 VIP izleme ayr\u0131cal\u0131\u011f\u0131n\u0131 kazanmak i\u00e7in yapman\u0131z gerekenler \ud83d\udc47 \ud83d\udccc Galatasaray ile ilgili unutamad\u0131\u011f\u0131n\u0131z bir ma\u00e7 an\u0131n\u0131z\u0131 yorumlar k\u0131sm\u0131na payla\u015f\u0131n, koltu\u011fu kap\u0131n! \ud83d\udccc Hesab\u0131m\u0131z\u0131 takip et \ud83d\udccc Bu g\u00f6nderiyi be\u011fen \ud83d\udccc En az 2 arkada\u015f\u0131n\u0131 etiketle \ud83d\udcccHesab\u0131n\u0131 a\u00e7\u0131k tut 09.10.2023 \u2013 Yar\u0131\u015fma Ba\u015flang\u0131\u00e7 Tarihi 19.10.2023 &#8211; Yar\u0131\u015fma Biti\u015f Tarihi 20.10.2023 &#8211; Yar\u0131\u015fman\u0131n Kazanan\u0131n A\u00e7\u0131klanmas\u0131 \ud83e\udd81 Ba\u015far\u0131lar dileriz![\/vc_column_text][\/vc_column][\/vc_row][vc_row full_width=&#8221;stretch_row&#8221; css=&#8221;.vc_custom_1694697788545{background-color: #f9f9f9 !important;}&#8221;][vc_column][vc_column_text] Yar\u0131\u015fma Ko\u015fullar\u0131 1-\u00a0 09.10.2023-19.10.2023 tarihleri aras\u0131nda Instagram hesaplar\u0131ndan Nevita (@nevitaint) hesab\u0131n\u0131 takip eden, yar\u0131\u015fma g\u00f6nderisini be\u011fenen, g\u00f6nderide sorulan soruya j\u00fcri taraf\u0131ndan en [&hellip;]<\/p>\n","protected":false},"author":19,"featured_media":0,"parent":0,"menu_order":0,"comment_status":"closed","ping_status":"closed","template":"","meta":{"inline_featured_image":false},"yoast_head":"<!-- This site is optimized with the Yoast SEO plugin v19.13 - https:\/\/yoast.com\/wordpress\/plugins\/seo\/ -->\n<title>\u015eimdi VIP Bilet Kazanma F\u0131rsat\u0131n\u0131 Yakala! | Nevita \u00ae<\/title>\n<meta name=\"description\" content=\"\ud83c\udf81Galatasaray-FC Bayer M\u00fcnchen ma\u00e7\u0131n\u0131 VIP izleme ayr\u0131cal\u0131\u011f\u0131n\u0131 kazanmak i\u00e7in yapman\u0131z gerekenler \ud83d\udc47 \ud83d\udccc Galatasaray ile ilgili unutamad\u0131\u011f\u0131n\u0131z bir ma\u00e7 an\u0131n\u0131z\u0131\" \/>\n<meta name=\"robots\" content=\"index, follow, max-snippet:-1, max-image-preview:large, max-video-preview:-1\" \/>\n<link rel=\"canonical\" href=\"https:\/\/www.nevitaint.com\/tr\/simdi-vip-bilet-kazanma-firsatini-yakala\/\" \/>\n<meta property=\"og:locale\" content=\"tr_TR\" \/>\n<meta property=\"og:type\" content=\"article\" \/>\n<meta property=\"og:title\" content=\"\u015eimdi VIP Bilet Kazanma F\u0131rsat\u0131n\u0131 Yakala! | Nevita \u00ae\" \/>\n<meta property=\"og:description\" content=\"\ud83c\udf81Galatasaray-FC Bayer M\u00fcnchen ma\u00e7\u0131n\u0131 VIP izleme ayr\u0131cal\u0131\u011f\u0131n\u0131 kazanmak i\u00e7in yapman\u0131z gerekenler \ud83d\udc47 \ud83d\udccc Galatasaray ile ilgili unutamad\u0131\u011f\u0131n\u0131z bir ma\u00e7 an\u0131n\u0131z\u0131\" \/>\n<meta property=\"og:url\" content=\"https:\/\/www.nevitaint.com\/tr\/simdi-vip-bilet-kazanma-firsatini-yakala\/\" \/>\n<meta property=\"og:site_name\" content=\"Nevita\" \/>\n<meta property=\"article:modified_time\" content=\"2023-10-09T12:28:05+00:00\" \/>\n<meta name=\"twitter:card\" content=\"summary_large_image\" \/>\n<meta name=\"twitter:label1\" content=\"Tahmini okuma s\u00fcresi\" \/>\n\t<meta name=\"twitter:data1\" content=\"2 dakika\" \/>\n<script type=\"application\/ld+json\" class=\"yoast-schema-graph\">{\"@context\":\"https:\/\/schema.org\",\"@graph\":[{\"@type\":\"WebPage\",\"@id\":\"https:\/\/www.nevitaint.com\/tr\/simdi-vip-bilet-kazanma-firsatini-yakala\/\",\"url\":\"https:\/\/www.nevitaint.com\/tr\/simdi-vip-bilet-kazanma-firsatini-yakala\/\",\"name\":\"\u015eimdi VIP Bilet Kazanma F\u0131rsat\u0131n\u0131 Yakala! | Nevita \u00ae\",\"isPartOf\":{\"@id\":\"https:\/\/www.nevitaint.com\/tr\/#website\"},\"datePublished\":\"2023-09-14T11:04:29+00:00\",\"dateModified\":\"2023-10-09T12:28:05+00:00\",\"description\":\"\ud83c\udf81Galatasaray-FC Bayer M\u00fcnchen ma\u00e7\u0131n\u0131 VIP izleme ayr\u0131cal\u0131\u011f\u0131n\u0131 kazanmak i\u00e7in yapman\u0131z gerekenler \ud83d\udc47 \ud83d\udccc Galatasaray ile ilgili unutamad\u0131\u011f\u0131n\u0131z bir ma\u00e7 an\u0131n\u0131z\u0131\",\"breadcrumb\":{\"@id\":\"https:\/\/www.nevitaint.com\/tr\/simdi-vip-bilet-kazanma-firsatini-yakala\/#breadcrumb\"},\"inLanguage\":\"tr\",\"potentialAction\":[{\"@type\":\"ReadAction\",\"target\":[\"https:\/\/www.nevitaint.com\/tr\/simdi-vip-bilet-kazanma-firsatini-yakala\/\"]}]},{\"@type\":\"BreadcrumbList\",\"@id\":\"https:\/\/www.nevitaint.com\/tr\/simdi-vip-bilet-kazanma-firsatini-yakala\/#breadcrumb\",\"itemListElement\":[{\"@type\":\"ListItem\",\"position\":1,\"name\":\"Homepage\",\"item\":\"https:\/\/www.nevitaint.com\/tr\/\"},{\"@type\":\"ListItem\",\"position\":2,\"name\":\"\u015eimdi VIP Bilet Kazanma F\u0131rsat\u0131n\u0131 Yakala!\"}]},{\"@type\":\"WebSite\",\"@id\":\"https:\/\/www.nevitaint.com\/tr\/#website\",\"url\":\"https:\/\/www.nevitaint.com\/tr\/\",\"name\":\"Nevita\",\"description\":\"\",\"publisher\":{\"@id\":\"https:\/\/www.nevitaint.com\/tr\/#organization\"},\"potentialAction\":[{\"@type\":\"SearchAction\",\"target\":{\"@type\":\"EntryPoint\",\"urlTemplate\":\"https:\/\/www.nevitaint.com\/tr\/?s={search_term_string}\"},\"query-input\":\"required name=search_term_string\"}],\"inLanguage\":\"tr\"},{\"@type\":\"Organization\",\"@id\":\"https:\/\/www.nevitaint.com\/tr\/#organization\",\"name\":\"T\u00fcrkiye\u2019de Sat\u0131l\u0131k Gayrimenkul \u0130lanlar\u0131 | Nevita\",\"url\":\"https:\/\/www.nevitaint.com\/tr\/\",\"logo\":{\"@type\":\"ImageObject\",\"inLanguage\":\"tr\",\"@id\":\"https:\/\/www.nevitaint.com\/tr\/#\/schema\/logo\/image\/\",\"url\":\"https:\/\/www.nevitaint.com\/wp-content\/uploads\/2021\/11\/nevita-logo.jpg\",\"contentUrl\":\"https:\/\/www.nevitaint.com\/wp-content\/uploads\/2021\/11\/nevita-logo.jpg\",\"width\":640,\"height\":200,\"caption\":\"T\u00fcrkiye\u2019de Sat\u0131l\u0131k Gayrimenkul \u0130lanlar\u0131 | Nevita\"},\"image\":{\"@id\":\"https:\/\/www.nevitaint.com\/tr\/#\/schema\/logo\/image\/\"}}]}<\/script>\n<!-- \/ Yoast SEO plugin. -->","yoast_head_json":{"title":"\u015eimdi VIP Bilet Kazanma F\u0131rsat\u0131n\u0131 Yakala! | Nevita \u00ae","description":"\ud83c\udf81Galatasaray-FC Bayer M\u00fcnchen ma\u00e7\u0131n\u0131 VIP izleme ayr\u0131cal\u0131\u011f\u0131n\u0131 kazanmak i\u00e7in yapman\u0131z gerekenler \ud83d\udc47 \ud83d\udccc Galatasaray ile ilgili unutamad\u0131\u011f\u0131n\u0131z bir ma\u00e7 an\u0131n\u0131z\u0131","robots":{"index":"index","follow":"follow","max-snippet":"max-snippet:-1","max-image-preview":"max-image-preview:large","max-video-preview":"max-video-preview:-1"},"canonical":"https:\/\/www.nevitaint.com\/tr\/simdi-vip-bilet-kazanma-firsatini-yakala\/","og_locale":"tr_TR","og_type":"article","og_title":"\u015eimdi VIP Bilet Kazanma F\u0131rsat\u0131n\u0131 Yakala! | Nevita \u00ae","og_description":"\ud83c\udf81Galatasaray-FC Bayer M\u00fcnchen ma\u00e7\u0131n\u0131 VIP izleme ayr\u0131cal\u0131\u011f\u0131n\u0131 kazanmak i\u00e7in yapman\u0131z gerekenler \ud83d\udc47 \ud83d\udccc Galatasaray ile ilgili unutamad\u0131\u011f\u0131n\u0131z bir ma\u00e7 an\u0131n\u0131z\u0131","og_url":"https:\/\/www.nevitaint.com\/tr\/simdi-vip-bilet-kazanma-firsatini-yakala\/","og_site_name":"Nevita","article_modified_time":"2023-10-09T12:28:05+00:00","twitter_card":"summary_large_image","twitter_misc":{"Tahmini okuma s\u00fcresi":"2 dakika"},"schema":{"@context":"https:\/\/schema.org","@graph":[{"@type":"WebPage","@id":"https:\/\/www.nevitaint.com\/tr\/simdi-vip-bilet-kazanma-firsatini-yakala\/","url":"https:\/\/www.nevitaint.com\/tr\/simdi-vip-bilet-kazanma-firsatini-yakala\/","name":"\u015eimdi VIP Bilet Kazanma F\u0131rsat\u0131n\u0131 Yakala! | Nevita \u00ae","isPartOf":{"@id":"https:\/\/www.nevitaint.com\/tr\/#website"},"datePublished":"2023-09-14T11:04:29+00:00","dateModified":"2023-10-09T12:28:05+00:00","description":"\ud83c\udf81Galatasaray-FC Bayer M\u00fcnchen ma\u00e7\u0131n\u0131 VIP izleme ayr\u0131cal\u0131\u011f\u0131n\u0131 kazanmak i\u00e7in yapman\u0131z gerekenler \ud83d\udc47 \ud83d\udccc Galatasaray ile ilgili unutamad\u0131\u011f\u0131n\u0131z bir ma\u00e7 an\u0131n\u0131z\u0131","breadcrumb":{"@id":"https:\/\/www.nevitaint.com\/tr\/simdi-vip-bilet-kazanma-firsatini-yakala\/#breadcrumb"},"inLanguage":"tr","potentialAction":[{"@type":"ReadAction","target":["https:\/\/www.nevitaint.com\/tr\/simdi-vip-bilet-kazanma-firsatini-yakala\/"]}]},{"@type":"BreadcrumbList","@id":"https:\/\/www.nevitaint.com\/tr\/simdi-vip-bilet-kazanma-firsatini-yakala\/#breadcrumb","itemListElement":[{"@type":"ListItem","position":1,"name":"Homepage","item":"https:\/\/www.nevitaint.com\/tr\/"},{"@type":"ListItem","position":2,"name":"\u015eimdi VIP Bilet Kazanma F\u0131rsat\u0131n\u0131 Yakala!"}]},{"@type":"WebSite","@id":"https:\/\/www.nevitaint.com\/tr\/#website","url":"https:\/\/www.nevitaint.com\/tr\/","name":"Nevita","description":"","publisher":{"@id":"https:\/\/www.nevitaint.com\/tr\/#organization"},"potentialAction":[{"@type":"SearchAction","target":{"@type":"EntryPoint","urlTemplate":"https:\/\/www.nevitaint.com\/tr\/?s={search_term_string}"},"query-input":"required name=search_term_string"}],"inLanguage":"tr"},{"@type":"Organization","@id":"https:\/\/www.nevitaint.com\/tr\/#organization","name":"T\u00fcrkiye\u2019de Sat\u0131l\u0131k Gayrimenkul \u0130lanlar\u0131 | Nevita","url":"https:\/\/www.nevitaint.com\/tr\/","logo":{"@type":"ImageObject","inLanguage":"tr","@id":"https:\/\/www.nevitaint.com\/tr\/#\/schema\/logo\/image\/","url":"https:\/\/www.nevitaint.com\/wp-content\/uploads\/2021\/11\/nevita-logo.jpg","contentUrl":"https:\/\/www.nevitaint.com\/wp-content\/uploads\/2021\/11\/nevita-logo.jpg","width":640,"height":200,"caption":"T\u00fcrkiye\u2019de Sat\u0131l\u0131k Gayrimenkul \u0130lanlar\u0131 | Nevita"},"image":{"@id":"https:\/\/www.nevitaint.com\/tr\/#\/schema\/logo\/image\/"}}]}},"_links":{"self":[{"href":"https:\/\/www.nevitaint.com\/tr\/wp-json\/wp\/v2\/pages\/61133"}],"collection":[{"href":"https:\/\/www.nevitaint.com\/tr\/wp-json\/wp\/v2\/pages"}],"about":[{"href":"https:\/\/www.nevitaint.com\/tr\/wp-json\/wp\/v2\/types\/page"}],"author":[{"embeddable":true,"href":"https:\/\/www.nevitaint.com\/tr\/wp-json\/wp\/v2\/users\/19"}],"replies":[{"embeddable":true,"href":"https:\/\/www.nevitaint.com\/tr\/wp-json\/wp\/v2\/comments?post=61133"}],"version-history":[{"count":26,"href":"https:\/\/www.nevitaint.com\/tr\/wp-json\/wp\/v2\/pages\/61133\/revisions"}],"predecessor-version":[{"id":61370,"href":"https:\/\/www.nevitaint.com\/tr\/wp-json\/wp\/v2\/pages\/61133\/revisions\/61370"}],"wp:attachment":[{"href":"https:\/\/www.nevitaint.com\/tr\/wp-json\/wp\/v2\/media?parent=61133"}],"curies":[{"name":"wp","href":"https:\/\/api.w.org\/{rel}","templated":true}]}}